{"id":3747,"date":"2024-06-07T13:51:45","date_gmt":"2024-06-07T11:51:45","guid":{"rendered":"https:\/\/topol.org.pl\/?page_id=3747"},"modified":"2026-01-09T10:43:28","modified_gmt":"2026-01-09T09:43:28","slug":"bezpartyjni-samorzadowcy","status":"publish","type":"page","link":"https:\/\/topol.org.pl\/?page_id=3747","title":{"rendered":"Parlament Europejski"},"content":{"rendered":"\n<p>7.06.2024 13.51 <a href=\"https:\/\/www.youtube.com\/watch?v=Gi3I-gPb6VM\">Go\u015b\u010b w studiu &#8230; Wojciech Kossakowski<\/a><\/p>\n\n\n\n<figure class=\"wp-block-image size-full\"><a href=\"https:\/\/www.facebook.com\/wojciech.kossakowski.33?mibextid=qi2Omg&amp;rdid=PdzrY44jT9eMTrsi&amp;share_url=https%3A%2F%2Fwww.facebook.com%2Fshare%2F42hTPohDX9ifXoqh%2F%3Fmibextid%3Dqi2Omg\"><img loading=\"lazy\" decoding=\"async\" width=\"959\" height=\"540\" src=\"https:\/\/topol.org.pl\/wp-content\/uploads\/2024\/06\/Wieza-Babel.jpg\" alt=\"\" class=\"wp-image-3748\" srcset=\"https:\/\/topol.org.pl\/wp-content\/uploads\/2024\/06\/Wieza-Babel.jpg 959w, https:\/\/topol.org.pl\/wp-content\/uploads\/2024\/06\/Wieza-Babel-300x169.jpg 300w, https:\/\/topol.org.pl\/wp-content\/uploads\/2024\/06\/Wieza-Babel-768x432.jpg 768w\" sizes=\"auto, (max-width: 959px) 100vw, 959px\" \/><\/a><\/figure>\n\n\n\n<p><a href=\"https:\/\/pl.wikipedia.org\/wiki\/Wie%C5%BCa_Babel\">Wie\u017ca Babel<\/a>                                             <a href=\"https:\/\/pl.wikipedia.org\/wiki\/Parlament_Europejski\">Parlament Europejski<\/a><\/p>\n\n\n\n<p>Verte ><a href=\"https:\/\/topol.org.pl\/?page_id=6187\">Fundacja Narodowe Si\u0142y Samoobrony \u201eGrot\u201d<\/a><\/p>\n","protected":false},"excerpt":{"rendered":"<p>7.06.2024 13.51 Go\u015b\u010b w studiu &#8230; Wojciech Kossakowski Wie\u017ca Babel Parlament Europejski Verte >Fundacja Narodowe Si\u0142y Samoobrony \u201eGrot\u201d<\/p>\n","protected":false},"author":1,"featured_media":0,"parent":0,"menu_order":123,"comment_status":"closed","ping_status":"closed","template":"","meta":{"footnotes":""},"class_list":["post-3747","page","type-page","status-publish","hentry"],"_links":{"self":[{"href":"https:\/\/topol.org.pl\/index.php?rest_route=\/wp\/v2\/pages\/3747","targetHints":{"allow":["GET"]}}],"collection":[{"href":"https:\/\/topol.org.pl\/index.php?rest_route=\/wp\/v2\/pages"}],"about":[{"href":"https:\/\/topol.org.pl\/index.php?rest_route=\/wp\/v2\/types\/page"}],"author":[{"embeddable":true,"href":"https:\/\/topol.org.pl\/index.php?rest_route=\/wp\/v2\/users\/1"}],"replies":[{"embeddable":true,"href":"https:\/\/topol.org.pl\/index.php?rest_route=%2Fwp%2Fv2%2Fcomments&post=3747"}],"version-history":[{"count":5,"href":"https:\/\/topol.org.pl\/index.php?rest_route=\/wp\/v2\/pages\/3747\/revisions"}],"predecessor-version":[{"id":12238,"href":"https:\/\/topol.org.pl\/index.php?rest_route=\/wp\/v2\/pages\/3747\/revisions\/12238"}],"wp:attachment":[{"href":"https:\/\/topol.org.pl\/index.php?rest_route=%2Fwp%2Fv2%2Fmedia&parent=3747"}],"curies":[{"name":"wp","href":"https:\/\/api.w.org\/{rel}","templated":true}]}}