{"id":3780,"date":"2024-06-09T11:43:04","date_gmt":"2024-06-09T09:43:04","guid":{"rendered":"https:\/\/topol.org.pl\/?page_id=3780"},"modified":"2026-01-09T10:44:12","modified_gmt":"2026-01-09T09:44:12","slug":"najwieksze-firmy-w-polsce","status":"publish","type":"page","link":"https:\/\/topol.org.pl\/?page_id=3780","title":{"rendered":"Najwi\u0119ksze firmy w Polsce"},"content":{"rendered":"\n<p><a href=\"https:\/\/www.msn.com\/pl-pl\/finanse\/najpopularniejsze-artykuly\/500-najwi%C4%99kszych-firm-w-polsce-w-zestawieniu-jest-kilkana%C5%9Bcie-przedsi%C4%99biorstw-z-naszego-regionu-dwa-w-pierwszej-setce-zobacz-list%C4%99\/ar-BB1nSNFx?ocid=winp1taskbar&amp;cvid=683ef88be51a4ab791ac2686de9d0354&amp;ei=24\">Najwi\u0119ksze firmy w Polsce<\/a><\/p>\n\n\n\n<p>&#8222;500 najwi\u0119kszych polskich przedsi\u0119biorstw zatrudnia \u0142\u0105cznie oko\u0142o 1,8 miliona os\u00f3b i w 2023 roku wygenerowa\u0142o ponad 2,7 biliona z\u0142otych przychod\u00f3w ze sprzeda\u017cy. Najwi\u0119ksz\u0105 grup\u0105 w rankingu s\u0105 firmy z kapita\u0142em zagranicznym&#8221;.<\/p>\n\n\n\n<p><a href=\"https:\/\/khk.krakow.pl\/pl\/o-nas\/25-lat\/aktualnosci-1\/aktualnosci\/khk-sa-wsrod-500-najwiekszych-przedsiebiorstw-w-polsce\/\">KHK SA w\u015br\u00f3d 500 najwi\u0119kszych przedsi\u0119biorstw w Polsce<\/a><\/p>\n\n\n\n<p><a href=\"https:\/\/pl.wikipedia.org\/wiki\/Dochody_bud%C5%BCetu_pa%C5%84stwa\">Dochody bud\u017cetu pa\u0144stwa<\/a><\/p>\n\n\n\n<p><a href=\"https:\/\/www.gov.pl\/web\/finanse\/szacunkowe-wykonanie-budzetu-panstwa-w-2023-r\">Szacunkowe wykonanie bud\u017cetu pa\u0144stwa w 2023 r.<\/a><\/p>\n\n\n\n<p><a href=\"https:\/\/www.google.com\/search?client=firefox-b-d&amp;q=2023+roku+wygenerowa%C5%82o+przychod%C3%B3w+ze+sprzeda%C5%BCy#ip=1\">2023 roku wygenerowa\u0142o przychod\u00f3w ze sprzeda\u017cy<\/a><\/p>\n\n\n\n<p><a href=\"https:\/\/www.google.com\/search?client=firefox-b-d&amp;q=Jakie+przychody+w+2023+mia%C5%82y+wszystkie+przedsi%C4%99biorstwa+i+ma%C5%82e+firmy\">Jakie przychody w 2023 mia\u0142y wszystkie przedsi\u0119biorstwa i ma\u0142e firmy ?<\/a><\/p>\n\n\n\n<p><a href=\"https:\/\/www.forbes.pl\/finanse\/w-2023-roku-w-polsce-zamykano-600-firm-dziennie-polskim-msp-trudniej-o-kredyty\/wfyjtfc\">W 2023 roku w Polsce zamykano 600 firm dziennie.<\/a><\/p>\n\n\n\n<p><a href=\"https:\/\/www.rp.pl\/biznes\/art39205391-mniejsze-firmy-drza-o-swoje-przychody\">Mniejsze firmy dr\u017c\u0105 o swoje przychody<\/a> (rp.pl)<\/p>\n\n\n\n<p><a href=\"https:\/\/ksiegowosc.infor.pl\/obrot-gospodarczy\/finanse-i-inwestycje\/6447655,niewyplacalnosc-i-upadlosci-firm-w-polsce-rekordowy-2023-rok-jak-bedzie-w-2024-roku.html\">Niewyp\u0142acalno\u015b\u0107 i upad\u0142o\u015bci firm w Polsce. Rekordowy 2023 rok. Jak b\u0119dzie w 2024 roku?<\/a><\/p>\n\n\n\n<p><a href=\"https:\/\/stat.gov.pl\/wyszukiwarka\/?query=tag:przedsi%C4%99biorstwa\">G\u0142\u00f3wny Urz\u0105d Statystyczny<\/a><\/p>\n\n\n\n<p><a href=\"https:\/\/www.gov.pl\/web\/nfosigw\/wielkosc-przedsiebiorstwa2\">Wielko\u015b\u0107 przedsi\u0119biorstwa<\/a><\/p>\n\n\n\n<p><a href=\"https:\/\/www.infor.pl\/prawo\/gmina\/dzialalnosc-gospodarcza\/5638794,jednoosobowe-firmy-likwidacja-2022-prognozy-2023.html\">Z rynku znikaj\u0105 jednoosobowe firmy. Eksperci ostrzegaj\u0105: W 2023 roku b\u0119dzie tylko gorzej<\/a><\/p>\n\n\n\n<p><a href=\"https:\/\/pl.wikipedia.org\/wiki\/Sabota%C5%BC\">To jest sabota\u017c<\/a><\/p>\n\n\n\n<p>Rolnicy- <a href=\"https:\/\/dorzeczy.pl\/opinie\/594153\/telus-oby-dzieki-rolnikom-doszlo-do-przebudzenia-w-europie.html\">chc\u0105 zast\u0105pi\u0107 \u017cywno\u015b\u0107 zamiennikami syntetycznymi<\/a><\/p>\n\n\n\n<p>Wozak-<a href=\"https:\/\/www.msn.com\/pl-pl\/styl-zycia\/moda-i-uroda\/je%C5%BAdzi-na-morskie-oko-mam-konia-do-pracy-i-byka-na-mi%C4%99so\/ar-BB1nNkG9?ocid=winp1taskbar&amp;cvid=e051771f05bb48debe895d26441962eb&amp;ei=13\">Wozak z Podhala: &#8222;Z czego\u015b trzeba \u017cy\u0107&#8221;<\/a><\/p>\n\n\n\n<p>Przewo\u017anicy-<a href=\"https:\/\/www.youtube.com\/watch?v=IbZjSlH3HsQ\">POT\u0118\u017bNA BLOKADA NAJWA\u017bNIEJSZYCH DR\u00d3G W POLSCE!<\/a><\/p>\n\n\n\n<p>Kaletnicy-<a href=\"https:\/\/www.onet.pl\/informacje\/krowoderskapl\/szyje-od-60-lat-zmieniamy-swiat-w-smietnik\/tfq9e9v,30bc1058\">&#8222;Zmieniamy \u015bwiat w \u015bmietnik&#8221;<\/a><\/p>\n\n\n\n<p>Grupa Azoty &#8211; <a href=\"https:\/\/dorzeczy.pl\/ekonomia\/607140\/pulawy-zaklady-azotowe-wstrzymaly-produkcje-melaminy.html\">Zak\u0142ady Azotowe &#8222;Pu\u0142awy&#8221;<\/a><\/p>\n\n\n\n<p><a href=\"https:\/\/www.google.com\/search?q=PKP+Cargo&amp;oq=PKP+Cargo&amp;gs_lcrp=EgZjaHJvbWUyBggAEEUYOTIHCAEQABiPAjIHCAIQABiPAjIHCAMQABiPAtIBCDExMzBqMGoxqAIAsAIA&amp;sourceid=chrome&amp;ie=UTF-8\">PKP Cargo<\/a> &#8211; w tarapatach! <a href=\"https:\/\/intermodalnews.pl\/2024\/06\/28\/ukrainian-railways-cargo-poland-otrzymaly-licencje-na-przewozy-kolejowe-w-polsce\/\">Ukrainian Railways Cargo Poland otrzyma\u0142y licencj\u0119 na przewozy kolejowe w Polsce<\/a><\/p>\n\n\n\n<p><a href=\"https:\/\/www.youtube.com\/watch?v=NpJGw-22AWw\">DLACZEGO SPRZEDAJ\u0104 PEKAO I ALIOR BANK? UKRAI\u0143CY CHC\u0104 NASZYCH ZIEM!<\/a><\/p>\n\n\n\n<p>21.09.2024 14.28 <a href=\"https:\/\/finanse.wp.pl\/wielki-zaklad-w-olsztynie-do-likwidacji-cala-zaloga-straci-prace-7073394912713632a\">Du\u017cy zak\u0142ad w Olsztynie zwolni ca\u0142\u0105 za\u0142og\u0119.<\/a><\/p>\n\n\n\n<p>Verte ><a href=\"https:\/\/topol.org.pl\/?page_id=6187\">Fundacja Narodowe Si\u0142y Samoobrony \u201eGrot\u201d<\/a><\/p>\n","protected":false},"excerpt":{"rendered":"<p>Najwi\u0119ksze firmy w Polsce &#8222;500 najwi\u0119kszych polskich przedsi\u0119biorstw zatrudnia \u0142\u0105cznie oko\u0142o 1,8 miliona os\u00f3b i w 2023 roku wygenerowa\u0142o ponad 2,7 biliona z\u0142otych przychod\u00f3w ze sprzeda\u017cy. Najwi\u0119ksz\u0105 grup\u0105 w rankingu s\u0105 firmy z kapita\u0142em zagranicznym&#8221;. KHK SA w\u015br\u00f3d 500 najwi\u0119kszych przedsi\u0119biorstw w Polsce Dochody bud\u017cetu pa\u0144stwa Szacunkowe wykonanie bud\u017cetu pa\u0144stwa w 2023 r. 2023 roku [&hellip;]<\/p>\n","protected":false},"author":1,"featured_media":0,"parent":0,"menu_order":128,"comment_status":"closed","ping_status":"closed","template":"","meta":{"footnotes":""},"class_list":["post-3780","page","type-page","status-publish","hentry"],"_links":{"self":[{"href":"https:\/\/topol.org.pl\/index.php?rest_route=\/wp\/v2\/pages\/3780","targetHints":{"allow":["GET"]}}],"collection":[{"href":"https:\/\/topol.org.pl\/index.php?rest_route=\/wp\/v2\/pages"}],"about":[{"href":"https:\/\/topol.org.pl\/index.php?rest_route=\/wp\/v2\/types\/page"}],"author":[{"embeddable":true,"href":"https:\/\/topol.org.pl\/index.php?rest_route=\/wp\/v2\/users\/1"}],"replies":[{"embeddable":true,"href":"https:\/\/topol.org.pl\/index.php?rest_route=%2Fwp%2Fv2%2Fcomments&post=3780"}],"version-history":[{"count":25,"href":"https:\/\/topol.org.pl\/index.php?rest_route=\/wp\/v2\/pages\/3780\/revisions"}],"predecessor-version":[{"id":6382,"href":"https:\/\/topol.org.pl\/index.php?rest_route=\/wp\/v2\/pages\/3780\/revisions\/6382"}],"wp:attachment":[{"href":"https:\/\/topol.org.pl\/index.php?rest_route=%2Fwp%2Fv2%2Fmedia&parent=3780"}],"curies":[{"name":"wp","href":"https:\/\/api.w.org\/{rel}","templated":true}]}}