{"id":381,"date":"2023-10-27T15:52:07","date_gmt":"2023-10-27T13:52:07","guid":{"rendered":"https:\/\/topol.org.pl\/?page_id=381"},"modified":"2025-02-24T15:30:08","modified_gmt":"2025-02-24T14:30:08","slug":"krakow","status":"publish","type":"page","link":"https:\/\/topol.org.pl\/?page_id=381","title":{"rendered":"Referendum"},"content":{"rendered":"\n<h4 class=\"wp-block-heading has-text-align-right\"><a href=\"https:\/\/referendum.topol.org.pl\/\" target=\"_blank\" rel=\"noreferrer noopener\">Panel logowania<\/a><\/h4>\n\n\n\n<p>Fundacja &#8222;Moja Rzeczypospolita Polska <strong>!<\/strong> W skr\u00f3cie: Topol <strong>!<\/strong>&#8221; zostanie zarejestrowana w S\u0105dzie. <strong>Kr\u00f3lestwo Polskie<\/strong> zarejestruje fundacj\u0119 z numerem 1. Nie powstanie w 3RP. Referendum, b\u0119d\u0119 organizowa\u0142 dla potwierdzenia wyboru przez ludzi. Ma to te\u017c cel zasilenia kasy fundacji na konto. Ka\u017cdy g\u0142os zasili fundacj\u0119 na 1 z\u0142 od osoby bior\u0105cej udzia\u0142 w g\u0142osowaniu. Potwierdzi dane osoby g\u0142osuj\u0105cej, bior\u0105cej udzia\u0142. Referendum b\u0119d\u0119 organizowa\u0142 przez stron\u0119 internetow\u0105. Pieni\u0105dze zasil\u0105 fundacj\u0119 &#8222;Moja Rzeczypospolita Polska <strong>!<\/strong> W skr\u00f3cie: Topol <strong>!<\/strong>&#8221; Fundacja b\u0119dzie realizowa\u0142a cele do osi\u0105gni\u0119cia, zapisane w statucie przez <strong>Kr\u00f3lestwo Polskie<\/strong> Wszyscy ch\u0119tni b\u0119d\u0105 mogli w ramach zatrudnienia na umow\u0119 o prac\u0119 uczestniczy\u0107 w wyjazdach krajowych i zagranicznych promuj\u0105cych Polsk\u0119 na arenie mi\u0119dzynarodowej. B\u0119d\u0105 mogli stara\u0107 si\u0119 o stypendium. Zajmiemy si\u0119 opiek\u0105 ludzi starszych i niepe\u0142nosprawnych. <strong>Dux Poloniae<\/strong> nie zamierza korzysta\u0107 ze wsparcia z kasy pa\u0144stwowej, b\u0119d\u0119 si\u0119 stara\u0142 zapewni\u0107 \u015brodki na swoje dzia\u0142anie przy pomocy referendum w r\u00f3\u017cnych sprawach. Je\u015bli nie b\u0119d\u0119 posiada\u0142 \u015brodk\u00f3w ogranicz\u0119 si\u0119 do zarz\u0105dzania w wa\u017cnych sprawach dla kr\u00f3lestwa przy pomocy <a href=\"https:\/\/www.topol.org.pl\">www.topol.org.pl<\/a><\/p>\n\n\n\n<p><strong>10.10.2024 09.04 My\u015bla\u0142em nad wyborami powszechnymi i referendami w pa\u0144stwie. <a href=\"https:\/\/dorzeczy.pl\/opinie\/641866\/glosowanie-przez-internet-gramatyka-nie-ma-zludzen.html\">Cyfrowy model promowany przez globalist\u00f3w doprowadzi do ubezw\u0142asnowolnienia ludzi.<\/a> Dlatego w Kr\u00f3lestwie Polskim cyfrowy wyb\u00f3r b\u0119dzie poparty wydrukowanym rezultatem wyborcy i w\u0142asnor\u0119cznym podpisem &#8222;przez niego d\u0142ugopisem&#8221;. To rozwi\u0105\u017ce planowane fa\u0142szerstwa przez globalist\u00f3w. Podpisany wydrukowany rezultat wyborcy musi by\u0107 dostarczony przez niego osobi\u015bcie do PKW i w obecno\u015bci komisji wyborczej wrzucony do urny. Wyb\u00f3r w formie cyfrowej b\u0119dzie policzalny w czasie rzeczywistym, potwierdzenie, \u017ce to on wybra\u0142 b\u0119dzie w urnie wyborczej. G\u0142osy nie potwierdzone dwukrotnie nie b\u0119d\u0105 wa\u017cne. Moim zdaniem wybory teraz nie s\u0105 rzetelne. Np. w USA. Oczywi\u015bcie nie ustrze\u017cemy si\u0119 od <a href=\"https:\/\/pl.wikipedia.org\/wiki\/Sofi%C5%9Bci\">sofist\u00f3w<\/a>, kt\u00f3rzy zr\u0119cznie wm\u00f3wi\u0105 ludziom ka\u017cd\u0105 manipulacj\u0119. I doprowadz\u0105 do przegranej ludzi. Dlatego 22 lata temu napisa\u0142em program wyborczy <a href=\"https:\/\/topol.org.pl\/?page_id=1106\">&#8222;Ksi\u0119stwo Muszy\u0144skie&#8221;<\/a> w kt\u00f3rym omawiam, \u017ce w ka\u017cdej gminie b\u0119dzie lokalna rozg\u0142o\u015bnia radiowa i lokalna wydrukowana gazeta. Teraz i cyfrowa gazeta.<\/strong> <strong>Poniewa\u017c wszystkie media s\u0105 w r\u0119kach globalist\u00f3w.<\/strong> <strong>Za <a href=\"https:\/\/www.google.com\/search?q=cywil%C3%B3w+czy+cywili&amp;oq=cywil%C3%B3w+czy+cywili&amp;gs_lcrp=EgZjaHJvbWUyBggAEEUYOdIBCTk1MjNqMGoxNagCCLACAQ&amp;sourceid=chrome&amp;ie=UTF-8\">cywil\u00f3w<\/a>, kt\u00f3rzy za nic nie odpowiadaj\u0105 w pa\u0144stwie b\u0119dzie decydowa\u0142 &#8222;Dux Poloniae&#8221;. \u0179r\u00f3d\u0142o: <a href=\"https:\/\/topol.org.pl\/?page_id=47\">Fragment<\/a><\/strong><\/p>\n\n\n\n<p>27.12.2024 09.16 <strong>Konstytucja musi mie\u0107 sta\u0142e za\u0142o\u017cenia, nie mo\u017cna jej zmienia\u0107 co chwila przy pomocy referendum. W sumie niedu\u017ca zorganizowana grupa os\u00f3b np. p\u00f3\u0142 miliona os\u00f3b, mog\u0142aby Konstytucj\u0119 zmieni\u0107. Dlatego referendum mo\u017ce by\u0107 zaleceniem ale nie ustaw\u0105 zmieniaj\u0105c\u0105 Konstytucj\u0119 dla wszystkich.<\/strong> <strong>Referendum by\u0142oby odwr\u00f3conym &#8222;<a href=\"https:\/\/pl.wikipedia.org\/wiki\/Liberum_veto\">Liberum veto<\/a>&#8222;.<\/strong> <strong>Nar\u00f3d mo\u017cna przekona\u0107 do wszystkiego tak jak w czasie \u201ezarazy\u201d.\u00a0W Szwajcarii jest Davos siedziba globalist\u00f3w. Wi\u0105\u017c\u0105ce referendum to niebezpieczne rozwi\u0105zanie. Nie popieram tego rozwi\u0105zania.<\/strong> <strong>\u0179r\u00f3d\u0142o: <a href=\"https:\/\/topol.org.pl\/?page_id=47\">Fragment<\/a><\/strong><\/p>\n\n\n\n<p>Verte &gt;<a href=\"https:\/\/topol.org.pl\/?page_id=6187\">Fundacja Narodowe Si\u0142y Samoobrony \u201eGrot\u201d<\/a><\/p>\n\n\n\n<p><\/p>\n","protected":false},"excerpt":{"rendered":"<p>Panel logowania Fundacja &#8222;Moja Rzeczypospolita Polska ! W skr\u00f3cie: Topol !&#8221; zostanie zarejestrowana w S\u0105dzie. Kr\u00f3lestwo Polskie zarejestruje fundacj\u0119 z numerem 1. Nie powstanie w 3RP. Referendum, b\u0119d\u0119 organizowa\u0142 dla potwierdzenia wyboru przez ludzi. Ma to te\u017c cel zasilenia kasy fundacji na konto. Ka\u017cdy g\u0142os zasili fundacj\u0119 na 1 z\u0142 od osoby bior\u0105cej udzia\u0142 w [&hellip;]<\/p>\n","protected":false},"author":1,"featured_media":0,"parent":0,"menu_order":252,"comment_status":"closed","ping_status":"closed","template":"","meta":{"footnotes":""},"class_list":["post-381","page","type-page","status-publish","hentry"],"_links":{"self":[{"href":"https:\/\/topol.org.pl\/index.php?rest_route=\/wp\/v2\/pages\/381","targetHints":{"allow":["GET"]}}],"collection":[{"href":"https:\/\/topol.org.pl\/index.php?rest_route=\/wp\/v2\/pages"}],"about":[{"href":"https:\/\/topol.org.pl\/index.php?rest_route=\/wp\/v2\/types\/page"}],"author":[{"embeddable":true,"href":"https:\/\/topol.org.pl\/index.php?rest_route=\/wp\/v2\/users\/1"}],"replies":[{"embeddable":true,"href":"https:\/\/topol.org.pl\/index.php?rest_route=%2Fwp%2Fv2%2Fcomments&post=381"}],"version-history":[{"count":25,"href":"https:\/\/topol.org.pl\/index.php?rest_route=\/wp\/v2\/pages\/381\/revisions"}],"predecessor-version":[{"id":8085,"href":"https:\/\/topol.org.pl\/index.php?rest_route=\/wp\/v2\/pages\/381\/revisions\/8085"}],"wp:attachment":[{"href":"https:\/\/topol.org.pl\/index.php?rest_route=%2Fwp%2Fv2%2Fmedia&parent=381"}],"curies":[{"name":"wp","href":"https:\/\/api.w.org\/{rel}","templated":true}]}}