{"id":3911,"date":"2024-06-12T14:01:04","date_gmt":"2024-06-12T12:01:04","guid":{"rendered":"https:\/\/topol.org.pl\/?page_id=3911"},"modified":"2026-01-09T10:44:39","modified_gmt":"2026-01-09T09:44:39","slug":"polonia-semper-fidelis","status":"publish","type":"page","link":"https:\/\/topol.org.pl\/?page_id=3911","title":{"rendered":"Polonia semper fidelis"},"content":{"rendered":"\n<p><a href=\"https:\/\/www.wilanow-palac.pl\/polonia_semper_fidelis_polska_zawsze_wierna.html\">Polonia semper fidelis \u2013 Polska zawsze wierna<\/a><\/p>\n\n\n\n<h1 class=\"wp-block-heading\">Pasa\u017c Wiedzy<\/h1>\n\n\n\n<h2 class=\"wp-block-heading\">Muzeum Pa\u0142acu Kr\u00f3la Jana&nbsp;III&nbsp;w&nbsp;Wilanowie<\/h2>\n\n\n\n<p>&#8222;<a href=\"https:\/\/dorzeczy.pl\/opinie\/597525\/papiez-franciszek-do-polakow-badzcie-wierni-bogu.html\">Wasza Ojczyzna nosi miano: Polonia semper fidelis<\/a>&#8222;<\/p>\n\n\n\n<p>\u0179r\u00f3d\u0142o: (<a href=\"https:\/\/dorzeczy.pl\/opinie\/597525\/papiez-franciszek-do-polakow-badzcie-wierni-bogu.html\">dorzeczy.pl<\/a>)<\/p>\n\n\n\n<p>Verte ><a href=\"https:\/\/topol.org.pl\/?page_id=6187\">Fundacja Narodowe Si\u0142y Samoobrony \u201eGrot\u201d<\/a><\/p>\n","protected":false},"excerpt":{"rendered":"<p>Polonia semper fidelis \u2013 Polska zawsze wierna Pasa\u017c Wiedzy Muzeum Pa\u0142acu Kr\u00f3la Jana&nbsp;III&nbsp;w&nbsp;Wilanowie &#8222;Wasza Ojczyzna nosi miano: Polonia semper fidelis&#8222; \u0179r\u00f3d\u0142o: (dorzeczy.pl) Verte >Fundacja Narodowe Si\u0142y Samoobrony \u201eGrot\u201d<\/p>\n","protected":false},"author":1,"featured_media":0,"parent":0,"menu_order":130,"comment_status":"closed","ping_status":"closed","template":"","meta":{"footnotes":""},"class_list":["post-3911","page","type-page","status-publish","hentry"],"_links":{"self":[{"href":"https:\/\/topol.org.pl\/index.php?rest_route=\/wp\/v2\/pages\/3911","targetHints":{"allow":["GET"]}}],"collection":[{"href":"https:\/\/topol.org.pl\/index.php?rest_route=\/wp\/v2\/pages"}],"about":[{"href":"https:\/\/topol.org.pl\/index.php?rest_route=\/wp\/v2\/types\/page"}],"author":[{"embeddable":true,"href":"https:\/\/topol.org.pl\/index.php?rest_route=\/wp\/v2\/users\/1"}],"replies":[{"embeddable":true,"href":"https:\/\/topol.org.pl\/index.php?rest_route=%2Fwp%2Fv2%2Fcomments&post=3911"}],"version-history":[{"count":3,"href":"https:\/\/topol.org.pl\/index.php?rest_route=\/wp\/v2\/pages\/3911\/revisions"}],"predecessor-version":[{"id":6384,"href":"https:\/\/topol.org.pl\/index.php?rest_route=\/wp\/v2\/pages\/3911\/revisions\/6384"}],"wp:attachment":[{"href":"https:\/\/topol.org.pl\/index.php?rest_route=%2Fwp%2Fv2%2Fmedia&parent=3911"}],"curies":[{"name":"wp","href":"https:\/\/api.w.org\/{rel}","templated":true}]}}