{"id":4030,"date":"2024-06-15T17:30:29","date_gmt":"2024-06-15T15:30:29","guid":{"rendered":"https:\/\/topol.org.pl\/?page_id=4030"},"modified":"2026-01-09T10:44:55","modified_gmt":"2026-01-09T09:44:55","slug":"konferencja-pokojowa-w-szwajcarii","status":"publish","type":"page","link":"https:\/\/topol.org.pl\/?page_id=4030","title":{"rendered":"Konferencja pokojowa w Szwajcarii"},"content":{"rendered":"\n<p>18.06.2024 20.58 &#8222;Ponad 80 narod\u00f3w popiera rozmowy maj\u0105ce na celu u\u0142atwienie drogi do pokoju na Ukrainie&#8221; \u0179r\u00f3d\u0142o: (<a href=\"https:\/\/www.nytimes.com\/2024\/06\/16\/world\/europe\/ukraine-russia-peace-talks.html\">The New York Times<\/a>)<\/p>\n\n\n\n<p>16.06.2024 9.27 Wo\u0142odymyr Ohryzko, by\u0142y minister spraw zagranicznych Ukrainy- <a href=\"https:\/\/wiadomosci.wp.pl\/byly-szef-msz-ukrainy-chcemy-pokoju-ale-na-naszych-warunkach-7038404538673952a\">powiedzia\u0142 w wywiadzie<\/a><\/p>\n\n\n\n<p>15.06.2024 15.54 Spotkanie w Szwajcarii b\u0119dzie kolejnym etapem d\u0105\u017cenia do wojny. <a href=\"https:\/\/x.com\/prezydentpl\">To by\u0142o wida\u0107 w wyst\u0105pieniu prezydenta Andrzeja Dudy na lotnisku.<\/a> Wojny z Rosj\u0105 nie wygramy. Oni maj\u0105 gospodark\u0119 opart\u0105 o w\u0142asne surowce. Zdyscyplinowanych Rosjan. Broni\u0105cych ojczyzny za wszelk\u0105 cen\u0119. <a href=\"https:\/\/topol.org.pl\/?page_id=3630\">U\u017cyj\u0105 broni j\u0105drowej, maj\u0105 to zapisane w swojej doktrynie wojennej.<\/a> Rozs\u0105dni politycy m\u00f3wi\u0105,&nbsp;\u017ceby wycofa\u0107 si\u0119 z konfliktu zawieraj\u0105c&nbsp;przynajmniej <a href=\"https:\/\/pl.wikipedia.org\/wiki\/Rozejm\">rozejm<\/a>.<\/p>\n\n\n\n<p>16.06.2024 18.03 <a href=\"https:\/\/www.prezydent.pl\/aktualnosci\/wydarzenia\/rosyjski-imperializm-na-wojnie-z-europa-srodkowo-wschodnia,58673\">Andrzej Duda: Rosyjski imperializm na wojnie z Europ\u0105 \u015arodkowo-Wschodni\u0105<\/a><\/p>\n\n\n\n<p>&#8222;narody, kt\u00f3re znalaz\u0142y si\u0119 w sowieckiej strefie wp\u0142yw\u00f3w ju\u017c po zwyci\u0119stwie Rosji nad III Rzesz\u0105&#8221;<\/p>\n\n\n\n<p><strong>A jak by\u015bmy zostali w strefie wp\u0142yw\u00f3w III Rzeszy ?<\/strong> <strong>Co by z nami by\u0142o ?<\/strong> <strong>M\u00f3wienie o Rosji, \u017ce chce si\u0119 j\u0105 podzieli\u0107 na ma\u0142e pa\u0144stwa to bardzo niebezpieczne wyzwanie. <strong>Kto by j\u0105 skolonizowa\u0142 ?<\/strong><\/strong> <strong>Ja si\u0119 od tego odcinam.<\/strong><\/p>\n\n\n\n<p>Analiza sytuacji<br><\/p>\n\n\n\n<p><strong>Rosja<\/strong><br>Nie zgodzi si\u0119 na rezygnacj\u0119 z teren\u00f3w p\u00f3\u0142wyspu krymskiego, obwodu \u0142uga\u0144skiego, donieckiego, zaporoskiego i cherso\u0144skiego.<br>Nie zgodzi si\u0119 na przyst\u0105pienie Ukrainy do NATO.<br>Zgodzi si\u0119 do przyst\u0105pienia Ukrainy do Unii Europejskiej(chce rozpadu Unii)<br><strong>Ukraina<\/strong><br>Nie zgodzi si\u0119 na rezygnacj\u0119 z teren\u00f3w p\u00f3\u0142wyspu krymskiego, obwodu \u0142uga\u0144skiego, donieckiego, zaporoskiego i cherso\u0144skiego.<br>Przyst\u0105pi do sojuszu NATO.<br>Pa\u0144stwa w Unii Europejskiej nie zgodz\u0105 si\u0119 na przyst\u0105pienie Ukrainy do Unii Europejskiej.<\/p>\n\n\n\n<p>Rozwi\u0105zaniem. Rozejm na warunkach.<\/p>\n\n\n\n<p>Na terenach spornych powstanie <a href=\"https:\/\/topol.org.pl\/?page_id=4036\">&#8222;<strong>S\u0142owia\u0144ska Scytia Kr\u00f3lewska zwana Ru\u015b Krymska<\/strong>&#8222;<\/a>. Teren obj\u0119ty stref\u0105 wolnego przep\u0142ywu towar\u00f3w i us\u0142ug. <a href=\"https:\/\/topol.org.pl\/?page_id=5983\">Druga Siedziba ONZ<\/a> w &#8222;<strong><a href=\"https:\/\/pl.wikipedia.org\/wiki\/Chersonez_Taurydzki\">Chersonez Taurydzki<\/a><\/strong>&#8222;. Jak Rosja b\u0119dzie \u015bcigana listem go\u0144czym przez MTK to spotkamy si\u0119 w &#8222;<a href=\"https:\/\/pl.wikipedia.org\/wiki\/Nowy_Jork\"><strong>Nowy York<\/strong><\/a>&#8222;. Jak USA b\u0119dzie \u015bcigane listem go\u0144czym przez MTK to spotkamy si\u0119 w &#8222;<strong><a href=\"https:\/\/pl.wikipedia.org\/wiki\/Chersonez_Taurydzki\">Chersonez Taurydzki<\/a><\/strong>&#8222;.<\/p>\n\n\n\n<p>* <a href=\"https:\/\/topol.org.pl\/?page_id=4036\">&#8222;<strong>S\u0142owia\u0144ska Scytia Kr\u00f3lewska zwana Ru\u015b Krymska<\/strong>&#8222;<\/a><\/p>\n\n\n\n<p>Prawdziwa legenda Lech, Czech i Rus inscenizuje to dzia\u0142anie, to czysta polityka zagraniczna, relacje Polski i gra interes\u00f3w.<br>Kr\u00f3lestwo S\u0142owia\u0144skie \u201eWielka Lechia\u201d ze stolic\u0105 w Krakowie to 320 milion\u00f3w S\u0142owian zamieszkuj\u0105cych pa\u0144stwa: Moja Rzeczpospolita Polska, Ukraina, Litwa, \u0141otwa, Estonia, S\u0142owacja, Czechy, Bia\u0142oru\u015b, Finlandia, W\u0119gry, Bu\u0142garia, Rumunia, Serbia, S\u0142owenia, Czarnog\u00f3ra, Bo\u015bnia i Hercegowina, Macedonia P\u00f3\u0142nocna, Chorwacja, S\u0142owia\u0144ska Scytia Kr\u00f3lewska zwana \u201eKrym\u201d To pa\u0144stwa neutralne(pas neutralny, obszar kt\u00f3rego nie obejmuj\u0105 dzia\u0142ania wojenne) mog\u0105 by\u0107 zwi\u0105zane sojuszem wojskowym ale nie mog\u0105 u nich stacjonowa\u0107 obce wojska. \u201eWielka Lechia\u201d to te\u017c Rosja, mocarstwo atomowe. To b\u0119dzie umowa na s\u0142owo honoru. Bez \u017cadnych traktat\u00f3w. Bez \u017cadnych podboj\u00f3w. Podstaw\u0105 jest uzbrojenie w najstraszniejsz\u0105 bro\u0144 i walka do ostatniego tchu o swoj\u0105 ojczyzn\u0119, ka\u017cdego pa\u0144stwa w tych granicach jakie s\u0105 teraz. Ka\u017cdy broni swojej religii bez \u017cadnych zmian, kraju, prawa Bo\u017cego. Jak napisz\u0119 wszystkie prawa \u201ew\u0142asno\u015bci\u201d do kraj\u00f3w strac\u0105 wa\u017cno\u015b\u0107. Wszelkie roszczenia ukrytych \u201ew\u0142a\u015bcicieli\u201d zostan\u0105 potraktowane jak udzia\u0142 \u201eOceanii\u201d w niewolnictwie narod\u00f3w. Pa\u0144stwa Wielkiej Lechii b\u0119d\u0105 suwerenne. Nie wa\u017ccie si\u0119 mnie inwigilowa\u0107. Dlaczego?<br>Jestem S\u0142owia\u0144skim Kr\u00f3lem \u201d Wielkiej Lechii\u201d<br>Scenariusz. Tworz\u0119 prawdziw\u0105 legend\u0119, ona przetrwa najd\u0142u\u017cej jak o Lechu, Czechu i <a href=\"https:\/\/pl.wikipedia.org\/wiki\/Ru%C5%9B\">Rusie<\/a>.<br>Wszelkie prawa zastrze\u017cone Dariusz Goworek<\/p>\n\n\n\n<p>\u0179r\u00f3d\u0142o: <a href=\"https:\/\/topol.org.pl\/?page_id=47\">Fragment<\/a><\/p>\n\n\n\n<p>Verte ><a href=\"https:\/\/topol.org.pl\/?page_id=6187\">Fundacja Narodowe Si\u0142y Samoobrony \u201eGrot\u201d<\/a><\/p>\n","protected":false},"excerpt":{"rendered":"<p>18.06.2024 20.58 &#8222;Ponad 80 narod\u00f3w popiera rozmowy maj\u0105ce na celu u\u0142atwienie drogi do pokoju na Ukrainie&#8221; \u0179r\u00f3d\u0142o: (The New York Times) 16.06.2024 9.27 Wo\u0142odymyr Ohryzko, by\u0142y minister spraw zagranicznych Ukrainy- powiedzia\u0142 w wywiadzie 15.06.2024 15.54 Spotkanie w Szwajcarii b\u0119dzie kolejnym etapem d\u0105\u017cenia do wojny. To by\u0142o wida\u0107 w wyst\u0105pieniu prezydenta Andrzeja Dudy na lotnisku. Wojny [&hellip;]<\/p>\n","protected":false},"author":1,"featured_media":0,"parent":0,"menu_order":134,"comment_status":"closed","ping_status":"closed","template":"","meta":{"footnotes":""},"class_list":["post-4030","page","type-page","status-publish","hentry"],"_links":{"self":[{"href":"https:\/\/topol.org.pl\/index.php?rest_route=\/wp\/v2\/pages\/4030","targetHints":{"allow":["GET"]}}],"collection":[{"href":"https:\/\/topol.org.pl\/index.php?rest_route=\/wp\/v2\/pages"}],"about":[{"href":"https:\/\/topol.org.pl\/index.php?rest_route=\/wp\/v2\/types\/page"}],"author":[{"embeddable":true,"href":"https:\/\/topol.org.pl\/index.php?rest_route=\/wp\/v2\/users\/1"}],"replies":[{"embeddable":true,"href":"https:\/\/topol.org.pl\/index.php?rest_route=%2Fwp%2Fv2%2Fcomments&post=4030"}],"version-history":[{"count":19,"href":"https:\/\/topol.org.pl\/index.php?rest_route=\/wp\/v2\/pages\/4030\/revisions"}],"predecessor-version":[{"id":6387,"href":"https:\/\/topol.org.pl\/index.php?rest_route=\/wp\/v2\/pages\/4030\/revisions\/6387"}],"wp:attachment":[{"href":"https:\/\/topol.org.pl\/index.php?rest_route=%2Fwp%2Fv2%2Fmedia&parent=4030"}],"curies":[{"name":"wp","href":"https:\/\/api.w.org\/{rel}","templated":true}]}}