{"id":4036,"date":"2024-06-15T19:17:53","date_gmt":"2024-06-15T17:17:53","guid":{"rendered":"https:\/\/topol.org.pl\/?page_id=4036"},"modified":"2025-02-22T19:41:29","modified_gmt":"2025-02-22T18:41:29","slug":"slowianska-scytia-krolewska-zwana-rus-krymska","status":"publish","type":"page","link":"https:\/\/topol.org.pl\/?page_id=4036","title":{"rendered":"&#8222;S\u0142owia\u0144ska Scytia Kr\u00f3lewska zwana Ru\u015b Krymska&#8221;"},"content":{"rendered":"\n<p>15.06.2024 19.17<\/p>\n\n\n\n<p>*&#8221;<strong>S\u0142owia\u0144ska Scytia Kr\u00f3lewska zwana Ru\u015b Krymska<\/strong>&#8222;<\/p>\n\n\n\n<p>Prawdziwa legenda Lech, Czech i Rus inscenizuje to dzia\u0142anie, to czysta polityka zagraniczna, relacje Polski i gra interes\u00f3w.<br>Kr\u00f3lestwo S\u0142owia\u0144skie \u201eWielka Lechia\u201d ze stolic\u0105 w Krakowie to 320 milion\u00f3w S\u0142owian zamieszkuj\u0105cych pa\u0144stwa: Moja Rzeczpospolita Polska, Ukraina, Litwa, \u0141otwa, Estonia, S\u0142owacja, Czechy, Bia\u0142oru\u015b, Finlandia, W\u0119gry, Bu\u0142garia, Rumunia, Serbia, S\u0142owenia, Czarnog\u00f3ra, Bo\u015bnia i Hercegowina, Macedonia P\u00f3\u0142nocna, Chorwacja, S\u0142owia\u0144ska Scytia Kr\u00f3lewska zwana \u201eKrym\u201d To pa\u0144stwa neutralne(pas neutralny, obszar kt\u00f3rego nie obejmuj\u0105 dzia\u0142ania wojenne) mog\u0105 by\u0107 zwi\u0105zane sojuszem wojskowym ale nie mog\u0105 u nich stacjonowa\u0107 obce wojska. \u201eWielka Lechia\u201d to te\u017c Rosja, mocarstwo atomowe. To b\u0119dzie umowa na s\u0142owo honoru. Bez \u017cadnych traktat\u00f3w. Bez \u017cadnych podboj\u00f3w. Podstaw\u0105 jest uzbrojenie w najstraszniejsz\u0105 bro\u0144 i walka do ostatniego tchu o swoj\u0105 ojczyzn\u0119, ka\u017cdego pa\u0144stwa w tych granicach jakie s\u0105 teraz. Ka\u017cdy broni swojej religii bez \u017cadnych zmian, kraju, prawa Bo\u017cego. Jak napisz\u0119 wszystkie prawa \u201ew\u0142asno\u015bci\u201d do kraj\u00f3w strac\u0105 wa\u017cno\u015b\u0107. Wszelkie roszczenia ukrytych \u201ew\u0142a\u015bcicieli\u201d zostan\u0105 potraktowane jak udzia\u0142 \u201eOceanii\u201d w niewolnictwie narod\u00f3w. Pa\u0144stwa Wielkiej Lechii b\u0119d\u0105 suwerenne. Nie wa\u017ccie si\u0119 mnie inwigilowa\u0107. Dlaczego?<br>Jestem S\u0142owia\u0144skim Kr\u00f3lem \u201d Wielkiej Lechii\u201d<br>Scenariusz. Tworz\u0119 prawdziw\u0105 legend\u0119, ona przetrwa najd\u0142u\u017cej jak o Lechu, Czechu i <a href=\"https:\/\/pl.wikipedia.org\/wiki\/Ru%C5%9B\">Rusie<\/a>.<br>Wszelkie prawa zastrze\u017cone Dariusz Goworek<\/p>\n\n\n\n<p>\u0179r\u00f3d\u0142o: <a href=\"https:\/\/topol.org.pl\/?page_id=47\">Fragment<\/a><\/p>\n\n\n\n<p><a href=\"https:\/\/www.dw.com\/pl\/z%C5%82oto-scyt%C3%B3w-wr%C3%B3ci%C5%82o-do-ukrainy\/a-67578318\">Z\u0142oto Scyt\u00f3w wr\u00f3ci\u0142o na Ru\u015b Krymsk\u0105<\/a><\/p>\n\n\n\n<p>05.07.2024 06.34 <a href=\"https:\/\/dorzeczy.pl\/swiat\/607098\/putin-gotowy-natychmiast-negocjowac-z-ukraina-ale-sa-warunki.html\">Rozs\u0105dna propozycja zawarcia pokoju<\/a><\/p>\n\n\n\n<p>Verte ><a href=\"https:\/\/topol.org.pl\/?page_id=6187\">Fundacja Narodowe Si\u0142y Samoobrony \u201eGrot\u201d<\/a><\/p>\n","protected":false},"excerpt":{"rendered":"<p>15.06.2024 19.17 *&#8221;S\u0142owia\u0144ska Scytia Kr\u00f3lewska zwana Ru\u015b Krymska&#8222; Prawdziwa legenda Lech, Czech i Rus inscenizuje to dzia\u0142anie, to czysta polityka zagraniczna, relacje Polski i gra interes\u00f3w.Kr\u00f3lestwo S\u0142owia\u0144skie \u201eWielka Lechia\u201d ze stolic\u0105 w Krakowie to 320 milion\u00f3w S\u0142owian zamieszkuj\u0105cych pa\u0144stwa: Moja Rzeczpospolita Polska, Ukraina, Litwa, \u0141otwa, Estonia, S\u0142owacja, Czechy, Bia\u0142oru\u015b, Finlandia, W\u0119gry, Bu\u0142garia, Rumunia, Serbia, S\u0142owenia, [&hellip;]<\/p>\n","protected":false},"author":1,"featured_media":0,"parent":0,"menu_order":133,"comment_status":"closed","ping_status":"closed","template":"","meta":{"footnotes":""},"class_list":["post-4036","page","type-page","status-publish","hentry"],"_links":{"self":[{"href":"https:\/\/topol.org.pl\/index.php?rest_route=\/wp\/v2\/pages\/4036","targetHints":{"allow":["GET"]}}],"collection":[{"href":"https:\/\/topol.org.pl\/index.php?rest_route=\/wp\/v2\/pages"}],"about":[{"href":"https:\/\/topol.org.pl\/index.php?rest_route=\/wp\/v2\/types\/page"}],"author":[{"embeddable":true,"href":"https:\/\/topol.org.pl\/index.php?rest_route=\/wp\/v2\/users\/1"}],"replies":[{"embeddable":true,"href":"https:\/\/topol.org.pl\/index.php?rest_route=%2Fwp%2Fv2%2Fcomments&post=4036"}],"version-history":[{"count":8,"href":"https:\/\/topol.org.pl\/index.php?rest_route=\/wp\/v2\/pages\/4036\/revisions"}],"predecessor-version":[{"id":6386,"href":"https:\/\/topol.org.pl\/index.php?rest_route=\/wp\/v2\/pages\/4036\/revisions\/6386"}],"wp:attachment":[{"href":"https:\/\/topol.org.pl\/index.php?rest_route=%2Fwp%2Fv2%2Fmedia&parent=4036"}],"curies":[{"name":"wp","href":"https:\/\/api.w.org\/{rel}","templated":true}]}}