{"id":4059,"date":"2024-06-15T22:14:28","date_gmt":"2024-06-15T20:14:28","guid":{"rendered":"https:\/\/topol.org.pl\/?page_id=4059"},"modified":"2026-01-09T10:44:47","modified_gmt":"2026-01-09T09:44:47","slug":"to-nie-jest-strach-tylko-rozsadek","status":"publish","type":"page","link":"https:\/\/topol.org.pl\/?page_id=4059","title":{"rendered":"&#8222;To nie jest strach tylko rozs\u0105dek&#8221;"},"content":{"rendered":"\n<p>15.06.2024 22.14 <a href=\"https:\/\/wiadomosci.wp.pl\/strach-nie-sluzy-pokojowi-watykan-powinien-to-zrozumiec-opinia-7038404726459136a\">&#8222;To nie jest strach tylko rozs\u0105dek&#8221;<\/a><\/p>\n\n\n\n<p>My\u015bl\u0119, \u017ce Finlandia pope\u0142ni\u0142a b\u0142\u0105d przyst\u0119puj\u0105c do NATO. Sta\u0142a si\u0119 celem dla s\u0105siada. A mia\u0142a bezpieczn\u0105 granic\u0119. Dobrze uzbrojona armia nie ba\u0142a si\u0119 ataku Rosjan. Teraz za z\u0142\u0105 namow\u0105 jest celem. My te\u017c w kr\u00f3tkim czasie od przyst\u0105pienia do NATO jeste\u015bmy zagro\u017ceni konfliktem. Stali\u015bmy si\u0119 poligonem i sami m\u00f3wimy, \u017ce jeste\u015bmy wschodni\u0105 flank\u0105 NATO, g\u0142\u00f3wnym obro\u0144c\u0105 zachodu. <a href=\"https:\/\/dorzeczy.pl\/kraj\/600150\/tusk-jest-konsensus-ue-ws-wsparcia-finansowego-inwestycji-w-ochrone-granicy-wschodniej.html\">Wcale nie chc\u0119 broni\u0107 zachodu.<\/a> Widz\u0119, \u017ce trafili\u015bmy z deszczu pod rynn\u0119. Tam by\u0142a komuna a tu rodzi si\u0119 utopijny totalitaryzm. Autor artyku\u0142u siedzi bezpiecznie i si\u0119 m\u0105drzy a gin\u0105\u0107 b\u0119d\u0105 m\u0142odzi Polacy. To odra\u017caj\u0105ce. Zachowanie polityk\u00f3w, niby patriot\u00f3w eskaluje wojn\u0119. <a href=\"https:\/\/isap.sejm.gov.pl\/isap.nsf\/download.xsp\/WMP20190000050\/O\/M20190050.pdf\">Oddajemy uzbrojenie, teraz bateri\u0119 obrony przeciwlotniczej<\/a>. Wszyscy si\u0119 zgadzaj\u0105. Tylko ja si\u0119 nie zgadzam. Mam do\u015b\u0107 s\u0142uchania, \u017ce mamy pogr\u0105\u017cy\u0107 mocarstwo atomowe w rozpadzie pa\u0144stwa w <a href=\"https:\/\/www.topnews.ru\/news_id_886421.html\">imi\u0119 sprawiedliwo\u015bci<\/a>. W imi\u0119 sprawiedliwo\u015bci <a href=\"https:\/\/topol.org.pl\/?page_id=3630\">nara\u017camy wszystkich na zag\u0142ad\u0119<\/a>.<\/p>\n\n\n\n<p><a href=\"https:\/\/www.youtube.com\/watch?v=L-C9z5GHWeo\">\u0141ad \u015bwiatowy wed\u0142ug Rosji i Chin<\/a><\/p>\n\n\n\n<figure class=\"wp-block-image size-large\"><a href=\"https:\/\/www.youtube.com\/watch?v=L-C9z5GHWeo\"><img loading=\"lazy\" decoding=\"async\" width=\"1024\" height=\"679\" src=\"https:\/\/topol.org.pl\/wp-content\/uploads\/2024\/07\/TONY-CIEZKIEGO-SPRZETU-Z-USA-W-GDYNI-1024x679.jpg\" alt=\"\" class=\"wp-image-4443\" srcset=\"https:\/\/topol.org.pl\/wp-content\/uploads\/2024\/07\/TONY-CIEZKIEGO-SPRZETU-Z-USA-W-GDYNI-1024x679.jpg 1024w, https:\/\/topol.org.pl\/wp-content\/uploads\/2024\/07\/TONY-CIEZKIEGO-SPRZETU-Z-USA-W-GDYNI-300x199.jpg 300w, https:\/\/topol.org.pl\/wp-content\/uploads\/2024\/07\/TONY-CIEZKIEGO-SPRZETU-Z-USA-W-GDYNI-768x509.jpg 768w, https:\/\/topol.org.pl\/wp-content\/uploads\/2024\/07\/TONY-CIEZKIEGO-SPRZETU-Z-USA-W-GDYNI.jpg 1164w\" sizes=\"auto, (max-width: 1024px) 100vw, 1024px\" \/><\/a><\/figure>\n\n\n\n<p><a href=\"https:\/\/topol.org.pl\/?page_id=4164\">Polska jest neutralna<\/a><\/p>\n\n\n\n<p>30.08.2024 6.40 <a href=\"https:\/\/www.youtube.com\/watch?v=uKCby07rUm0\">Ukraina Domaga si\u0119 od Polski MIG-29! Wojna z Rosj\u0105: NOWE PROWOKACJE? Pierwszy F-35 dla Polski!<\/a><\/p>\n\n\n\n<p>Verte ><a href=\"https:\/\/topol.org.pl\/?page_id=6187\">Fundacja Narodowe Si\u0142y Samoobrony \u201eGrot\u201d<\/a><\/p>\n","protected":false},"excerpt":{"rendered":"<p>15.06.2024 22.14 &#8222;To nie jest strach tylko rozs\u0105dek&#8221; My\u015bl\u0119, \u017ce Finlandia pope\u0142ni\u0142a b\u0142\u0105d przyst\u0119puj\u0105c do NATO. Sta\u0142a si\u0119 celem dla s\u0105siada. A mia\u0142a bezpieczn\u0105 granic\u0119. Dobrze uzbrojona armia nie ba\u0142a si\u0119 ataku Rosjan. Teraz za z\u0142\u0105 namow\u0105 jest celem. My te\u017c w kr\u00f3tkim czasie od przyst\u0105pienia do NATO jeste\u015bmy zagro\u017ceni konfliktem. Stali\u015bmy si\u0119 poligonem i [&hellip;]<\/p>\n","protected":false},"author":1,"featured_media":0,"parent":0,"menu_order":132,"comment_status":"closed","ping_status":"closed","template":"","meta":{"footnotes":""},"class_list":["post-4059","page","type-page","status-publish","hentry"],"_links":{"self":[{"href":"https:\/\/topol.org.pl\/index.php?rest_route=\/wp\/v2\/pages\/4059","targetHints":{"allow":["GET"]}}],"collection":[{"href":"https:\/\/topol.org.pl\/index.php?rest_route=\/wp\/v2\/pages"}],"about":[{"href":"https:\/\/topol.org.pl\/index.php?rest_route=\/wp\/v2\/types\/page"}],"author":[{"embeddable":true,"href":"https:\/\/topol.org.pl\/index.php?rest_route=\/wp\/v2\/users\/1"}],"replies":[{"embeddable":true,"href":"https:\/\/topol.org.pl\/index.php?rest_route=%2Fwp%2Fv2%2Fcomments&post=4059"}],"version-history":[{"count":13,"href":"https:\/\/topol.org.pl\/index.php?rest_route=\/wp\/v2\/pages\/4059\/revisions"}],"predecessor-version":[{"id":6385,"href":"https:\/\/topol.org.pl\/index.php?rest_route=\/wp\/v2\/pages\/4059\/revisions\/6385"}],"wp:attachment":[{"href":"https:\/\/topol.org.pl\/index.php?rest_route=%2Fwp%2Fv2%2Fmedia&parent=4059"}],"curies":[{"name":"wp","href":"https:\/\/api.w.org\/{rel}","templated":true}]}}