{"id":4123,"date":"2024-06-18T17:32:08","date_gmt":"2024-06-18T15:32:08","guid":{"rendered":"https:\/\/topol.org.pl\/?page_id=4123"},"modified":"2025-02-22T19:42:25","modified_gmt":"2025-02-22T18:42:25","slug":"wieszanie-zdrajcow","status":"publish","type":"page","link":"https:\/\/topol.org.pl\/?page_id=4123","title":{"rendered":"Wieszanie zdrajc\u00f3w"},"content":{"rendered":"\n<figure class=\"wp-block-image size-full\"><a href=\"https:\/\/historia.dorzeczy.pl\/nowozytnosc\/600096\/sad-najwyzszy-kryminalny-czyli-to-wieszal-targowiczan.html\"><img loading=\"lazy\" decoding=\"async\" width=\"850\" height=\"645\" src=\"https:\/\/topol.org.pl\/wp-content\/uploads\/2024\/06\/Wieszanie-zdrajcow.jpg\" alt=\"\" class=\"wp-image-4124\" srcset=\"https:\/\/topol.org.pl\/wp-content\/uploads\/2024\/06\/Wieszanie-zdrajcow.jpg 850w, https:\/\/topol.org.pl\/wp-content\/uploads\/2024\/06\/Wieszanie-zdrajcow-300x228.jpg 300w, https:\/\/topol.org.pl\/wp-content\/uploads\/2024\/06\/Wieszanie-zdrajcow-768x583.jpg 768w\" sizes=\"auto, (max-width: 850px) 100vw, 850px\" \/><\/a><\/figure>\n\n\n\n<p>18.06.2024 17.32 <\/p>\n\n\n\n<p><a href=\"https:\/\/pl.wikipedia.org\/wiki\/Suwerenno%C5%9B%C4%87\">Suwerenno\u015b\u0107<\/a><\/p>\n\n\n\n<p><a href=\"https:\/\/pl.wikipedia.org\/wiki\/Patriotyzm\">Patriotyzm<\/a><\/p>\n\n\n\n<p><a href=\"https:\/\/topol.org.pl\/?page_id=2335\">Historia i&nbsp;Tera\u017aniejszo\u015b\u0107<\/a><\/p>\n\n\n\n<p>Przysi\u0119gali\u015bcie<\/p>\n\n\n\n<p><a href=\"https:\/\/topol.org.pl\/?page_id=173\">Apel do Wojska Polskiego<\/a><\/p>\n\n\n\n<p>Przysi\u0119ga<\/p>\n\n\n\n<p>Ja, \u017co\u0142nierz Wojska Polskiego, przysi\u0119gam s\u0142u\u017cy\u0107 wiernie Rzeczypospolitej Polskiej, broni\u0107 jej niepodleg\u0142o\u015bci i granic. Sta\u0107 na stra\u017cy Konstytucji, strzec honoru \u017co\u0142nierza polskiego, sztandaru wojskowego broni\u0107.<\/p>\n\n\n\n<p><a href=\"https:\/\/www.prezydent.pl\/prezydent\/kompetencje\/zwierzchnik-sil-zbrojnych\/prezydent-rp-zwierzchnik-sil-zbrojnych\">Prezydent zwierzchnikiem Si\u0142 Zbrojnych RP<\/a><\/p>\n\n\n\n<p>Co dalej ? <a href=\"https:\/\/pl.wikipedia.org\/wiki\/Chaos_(mitologia)\">Opanowanie chaosu.<\/a> <a href=\"https:\/\/topol.org.pl\/?page_id=5314\">Prosz\u0119 si\u0119 nie ba\u0107, b\u0119d\u0119 m\u00f3wi\u0142 co dalej.<\/a><\/p>\n\n\n\n<p>Verte ><a href=\"https:\/\/topol.org.pl\/?page_id=6187\">Fundacja Narodowe Si\u0142y Samoobrony \u201eGrot\u201d<\/a><\/p>\n","protected":false},"excerpt":{"rendered":"<p>18.06.2024 17.32 Suwerenno\u015b\u0107 Patriotyzm Historia i&nbsp;Tera\u017aniejszo\u015b\u0107 Przysi\u0119gali\u015bcie Apel do Wojska Polskiego Przysi\u0119ga Ja, \u017co\u0142nierz Wojska Polskiego, przysi\u0119gam s\u0142u\u017cy\u0107 wiernie Rzeczypospolitej Polskiej, broni\u0107 jej niepodleg\u0142o\u015bci i granic. Sta\u0107 na stra\u017cy Konstytucji, strzec honoru \u017co\u0142nierza polskiego, sztandaru wojskowego broni\u0107. Prezydent zwierzchnikiem Si\u0142 Zbrojnych RP Co dalej ? Opanowanie chaosu. Prosz\u0119 si\u0119 nie ba\u0107, b\u0119d\u0119 m\u00f3wi\u0142 co dalej. [&hellip;]<\/p>\n","protected":false},"author":1,"featured_media":0,"parent":0,"menu_order":139,"comment_status":"closed","ping_status":"closed","template":"","meta":{"footnotes":""},"class_list":["post-4123","page","type-page","status-publish","hentry"],"_links":{"self":[{"href":"https:\/\/topol.org.pl\/index.php?rest_route=\/wp\/v2\/pages\/4123","targetHints":{"allow":["GET"]}}],"collection":[{"href":"https:\/\/topol.org.pl\/index.php?rest_route=\/wp\/v2\/pages"}],"about":[{"href":"https:\/\/topol.org.pl\/index.php?rest_route=\/wp\/v2\/types\/page"}],"author":[{"embeddable":true,"href":"https:\/\/topol.org.pl\/index.php?rest_route=\/wp\/v2\/users\/1"}],"replies":[{"embeddable":true,"href":"https:\/\/topol.org.pl\/index.php?rest_route=%2Fwp%2Fv2%2Fcomments&post=4123"}],"version-history":[{"count":10,"href":"https:\/\/topol.org.pl\/index.php?rest_route=\/wp\/v2\/pages\/4123\/revisions"}],"predecessor-version":[{"id":6392,"href":"https:\/\/topol.org.pl\/index.php?rest_route=\/wp\/v2\/pages\/4123\/revisions\/6392"}],"wp:attachment":[{"href":"https:\/\/topol.org.pl\/index.php?rest_route=%2Fwp%2Fv2%2Fmedia&parent=4123"}],"curies":[{"name":"wp","href":"https:\/\/api.w.org\/{rel}","templated":true}]}}