{"id":4127,"date":"2024-06-18T17:47:04","date_gmt":"2024-06-18T15:47:04","guid":{"rendered":"https:\/\/topol.org.pl\/?page_id=4127"},"modified":"2026-01-09T10:45:34","modified_gmt":"2026-01-09T09:45:34","slug":"socjalistyczne-reformy-nowego-ladu","status":"publish","type":"page","link":"https:\/\/topol.org.pl\/?page_id=4127","title":{"rendered":"\u201eSocjalistyczne\u201d reformy Nowego \u0141adu"},"content":{"rendered":"\n<p><a href=\"https:\/\/historia.dorzeczy.pl\/historia-wspolczesna\/588402\/kontrkultura-zatruwa-amerykanow.html?utm_source=GAMAP&amp;utm_medium=rectangleMHist&amp;utm_campaign=rectangleMHist_0624_1\">\u201eSocjalistyczne\u201d<\/a> reformy Nowego \u0141adu<\/p>\n\n\n\n<p><strong><a href=\"https:\/\/pl.wikipedia.org\/wiki\/Kontrkultura\">Kontrkultura<\/a><\/strong>&nbsp;(z&nbsp;<a href=\"https:\/\/pl.wikipedia.org\/wiki\/%C5%81acina\">\u0142ac.<\/a>&nbsp;<em>contra<\/em>&nbsp;\u201eprzeciw\u201d +&nbsp;<a href=\"https:\/\/pl.wikipedia.org\/wiki\/Kultura\">kultura<\/a>) \u2013 okre\u015bla wzgl\u0119dnie sp\u00f3jn\u0105 grup\u0119 spo\u0142eczn\u0105, kt\u00f3ra wyra\u017ca sprzeciw zar\u00f3wno wobec zastanej kultury, jak i wobec tworzenia nowej.<\/p>\n\n\n\n<p><a href=\"https:\/\/pl.wikipedia.org\/wiki\/Szko%C5%82a_frankfurcka\">Szko\u0142a frankfurcka<\/a> &#8222;Historyczny i polityczny kontekst prac szko\u0142y prowadzi\u0142 zatem do zainteresowa\u0144 upadkiem&nbsp;<a href=\"https:\/\/pl.wikipedia.org\/wiki\/Socjalizm\">socjalizmu<\/a>&nbsp;i radykalizmu klasy robotniczej, kt\u00f3rego rodzajem sta\u0142a si\u0119 mo\u017cliwo\u015b\u0107 scentralizowanej kontroli ze strony rozrastaj\u0105cej si\u0119 \u201etotalitarnej\u201d w\u0142adzy nowoczesnego pa\u0144stwa kapitalistycznego&#8221;-<strong><a href=\"https:\/\/www.youtube.com\/watch?v=9kPoi5ukpKA\">interesariuszy<\/a>.<\/strong><\/p>\n\n\n\n<p><strong>Ze wzgl\u0119du na plany globalist\u00f3w, \u017ceby zosta\u0142y na \u015bwiecie tylko korporacje Moja Rzeczpospolita Polska wprowadza program.<br>Potrzebna oferta bytowa<\/strong><br>1. Bezwzgl\u0119dnie zachowanie got\u00f3wki jako \u015brodka p\u0142atniczego. Promujemy p\u0142atno\u015b\u0107 got\u00f3wk\u0105.<br>2. Przywr\u00f3cenie karty podatkowej<br>3.&nbsp;<a href=\"https:\/\/www.google.com\/search?client=firefox-b-d&amp;q=STAWIAMY+NA+RZEMIOS%C5%81O#ip=1\">Wdro\u017cenie ustawy Wilczka<\/a>&nbsp;z 1988 roku dla polskich ma\u0142ych firm do 250 os\u00f3b (zatrudnionych).<br>4. ESG dobrowolne dla firm Polskich nie wprowadzaj\u0105cych \u0142adu korporacyjnego.<br>5. Chorobowe od pierwszego dnia na zwolnieniu dla przedsi\u0119biorc\u00f3w.<br>6. Ma\u0142y ZUS na sta\u0142e dla prowadz\u0105cych dzia\u0142alno\u015b\u0107 gospodarcz\u0105(JE\u015aLI CHC\u0104) i dla pracownik\u00f3w(JE\u015aLI CHC\u0104) zatrudnionych w polskich ma\u0142ych firmach do 250 os\u00f3b<br>7. Kwota wolna dla wszystkich 30000 z\u0142+ inflacja(chc\u0119 zap\u0142aci\u0107 podatek powy\u017cej) skala jedna dla wszystkich bez \u017cadnych prog\u00f3w podatkowych.<br>8. Dla rodziny zwolnienie z podatku do 9600 z\u0142 rocznie na jedno dziecko. Przy braku dochod\u00f3w 800 z\u0142 miesi\u0119cznie lub wyr\u00f3wnanie do 800 z\u0142. Pomoc dla maksymalnie 2 dzieci.<br>9. Darmowe leki dla m\u0142odzie\u017cy, emeryt\u00f3w, rencist\u00f3w i ubogich. Najni\u017csza emerytura lub renta r\u00f3wna najni\u017cszej pensji krajowej netto.<\/p>\n\n\n\n<p>10. Jednolity system podatkowy dla wszystkich: karta podatkowa lub podatek dochodowy bez prog\u00f3w podatkowych w wysoko\u015bci 12%<\/p>\n\n\n\n<p>11. Firma przechodzi na VAT przy przychodach wi\u0119kszych od 100 krotnej \u015bredniej krajowej. Albo dobrowolnie.<br>12. Ka\u017cda firma mo\u017ce prowadzi\u0107 handel ka\u017cdym asortymentem r\u00f3wnie\u017c w Internecie bez wzgl\u0119du czy jest zwolniona z VAT czy nie.<br>13. Wszyscy bez wzgl\u0119du na wykonywany zaw\u00f3d przechodz\u0105 na emerytur\u0119 kobiety 60 lat m\u0119\u017cczy\u017ani 65 lat.<br>14. Rolnicy do 50 hektar\u00f3w p\u0142ac\u0105 ma\u0142y ZUS zwany KRUS.<br>15. Markety spo\u017cywcze s\u0105 zobowi\u0105zane do zapewnienia dostaw towar\u00f3w od polskich producent\u00f3w \u017cywno\u015bci w 80 procentach ca\u0142ego wprowadzanego asortymentu. Polska p\u00f3\u0142ka jest niezb\u0119dna w ka\u017cdym sklepie wielkopowierzchniowym do eksponowania \u017cywno\u015bci z rynku lokalnego, w\u0119dlin, mi\u0119sa, drobiu, nabia\u0142u, owoc\u00f3w i warzyw. Czyli ka\u017cdy market jest s\u0142ug\u0105 rolnika jak si\u0119 nie podoba mo\u017cna zamkn\u0105\u0107 dzia\u0142alno\u015b\u0107.<\/p>\n\n\n\n<p>16. Producenci \u017cywno\u015bci s\u0105 zobowi\u0105zani do przerobu towaru od polskich dostawc\u00f3w z rynku krajowego w wysoko\u015bci 80% asortymentu produkcyjnego.<br>17. Dbamy o zalesienie i gospodark\u0119 wodn\u0105(powstrzymajmy latem koszenie trawy, w ten spos\u00f3b zatrzymujemy wilgo\u0107). Budujemy zapory hydrologiczne na rzekach wsz\u0119dzie gdzie to mo\u017cliwe. Zatrzymujemy wod\u0119 i uzyskujemy pr\u0105d z elektrowni wodnych. Budujemy elektrownie szczytowo-pompowe. Nie wchodzimy w atom ze wzgl\u0119du na brak uranu i brak wody. Kupujemy energi\u0119 z atomu na Ukrainie. Jeszcze raz, zatrzymujemy wod\u0119 zamiast wpuszcza\u0107 do Ba\u0142tyku.<br>18. Ignorujemy FIT FOR 55, ale ci co inwestuj\u0105 w elektryki musz\u0105 samodzielnie wytwarza\u0107 energi\u0119 elektryczn\u0105 do ich \u0142adowania na farmach fotowoltaiki. Samochody produkowane i sprowadzane musz\u0105 by\u0107 magazynem energii dla ca\u0142ego domu pod\u0142\u0105czonym w czasie postoju do systemu energetycznego.<\/p>\n\n\n\n<p>19. Zostajemy w UNII, ale nie korzystamy z dop\u0142at i nie polegamy na ich prawie, szczeg\u00f3lnie nie zgadzamy si\u0119 na wsp\u00f3ln\u0105 walut\u0119, wsp\u00f3lne si\u0142y zbrojne i na traktat pandemiczny. Zachowujemy ca\u0142kowicie suwerenno\u015b\u0107. Nie ma zgody na federalizacj\u0119 Europy i zad\u0142u\u017canie z KPO.<\/p>\n\n\n\n<p>20. Z uwagi na edukacj\u0119 w\u0142\u0105czaj\u0105c\u0105 nadzorujemy co si\u0119 dzieje w systemie o\u015bwiaty. Przechodzimy do poprzedniego systemu nauczania.<br>21. Nie wyp\u0142acamy w firmach pa\u0144stwowych pensji za \u201erobot\u0119\u201d z kredytu zaci\u0105gni\u0119tego na ca\u0142e spo\u0142ecze\u0144stwo, bo to kredyt inwestycyjny.<br>22. Najni\u017csza emerytura i renta to r\u00f3wnowarto\u015b\u0107 najni\u017cszej pensji krajowej netto.<br>23. Zakaz za\u015bmiecania przywo\u017conymi \u015bmieciami z zagranicy przez \u201ebiznesmen\u00f3w\u201d. Zakaz zat\u0142aczania gaz\u00f3w, spalin pod ziemi\u0119 zgadnie z podpisan\u0105 ustaw\u0105 przez Prezydenta Polski. Niepokoj\u0105ce s\u0105 ustawy ograniczaj\u0105ce prawa ludzi w Polsce, trzeba si\u0119 temu przyjrze\u0107*. <a href=\"https:\/\/topol.org.pl\/?page_id=47\">\u0179r\u00f3d\u0142o: Fragment<\/a><\/p>\n\n\n\n<p><strong>Punkt 6. i 22. traktuj\u0119 jako inwestycj\u0119, kt\u00f3r\u0105 sp\u0142acimy z podatk\u00f3w w momencie przej\u015bcia na emerytur\u0119 w\u0142a\u015bcicieli ma\u0142ych firm i ich pracownik\u00f3w. Mo\u017ce uda si\u0119 powalczy\u0107 z korporacjami i globalizmem.<\/strong><\/p>\n\n\n\n<p>Po wys\u0142uchaniu <a href=\"https:\/\/www.youtube.com\/watch?v=9kPoi5ukpKA\">Javier Milei<\/a> widz\u0119, \u017ce <strong>interesariusze<\/strong> chc\u0105 przenie\u015b\u0107 biznes do Argentyny a nas doprowadzi\u0107 do ruiny. My swoj\u0105 ziemi\u0119 mamy tu w Polsce.<\/p>\n\n\n\n<p>Verte ><a href=\"https:\/\/topol.org.pl\/?page_id=6187\">Fundacja Narodowe Si\u0142y Samoobrony \u201eGrot\u201d<\/a><\/p>\n","protected":false},"excerpt":{"rendered":"<p>\u201eSocjalistyczne\u201d reformy Nowego \u0141adu Kontrkultura&nbsp;(z&nbsp;\u0142ac.&nbsp;contra&nbsp;\u201eprzeciw\u201d +&nbsp;kultura) \u2013 okre\u015bla wzgl\u0119dnie sp\u00f3jn\u0105 grup\u0119 spo\u0142eczn\u0105, kt\u00f3ra wyra\u017ca sprzeciw zar\u00f3wno wobec zastanej kultury, jak i wobec tworzenia nowej. Szko\u0142a frankfurcka &#8222;Historyczny i polityczny kontekst prac szko\u0142y prowadzi\u0142 zatem do zainteresowa\u0144 upadkiem&nbsp;socjalizmu&nbsp;i radykalizmu klasy robotniczej, kt\u00f3rego rodzajem sta\u0142a si\u0119 mo\u017cliwo\u015b\u0107 scentralizowanej kontroli ze strony rozrastaj\u0105cej si\u0119 \u201etotalitarnej\u201d w\u0142adzy nowoczesnego pa\u0144stwa [&hellip;]<\/p>\n","protected":false},"author":1,"featured_media":0,"parent":0,"menu_order":137,"comment_status":"closed","ping_status":"closed","template":"","meta":{"footnotes":""},"class_list":["post-4127","page","type-page","status-publish","hentry"],"_links":{"self":[{"href":"https:\/\/topol.org.pl\/index.php?rest_route=\/wp\/v2\/pages\/4127","targetHints":{"allow":["GET"]}}],"collection":[{"href":"https:\/\/topol.org.pl\/index.php?rest_route=\/wp\/v2\/pages"}],"about":[{"href":"https:\/\/topol.org.pl\/index.php?rest_route=\/wp\/v2\/types\/page"}],"author":[{"embeddable":true,"href":"https:\/\/topol.org.pl\/index.php?rest_route=\/wp\/v2\/users\/1"}],"replies":[{"embeddable":true,"href":"https:\/\/topol.org.pl\/index.php?rest_route=%2Fwp%2Fv2%2Fcomments&post=4127"}],"version-history":[{"count":16,"href":"https:\/\/topol.org.pl\/index.php?rest_route=\/wp\/v2\/pages\/4127\/revisions"}],"predecessor-version":[{"id":6390,"href":"https:\/\/topol.org.pl\/index.php?rest_route=\/wp\/v2\/pages\/4127\/revisions\/6390"}],"wp:attachment":[{"href":"https:\/\/topol.org.pl\/index.php?rest_route=%2Fwp%2Fv2%2Fmedia&parent=4127"}],"curies":[{"name":"wp","href":"https:\/\/api.w.org\/{rel}","templated":true}]}}