{"id":4164,"date":"2024-06-21T07:41:31","date_gmt":"2024-06-21T05:41:31","guid":{"rendered":"https:\/\/topol.org.pl\/?page_id=4164"},"modified":"2026-01-09T10:45:02","modified_gmt":"2026-01-09T09:45:02","slug":"polska-jest-neutralna","status":"publish","type":"page","link":"https:\/\/topol.org.pl\/?page_id=4164","title":{"rendered":"Polska jest neutralna"},"content":{"rendered":"\n<p>21.06.2024 7.41 <a href=\"https:\/\/dorzeczy.pl\/opinie\/601143\/wereszczuk-bez-sojuszu-z-polska-nie-wygramy-wojny-z-rosja.html\">Nie mieszamy si\u0119 do konfliktu zbrojnego mi\u0119dzy Rosj\u0105 i Ukrain\u0105<\/a>.<\/p>\n\n\n\n<p><strong>Z NATO zachowujemy przymierze ale prosimy o wycofanie obcych wojsk za Odr\u0119. Jeste\u015bmy neutralni(pas neutralny, obszar kt\u00f3rego nie obejmuj\u0105 dzia\u0142ania wojenne) i bronimy si\u0119 sami, traktat trzeba ratyfikowa\u0107.<\/strong> <\/p>\n\n\n\n<p>\u0179r\u00f3d\u0142o: <a href=\"https:\/\/topol.org.pl\/?page_id=47\">Fragment<\/a><\/p>\n\n\n\n<p>24.06.2024 7.51 Dlaczego na naszym terytorium dzia\u0142aj\u0105 opozycjoni\u015bci z Bia\u0142orusi i Rosji rozbijaj\u0105cy suwerenne pa\u0144stwa. Organizatorzy legion\u00f3w demoluj\u0105cych s\u0105siednie pa\u0144stwa. Odcinam si\u0119 od tej polityki. Uczestniczy\u0142 w spotkaniu <a href=\"https:\/\/www.rp.pl\/polityka\/art40688091-zjazd-rosjan-w-warszawie-pisza-plan-obalenia-putina-kim-sa-i-kto-ich-wspiera\">&#8222;w\u0142asowc\u00f3w&#8221;<\/a> senator RP.<\/p>\n\n\n\n<p>06.07.2024 21.36 Sekretarz stanu w Ministerstwie Spraw Zagranicznych <a href=\"https:\/\/pl.wikipedia.org\/wiki\/W%C5%82adys%C5%82aw_Teofil_Bartoszewski\">W\u0142adys\u0142aw Teofil Bartoszewski<\/a> jest w b\u0142\u0119dzie. Prezydentem Bia\u0142orusi jest <a href=\"https:\/\/pl.wikipedia.org\/wiki\/Alaksandr_%C5%81ukaszenka\">Alaksandr Ryhorawicz \u0141ukaszenka<\/a>. Czy spe\u0142nia pan warunki reprezentowania Polski ? Czy dzia\u0142a pan na korzy\u015b\u0107 Polski ? Jestem zaniepokojony pana wypowiedzi\u0105 na komisji sejmowej. \u0179r\u00f3d\u0142o: <a href=\"https:\/\/www.youtube.com\/watch?v=Y2w-wqVod8c\">SejmRP 6.07.2024<\/a><\/p>\n\n\n\n<p>07.10.2024 15.47 <a href=\"https:\/\/dorzeczy.pl\/opinie\/641119\/niemcy-czuja-mdlosci-lukaszenka-znow-atakuje-polske.html\">Wypowiedz jest wyrwana z kontekstu<\/a>, nie mo\u017cna ocenia\u0107, nie wiem o co chodzi. Jestem za normalizacj\u0105 wsp\u00f3\u0142pracy mi\u0119dzy narodem Bia\u0142orusi i Polski. Opozycja nie powinna nas interesowa\u0107. Nie chcemy by\u0107 wci\u0105gani, nie nasza sprawa.<\/p>\n\n\n\n<p>07.10.2024 18.31 <strong><a href=\"https:\/\/topol.org.pl\/?page_id=4676\">Ka\u017cdy z tych narod\u00f3w: Polski, Bia\u0142oruski, Ukrai\u0144ski i Litewski chce mie\u0107 swoje pa\u0144stwo narodowe.<\/a><\/strong> <strong>Mit Jagiello\u0144ski jest obcy dla tych narod\u00f3w i wrogi.<\/strong><\/p>\n\n\n\n<p>Verte &gt;<a href=\"https:\/\/topol.org.pl\/?page_id=6187\">Fundacja Narodowe Si\u0142y Samoobrony \u201eGrot\u201d<\/a><\/p>\n\n\n\n<p><\/p>\n","protected":false},"excerpt":{"rendered":"<p>21.06.2024 7.41 Nie mieszamy si\u0119 do konfliktu zbrojnego mi\u0119dzy Rosj\u0105 i Ukrain\u0105. Z NATO zachowujemy przymierze ale prosimy o wycofanie obcych wojsk za Odr\u0119. Jeste\u015bmy neutralni(pas neutralny, obszar kt\u00f3rego nie obejmuj\u0105 dzia\u0142ania wojenne) i bronimy si\u0119 sami, traktat trzeba ratyfikowa\u0107. \u0179r\u00f3d\u0142o: Fragment 24.06.2024 7.51 Dlaczego na naszym terytorium dzia\u0142aj\u0105 opozycjoni\u015bci z Bia\u0142orusi i Rosji rozbijaj\u0105cy [&hellip;]<\/p>\n","protected":false},"author":1,"featured_media":0,"parent":0,"menu_order":135,"comment_status":"closed","ping_status":"closed","template":"","meta":{"footnotes":""},"class_list":["post-4164","page","type-page","status-publish","hentry"],"_links":{"self":[{"href":"https:\/\/topol.org.pl\/index.php?rest_route=\/wp\/v2\/pages\/4164","targetHints":{"allow":["GET"]}}],"collection":[{"href":"https:\/\/topol.org.pl\/index.php?rest_route=\/wp\/v2\/pages"}],"about":[{"href":"https:\/\/topol.org.pl\/index.php?rest_route=\/wp\/v2\/types\/page"}],"author":[{"embeddable":true,"href":"https:\/\/topol.org.pl\/index.php?rest_route=\/wp\/v2\/users\/1"}],"replies":[{"embeddable":true,"href":"https:\/\/topol.org.pl\/index.php?rest_route=%2Fwp%2Fv2%2Fcomments&post=4164"}],"version-history":[{"count":20,"href":"https:\/\/topol.org.pl\/index.php?rest_route=\/wp\/v2\/pages\/4164\/revisions"}],"predecessor-version":[{"id":6529,"href":"https:\/\/topol.org.pl\/index.php?rest_route=\/wp\/v2\/pages\/4164\/revisions\/6529"}],"wp:attachment":[{"href":"https:\/\/topol.org.pl\/index.php?rest_route=%2Fwp%2Fv2%2Fmedia&parent=4164"}],"curies":[{"name":"wp","href":"https:\/\/api.w.org\/{rel}","templated":true}]}}