{"id":4246,"date":"2024-06-24T21:07:53","date_gmt":"2024-06-24T19:07:53","guid":{"rendered":"https:\/\/topol.org.pl\/?page_id=4246"},"modified":"2026-01-09T10:45:41","modified_gmt":"2026-01-09T09:45:41","slug":"przewoznicy","status":"publish","type":"page","link":"https:\/\/topol.org.pl\/?page_id=4246","title":{"rendered":"Przewo\u017anicy"},"content":{"rendered":"\n<p>24.06.2024 21.12 <a href=\"https:\/\/www.youtube.com\/watch?v=IbZjSlH3HsQ\">POT\u0118\u017bNA BLOKADA NAJWA\u017bNIEJSZYCH DR\u00d3G W POLSCE!<\/a><\/p>\n\n\n\n<p><a href=\"https:\/\/www.radiomaryja.pl\/informacje\/w-jaszczur-polski-transport-trzeba-reanimowac-natychmiast\/\">W. JASZCZUR: POLSKI TRANSPORT TRZEBA REANIMOWA\u0106 \u2013 NATYCHMIAST!<\/a><\/p>\n\n\n\n<p><a href=\"https:\/\/www.dziennikwschodni.pl\/biala-podlaska\/byli-liderami-w-ue-a-teraz-bankrutuja-kto-uratuje-przewoznikow,n,1000345210.html\">Skala bankructw przera\u017ca. Kto uratuje przewo\u017anik\u00f3w?<\/a><\/p>\n\n\n\n<p>6. Ma\u0142y ZUS na sta\u0142e dla prowadz\u0105cych dzia\u0142alno\u015b\u0107 gospodarcz\u0105(JE\u015aLI CHC\u0104) i dla pracownik\u00f3w(JE\u015aLI CHC\u0104) zatrudnionych w polskich ma\u0142ych firmach do 250 os\u00f3b. Okres op\u0142acania ni\u017cszej sk\u0142adki musi by\u0107 wliczany do sta\u017cu pracy.<\/p>\n\n\n\n<p>\u0179r\u00f3d\u0142o: <a href=\"https:\/\/topol.org.pl\/?page_id=47\">Fragment<\/a><\/p>\n\n\n\n<p>30.11.2024 6.50 <a href=\"https:\/\/www.rp.pl\/transport\/art41505531-fundusze-europejskie-stawiaja-na-transport-intermodalny\">Transport intermodalny<\/a> \u0179r\u00f3d\u0142o: (rp.pl)<\/p>\n\n\n\n<p><strong>Dla zr\u00f3wnowa\u017conego rozwoju to dobre rozwi\u0105zanie, ale dla ekonomii transportu drogowego? Karty flotowe <a href=\"https:\/\/flota.orlen.pl\/?gad_source=1&amp;gclid=CjwKCAiA6aW6BhBqEiwA6KzDc1Hjkr5KZ7fupOnucoxHEaeFHpDnr4Bs44ts0cvD8oop-PxESb3ucBoCXlQQAvD_BwE&amp;gclsrc=aw.ds\">ORLEN FLOTA<\/a>.<\/strong> <\/p>\n\n\n\n<p>30.11.2024 07.03 Karty flotowe <a href=\"https:\/\/www.rp.pl\/biznes\/art41500631-karty-flotowe-circle-k-napedzaja-biznes\">Circle K<\/a> nap\u0119dzaj\u0105 biznes \u0179r\u00f3d\u0142o: (rp.pl)<\/p>\n\n\n\n<p>Verte &gt;<a href=\"https:\/\/topol.org.pl\/?page_id=6187\">Fundacja Narodowe Si\u0142y Samoobrony \u201eGrot\u201d<\/a><\/p>\n\n\n\n<p><\/p>\n","protected":false},"excerpt":{"rendered":"<p>24.06.2024 21.12 POT\u0118\u017bNA BLOKADA NAJWA\u017bNIEJSZYCH DR\u00d3G W POLSCE! W. JASZCZUR: POLSKI TRANSPORT TRZEBA REANIMOWA\u0106 \u2013 NATYCHMIAST! Skala bankructw przera\u017ca. Kto uratuje przewo\u017anik\u00f3w? 6. Ma\u0142y ZUS na sta\u0142e dla prowadz\u0105cych dzia\u0142alno\u015b\u0107 gospodarcz\u0105(JE\u015aLI CHC\u0104) i dla pracownik\u00f3w(JE\u015aLI CHC\u0104) zatrudnionych w polskich ma\u0142ych firmach do 250 os\u00f3b. Okres op\u0142acania ni\u017cszej sk\u0142adki musi by\u0107 wliczany do sta\u017cu pracy. \u0179r\u00f3d\u0142o: [&hellip;]<\/p>\n","protected":false},"author":1,"featured_media":0,"parent":0,"menu_order":138,"comment_status":"closed","ping_status":"closed","template":"","meta":{"footnotes":""},"class_list":["post-4246","page","type-page","status-publish","hentry"],"_links":{"self":[{"href":"https:\/\/topol.org.pl\/index.php?rest_route=\/wp\/v2\/pages\/4246","targetHints":{"allow":["GET"]}}],"collection":[{"href":"https:\/\/topol.org.pl\/index.php?rest_route=\/wp\/v2\/pages"}],"about":[{"href":"https:\/\/topol.org.pl\/index.php?rest_route=\/wp\/v2\/types\/page"}],"author":[{"embeddable":true,"href":"https:\/\/topol.org.pl\/index.php?rest_route=\/wp\/v2\/users\/1"}],"replies":[{"embeddable":true,"href":"https:\/\/topol.org.pl\/index.php?rest_route=%2Fwp%2Fv2%2Fcomments&post=4246"}],"version-history":[{"count":28,"href":"https:\/\/topol.org.pl\/index.php?rest_route=\/wp\/v2\/pages\/4246\/revisions"}],"predecessor-version":[{"id":7462,"href":"https:\/\/topol.org.pl\/index.php?rest_route=\/wp\/v2\/pages\/4246\/revisions\/7462"}],"wp:attachment":[{"href":"https:\/\/topol.org.pl\/index.php?rest_route=%2Fwp%2Fv2%2Fmedia&parent=4246"}],"curies":[{"name":"wp","href":"https:\/\/api.w.org\/{rel}","templated":true}]}}