{"id":4321,"date":"2024-06-28T14:21:01","date_gmt":"2024-06-28T12:21:01","guid":{"rendered":"https:\/\/topol.org.pl\/?page_id=4321"},"modified":"2026-01-09T10:45:52","modified_gmt":"2026-01-09T09:45:52","slug":"wielki-protest-rolnikow-gornikow-i-hutnikow","status":"publish","type":"page","link":"https:\/\/topol.org.pl\/?page_id=4321","title":{"rendered":"Wielki protest Rolnik\u00f3w, G\u00f3rnik\u00f3w i Hutnik\u00f3w!\u00a0"},"content":{"rendered":"\n<p>28.06.2024 14.20 <a href=\"https:\/\/www.youtube.com\/watch?v=JzG6dyNAix0\">Wielki protest Rolnik\u00f3w, G\u00f3rnik\u00f3w i Hutnik\u00f3w!<\/a>&nbsp;<\/p>\n\n\n\n<p>&#8222;Mamy dobre r\u0119ce do roboty. Bo Polak umie du\u017co i chce. Ale nam nie pozwalaj\u0105 na to&#8221;-powiedzia\u0142 g\u00f3rnik.<\/p>\n\n\n\n<p>Verte ><a href=\"https:\/\/topol.org.pl\/?page_id=6187\">Fundacja Narodowe Si\u0142y Samoobrony \u201eGrot\u201d<\/a><\/p>\n","protected":false},"excerpt":{"rendered":"<p>28.06.2024 14.20 Wielki protest Rolnik\u00f3w, G\u00f3rnik\u00f3w i Hutnik\u00f3w!&nbsp; &#8222;Mamy dobre r\u0119ce do roboty. Bo Polak umie du\u017co i chce. Ale nam nie pozwalaj\u0105 na to&#8221;-powiedzia\u0142 g\u00f3rnik. Verte >Fundacja Narodowe Si\u0142y Samoobrony \u201eGrot\u201d<\/p>\n","protected":false},"author":1,"featured_media":0,"parent":0,"menu_order":144,"comment_status":"closed","ping_status":"closed","template":"","meta":{"footnotes":""},"class_list":["post-4321","page","type-page","status-publish","hentry"],"_links":{"self":[{"href":"https:\/\/topol.org.pl\/index.php?rest_route=\/wp\/v2\/pages\/4321","targetHints":{"allow":["GET"]}}],"collection":[{"href":"https:\/\/topol.org.pl\/index.php?rest_route=\/wp\/v2\/pages"}],"about":[{"href":"https:\/\/topol.org.pl\/index.php?rest_route=\/wp\/v2\/types\/page"}],"author":[{"embeddable":true,"href":"https:\/\/topol.org.pl\/index.php?rest_route=\/wp\/v2\/users\/1"}],"replies":[{"embeddable":true,"href":"https:\/\/topol.org.pl\/index.php?rest_route=%2Fwp%2Fv2%2Fcomments&post=4321"}],"version-history":[{"count":4,"href":"https:\/\/topol.org.pl\/index.php?rest_route=\/wp\/v2\/pages\/4321\/revisions"}],"predecessor-version":[{"id":6394,"href":"https:\/\/topol.org.pl\/index.php?rest_route=\/wp\/v2\/pages\/4321\/revisions\/6394"}],"wp:attachment":[{"href":"https:\/\/topol.org.pl\/index.php?rest_route=%2Fwp%2Fv2%2Fmedia&parent=4321"}],"curies":[{"name":"wp","href":"https:\/\/api.w.org\/{rel}","templated":true}]}}