{"id":4330,"date":"2024-06-28T16:04:24","date_gmt":"2024-06-28T14:04:24","guid":{"rendered":"https:\/\/topol.org.pl\/?page_id=4330"},"modified":"2026-01-09T10:46:44","modified_gmt":"2026-01-09T09:46:44","slug":"jednomandatowe-okregi-wyborcze","status":"publish","type":"page","link":"https:\/\/topol.org.pl\/?page_id=4330","title":{"rendered":"Jednomandatowe\u00a0Okr\u0119gi\u00a0Wyborcze"},"content":{"rendered":"\n<p><a href=\"https:\/\/youtu.be\/WS8ncV5h2Rc\">Jednomandatowe&nbsp;Okr\u0119gi&nbsp;Wyborcze<\/a><\/p>\n\n\n\n<p><a href=\"https:\/\/pl.wikipedia.org\/wiki\/Ruch_Obywatelski_na_rzecz_Jednomandatowych_Okr%C4%99g%C3%B3w_Wyborczych\">Ruch Obywatelski na rzecz Jednomandatowych Okr\u0119g\u00f3w Wyborczych<\/a><\/p>\n\n\n\n<p>W ca\u0142ej Polsce wybrali\u015bmy w 2024 roku1548 w\u00f3jt\u00f3w, 822 burmistrz\u00f3w i 107 prezydent\u00f3w miast w wyborach samorz\u0105dowych. To s\u0105 jednomandatowe okr\u0119gi wyborcze, <strong>2477 wybranych os\u00f3b<\/strong>.<\/p>\n\n\n\n<p>107 prezydent\u00f3w miast w wyborach samorz\u0105dowych to <strong>Senat<\/strong>.<\/p>\n\n\n\n<p>Ustawy powinny by\u0107 tworzone na szczeblu samorz\u0105dowym. To b\u0119dzie <strong>Sejm Wielki<\/strong>, 2477 wybranych os\u00f3b. Nie mieliby\u015bmy tylu niepotrzebnych ustaw. Przy takim gremium, nie b\u0119dziemy procedowali niepotrzebnie. Nie zlikwidujemy sobie rolnictwa, nie zlikwidujemy wielu rzeczy, kt\u00f3re s\u0105 niezb\u0119dne. Oczywi\u015bcie ustawy b\u0119d\u0105 tworzone w ramach pe\u0142nionych urz\u0119d\u00f3w. Zaoszcz\u0119dzimy na zb\u0119dnej biurokracji. <strong>Panie Prezydencie<\/strong> prosz\u0119 rozwi\u0105za\u0107 <strong>Parlament<\/strong>.<\/p>\n\n\n\n<p>W Sejmie b\u0119dzie obradowa\u0142 tylko Senat. Parlamentarzy\u015bci zdalnie. A <strong>Prezydent<\/strong> po zbadaniu przez <strong>Trybuna\u0142 Konstytucyjny<\/strong> zgodno\u015bci ustawy z <strong>Konstytucj\u0105<\/strong>, zatwierdzi ustaw\u0119 lub odrzuci. Wyjd\u017amy z Unii. Jak to zrobi\u0107 napisa\u0142em \u0179r\u00f3d\u0142o: <a href=\"https:\/\/topol.org.pl\/?page_id=47\">Fragment<\/a><\/p>\n\n\n\n<p><strong>Sejm Wielki wyznaczam na 01.09.2024 w Warszawie.<\/strong> <\/p>\n\n\n\n<p><a href=\"https:\/\/www.google.com\/search?sca_esv=fc4f2234c09febda&amp;q=Lista+pos%C5%82%C3%B3w+Sejmu+Wielkiego&amp;sa=X&amp;ved=2ahUKEwjTltaA-P6GAxU1IhAIHcQwB38Q1QJ6BAg7EAE&amp;biw=1536&amp;bih=738&amp;dpr=1.25\">Kto stworzy\u0142 sejm?<\/a><\/p>\n\n\n\n<p>Historycznie udokumentowany Sejm wyznaczy\u0142&nbsp;<strong>W\u0142adys\u0142aw I \u0141okietek<\/strong>&nbsp;na 26 maja 1331 w Ch\u0119cinach.<\/p>\n\n\n\n<p>Kto wchodzi\u0142 w sk\u0142ad Sejmu w XVI wieku?<\/p>\n\n\n\n<p>Mo\u017cna go by\u0142o zwo\u0142ywa\u0107 w razie nag\u0142ej potrzeby, obradowa\u0142 przez dwa lub trzy tygodnie. Parlament sk\u0142ada\u0142 si\u0119 z trzech stan\u00f3w:&nbsp;<strong>kr\u00f3la, senatu i pos\u0142\u00f3w oraz z dw\u00f3ch izb<\/strong>. Wy\u017csz\u0105 izb\u0119 tworzyli senatorowie, mianowani do\u017cywotnio przez monarch\u0119, a ni\u017csz\u0105 pos\u0142owie szlacheccy, wybierani na sejmikach przedsejmowych.<\/p>\n\n\n\n<p><a href=\"https:\/\/pl.wikipedia.org\/wiki\/Lista_sejm%C3%B3w_Rzeczypospolitej_Obojga_Narod%C3%B3w\">Historia Sejmu na przestrzeni dziej\u00f3w Polski.<\/a><\/p>\n\n\n\n<p>Verte ><a href=\"https:\/\/topol.org.pl\/?page_id=6187\">Fundacja Narodowe Si\u0142y Samoobrony \u201eGrot\u201d<\/a><\/p>\n\n\n\n<p><\/p>\n","protected":false},"excerpt":{"rendered":"<p>Jednomandatowe&nbsp;Okr\u0119gi&nbsp;Wyborcze Ruch Obywatelski na rzecz Jednomandatowych Okr\u0119g\u00f3w Wyborczych W ca\u0142ej Polsce wybrali\u015bmy w 2024 roku1548 w\u00f3jt\u00f3w, 822 burmistrz\u00f3w i 107 prezydent\u00f3w miast w wyborach samorz\u0105dowych. To s\u0105 jednomandatowe okr\u0119gi wyborcze, 2477 wybranych os\u00f3b. 107 prezydent\u00f3w miast w wyborach samorz\u0105dowych to Senat. Ustawy powinny by\u0107 tworzone na szczeblu samorz\u0105dowym. To b\u0119dzie Sejm Wielki, 2477 wybranych os\u00f3b. [&hellip;]<\/p>\n","protected":false},"author":1,"featured_media":0,"parent":0,"menu_order":149,"comment_status":"closed","ping_status":"closed","template":"","meta":{"footnotes":""},"class_list":["post-4330","page","type-page","status-publish","hentry"],"_links":{"self":[{"href":"https:\/\/topol.org.pl\/index.php?rest_route=\/wp\/v2\/pages\/4330","targetHints":{"allow":["GET"]}}],"collection":[{"href":"https:\/\/topol.org.pl\/index.php?rest_route=\/wp\/v2\/pages"}],"about":[{"href":"https:\/\/topol.org.pl\/index.php?rest_route=\/wp\/v2\/types\/page"}],"author":[{"embeddable":true,"href":"https:\/\/topol.org.pl\/index.php?rest_route=\/wp\/v2\/users\/1"}],"replies":[{"embeddable":true,"href":"https:\/\/topol.org.pl\/index.php?rest_route=%2Fwp%2Fv2%2Fcomments&post=4330"}],"version-history":[{"count":16,"href":"https:\/\/topol.org.pl\/index.php?rest_route=\/wp\/v2\/pages\/4330\/revisions"}],"predecessor-version":[{"id":6208,"href":"https:\/\/topol.org.pl\/index.php?rest_route=\/wp\/v2\/pages\/4330\/revisions\/6208"}],"wp:attachment":[{"href":"https:\/\/topol.org.pl\/index.php?rest_route=%2Fwp%2Fv2%2Fmedia&parent=4330"}],"curies":[{"name":"wp","href":"https:\/\/api.w.org\/{rel}","templated":true}]}}