{"id":4375,"date":"2024-06-29T19:21:58","date_gmt":"2024-06-29T17:21:58","guid":{"rendered":"https:\/\/topol.org.pl\/?page_id=4375"},"modified":"2026-01-09T10:46:49","modified_gmt":"2026-01-09T09:46:49","slug":"panie-prezydencie-prosze-rozwiazac-parlament","status":"publish","type":"page","link":"https:\/\/topol.org.pl\/?page_id=4375","title":{"rendered":"Panie Prezydencie prosz\u0119 rozwi\u0105za\u0107 Parlament."},"content":{"rendered":"\n<p>29.06.2024 19.23 <strong>Panie Prezydencie<\/strong> prosz\u0119 rozwi\u0105za\u0107 <strong>Parlament<\/strong>.<\/p>\n\n\n\n<p>30.06.2024 12.01 Z powodu, strajku <a href=\"https:\/\/topol.org.pl\/?page_id=4321\">rolnik\u00f3w, g\u00f3rnik\u00f3w, hutnik\u00f3w<\/a>, <a href=\"https:\/\/topol.org.pl\/?page_id=4246\">przewo\u017anik\u00f3w<\/a>, <a href=\"https:\/\/topol.org.pl\/?page_id=3780\">upadeku najwi\u0119kszych firm w Polsce i upadeku dzia\u0142alno\u015bci gospodarczej<\/a>, <a href=\"https:\/\/topol.org.pl\/?page_id=3752\">kryzysu na granicy wschodniej i zachodniej<\/a>, <a href=\"https:\/\/topol.org.pl\/?page_id=4127\">globalizacji<\/a> <a href=\"https:\/\/topol.org.pl\/?page_id=4330\">prosz\u0119 rozwi\u0105za\u0107 parlament<\/a>. Sejm Wielki zwyczajny wyznaczam na 01.09.2024 w Warszawie. Powo\u0142amy rz\u0105d fachowc\u00f3w, <a href=\"https:\/\/topol.org.pl\/?page_id=179\">Rad\u0119 Stanu<\/a>.<\/p>\n\n\n\n<p>11.07.2024 07.19 <\/p>\n\n\n\n<p><strong><a href=\"https:\/\/topol.org.pl\/?page_id=4540\">\u017beby nie wej\u015b\u0107 do wojny musimy walczy\u0107 z ca\u0142ym sojuszem obronnym NATO<\/a><\/strong>.&nbsp;<strong>Do zdrady do\u0142\u0105czy\u0142 premier, prezydent i&nbsp;<a href=\"https:\/\/www.youtube.com\/watch?v=5aGh99ACoVI\">marsza\u0142ek<\/a>*.<\/strong>&nbsp;<strong>Umowa jest niewa\u017cna.<\/strong><\/p>\n\n\n\n<p>Zdrad\u0119 odbieram jako&nbsp;<a href=\"https:\/\/pl.wikipedia.org\/wiki\/Prerogatywa\">zrzeczenie si\u0119 z urz\u0119du Prezydenta Rzeczypospolitej<\/a>, Marsza\u0142ka i Premiera. W takim wypadku jego obowi\u0105zki przejmie&nbsp;<strong>Wicemarsza\u0142ek<\/strong>.<\/p>\n\n\n\n<p>30) zrzeczenia si\u0119 urz\u0119du Prezydenta Rzeczypospolitej.<\/p>\n\n\n\n<p>Art. 144 Konstytucji (\u017ar\u00f3d\u0142o: www.sejm.gov.pl)<\/p>\n\n\n\n<p>01.09.2024 21.04 <a href=\"https:\/\/www.google.com\/search?q=W%C5%81ADZA+USTAWODAWCZA+S%C4%84DOWNICZA+I+WYKONAWCZA&amp;oq=W%C5%81ADZA+USTAWODAWCZA+S%C4%84DOWNICZA+I+WYKONAWCZA&amp;gs_lcrp=EgZjaHJvbWUyBggAEEUYOdIBCjIyNzYzajBqMTWoAgiwAgE&amp;sourceid=chrome&amp;ie=UTF-8\">Ustr\u00f3j Rzeczypospolitej Polskiej<\/a> opiera si\u0119 na podziale i r\u00f3wnowadze w\u0142adzy ustawodawczej, w\u0142adzy wykonawczej i w\u0142adzy s\u0105downiczej.&nbsp;W\u0142adz\u0119 ustawodawcz\u0105 sprawuj\u0105 Sejm i Senat, w\u0142adz\u0119 wykonawcz\u0105 Prezydent Rzeczypospolitej Polskiej i Rada Ministr\u00f3w, a w\u0142adz\u0119 s\u0105downicz\u0105 s\u0105dy i trybuna\u0142y.<\/p>\n\n\n\n<p><strong>Wszyscy siedzicie w parlamencie, <a href=\"https:\/\/www.google.com\/search?sca_esv=1a19a9bccf6da8da&amp;q=Tr%C3%B3jpodzia%C5%82+w%C5%82adzy+w+Polsce+schemat&amp;sa=X&amp;ved=2ahUKEwjm-6DSt6KIAxW0BdsEHca-H28Q1QJ6BAhJEAE&amp;biw=1536&amp;bih=703&amp;dpr=1.25\">jaki to tr\u00f3jpodzia\u0142 w\u0142adzy<\/a> ?<\/strong><\/p>\n\n\n\n<p>Verte ><a href=\"https:\/\/topol.org.pl\/?page_id=6187\">Fundacja Narodowe Si\u0142y Samoobrony \u201eGrot\u201d<\/a><\/p>\n","protected":false},"excerpt":{"rendered":"<p>29.06.2024 19.23 Panie Prezydencie prosz\u0119 rozwi\u0105za\u0107 Parlament. 30.06.2024 12.01 Z powodu, strajku rolnik\u00f3w, g\u00f3rnik\u00f3w, hutnik\u00f3w, przewo\u017anik\u00f3w, upadeku najwi\u0119kszych firm w Polsce i upadeku dzia\u0142alno\u015bci gospodarczej, kryzysu na granicy wschodniej i zachodniej, globalizacji prosz\u0119 rozwi\u0105za\u0107 parlament. Sejm Wielki zwyczajny wyznaczam na 01.09.2024 w Warszawie. Powo\u0142amy rz\u0105d fachowc\u00f3w, Rad\u0119 Stanu. 11.07.2024 07.19 \u017beby nie wej\u015b\u0107 do wojny [&hellip;]<\/p>\n","protected":false},"author":1,"featured_media":0,"parent":0,"menu_order":150,"comment_status":"closed","ping_status":"closed","template":"","meta":{"footnotes":""},"class_list":["post-4375","page","type-page","status-publish","hentry"],"_links":{"self":[{"href":"https:\/\/topol.org.pl\/index.php?rest_route=\/wp\/v2\/pages\/4375","targetHints":{"allow":["GET"]}}],"collection":[{"href":"https:\/\/topol.org.pl\/index.php?rest_route=\/wp\/v2\/pages"}],"about":[{"href":"https:\/\/topol.org.pl\/index.php?rest_route=\/wp\/v2\/types\/page"}],"author":[{"embeddable":true,"href":"https:\/\/topol.org.pl\/index.php?rest_route=\/wp\/v2\/users\/1"}],"replies":[{"embeddable":true,"href":"https:\/\/topol.org.pl\/index.php?rest_route=%2Fwp%2Fv2%2Fcomments&post=4375"}],"version-history":[{"count":19,"href":"https:\/\/topol.org.pl\/index.php?rest_route=\/wp\/v2\/pages\/4375\/revisions"}],"predecessor-version":[{"id":6398,"href":"https:\/\/topol.org.pl\/index.php?rest_route=\/wp\/v2\/pages\/4375\/revisions\/6398"}],"wp:attachment":[{"href":"https:\/\/topol.org.pl\/index.php?rest_route=%2Fwp%2Fv2%2Fmedia&parent=4375"}],"curies":[{"name":"wp","href":"https:\/\/api.w.org\/{rel}","templated":true}]}}