{"id":4417,"date":"2024-07-01T17:00:47","date_gmt":"2024-07-01T15:00:47","guid":{"rendered":"https:\/\/topol.org.pl\/?page_id=4417"},"modified":"2026-01-09T09:01:49","modified_gmt":"2026-01-09T08:01:49","slug":"grot","status":"publish","type":"page","link":"https:\/\/topol.org.pl\/?page_id=4417","title":{"rendered":"\u00bbGrot\u00ab"},"content":{"rendered":"\n<p><a href=\"https:\/\/historia.dorzeczy.pl\/druga-wojna-swiatowa\/605340\/na-tropie-grota-kto-wydal-niemcom-generala-roweckiego.html\">\u00bbGrot\u00ab<\/a><\/p>\n\n\n\n<p>01.07.2024 17.00 <\/p>\n\n\n\n<p>S\u0142ysza\u0142em opowiadanie o mniej znanym bojowniku o Woln\u0105 Polsk\u0119. Wykona\u0142 wyrok na niemieckim oficerze, zastrzeli\u0142 niemieckiego okupanta na Krakowskim Przedmie\u015bciu. Uda\u0142o si\u0119 uciec. Niemcy \u015bcigali go przez dwa lata. Zosta\u0142 pojmany i zgin\u0105\u0142 w O\u015bwi\u0119cimiu*. By\u0142 Polakiem. <strong>Cze\u015b\u0107 Jego Pami\u0119ci !<\/strong><\/p>\n\n\n\n<p>*Auschwitz-Birkenau <a href=\"https:\/\/www.google.com\/search?q=Birkenau&amp;oq=Birkenau&amp;gs_lcrp=EgZjaHJvbWUyBggAEEUYOTIHCAEQABiPAtIBCDEyNjVqMGoxqAIAsAIB&amp;sourceid=chrome&amp;ie=UTF-8\">Konzentrationslager Auschwitz<\/a>, w szczeg\u00f3lno\u015bci KL Auschwitz I, KL Birkenau i KL Monowitz \u2013 zesp\u00f3\u0142 niemieckich nazistowskich oboz\u00f3w koncentracyjnych i obozu zag\u0142ady, dzia\u0142aj\u0105cy w latach 1940\u20131945 w O\u015bwi\u0119cimiu i pobliskich miejscowo\u015bciach<\/p>\n\n\n\n<p><a href=\"https:\/\/www.google.com\/search?sca_esv=7925cc17277ed36a&amp;q=auschwitz-birkenau+komendanci&amp;sa=X&amp;ved=2ahUKEwiloevqoYuHAxXuB9sEHaTaCpsQ6BMoAHoECEEQAg\">Komendanci<\/a>:&nbsp;<a href=\"https:\/\/www.google.com\/search?sca_esv=7925cc17277ed36a&amp;q=Rudolf+H%C3%B6%C3%9F&amp;stick=H4sIAAAAAAAAAONgVuLUz9U3MDKpMKtaxMoTVJqSn5Om4HF42-H5ADCWCPIcAAAA&amp;sa=X&amp;ved=2ahUKEwiloevqoYuHAxXuB9sEHaTaCpsQmxMoAXoECEEQAw\">Rudolf H\u00f6\u00df<\/a>;&nbsp;<a href=\"https:\/\/www.google.com\/search?sca_esv=7925cc17277ed36a&amp;q=Arthur+Liebehenschel&amp;stick=H4sIAAAAAAAAAONgVuLUz9U3MCkyK7NYxCriWFSSUVqk4JOZmpSakZpXnJyRmgMAkdyXNyQAAAA&amp;sa=X&amp;ved=2ahUKEwiloevqoYuHAxXuB9sEHaTaCpsQmxMoAnoECEEQBA\">Arthur Liebehenschel<\/a>;&nbsp;<a href=\"https:\/\/www.google.com\/search?sca_esv=7925cc17277ed36a&amp;q=Richard+Baer&amp;stick=H4sIAAAAAAAAAONgVuLUz9U3MMopL8xdxMoTlJmckViUouCUmFoEAKypHdkcAAAA&amp;sa=X&amp;ved=2ahUKEwiloevqoYuHAxXuB9sEHaTaCpsQmxMoA3oECEEQBQ\">Richard Baer<\/a><\/p>\n\n\n\n<p><a href=\"https:\/\/www.google.com\/search?sca_esv=7925cc17277ed36a&amp;q=auschwitz-birkenau+liczba+ofiar&amp;sa=X&amp;ved=2ahUKEwiloevqoYuHAxXuB9sEHaTaCpsQ6BMoAHoECEAQAg\">Liczba ofiar<\/a>:&nbsp;ponad 1 300 000<\/p>\n\n\n\n<p><a href=\"https:\/\/www.google.com\/search?sca_esv=7925cc17277ed36a&amp;q=auschwitz-birkenau+liczebno%C5%9B%C4%87+personelu&amp;sa=X&amp;ved=2ahUKEwiloevqoYuHAxXuB9sEHaTaCpsQ6BMoAHoECEUQAg\">Liczebno\u015b\u0107 personelu<\/a>:&nbsp;<a href=\"https:\/\/www.google.com\/search?sca_esv=7925cc17277ed36a&amp;q=7000+SS-man%C3%B3w&amp;stick=H4sIAAAAAAAAAONgVuLQz9U3MCvMzV7EymduYGCgEBysm5uYd3hzOQCFt6W6HQAAAA&amp;sa=X&amp;ved=2ahUKEwiloevqoYuHAxXuB9sEHaTaCpsQmxMoAXoECEUQAw\">7000 SS-man\u00f3w<\/a><\/p>\n\n\n\n<p><a href=\"https:\/\/www.google.com\/search?sca_esv=7925cc17277ed36a&amp;q=auschwitz-birkenau+miejsce&amp;sa=X&amp;ved=2ahUKEwiloevqoYuHAxXuB9sEHaTaCpsQ6BMoAHoECEcQAg\">Miejsce<\/a>:&nbsp;<a href=\"https:\/\/www.google.com\/search?sca_esv=7925cc17277ed36a&amp;q=O%C5%9Bwi%C4%99cim&amp;stick=H4sIAAAAAAAAAONgVuLUz9U3MDIsMCpYxMrlf3R2eeaRmcmZuQAk7hHXGgAAAA&amp;sa=X&amp;ved=2ahUKEwiloevqoYuHAxXuB9sEHaTaCpsQmxMoAXoECEcQAw\">O\u015bwi\u0119cim<\/a>&nbsp;(niem. Auschwitz);&nbsp;<a href=\"https:\/\/www.google.com\/search?sca_esv=7925cc17277ed36a&amp;q=Brzezinka&amp;stick=H4sIAAAAAAAAAONgVuLUz9U3MLPIzjBYxMrpVFSVWpWZl50IAJvsSKwZAAAA&amp;sa=X&amp;ved=2ahUKEwiloevqoYuHAxXuB9sEHaTaCpsQmxMoAnoECEcQBA\">Brzezinka<\/a>&nbsp;(niem. Birkenau);&nbsp;<a href=\"https:\/\/www.google.com\/search?sca_esv=7925cc17277ed36a&amp;q=Monowice&amp;stick=H4sIAAAAAAAAAONgVuLVT9c3NExKqsgxLDExXcTK4Zufl1-emZwKALYs284cAAAA&amp;sa=X&amp;ved=2ahUKEwiloevqoYuHAxXuB9sEHaTaCpsQmxMoA3oECEcQBQ\">Monowice<\/a>&nbsp;(niem.&nbsp;<a href=\"https:\/\/www.google.com\/search?sca_esv=7925cc17277ed36a&amp;q=Monowitz&amp;stick=H4sIAAAAAAAAAONgVuLUz9U3SLaoLEhexMrhm5-XX55ZUgUArRoQWRgAAAA&amp;sa=X&amp;ved=2ahUKEwiloevqoYuHAxXuB9sEHaTaCpsQmxMoBHoECEcQBg\">Monowitz<\/a>)<\/p>\n\n\n\n<p><a href=\"https:\/\/www.google.com\/search?sca_esv=7925cc17277ed36a&amp;q=auschwitz-birkenau+narodowo%C5%9B%C4%87+wi%C4%99%C5%BAni%C3%B3w&amp;sa=X&amp;ved=2ahUKEwiloevqoYuHAxXuB9sEHaTaCpsQ6BMoAHoECEMQAg\">Narodowo\u015b\u0107 wi\u0119\u017ani\u00f3w<\/a>:&nbsp;\u017bydzi, Polacy, Romowie,&nbsp;<a href=\"https:\/\/www.google.com\/search?sca_esv=7925cc17277ed36a&amp;q=Rosjanie&amp;stick=H4sIAAAAAAAAAONgVuLQz9U3MEvKq1rEyhGUX5yVmJeZCgDQm2_8FwAAAA&amp;sa=X&amp;ved=2ahUKEwiloevqoYuHAxXuB9sEHaTaCpsQmxMoAXoECEMQAw\">Rosjanie<\/a>, Serbowie i inni<\/p>\n\n\n\n<p><a href=\"https:\/\/www.google.com\/search?sca_esv=7925cc17277ed36a&amp;q=auschwitz-birkenau+odpowiedzialny&amp;sa=X&amp;ved=2ahUKEwiloevqoYuHAxXuB9sEHaTaCpsQ6BMoAHoECEYQAg\">Odpowiedzialny<\/a>:&nbsp;<a href=\"https:\/\/www.google.com\/search?sca_esv=7925cc17277ed36a&amp;q=III+Rzesza&amp;stick=H4sIAAAAAAAAAONgVuLQz9U3MLWsMljEyuXp6akQVJVaXJUIAKS3nRMZAAAA&amp;sa=X&amp;ved=2ahUKEwiloevqoYuHAxXuB9sEHaTaCpsQmxMoAXoECEYQAw\">III Rzesza<\/a>, niemiecka okupacja<\/p>\n\n\n\n<p><a href=\"https:\/\/www.google.com\/search?sca_esv=7925cc17277ed36a&amp;q=auschwitz-birkenau+rozpocz%C4%99cie+dzia%C5%82alno%C5%9Bci&amp;sa=X&amp;ved=2ahUKEwiloevqoYuHAxXuB9sEHaTaCpsQ6BMoAHoECEgQAg\">Rozpocz\u0119cie dzia\u0142alno\u015bci<\/a>:&nbsp;1940<\/p>\n\n\n\n<p><a href=\"https:\/\/www.google.com\/search?q=grot&amp;sca_esv=60a00c61d6a49f75&amp;sca_upv=1&amp;ei=xsuCZsjdBp6Bxc8P0-SWwAE&amp;ved=0ahUKEwjI2N7OlIaHAxWeQPEDHVOyBRgQ4dUDCBA&amp;uact=5&amp;oq=grot&amp;gs_lp=Egxnd3Mtd2l6LXNlcnAiBGdyb3QyCBAAGIAEGLEDMgsQABiABBixAxiDATILEC4YgAQYxwEYrwEyCBAAGIAEGLEDMgsQLhiABBixAxiDATIIEAAYgAQYsQMyCxAAGIAEGLEDGIMBMgUQABiABDIFEAAYgAQyCxAuGIAEGMcBGK8BSIsZUABY2gxwAHgBkAEAmAFzoAH7AqoBAzMuMbgBA8gBAPgBAZgCBKAClwPCAhEQLhiABBixAxjRAxiDARjHAcICDhAAGIAEGLEDGIMBGIoFwgIOEC4YgAQYsQMYgwEYigXCAiAQLhiABBixAxjRAxiDARjHARiXBRjcBBjeBBjgBNgBAcICChAAGIAEGEMYigXCAgUQLhiABMICEBAAGIAEGLEDGEMYgwEYigXCAhEQLhiABBixAxiDARjHARivAcICCBAuGIAEGLEDwgIgEC4YgAQYsQMYgwEYxwEYrwEYlwUY3AQY3gQY4ATYAQGYAwC6BgYIARABGBSSBwMyLjKgB781&amp;sclient=gws-wiz-serp\">Grot, \u017cele\u017ace<\/a> \u2013&nbsp;<strong>ostre, najcz\u0119\u015bciej metalowe zako\u0144czenie strza\u0142, broni drzewcowej oraz drzewc chor\u0105gwi czy innych znak\u00f3w wojskowych<\/strong>. Groty mog\u0142y by\u0107 p\u0142askie, paraboliczne, tr\u00f3jk\u0105tne lub czworok\u0105tne, przeznaczone do zadawania ran szarpanych, ci\u0119tych lub k\u0142utych.<\/p>\n\n\n\n<p><strong><a href=\"https:\/\/pl.wikipedia.org\/wiki\/Karabinek_Grot\">Karabinek Grot<\/a><\/strong><\/p>\n\n\n\n<p><a href=\"https:\/\/fabrykabroni.pl\/\">Fabryka Broni \u201e\u0141ucznik\u201d<\/a><\/p>\n\n\n\n<p><a href=\"https:\/\/grupapgz.pl\/\">POLSKA GRUPA ZBROJENIOWA<\/a><\/p>\n\n\n\n<p><a href=\"https:\/\/radar.rp.pl\/innowacje-w-armiach\/art41240811-pzl-swidnik-proponuje-wojsku-poszerzenie-wspolpracy-o-nowy-kompleksowy-system-szkolenia\">PZL-\u015awidnik proponuje wojsku poszerzenie wsp\u00f3\u0142pracy o nowy kompleksowy system szkolenia<\/a> \u0179r\u00f3d\u0142o: rp.pl<\/p>\n\n\n\n<p><strong><a href=\"https:\/\/topol.org.pl\/?page_id=173\">Czy Wojsko Polskie pomo\u017ce unikn\u0105\u0107 wojny<\/a> ?<\/strong><\/p>\n\n\n\n<p><a href=\"https:\/\/dorzeczy.pl\/swiat\/605871\/hiszpania-wysyla-najwiekszy-w-historii-kontyngent-do-bazy-nato-na-slowacji.html\">Przyjechali z drugiej strony.<\/a> do 617 \u017co\u0142nierzy z Hiszpanii do\u0142\u0105czy na S\u0142owacji 300000 \u017co\u0142nierzy ze wschodniej flanki NATO.<\/p>\n\n\n\n<p><a href=\"https:\/\/topol.org.pl\/?page_id=3630\">\u201eW&nbsp;15 minut znikn\u0105\u201d. Rosyjska propaganda uderza w&nbsp;Polak\u00f3w<\/a><\/p>\n\n\n\n<p>Ka\u017cdy konflikt na naszym terenie rozpocznie si\u0119 od ataku na pe\u0142n\u0105 skal\u0119. Szatan gotowy. Rosja ma najpot\u0119\u017cniejsz\u0105 na \u015bwiecie bro\u0144 j\u0105drow\u0105&nbsp;<a href=\"https:\/\/wiadomosci.wp.pl\/boze-co-to-bylo-myslalem-ze-to-koniec-swiata-7030605186640544a\">RS-28 Sarmat<\/a>, zwany te\u017c Szatanem II, to rosyjska najpot\u0119\u017cniejsza na \u015bwiecie bro\u0144 hipersoniczna, zdolna do przenoszenia jednocze\u015bnie 10-15 g\u0142owic j\u0105drowych na ogromnym dystansie. Obecnie \u017caden kraj nie ma jej odpowiednika. Pociski maj\u0105 zasi\u0119g 18 tysi\u0119cy kilometr\u00f3w, i po wystrzeleniu, mog\u0105 lata\u0107 po ca\u0142ej planecie przez wiele godzin a\u017c uderz\u0105 w wybrany cel z nieoczekiwanego kierunku. Nowa rosyjska rakieta mo\u017ce na swoim pok\u0142adzie przenosi\u0107 nawet 10 ci\u0119\u017ckich lub 15 lekkich g\u0142owic MIRV lub nieokre\u015blon\u0105 liczb\u0119 hipersonicznych pojazd\u00f3w szybuj\u0105cych Avangard. G\u0142owice s\u0105 wystarczaj\u0105co silne, aby zmie\u015b\u0107 z powierzchni ziemi obszary l\u0105dowe wielko\u015bci&nbsp;<strong><a href=\"https:\/\/www.topnews.ru\/news_id_886421.html\">Anglii<\/a>&nbsp;lub&nbsp;<a href=\"https:\/\/www.topnews.ru\/news_id_886421.html\">Francji<\/a><\/strong>. Ta superci\u0119\u017cka rakieta o masie 200 ton ma d\u0142ugo\u015b\u0107 35,5 metra, \u015brednic\u0119 3 metr\u00f3w, mo\u017ce przenosi\u0107 \u0142adunki j\u0105drowe o masie 10 ton i rozp\u0119dzi\u0107 si\u0119 do 25000 km\/h, czyli 7 kilometr\u00f3w na sekund\u0119. Atrybutem tej broni jest fakt, \u017ce pociski mog\u0105 manewrowa\u0107 w trakcie lotu, dzi\u0119ki czemu s\u0105 bardzo trudne do str\u0105cenia przez tarcze antyrakietowe. Artyku\u0142 w INTERII<br>Trzeba si\u0119 broni\u0107 na terytorium Polski w&nbsp;<strong>wojnie sprawiedliwej<\/strong>. Do obrony przed atakiem mamy&nbsp;<strong>Wojsko Polskie<\/strong>.<a href=\"https:\/\/www.google.com\/search?q=grot&amp;sca_esv=60a00c61d6a49f75&amp;sca_upv=1&amp;tbm=isch&amp;source=iu&amp;ictx=1&amp;vet=1&amp;fir=2HgPWsHYgZyWZM%252CXl0M1X8pQKdsBM%252C%252Fm%252F09k7591%253B-gAwjrElKohQIM%252ClAbbTZopCVjdOM%252C_%253BSPt19lLhaoYEaM%252CeMM0Bhh3oiz3nM%252C_%253BXqfXw2_ZTw6osM%252CGgqAswWfAYefoM%252C_%253BykZtBWzP0r4YMM%252C3GadRgNfVGoXFM%252C_&amp;usg=AI4_-kRnfOo9qWKpeX-ejL14NiL0JcLbDA&amp;sa=X&amp;ved=2ahUKEwj56-ndl4aHAxWvBNsEHcJlDOYQ_B16BAg7EAE#imgrc=2HgPWsHYgZyWZM\"><\/a><\/p>\n\n\n\n<p>Verte &gt;<a href=\"https:\/\/topol.org.pl\/?page_id=6187\">Fundacja Narodowe Si\u0142y Samoobrony \u201eGrot\u201d<\/a><\/p>\n","protected":false},"excerpt":{"rendered":"<p>\u00bbGrot\u00ab 01.07.2024 17.00 S\u0142ysza\u0142em opowiadanie o mniej znanym bojowniku o Woln\u0105 Polsk\u0119. Wykona\u0142 wyrok na niemieckim oficerze, zastrzeli\u0142 niemieckiego okupanta na Krakowskim Przedmie\u015bciu. Uda\u0142o si\u0119 uciec. Niemcy \u015bcigali go przez dwa lata. Zosta\u0142 pojmany i zgin\u0105\u0142 w O\u015bwi\u0119cimiu*. By\u0142 Polakiem. Cze\u015b\u0107 Jego Pami\u0119ci ! *Auschwitz-Birkenau Konzentrationslager Auschwitz, w szczeg\u00f3lno\u015bci KL Auschwitz I, KL Birkenau i [&hellip;]<\/p>\n","protected":false},"author":1,"featured_media":0,"parent":0,"menu_order":151,"comment_status":"closed","ping_status":"closed","template":"","meta":{"footnotes":""},"class_list":["post-4417","page","type-page","status-publish","hentry"],"_links":{"self":[{"href":"https:\/\/topol.org.pl\/index.php?rest_route=\/wp\/v2\/pages\/4417","targetHints":{"allow":["GET"]}}],"collection":[{"href":"https:\/\/topol.org.pl\/index.php?rest_route=\/wp\/v2\/pages"}],"about":[{"href":"https:\/\/topol.org.pl\/index.php?rest_route=\/wp\/v2\/types\/page"}],"author":[{"embeddable":true,"href":"https:\/\/topol.org.pl\/index.php?rest_route=\/wp\/v2\/users\/1"}],"replies":[{"embeddable":true,"href":"https:\/\/topol.org.pl\/index.php?rest_route=%2Fwp%2Fv2%2Fcomments&post=4417"}],"version-history":[{"count":19,"href":"https:\/\/topol.org.pl\/index.php?rest_route=\/wp\/v2\/pages\/4417\/revisions"}],"predecessor-version":[{"id":6453,"href":"https:\/\/topol.org.pl\/index.php?rest_route=\/wp\/v2\/pages\/4417\/revisions\/6453"}],"wp:attachment":[{"href":"https:\/\/topol.org.pl\/index.php?rest_route=%2Fwp%2Fv2%2Fmedia&parent=4417"}],"curies":[{"name":"wp","href":"https:\/\/api.w.org\/{rel}","templated":true}]}}