{"id":4489,"date":"2024-07-06T10:44:08","date_gmt":"2024-07-06T08:44:08","guid":{"rendered":"https:\/\/topol.org.pl\/?page_id=4489"},"modified":"2026-01-09T10:47:11","modified_gmt":"2026-01-09T09:47:11","slug":"zaangazowaniu-sojuszu-we-wzmocnienie-wschodniej-flanki","status":"publish","type":"page","link":"https:\/\/topol.org.pl\/?page_id=4489","title":{"rendered":"&#8222;zaanga\u017cowaniu Sojuszu we\u00a0wzmocnienie wschodniej flanki&#8221;"},"content":{"rendered":"\n<p>07.07.2024 9.30 <strong>Gwarantowanie bezpiecze\u0144stwa pa\u0144stwa, kt\u00f3re jest w stanie wojny jest zdrad\u0105 Rzeczypospolitej. Jest zdrad\u0105 i tak musi by\u0107 rozpatrywane przez s\u0105d. Ten rz\u0105d je\u015bli chce wpl\u0105ta\u0107 Polsk\u0119 do nie naszej wojny b\u0119dzie odpowiada\u0142 za zdrad\u0119. Polska chce mie\u0107 dobre relacje z <a href=\"https:\/\/topol.org.pl\/?page_id=4164\">Bia\u0142orusi\u0105<\/a>, Rosj\u0105, Ukrain\u0105 i Niemcami. Walka o Krym jest sporem Rosji i Ukrainy<\/strong> <a href=\"https:\/\/wiadomosci.wp.pl\/dowodca-batalionu-krym-wrocimy-do-domu-ale-za-kilka-lat-7045883622345664a\"><strong>oraz deportowanych w&nbsp;1944 Tatar\u00f3w Krymskich roszcz\u0105cych pretensje.<\/strong><\/a><\/p>\n\n\n\n<p><a href=\"https:\/\/topol.org.pl\/?page_id=4036\">Rosja<\/a><br>Nie zgodzi si\u0119 na rezygnacj\u0119 z <a href=\"https:\/\/wiadomosci.wp.pl\/dowodca-batalionu-krym-wrocimy-do-domu-ale-za-kilka-lat-7045883622345664a\">t<\/a>eren\u00f3w p\u00f3\u0142wyspu krymskiego, obwodu \u0142uga\u0144skiego, donieckiego, zaporoskiego i cherso\u0144skiego.<\/p>\n\n\n\n<p><a href=\"https:\/\/topol.org.pl\/?page_id=4036\">Ukraina<\/a><br>Nie zgodzi si\u0119 na rezygnacj\u0119 z teren\u00f3w p\u00f3\u0142wyspu krymskiego, obwodu \u0142uga\u0144skiego, donieckiego, zaporoskiego i cherso\u0144skiego.<\/p>\n\n\n\n<p><strong><a href=\"https:\/\/www.youtube.com\/watch?v=GnpVeVC_Dj0\">To ich wojna, nam do Krymu daleko.<\/a> <\/strong><\/p>\n\n\n\n<p>*<strong><a href=\"https:\/\/pl.wikipedia.org\/wiki\/Tatarzy_krymscy\">Tatarzy krymscy<\/a><\/strong>&nbsp;(<em>q\u0131r\u0131mtatarlar<\/em>) \u2013 nar\u00f3d i grupa etniczna pochodzenia&nbsp;<a href=\"https:\/\/pl.wikipedia.org\/wiki\/Ludy_tureckie\">tureckiego<\/a>&nbsp;pos\u0142uguj\u0105ca si\u0119&nbsp;<a href=\"https:\/\/pl.wikipedia.org\/wiki\/J%C4%99zyk_krymskotatarski\">j\u0119zykiem krymskotatarskim<\/a>&nbsp;od XIII wieku zamieszkuj\u0105ca&nbsp;<a href=\"https:\/\/pl.wikipedia.org\/wiki\/P%C3%B3%C5%82wysep_Krymski\">P\u00f3\u0142wysep Krymski<\/a>.<\/p>\n\n\n\n<p><strong>Zwracam si\u0119 do <a href=\"https:\/\/topol.org.pl\/?page_id=4375\">Prezydenta<\/a>, <a href=\"https:\/\/topol.org.pl\/?page_id=173\">Wojska Polskiego i S\u0142u\u017cb<\/a>.<\/strong><\/p>\n\n\n\n<p>&#8222;Nie&nbsp;mo\u017cemy ca\u0142y czas ogl\u0105da\u0107 si\u0119 na&nbsp;Stany Zjednoczone&#8221; \u2013&nbsp;<a href=\"https:\/\/dorzeczy.pl\/opinie\/608712\/holownia-nie-mozemy-caly-czas-ogladac-sie-na-stany-zjednoczone.html\">stwierdzi\u0142 Szymon Ho\u0142ownia<\/a><\/p>\n\n\n\n<p><strong>Co Marsza\u0142ek ma na my\u015bli-odcinam si\u0119 od tego, to niebezpieczne dla Polski.<\/strong><\/p>\n\n\n\n<p>06.07.2024 10.49 &#8222;<a href=\"https:\/\/dorzeczy.pl\/kraj\/607917\/nieoficjalne-ustalenia-ws-posiedzenia-rbn.html\">zaanga\u017cowaniu Sojuszu we&nbsp;wzmocnienie wschodniej flanki<\/a>&#8222;<\/p>\n\n\n\n<p>Z NATO zachowujemy przymierze ale prosimy o wycofanie obcych wojsk za Odr\u0119. Jeste\u015bmy neutralni(pas neutralny, obszar kt\u00f3rego nie obejmuj\u0105 dzia\u0142ania wojenne) i bronimy si\u0119 sami, traktat trzeba ratyfikowa\u0107. \u0179r\u00f3d\u0142o: <a href=\"https:\/\/topol.org.pl\/?page_id=47\">Fragment<\/a><\/p>\n\n\n\n<p>Verte ><a href=\"https:\/\/topol.org.pl\/?page_id=6187\">Fundacja Narodowe Si\u0142y Samoobrony \u201eGrot\u201d<\/a><\/p>\n","protected":false},"excerpt":{"rendered":"<p>07.07.2024 9.30 Gwarantowanie bezpiecze\u0144stwa pa\u0144stwa, kt\u00f3re jest w stanie wojny jest zdrad\u0105 Rzeczypospolitej. Jest zdrad\u0105 i tak musi by\u0107 rozpatrywane przez s\u0105d. Ten rz\u0105d je\u015bli chce wpl\u0105ta\u0107 Polsk\u0119 do nie naszej wojny b\u0119dzie odpowiada\u0142 za zdrad\u0119. Polska chce mie\u0107 dobre relacje z Bia\u0142orusi\u0105, Rosj\u0105, Ukrain\u0105 i Niemcami. Walka o Krym jest sporem Rosji i Ukrainy [&hellip;]<\/p>\n","protected":false},"author":1,"featured_media":0,"parent":0,"menu_order":153,"comment_status":"closed","ping_status":"closed","template":"","meta":{"footnotes":""},"class_list":["post-4489","page","type-page","status-publish","hentry"],"_links":{"self":[{"href":"https:\/\/topol.org.pl\/index.php?rest_route=\/wp\/v2\/pages\/4489","targetHints":{"allow":["GET"]}}],"collection":[{"href":"https:\/\/topol.org.pl\/index.php?rest_route=\/wp\/v2\/pages"}],"about":[{"href":"https:\/\/topol.org.pl\/index.php?rest_route=\/wp\/v2\/types\/page"}],"author":[{"embeddable":true,"href":"https:\/\/topol.org.pl\/index.php?rest_route=\/wp\/v2\/users\/1"}],"replies":[{"embeddable":true,"href":"https:\/\/topol.org.pl\/index.php?rest_route=%2Fwp%2Fv2%2Fcomments&post=4489"}],"version-history":[{"count":18,"href":"https:\/\/topol.org.pl\/index.php?rest_route=\/wp\/v2\/pages\/4489\/revisions"}],"predecessor-version":[{"id":6401,"href":"https:\/\/topol.org.pl\/index.php?rest_route=\/wp\/v2\/pages\/4489\/revisions\/6401"}],"wp:attachment":[{"href":"https:\/\/topol.org.pl\/index.php?rest_route=%2Fwp%2Fv2%2Fmedia&parent=4489"}],"curies":[{"name":"wp","href":"https:\/\/api.w.org\/{rel}","templated":true}]}}