{"id":4516,"date":"2024-07-08T12:29:38","date_gmt":"2024-07-08T10:29:38","guid":{"rendered":"https:\/\/topol.org.pl\/?page_id=4516"},"modified":"2026-01-09T10:50:18","modified_gmt":"2026-01-09T09:50:18","slug":"tabula-rasa","status":"publish","type":"page","link":"https:\/\/topol.org.pl\/?page_id=4516","title":{"rendered":"Tabula rasa"},"content":{"rendered":"\n<p><a href=\"https:\/\/pl.wikipedia.org\/wiki\/Tabula_rasa\">Tabula rasa<\/a> (z&nbsp;<a href=\"https:\/\/pl.wikipedia.org\/wiki\/%C5%81acina\">\u0142ac.<\/a>&nbsp;\u201eczysta tablica\u201d)<\/p>\n\n\n\n<p><a href=\"https:\/\/www.spiewnikniepodleglosci.pl\/teksty\/tekst-utworu-rota\/\">Rota<\/a><\/p>\n\n\n\n<p>Nie rzucim ziemi sk\u0105d nasz r\u00f3d!<br>Nie damy pogrze\u015b\u0107 mowy.<br>Polski my nar\u00f3d, polski lud,<br>Kr\u00f3lewski szczep Piastowy.<br>Nie damy, by nas zgn\u0119bi\u0142 wr\u00f3g!<br>Tak nam dopom\u00f3\u017c B\u00f3g!<br>Tak nam dopom\u00f3\u017c B\u00f3g!<\/p>\n\n\n\n<p>Do krwi ostatniej kropli z \u017cy\u0142<br>Broni\u0107 b\u0119dziemy ducha,<br>A\u017c si\u0119 rozpadnie w proch i w py\u0142<br>Krzy\u017cacka zawierucha.<br>Twierdz\u0105 nam b\u0119dzie ka\u017cdy pr\u00f3g!<br>Tak nam dopom\u00f3\u017c B\u00f3g!<br>Tak nam dopom\u00f3\u017c B\u00f3g!<\/p>\n\n\n\n<p>Nie b\u0119dzie Niemiec plu\u0142 nam w twarz<br>Ni dzieci nam germani\u0142,<br>Or\u0119\u017cny stanie hufiec nasz,<br>Duch b\u0119dzie nam hetmani\u0142.<br>P\u00f3jdziemy, gdy zabrzmi z\u0142oty r\u00f3g!<br>Tak nam dopom\u00f3\u017c B\u00f3g!<br>Tak nam dopom\u00f3\u017c B\u00f3g!<\/p>\n\n\n\n<p>Nie damy miana Polski zgnie\u015b\u0107<br>Nie p\u00f3jdziem \u017cywo w trumn\u0119<br>Na Polski imi\u0119, na jej cze\u015b\u0107<br>Podnosi czo\u0142a dumne.<br>Odzyska ziemi dziad\u00f3w wnuk!<br>Tak nam dopom\u00f3\u017c B\u00f3g!<br>Tak nam dopom\u00f3\u017c B\u00f3g!<\/p>\n\n\n\n<p><strong>S\u0142owa: Maria Konopnicka<\/strong><\/p>\n\n\n\n<p><a href=\"https:\/\/pl.wikipedia.org\/wiki\/Natywizm\">Natywizm<\/a><\/p>\n\n\n\n<p>&#8222;wiedza wrodzona&#8221;<\/p>\n\n\n\n<p>26.10.2025 14.39 &#8222;<strong>Racjonalizm genetyczny<\/strong>,\u00a0<strong>natywizm<\/strong>,\u00a0<strong>innatyzm<\/strong>\u00a0\u2013 pogl\u0105d dotycz\u0105cy natury \u017ar\u00f3de\u0142 poznania (genezy poznania), przeciwstawiaj\u0105cy si\u0119\u00a0<a href=\"https:\/\/pl.wikipedia.org\/wiki\/Empiryzm_genetyczny\">empiryzmowi genetycznemu<\/a>. Wed\u0142ug racjonalist\u00f3w genetycznych\u00a0<a href=\"https:\/\/pl.wikipedia.org\/wiki\/Umys%C5%82\">umys\u0142 ludzki<\/a>\u00a0dzi\u0119ki samej swojej konstrukcji posiada\u00a0<a href=\"https:\/\/pl.wikipedia.org\/wiki\/Wiedza\">wiedz\u0119<\/a>\u00a0lub uposa\u017cenie mentalne, kt\u00f3ra jest wcze\u015bniejsza od\u00a0<a href=\"https:\/\/pl.wikipedia.org\/wiki\/Do%C5%9Bwiadczenie\">do\u015bwiadczenia<\/a>\u00a0(przede wszystkim zmys\u0142owego)&#8221;. \u0179r\u00f3d\u0142o: Wikipedia<\/p>\n\n\n\n<p><strong>Jestem racjonalist\u0105 genetycznym.<\/strong><\/p>\n\n\n\n<p>&#8222;Wiedza ta ma charakter pewny i poprzedza wszelkie\u00a0<a href=\"https:\/\/pl.wikipedia.org\/wiki\/Poznanie\">poznanie<\/a>\u00a0nie tylko w sensie czasowym (jako &#8222;wiedza wrodzona&#8221;), ale przede wszystkim jako warunek wszelkiego poznania&#8221;. \u0179r\u00f3d\u0142o: Wikipedia<\/p>\n\n\n\n<p>Verte &gt;<a href=\"https:\/\/topol.org.pl\/?page_id=6187\">Fundacja Narodowe Si\u0142y Samoobrony \u201eGrot\u201d<\/a><\/p>\n\n\n\n<p><\/p>\n","protected":false},"excerpt":{"rendered":"<p>Tabula rasa (z&nbsp;\u0142ac.&nbsp;\u201eczysta tablica\u201d) Rota Nie rzucim ziemi sk\u0105d nasz r\u00f3d!Nie damy pogrze\u015b\u0107 mowy.Polski my nar\u00f3d, polski lud,Kr\u00f3lewski szczep Piastowy.Nie damy, by nas zgn\u0119bi\u0142 wr\u00f3g!Tak nam dopom\u00f3\u017c B\u00f3g!Tak nam dopom\u00f3\u017c B\u00f3g! Do krwi ostatniej kropli z \u017cy\u0142Broni\u0107 b\u0119dziemy ducha,A\u017c si\u0119 rozpadnie w proch i w py\u0142Krzy\u017cacka zawierucha.Twierdz\u0105 nam b\u0119dzie ka\u017cdy pr\u00f3g!Tak nam dopom\u00f3\u017c B\u00f3g!Tak nam [&hellip;]<\/p>\n","protected":false},"author":1,"featured_media":0,"parent":0,"menu_order":171,"comment_status":"closed","ping_status":"closed","template":"","meta":{"footnotes":""},"class_list":["post-4516","page","type-page","status-publish","hentry"],"_links":{"self":[{"href":"https:\/\/topol.org.pl\/index.php?rest_route=\/wp\/v2\/pages\/4516","targetHints":{"allow":["GET"]}}],"collection":[{"href":"https:\/\/topol.org.pl\/index.php?rest_route=\/wp\/v2\/pages"}],"about":[{"href":"https:\/\/topol.org.pl\/index.php?rest_route=\/wp\/v2\/types\/page"}],"author":[{"embeddable":true,"href":"https:\/\/topol.org.pl\/index.php?rest_route=\/wp\/v2\/users\/1"}],"replies":[{"embeddable":true,"href":"https:\/\/topol.org.pl\/index.php?rest_route=%2Fwp%2Fv2%2Fcomments&post=4516"}],"version-history":[{"count":8,"href":"https:\/\/topol.org.pl\/index.php?rest_route=\/wp\/v2\/pages\/4516\/revisions"}],"predecessor-version":[{"id":13645,"href":"https:\/\/topol.org.pl\/index.php?rest_route=\/wp\/v2\/pages\/4516\/revisions\/13645"}],"wp:attachment":[{"href":"https:\/\/topol.org.pl\/index.php?rest_route=%2Fwp%2Fv2%2Fmedia&parent=4516"}],"curies":[{"name":"wp","href":"https:\/\/api.w.org\/{rel}","templated":true}]}}