{"id":4540,"date":"2024-07-09T11:48:26","date_gmt":"2024-07-09T09:48:26","guid":{"rendered":"https:\/\/topol.org.pl\/?page_id=4540"},"modified":"2026-01-09T10:47:17","modified_gmt":"2026-01-09T09:47:17","slug":"umowa-wbrew-polakom","status":"publish","type":"page","link":"https:\/\/topol.org.pl\/?page_id=4540","title":{"rendered":"Umowa rz\u0105du."},"content":{"rendered":"\n<p><strong><a href=\"https:\/\/topol.org.pl\/?page_id=4489\">Gwarantowanie bezpiecze\u0144stwa pa\u0144stwa<\/a>, kt\u00f3re jest w stanie wojny jest zdrad\u0105 Rzeczypospolitej. Jest zdrad\u0105 i tak musi by\u0107 rozpatrywane przez s\u0105d. Ten rz\u0105d je\u015bli chce wpl\u0105ta\u0107 Polsk\u0119 do nie naszej wojny b\u0119dzie odpowiada\u0142 za zdrad\u0119.<\/strong> <strong>Do zdrady do\u0142\u0105czy\u0142 premier, prezydent i <a href=\"https:\/\/www.youtube.com\/watch?v=5aGh99ACoVI\">marsza\u0142ek<\/a>*. Ciekawe czy do\u0142\u0105czy <a href=\"https:\/\/historia.dorzeczy.pl\/pierwsza-wojna-swiatowa\/609258\/bunt-legionistow-kryzys-przysiegowy-i-jego-skutki.html\">Wojsko Polskie i S\u0142u\u017cby<\/a>.<\/strong> <strong>Z lat 60,70,80 i 90  pami\u0119tam zniszczon\u0105 Warszaw\u0119. <a href=\"https:\/\/topol.org.pl\/?page_id=173\">Sam mieszka\u0142em w zniszczonym domu<\/a> przez hitlerowskie nazistowskie niemcy.<\/strong> <strong>Jak do\u0142\u0105czymy do wojny stracimy Ziemie Zachodnie do Wis\u0142y. A Ziemie Wschodnie do Wis\u0142y b\u0119d\u0105 zniszczone.<\/strong><\/p>\n\n\n\n<p>09.07.2024 11.48 <a href=\"https:\/\/www.gov.pl\/web\/premier\/polsko-ukrainskie-porozumienie-w-dziedzinie-bezpieczenstwa\">Umowa rz\u0105du.<\/a><\/p>\n\n\n\n<p>Bez naszego pozwolenia, przeciw Konstytucji i prawu zosta\u0142a zawarta umowa. Polsko-ukrai\u0144skie Porozumienie w Dziedzinie Bezpiecze\u0144stwa.<\/p>\n\n\n\n<p><strong><a href=\"https:\/\/www.youtube.com\/watch?v=dNCnhZmdAPc\">Kancelaria Premiera<\/a><\/strong><\/p>\n\n\n\n<p><strong>Wicemarsza\u0142ek Krzysztof Bosak<\/strong> &#8211; <a href=\"https:\/\/www.youtube.com\/watch?v=c4bwQiPalSo\">\u017b\u0104DA TRYBUNA\u0141U STANU DLA DONALDA TUSKA ZA TAJNE UMOWY Z UKRAIN\u0104!<\/a><\/p>\n\n\n\n<p>Zwracam uwag\u0119, \u017ce ryzykujemy konfliktem zbrojnym na naszym terytorium. Zabraniam m\u00f3wienia na temat rozmywania granic z Ukrain\u0105. Nie chcemy mie\u0107 z Ukrain\u0105 wsp\u00f3lnego pa\u0144stwa. <strong>Do zdrady do\u0142\u0105czy\u0142 premier, prezydent i <a href=\"https:\/\/www.youtube.com\/watch?v=5aGh99ACoVI\">marsza\u0142ek<\/a>*.<\/strong> Umowa jest niewa\u017cna.<\/p>\n\n\n\n<p><span style=\"color: rgb(47, 47, 48); font-family: Inter, Arial, sans-serif; white-space-collapse: collapse;\">Lista kraj\u00f3w, kt\u00f3re wspieraj\u0105 ataki Ukrainy na&nbsp;cele wojskowe w&nbsp;Rosji dostarczon\u0105 jej broni\u0105, wygl\u0105da nast\u0119puj\u0105co: <a href=\"https:\/\/dorzeczy.pl\/swiat\/609588\/brytyjski-premier-daje-ukrainie-pozwolenie-na-ataki-w-rosji.html\">Stany Zjednoczone, Niemcy, Francja, Wielka Brytania, Holandia, Szwecja, Finlandia, Czechy, Litwa, \u0141otwa, Estonia, Kanada i&nbsp;Dania.<\/a> \u2013&nbsp;Ci przedstawiciele kraj\u00f3w NATO, zw\u0142aszcza w&nbsp;Europie, musz\u0105 mie\u0107 \u015bwiadomo\u015b\u0107, w&nbsp;co igraj\u0105. Musz\u0105 pami\u0119ta\u0107, \u017ce&nbsp;s\u0105 to&nbsp;z&nbsp;regu\u0142y pa\u0144stwa o&nbsp;ma\u0142ym terytorium i&nbsp;o&nbsp;bardzo g\u0119stej populacji. I&nbsp;musz\u0105 o&nbsp;tym pami\u0119ta\u0107, zanim zaczn\u0105 m\u00f3wi\u0107 o&nbsp;uderzeniu w&nbsp;g\u0142\u0105b terytorium Rosji \u2013&nbsp;<strong>skomentowa\u0142 prezydent Federacji Rosyjskiej W\u0142adimir Putin<\/strong>.<\/span> <\/p>\n\n\n\n<p><strong>Rzeczpospolita Polska nie wspiera atak\u00f3w Ukrainy na cele w Rosji.<\/strong><\/p>\n\n\n\n<p><a href=\"https:\/\/www.youtube.com\/watch?v=jcrO5NTpwrs&amp;t=1895s\">O\u0142eksij Arestowycz: Sojusz wojskowy Polski i Ukrainy zmieni los Europy. Sk\u0105d krytyka Ze\u0142enskiego?<\/a><\/p>\n\n\n\n<p><strong>Nie chc\u0119 zawiera\u0107 sojuszu wojskowego i oddziela\u0107 Rosji od \u015awiata.<\/strong> To wieczna wojna. <a href=\"https:\/\/www.cda.pl\/video\/102388701c\">Trzeba si\u0119 ogarn\u0105\u0107.<\/a><\/p>\n\n\n\n<p>Zr\u00f3d\u0142o: <a href=\"https:\/\/www.youtube.com\/watch?v=5aGh99ACoVI\">wp youtube<\/a>\/<a href=\"https:\/\/www.youtube.com\/@katarzynaklis7574\">@katarzynaklis7574<\/a><\/p>\n\n\n\n<p><strong>*<\/strong> Stuknij sie w ten \u0142eb czlowieku. Pomysl jakie beda konsekwencje dla Polski przez te Wasze podpisywanie umow z krajem toczacym wojne.<\/p>\n\n\n\n<figure class=\"wp-block-gallery has-nested-images columns-default is-cropped wp-block-gallery-1 is-layout-flex wp-block-gallery-is-layout-flex\">\n<figure class=\"wp-block-image size-large\"><img loading=\"lazy\" decoding=\"async\" width=\"1024\" height=\"576\" data-id=\"4568\" src=\"https:\/\/topol.org.pl\/wp-content\/uploads\/2024\/07\/Wpis-1-1024x576.jpg\" alt=\"\" class=\"wp-image-4568\" srcset=\"https:\/\/topol.org.pl\/wp-content\/uploads\/2024\/07\/Wpis-1-1024x576.jpg 1024w, https:\/\/topol.org.pl\/wp-content\/uploads\/2024\/07\/Wpis-1-300x169.jpg 300w, https:\/\/topol.org.pl\/wp-content\/uploads\/2024\/07\/Wpis-1-768x432.jpg 768w, https:\/\/topol.org.pl\/wp-content\/uploads\/2024\/07\/Wpis-1-1536x864.jpg 1536w, https:\/\/topol.org.pl\/wp-content\/uploads\/2024\/07\/Wpis-1.jpg 1920w\" sizes=\"auto, (max-width: 1024px) 100vw, 1024px\" \/><\/figure>\n<\/figure>\n\n\n\n<p>\u0179r\u00f3d\u0142o: (<a href=\"https:\/\/kresy.pl\/wydarzenia\/coraz-glebsze-wciaganie-nas-przez-ukraine-w-ten-konflikt-bosak-o-polsko-ukrainskiej-umowie-w-sprawie-bezpieczenstwa\/\">kresy.pl<\/a>)<\/p>\n\n\n\n<p>\u0179r\u00f3d\u0142o:&nbsp;(<a href=\"https:\/\/dorzeczy.pl\/plus\/antysystem\/609195\/lisicki-i-cejrowski-zelenski-tlumaczy-tuska-mowi-jak-jest.html\">DoRzeczy.pl<\/a>)<\/p>\n\n\n\n<p>\u0179r\u00f3d\u0142o:&nbsp;(<a href=\"https:\/\/dz.neon24.net\/post\/176086,zbawianie-swiata-kosztem-wlasnej-ojczyzny\">NEon24.pl<\/a>)<\/p>\n\n\n\n<p>\u0179r\u00f3d\u0142o:&nbsp;(<a href=\"https:\/\/www.youtube.com\/watch?v=wCFCyP2Tgc4\">Tomasz Piekielnik<\/a>)<\/p>\n\n\n\n<p>\u0179r\u00f3d\u0142o:&nbsp;(<a href=\"https:\/\/www.youtube.com\/watch?v=KXKZ_FPBLNE\">Leszek Sykulski<\/a>)<\/p>\n\n\n\n<p>\u0179r\u00f3d\u0142o:&nbsp;(<a href=\"https:\/\/www.youtube.com\/watch?v=PSUvZlSIXHc\">HISTORIA REALNA<\/a>)<\/p>\n\n\n\n<p><strong>Ogl\u0105da\u0142em szczyt NATO i wyst\u0105pienie Prezydenta USA. Je\u015bli wejdziemy do wojny to zostanie z nas py\u0142 po wojnie nuklearnej. Rosja u\u017cyje broni j\u0105drowej.<\/strong><\/p>\n\n\n\n<p>11.07.2024 06.43 &#8222;Dyskusja dotyczy tylko momentu, kiedy Ukraina ma&nbsp;by\u0107 przyj\u0119ta, a&nbsp;nie faktu, czy&nbsp;ma&nbsp;zosta\u0107 przyj\u0119ta \u2013&nbsp;<a href=\"https:\/\/dorzeczy.pl\/swiat\/609759\/szczyt-nato-stoltenberg-oglosil-wazne-decyzje-dot-ukrainy.html\">zapewni\u0142 Andrzej Duda<\/a>. I&nbsp;przypomnia\u0142, \u017ce&nbsp;po&nbsp;przyj\u0119ciu nowego sojusznika obowi\u0105zuje art. 5, czyli obowi\u0105zek kolektywnej obrony. Przyj\u0119cie Ukrainy oznacza\u0142oby automatyczne wej\u015bcie NATO do&nbsp;wojny z&nbsp;Rosj\u0105&#8221; \u0179r\u00f3d\u0142o:&nbsp;RMF 24\/DoRzeczy.pl<\/p>\n\n\n\n<p><strong>\u017beby nie wej\u015b\u0107 do wojny musimy walczy\u0107 z ca\u0142ym NATO<\/strong>. <strong>Do zdrady do\u0142\u0105czy\u0142 premier, prezydent i <a href=\"https:\/\/www.youtube.com\/watch?v=5aGh99ACoVI\">marsza\u0142ek<\/a>*.<\/strong> Umowa jest niewa\u017cna.<\/p>\n\n\n\n<p>Zdrad\u0119 odbieram jako <a href=\"https:\/\/pl.wikipedia.org\/wiki\/Prerogatywa\">zrzeczenie si\u0119 z urz\u0119du Prezydenta Rzeczypospolitej<\/a>, Marsza\u0142ka i <a href=\"https:\/\/dorzeczy.pl\/opinie\/609933\/umowa-polska-ukraina-szewko-belkot-raczej-deklaracja.html\">Premiera<\/a>. W takim wypadku jego obowi\u0105zki przejmie <strong><a href=\"https:\/\/topol.org.pl\/?page_id=4375\">Wicemarsza\u0142ek<\/a><\/strong>.<\/p>\n\n\n\n<p>30) zrzeczenia si\u0119 urz\u0119du Prezydenta Rzeczypospolitej.<\/p>\n\n\n\n<p>Art. 144 Konstytucji (\u017ar\u00f3d\u0142o: www.sejm.gov.pl)<\/p>\n\n\n\n<p>Tworzenie legionu ukrai\u0144skiego na terenie Polski, kt\u00f3ry ma si\u0119 sk\u0142ada\u0107 z ochotnik\u00f3w jest przyst\u0105pieniem do wojny. Stacjonowanie obcego nieprzyjaznego nam Polakom wojska stwarza zagro\u017cenie rzezi\u0105 na terenie Polski. Zestrzeliwanie rakiet i dron\u00f3w z terenu Polski to przyst\u0105pienie do wojny. To antypolskie dzia\u0142anie i zdrada. Wzywam Wojsko Polskie i S\u0142u\u017cby do zabezpieczenia interes\u00f3w Polski.<\/p>\n\n\n\n<p>24.08.2024 18.00 &#8222;<a href=\"https:\/\/www.youtube.com\/watch?v=FP4LRISAXsY\">Atak UKRAINY Na MOSKW\u0118!<\/a>&#8222;<\/p>\n\n\n\n<p>24.08.2024 20.33 &#8222;<a href=\"https:\/\/www.youtube.com\/watch?v=9cRjJhH0R18\">Premier Indii w Polsce<\/a>&#8222;<\/p>\n\n\n\n<p>Verte ><a href=\"https:\/\/topol.org.pl\/?page_id=6187\">Fundacja Narodowe Si\u0142y Samoobrony \u201eGrot\u201d<\/a><\/p>\n","protected":false},"excerpt":{"rendered":"<p>Gwarantowanie bezpiecze\u0144stwa pa\u0144stwa, kt\u00f3re jest w stanie wojny jest zdrad\u0105 Rzeczypospolitej. Jest zdrad\u0105 i tak musi by\u0107 rozpatrywane przez s\u0105d. Ten rz\u0105d je\u015bli chce wpl\u0105ta\u0107 Polsk\u0119 do nie naszej wojny b\u0119dzie odpowiada\u0142 za zdrad\u0119. Do zdrady do\u0142\u0105czy\u0142 premier, prezydent i marsza\u0142ek*. Ciekawe czy do\u0142\u0105czy Wojsko Polskie i S\u0142u\u017cby. Z lat 60,70,80 i 90 pami\u0119tam zniszczon\u0105 [&hellip;]<\/p>\n","protected":false},"author":1,"featured_media":0,"parent":0,"menu_order":154,"comment_status":"closed","ping_status":"closed","template":"","meta":{"footnotes":""},"class_list":["post-4540","page","type-page","status-publish","hentry"],"_links":{"self":[{"href":"https:\/\/topol.org.pl\/index.php?rest_route=\/wp\/v2\/pages\/4540","targetHints":{"allow":["GET"]}}],"collection":[{"href":"https:\/\/topol.org.pl\/index.php?rest_route=\/wp\/v2\/pages"}],"about":[{"href":"https:\/\/topol.org.pl\/index.php?rest_route=\/wp\/v2\/types\/page"}],"author":[{"embeddable":true,"href":"https:\/\/topol.org.pl\/index.php?rest_route=\/wp\/v2\/users\/1"}],"replies":[{"embeddable":true,"href":"https:\/\/topol.org.pl\/index.php?rest_route=%2Fwp%2Fv2%2Fcomments&post=4540"}],"version-history":[{"count":39,"href":"https:\/\/topol.org.pl\/index.php?rest_route=\/wp\/v2\/pages\/4540\/revisions"}],"predecessor-version":[{"id":6402,"href":"https:\/\/topol.org.pl\/index.php?rest_route=\/wp\/v2\/pages\/4540\/revisions\/6402"}],"wp:attachment":[{"href":"https:\/\/topol.org.pl\/index.php?rest_route=%2Fwp%2Fv2%2Fmedia&parent=4540"}],"curies":[{"name":"wp","href":"https:\/\/api.w.org\/{rel}","templated":true}]}}