{"id":4583,"date":"2024-07-10T18:18:23","date_gmt":"2024-07-10T16:18:23","guid":{"rendered":"https:\/\/topol.org.pl\/?page_id=4583"},"modified":"2026-01-09T10:50:24","modified_gmt":"2026-01-09T09:50:24","slug":"obronanienarodzonych-pl","status":"publish","type":"page","link":"https:\/\/topol.org.pl\/?page_id=4583","title":{"rendered":"obrona nienarodzonych"},"content":{"rendered":"\n<p>10.07.2024 18.18<\/p>\n\n\n\n<p><strong>Obrona \u017cycia jest naszym wsp\u00f3lnym obowi\u0105zkiem.&nbsp;<\/strong>To walka o najbardziej podstawowe prawa i godno\u015b\u0107 ka\u017cdej istoty ludzkiej. Wyra\u017any sprzeciw wobec wszystkich pr\u00f3b deprecjonowania prawa do \u017cycia. Niech nasz g\u0142os b\u0119dzie s\u0142yszany!<\/p>\n\n\n\n<p>Dzia\u0142ajmy teraz, zjednoczeni w obronie nienarodzonych. <\/p>\n\n\n\n<p>\u0179r\u00f3d\u0142o: (obronanienarodzonych.pl)<\/p>\n\n\n\n<p><\/p>\n\n\n\n<figure class=\"wp-block-image\"><img decoding=\"async\" src=\"https:\/\/i.ytimg.com\/an\/r7BKJBRxT66pMGVpFQxzZw\/featured_channel.jpg?v=638f5f8f\" alt=\"\"\/><\/figure>\n\n\n\n<h6 class=\"wp-block-heading\"><a href=\"https:\/\/www.youtube.com\/watch?v=vGB3VUsJ2Zk\">Tysi\u0105ce &#8222;nielegalnych&#8221; chi\u0144skich dzieci. Polityka jednego dziecka w Chinach | ARTE.tv Dokumenty<\/a><\/h6>\n\n\n\n<p>23.11.2024 19.44 <a href=\"https:\/\/www.youtube.com\/watch?v=nO6q7jPUZbM\">S\u0105 katami wobec najbardziej bezbronnych. Abp Marek J\u0119draszewski<\/a><\/p>\n\n\n\n<p>Verte &gt;<a href=\"https:\/\/topol.org.pl\/?page_id=6187\">Fundacja Narodowe Si\u0142y Samoobrony \u201eGrot\u201d<\/a><\/p>\n","protected":false},"excerpt":{"rendered":"<p>10.07.2024 18.18 Obrona \u017cycia jest naszym wsp\u00f3lnym obowi\u0105zkiem.&nbsp;To walka o najbardziej podstawowe prawa i godno\u015b\u0107 ka\u017cdej istoty ludzkiej. Wyra\u017any sprzeciw wobec wszystkich pr\u00f3b deprecjonowania prawa do \u017cycia. Niech nasz g\u0142os b\u0119dzie s\u0142yszany! Dzia\u0142ajmy teraz, zjednoczeni w obronie nienarodzonych. \u0179r\u00f3d\u0142o: (obronanienarodzonych.pl) Tysi\u0105ce &#8222;nielegalnych&#8221; chi\u0144skich dzieci. Polityka jednego dziecka w Chinach | ARTE.tv Dokumenty 23.11.2024 19.44 S\u0105 [&hellip;]<\/p>\n","protected":false},"author":1,"featured_media":0,"parent":0,"menu_order":172,"comment_status":"closed","ping_status":"closed","template":"","meta":{"footnotes":""},"class_list":["post-4583","page","type-page","status-publish","hentry"],"_links":{"self":[{"href":"https:\/\/topol.org.pl\/index.php?rest_route=\/wp\/v2\/pages\/4583","targetHints":{"allow":["GET"]}}],"collection":[{"href":"https:\/\/topol.org.pl\/index.php?rest_route=\/wp\/v2\/pages"}],"about":[{"href":"https:\/\/topol.org.pl\/index.php?rest_route=\/wp\/v2\/types\/page"}],"author":[{"embeddable":true,"href":"https:\/\/topol.org.pl\/index.php?rest_route=\/wp\/v2\/users\/1"}],"replies":[{"embeddable":true,"href":"https:\/\/topol.org.pl\/index.php?rest_route=%2Fwp%2Fv2%2Fcomments&post=4583"}],"version-history":[{"count":8,"href":"https:\/\/topol.org.pl\/index.php?rest_route=\/wp\/v2\/pages\/4583\/revisions"}],"predecessor-version":[{"id":7322,"href":"https:\/\/topol.org.pl\/index.php?rest_route=\/wp\/v2\/pages\/4583\/revisions\/7322"}],"wp:attachment":[{"href":"https:\/\/topol.org.pl\/index.php?rest_route=%2Fwp%2Fv2%2Fmedia&parent=4583"}],"curies":[{"name":"wp","href":"https:\/\/api.w.org\/{rel}","templated":true}]}}