{"id":4608,"date":"2024-07-11T12:10:31","date_gmt":"2024-07-11T10:10:31","guid":{"rendered":"https:\/\/topol.org.pl\/?page_id=4608"},"modified":"2026-01-09T10:47:24","modified_gmt":"2026-01-09T09:47:24","slug":"dzis-81-rocznica","status":"publish","type":"page","link":"https:\/\/topol.org.pl\/?page_id=4608","title":{"rendered":"11 lipca 1943 r. Dzi\u015b 81. rocznica"},"content":{"rendered":"\n<p>11.07.2024 12.10 <a href=\"https:\/\/www.google.com\/search?q=Dzi%C5%9B+81.+rocznica&amp;oq=Dzi%C5%9B+81.+rocznica&amp;gs_lcrp=EgZjaHJvbWUyBggAEEUYOdIBCDEzNDJqMGoxqAIAsAIA&amp;sourceid=chrome&amp;ie=UTF-8\">Dzi\u015b 81. rocznica Rzezi Wo\u0142y\u0144skiej<\/a><\/p>\n\n\n\n<p><strong>11 lipca 1943 r. ukrai\u0144scy nacjonali\u015bci dokonali ataku na polskich mieszka\u0144c\u00f3w 150 miejscowo\u015bci na Wo\u0142yniu. W sumie w latach 1943-45 na Wo\u0142yniu, Podolu i w Galicji Wschodniej zgin\u0119\u0142o ok. 100 tys. Polak\u00f3w zamordowanych przez oddzia\u0142y Ukrai\u0144skiej Armii Powsta\u0144czej i miejscow\u0105 ludno\u015b\u0107 ukrai\u0144sk\u0105.<\/strong> <a href=\"https:\/\/rzeszow.tvp.pl\/79253429\/dzis-81-rocznica-rzezi-wolynskiej\">\u0179r\u00f3d\u0142o: (TV3 Rzesz\u00f3w)<\/a><\/p>\n\n\n\n<p>11 lipca 1943 r. Dzi\u015b 81. rocznica. Trzeba upami\u0119tni\u0107 zamordowanych Polak\u00f3w.<\/p>\n\n\n\n<p>Ekshumacja ko\u015bci naszych przodk\u00f3w.<br>W miejscowo\u015bci ludob\u00f3jstwa na Polakach pomnik.<br>Tablica z opisem zbrodni w j\u0119zyku polskim, ukrai\u0144skim, niemieckim, angielskim, rosyjskim, chi\u0144skim.<\/p>\n\n\n\n<p><a href=\"https:\/\/historia.dorzeczy.pl\/druga-wojna-swiatowa\/609969\/wolyn-rzez-wolynska-ludobojstwo-krwawa-niedziela-wspomnienia.html\">&#8222;Jak pragn\u0119 ci\u0119 jeszcze zobaczy\u0107&#8221;. Wo\u0142y\u0144. Wspomnienia z&nbsp;czas\u00f3w ludob\u00f3jstwa<\/a><\/p>\n\n\n\n<p>14.07.2024 <a href=\"https:\/\/www.youtube.com\/live\/y1RHPIRehnM\">Transmisja z ods\u0142oni\u0119cia pomnika &#8222;Rze\u017a Wo\u0142y\u0144ska&#8221; w Domostawie<\/a><\/p>\n\n\n\n<p>17.09.2024 <a href=\"https:\/\/www.youtube.com\/watch?v=tSYgWTUwahQ\">Ewa Zaj\u0105czkowska ostro o Ukrai\u0144cach w Parlamencie Europejskim!!<\/a><\/p>\n\n\n\n<p>18.12.2024 12.05 &#8222;Pogoda nie&nbsp;sprzyja\u0142a, premier nie&nbsp;mia\u0142 te\u017c czasu na&nbsp;spacer po&nbsp;Lwowie. A&nbsp;szkoda. M\u00f3g\u0142 na&nbsp;przyk\u0142ad przemierzy\u0107 jedn\u0105 z&nbsp;g\u0142\u00f3wnych ulic miasta \u2013&nbsp;reprezentacyjn\u0105 arteri\u0119 imienia Stepana Bandery. Tam zobaczy\u0107 wysok\u0105 na&nbsp;30 metr\u00f3w kolumnad\u0119 i&nbsp;pomnik Bandery, przedstawiaj\u0105cy go&nbsp;w&nbsp;lekko rozwianym p\u0142aszczu. Id\u0105c dalej m\u00f3g\u0142 dostrzec ulic\u0119 Jewhena Konowalca, za\u0142o\u017cyciela i&nbsp;pierwszego dow\u00f3dc\u0119 Organizacji Ukrai\u0144skich Nacjonalist\u00f3w (OUN), kt\u00f3ra odegra\u0142a kluczow\u0105 rol\u0119 w&nbsp;kszta\u0142towaniu ukrai\u0144skiego nacjonalizmu w&nbsp;XX wieku. W&nbsp;Polsce mi\u0119dzywojennej ta&nbsp;struktura prowadzi\u0142a krwaw\u0105 dzia\u0142alno\u015b\u0107 terrorystyczn\u0105. Rada Miejska Lwowa uzna\u0142a, \u017ce&nbsp;jedna ulica to&nbsp;za ma\u0142o zatem na&nbsp;terenie Politechniki Lwowskiej stanie pomnik godnie upami\u0119tniaj\u0105cy czyn zbrojny i&nbsp;dorobek intelektualny tego bojownika&#8221;-powiedzia\u0142 Leszek Miller: <a href=\"https:\/\/dorzeczy.pl\/opinie\/669861\/w-reakcji-na-slowa-tuska-miller-zalecil-mu-spacer-po-lwowie.html\">Szkoda, \u017ce&nbsp;premier Tusk nie&nbsp;mia\u0142 czasu na&nbsp;spacer po&nbsp;Lwowie<\/a> \u0179r\u00f3d\u0142o:&nbsp;X\/dorzeczy.pl<\/p>\n\n\n\n<p>18.12.2024 12.10 &#8222;Polska konstytucja zabrania promowania faszyzmu. Boj\u00f3wki UPA by\u0142y faszystowskie, wi\u0119c nie&nbsp;wiem, jak b\u0119d\u0105 chcieli to&nbsp;przeprowadzi\u0107, je\u015bli chc\u0105 upami\u0119tnia\u0107 faszyzm&#8221;-<a href=\"https:\/\/dorzeczy.pl\/plus\/antysystem\/669819\/cejrowski-jestesmy-frajerami-lisicki-pomniki-upa-w-zamian-za-ekshumacje.html\">m\u00f3wi\u0142 Wojciech Cejrowski<\/a>.<\/p>\n\n\n\n<p><strong>Bratanie si\u0119 z Ukrai\u0144cami doprowadzi do likwidacji Polski.<\/strong> <strong>Przej\u0119cia przez Ukrai\u0144c\u00f3w.<\/strong> <strong>To nienormalne co si\u0119 dzieje.<\/strong><\/p>\n\n\n\n<p>20.01.2025 12.19 &#8222;Polska idzie wobec Ukrainy na&nbsp;ust\u0119pstwa w&nbsp;sprawie&nbsp;renowacji ukrai\u0144skiego pomnika&nbsp;UPA na&nbsp;<a href=\"https:\/\/pl.wikipedia.org\/wiki\/Ukrai%C5%84ska_Powsta%C5%84cza_Armia\">Monastyrze<\/a>&#8222;\/ \u0179r\u00f3d\u0142o:&nbsp;<a href=\"https:\/\/youtu.be\/VTLPi7wY_J8?t=1651\">Tygodnik DoRzeczy<\/a>\/<a href=\"https:\/\/youtu.be\/VTLPi7wY_J8?t=1651\">YouTube<\/a><\/p>\n\n\n\n<p>&#8222;Na czym polega fundamentalny problem wynikaj\u0105cy z braku ekshumacji i upami\u0119tnienia ofiar . Bo gdyby Ukrai\u0144cy zgodzili si\u0119 na ekshumacj\u0119 i upami\u0119tnienie. To musieliby si\u0119 zgodzi\u0107 na wskazanie sprawc\u00f3w. Wskazuj\u0105c sprawc\u00f3w, musieliby przyzna\u0107, \u017ce znacz\u0105ca cz\u0119\u015b\u0107 banderowskiej ideologii na kt\u00f3rej opiera si\u0119 Ukraina z panem Ziele\u0144skim jest ideologi\u0105 ludob\u00f3jcz\u0105&#8221;<\/p>\n\n\n\n<p>05.02.2025 17.53 &#8222;<a href=\"https:\/\/dorzeczy.pl\/opinie\/686315\/ukraina-wroga-polsce-nowak-kola-rzadowe-podtrzymuja-narracje-upa.html\">Prof. Andrzej Nowak zarzuca elitom ukrai\u0144skim zar\u00f3wno, \u017ce&nbsp;postawi\u0142y na&nbsp;Berlin, jak i&nbsp;podtrzymywanie kultu morderc\u00f3w Polak\u00f3w<\/a>&#8222;. <\/p>\n\n\n\n<p>\u0179r\u00f3d\u0142o:&nbsp;Rymanowski Live\/<a href=\"https:\/\/dorzeczy.pl\/opinie\/686315\/ukraina-wroga-polsce-nowak-kola-rzadowe-podtrzymuja-narracje-upa.html\">DoRzeczy.pl<\/a><\/p>\n\n\n\n<p>16.03.2025 09.33 <a href=\"https:\/\/www.rp.pl\/plus-minus\/art41922961-miroslaw-czech-zadnych-gwarancji-na-gebe-ukraincy-nie-przyjma\">&#8222;\u017badnych gwarancji na \u201eg\u0119b\u0119\u201d Ukrai\u0144cy nie przyjm\u0105<\/a>&#8221; \u0179r\u00f3d\u0142o: rp.pl<\/p>\n\n\n\n<p>16.03.2025 09.33 <a href=\"https:\/\/nasze-slowo.pl\/banderivtsi-natsionalisti-i-fashisti\/\">\u201eBanderowcy, nacjonali\u015bci i faszy\u015bci\u201d \u2013 67 lat \u017cycia ze stygmatem<\/a> \u0179r\u00f3d\u0142o: \u00ab\u041d\u0430\u0448\u0435 \u0441\u043b\u043e\u0432\u043e\u00bb<\/p>\n\n\n\n<p>16.03.2025 09.36 Zwi\u0105zek Ukrai\u0144c\u00f3w w Polsce jest organizacj\u0105 ukrai\u0144skiej mniejszo\u015bci w Polsce. \u0179r\u00f3d\u0142o: <a href=\"https:\/\/ukraincy.org.pl\/\">ukraincy.org.pl<\/a><\/p>\n\n\n\n<p>16.03.2025 09.36 <strong>31.01.2025 07.22<\/strong>&nbsp;<a href=\"https:\/\/pl.wikipedia.org\/wiki\/Grody_Czerwie%C5%84skie\">Grody Czerwie\u0144skie<\/a>, to&nbsp;<em><a href=\"https:\/\/pl.wikipedia.org\/wiki\/Powie%C5%9B%C4%87_minionych_lat\">Powie\u015bci minionych lat<\/a><\/em>.<\/p>\n\n\n\n<figure class=\"wp-block-image size-full\"><img loading=\"lazy\" decoding=\"async\" width=\"840\" height=\"753\" src=\"https:\/\/topol.org.pl\/wp-content\/uploads\/2025\/01\/image.png\" alt=\"\" class=\"wp-image-8388\" srcset=\"https:\/\/topol.org.pl\/wp-content\/uploads\/2025\/01\/image.png 840w, https:\/\/topol.org.pl\/wp-content\/uploads\/2025\/01\/image-300x269.png 300w, https:\/\/topol.org.pl\/wp-content\/uploads\/2025\/01\/image-768x688.png 768w\" sizes=\"auto, (max-width: 840px) 100vw, 840px\" \/><\/figure>\n\n\n\n<p><strong>Musimy zachowa\u0107 granice tera\u017aniejszej Polski. <a href=\"https:\/\/dorzeczy.pl\/opinie\/703236\/o-cynizmie-w-polityce-zagranicznej-dwa-miliony-palestynczykow-do-afryki.html\">Prosz\u0119 poczyta\u0107 o Palestynie<\/a>. W <a href=\"https:\/\/pl.wikipedia.org\/wiki\/Akcja_%E2%80%9EWis%C5%82a%E2%80%9D\">akcji Wis\u0142a<\/a> Ukrai\u0144cy zostali przeniesieni na ziemie polskie.<\/strong> <strong><a href=\"https:\/\/sjp.pwn.pl\/sjp\/mariaz;2481344.html#google_vignette\">Maria\u017c<\/a> z Rosjanami, Anglosasami i Germanami zawsze jest niekorzystny i traci si\u0119 niepodleg\u0142o\u015b\u0107.<\/strong><\/p>\n\n\n\n<p>Verte &gt;<a href=\"https:\/\/topol.org.pl\/?page_id=6187\">Fundacja Narodowe Si\u0142y Samoobrony \u201eGrot\u201d<\/a><\/p>\n\n\n\n<p><\/p>\n","protected":false},"excerpt":{"rendered":"<p>11.07.2024 12.10 Dzi\u015b 81. rocznica Rzezi Wo\u0142y\u0144skiej 11 lipca 1943 r. ukrai\u0144scy nacjonali\u015bci dokonali ataku na polskich mieszka\u0144c\u00f3w 150 miejscowo\u015bci na Wo\u0142yniu. W sumie w latach 1943-45 na Wo\u0142yniu, Podolu i w Galicji Wschodniej zgin\u0119\u0142o ok. 100 tys. Polak\u00f3w zamordowanych przez oddzia\u0142y Ukrai\u0144skiej Armii Powsta\u0144czej i miejscow\u0105 ludno\u015b\u0107 ukrai\u0144sk\u0105. \u0179r\u00f3d\u0142o: (TV3 Rzesz\u00f3w) 11 lipca 1943 [&hellip;]<\/p>\n","protected":false},"author":1,"featured_media":0,"parent":0,"menu_order":155,"comment_status":"closed","ping_status":"closed","template":"","meta":{"footnotes":""},"class_list":["post-4608","page","type-page","status-publish","hentry"],"_links":{"self":[{"href":"https:\/\/topol.org.pl\/index.php?rest_route=\/wp\/v2\/pages\/4608","targetHints":{"allow":["GET"]}}],"collection":[{"href":"https:\/\/topol.org.pl\/index.php?rest_route=\/wp\/v2\/pages"}],"about":[{"href":"https:\/\/topol.org.pl\/index.php?rest_route=\/wp\/v2\/types\/page"}],"author":[{"embeddable":true,"href":"https:\/\/topol.org.pl\/index.php?rest_route=\/wp\/v2\/users\/1"}],"replies":[{"embeddable":true,"href":"https:\/\/topol.org.pl\/index.php?rest_route=%2Fwp%2Fv2%2Fcomments&post=4608"}],"version-history":[{"count":34,"href":"https:\/\/topol.org.pl\/index.php?rest_route=\/wp\/v2\/pages\/4608\/revisions"}],"predecessor-version":[{"id":10437,"href":"https:\/\/topol.org.pl\/index.php?rest_route=\/wp\/v2\/pages\/4608\/revisions\/10437"}],"wp:attachment":[{"href":"https:\/\/topol.org.pl\/index.php?rest_route=%2Fwp%2Fv2%2Fmedia&parent=4608"}],"curies":[{"name":"wp","href":"https:\/\/api.w.org\/{rel}","templated":true}]}}