{"id":4659,"date":"2024-07-14T15:21:28","date_gmt":"2024-07-14T13:21:28","guid":{"rendered":"https:\/\/topol.org.pl\/?page_id=4659"},"modified":"2026-01-09T10:47:46","modified_gmt":"2026-01-09T09:47:46","slug":"donald-trump-badzcie-silni-badzcie-silni","status":"publish","type":"page","link":"https:\/\/topol.org.pl\/?page_id=4659","title":{"rendered":"Donald Trump\u00a0\u2013 \u201eB\u0105d\u017acie silni, b\u0105d\u017acie silni\u201d"},"content":{"rendered":"\n<figure class=\"wp-block-embed is-type-rich is-provider-obs-uga-osadzania wp-block-embed-obs-uga-osadzania wp-embed-aspect-16-9 wp-has-aspect-ratio\"><div class=\"wp-block-embed__wrapper\">\n<iframe loading=\"lazy\" title=\"WATCH: Village People performs &#039;YMCA&#039; at Trump rally on eve of Inauguration Day\" width=\"500\" height=\"281\" src=\"https:\/\/www.youtube.com\/embed\/ptTc17stBkw?feature=oembed\" frameborder=\"0\" allow=\"accelerometer; autoplay; clipboard-write; encrypted-media; gyroscope; picture-in-picture; web-share\" referrerpolicy=\"strict-origin-when-cross-origin\" allowfullscreen><\/iframe>\n<\/div><\/figure>\n\n\n\n<p>20.01.2025 11.50 WATCH: Village People performs 'YMCA&#8217; at Trump rally on eve of Inauguration Day Zr\u00f3d\u0142o: <a href=\"https:\/\/www.youtube.com\/@PBSNewsHour\">PBSNewsHour<\/a> <a href=\"https:\/\/pl.wikipedia.org\/wiki\/Nadawca_publiczny\">Nadawca publiczny<\/a> \/<a href=\"https:\/\/www.youtube.com\/\">YouTube<\/a><\/p>\n\n\n\n<p><a href=\"https:\/\/www.google.com\/search?q=Donalda+Trumpa&amp;oq=Donalda+Trumpa&amp;gs_lcrp=EgZjaHJvbWUyBggAEEUYOdIBCDEwMTFqMGoxqAIAsAIA&amp;sourceid=chrome&amp;ie=UTF-8\">Zamach na Prezydenta<\/a>.<\/p>\n\n\n\n<p><strong><a href=\"https:\/\/www.nytimes.com\/video\/us\/politics\/100000009570525\/trump-assassination-attempt.html?t=51&amp;smid=pl-share\">Donald Trump<\/a>&nbsp;\u2013 \u201eB\u0105d\u017acie silni, b\u0105d\u017acie silni\u201d<\/strong><\/p>\n\n\n\n<p>&#8222;by\u0142 w&nbsp;stanie wystrzeli\u0107 wiele naboj\u00f3w z&nbsp;dachu, zanim snajper Secret Service odda\u0142 ogie\u0144, zabijaj\u0105c go&#8221;\u2013 <a href=\"https:\/\/dorzeczy.pl\/swiat\/611346\/zamachowiec-planowal-wiekszy-atak-w-aucie-urzadzenia-do-eksplozji.html\">czytamy.<\/a><\/p>\n\n\n\n<p><a href=\"https:\/\/www.youtube.com\/watch?v=YT-aUVTbBUw\">Grochmalski: Trump zosta\u0142 wystawiony na pewn\u0105 \u015bmier\u0107. Ten budynek, a\u017c si\u0119 prosi\u0142 o zabezpieczenie.<\/a><\/p>\n\n\n\n<p>01.01.2024 6.46 \u201eWr\u00f3g wewn\u0119trzny jest wi\u0119kszym zagro\u017ceniem dla tego kraju ni\u017c wr\u00f3g zewn\u0119trzny [\u2026], bo je\u015bli prezydent jest dobrym, solidnym, porz\u0105dnym cz\u0142owiekiem, nie b\u0119dziesz mia\u0142 problemu z Chinami, Rosj\u0105 czy innymi, ale wci\u0105\u017c b\u0119dziesz mia\u0142 problem z chorymi lud\u017ami wewn\u0105trz kraju\u201d <a href=\"https:\/\/www.msn.com\/pl-pl\/wiadomosci\/swiat\/trump-wskaza%C5%82-najwi%C4%99kszych-wrog%C3%B3w-usa-to-wcale-nie-rosja-i-chiny\/ar-AA1nWKEW?ocid=winp1taskbar&amp;cvid=b5ac9fc0275845b5952af27380240269&amp;ei=19\">\u0179r\u00f3d\u0142o: Radiozet.pl<\/a><\/p>\n\n\n\n<p>Skutki, odebranie mo\u017cliwo\u015bci posiadania broni w USA. Mo\u017cliwe rozruchy. Podzia\u0142. Totalna kontrola ludzi. Gro\u017ane oblicze mesjanizmu.<\/p>\n\n\n\n<p>13.08.2024 7.06 <a href=\"https:\/\/dorzeczy.pl\/swiat\/622366\/komisja-europejska-grozi-muskowi-przed-wywiadem-z-trumpem.html\">&#8222;W\u0142a\u015bciciel platformy X&nbsp;Elon Musk przeprowadzi wywiad&nbsp;na&nbsp;\u017cywo z&nbsp;kandydatem na&nbsp;prezydenta USA Donaldem Trumpem&#8221;<\/a> \u0179r\u00f3d\u0142o: Do Rzeczy<\/p>\n\n\n\n<p><a href=\"https:\/\/dorzeczy.pl\/swiat\/622610\/miliard-odslon-wywiadu-z-trumpem-musk-jest-droga-do-dobrobytu.html\">&#8222;Kieruj\u0119 to&nbsp;do&nbsp;ludzi, kt\u00f3rzy nale\u017c\u0105 do&nbsp;obozu umiarkowanego: uwa\u017cam, \u017ce&nbsp;powinni\u015bcie poprze\u0107 Donalda Trumpa w&nbsp;wyborach na&nbsp;prezydenta \u2013&nbsp;zako\u0144czy\u0142 Elon Musk&#8221;<\/a> \u0179r\u00f3d\u0142o: Do Rzeczy<\/p>\n\n\n\n<p>23.08.2024 17.56 &#8222;<a href=\"https:\/\/dorzeczy.pl\/opinie\/624873\/tajemnica-papierowej-karty-2-zakulisowe-kombinacje-w-stanie-georgia.html\">Tajemnica papierowej karty<\/a>&#8222;<\/p>\n\n\n\n<p>11.09.2024 19.20 <a href=\"https:\/\/www.youtube.com\/watch?v=YcZOYEyAwYo\">[Mocne] Haniebna DEBATA Prezydencka w USA! Donald Trump vs. Kamala Harris! Stronniczo\u015b\u0107 i K\u0142amstwa!<\/a> \u0179r\u00f3d\u0142o: (<a href=\"https:\/\/www.youtube.com\/@TomaszPiekielnik\">Tomasz Piekielnik<\/a>)<\/p>\n\n\n\n<p>06.10.2024 12.46 <a href=\"https:\/\/www.youtube.com\/watch?v=-8A6370AY1M\">Trump: Uderzcie w instalacje nuklearne, reszt\u0105 martwcie si\u0119 potem<\/a><\/p>\n\n\n\n<p><strong><a href=\"https:\/\/www.google.com\/search?q=Kamala&amp;oq=Kamala&amp;gs_lcrp=EgZjaHJvbWUyBggAEEUYOdIBCTI0NjFqMGoxNagCCLACAQ&amp;sourceid=chrome&amp;ie=UTF-8\">Kamala<\/a> ustawi\u0142a to krzes\u0142o, ale <a href=\"https:\/\/www.google.com\/search?q=Donald&amp;sca_esv=a5db118e05c2ad26&amp;ei=u3ICZ6L2IL-Fxc8PxuOR8QY&amp;ved=0ahUKEwjiv7jZ0fmIAxW_QvEDHcZxJG4Q4dUDCA8&amp;uact=5&amp;oq=Donald&amp;gs_lp=Egxnd3Mtd2l6LXNlcnAiBkRvbmFsZDINEC4YgAQYsQMYQxiKBTIKEC4YgAQYQxiKBTIIEC4YgAQYsQMyDRAuGIAEGLEDGEMYigUyDRAAGIAEGEMYxwMYigUyCBAAGIAEGLEDMgUQABiABDIFEAAYgAQyCxAAGIAEGLEDGIMBMgsQABiABBixAxiDATIcEC4YgAQYsQMYQxiKBRiXBRjcBBjeBBjfBNgBAUjMCVAAWABwAHgBkAEAmAGJAaABiQGqAQMwLjG4AQPIAQD4AQL4AQGYAgGgApcBmAMAugYGCAEQARgUkgcDMC4xoAeXFw&amp;sclient=gws-wiz-serp\">Donald<\/a> nie spad\u0142. Panie Donaldzie Polska nie da si\u0119 wci\u0105gn\u0105\u0107 do wojny. Popieram w d\u0105\u017ceniu do Prezydentury. Niech pan zako\u0144czy t\u0105 wojn\u0119 i lewackie ideologie. Zamiast budowa\u0107 mur strzelajcie z soli i kulami gumowymi, na tratwach puszczajcie na oceanie. Bo \u015bwiat b\u0119dzie podzielony na sektory. S\u0142owianie, czyli <a href=\"https:\/\/topol.org.pl\/?page_id=109\">Polacy<\/a> s\u0105 <a href=\"https:\/\/topol.org.pl\/?page_id=192\">przyja\u017anie nastawieni do s\u0105siad\u00f3w<\/a>. <a href=\"https:\/\/pl.wikipedia.org\/wiki\/J%C4%99zyki_lechickie\">M\u00f3wimy<\/a> tym samym j\u0119zykiem.<\/strong> <strong>Obrona \u017cycia jest naszym wsp\u00f3lnym obowi\u0105zkiem.<\/strong><\/p>\n\n\n\n<p>07.10.2024 13.12 <a href=\"https:\/\/dorzeczy.pl\/opinie\/640918\/nie-ma-lepszych-od-was-donald-trump-zwrocil-sie-do-polakow.html\">&#8222;Nie ma&nbsp;lepszych od&nbsp;was&#8221;. Trump zwr\u00f3ci\u0142 si\u0119 do&nbsp;Polak\u00f3w<\/a><\/p>\n\n\n\n<p><strong>08.10.2024 06.38 Polska sama b\u0119dzie decydowa\u0107 o polityce zagranicznej, o swoich zasobach, <a href=\"https:\/\/pl.wikipedia.org\/wiki\/Dywersyfikacja\">dywersyfikacji<\/a> i pochodzeniu paliw kopalnych. NATO jest sojuszem obronnym. Dlatego Polska nie planuje udzia\u0142u w wojnie napastniczej. Chcemy \u017cy\u0107 dobrze z s\u0105siadami. I utrzymywa\u0107 przyja\u017a\u0144 ze \u015awiatem. &#8222;Zielony \u0142ad&#8221; jest promowany przez ONZ dlatego nie przyst\u0105pimy do organizacji w tej formie. Zostaniemy obserwatorami ONZ. <a href=\"https:\/\/topol.org.pl\/?page_id=4164\">Polska jest neutralna<\/a>.<br>Nie nale\u017cymy do organizacji mi\u0119dzynarodowych. ONZ i WHO. Wsp\u00f3\u0142pracujemy z ONZ i uczestniczymy w niekt\u00f3rych dziedzinach jej aktywno\u015bci. Przestrzegamy \u201ePowszechn\u0105 deklaracj\u0119 praw cz\u0142owieka\u201d bo to prawa zwyczajowe. Nie realizujemy Agendy 2030 i cel\u00f3w zr\u00f3wnowa\u017conego rozwoju. Nale\u017cymy do strefy Schengen i Unii, traktat trzeba ratyfikowa\u0107 \u201eale te ich klimaty odpadaj\u0105\u201d. \u0179r\u00f3d\u0142o: <a href=\"https:\/\/topol.org.pl\/?page_id=47\">Fragment<\/a> <\/strong><\/p>\n\n\n\n<p><strong>Nie b\u0119dzie czwartej RP, tylko &#8222;Kr\u00f3lestwo Polskie&#8221;.<\/strong><\/p>\n\n\n\n<p><strong>Konstytucja 3 maja jest nieaktualna, na tronie Polskim mia\u0142 zasiada\u0107 kr\u00f3l z Niemieckiego rodu, protoplast\u0105 hrabia, Ka\u017cdy kr\u00f3l jest \u201eDux Poloniae\u201d* Tre\u015b\u0107 <a href=\"https:\/\/www.rp.pl\/polityka\/art41251811-jaroslaw-kaczynski-chce-nowej-konstytucji-obecna-zawiodla\">Konstytucji z 1997. akceptuj\u0119<\/a> mimo \u017ce referendum jest niewa\u017cne bo uczestniczy\u0142o 42,86% ludzi. Wa\u017cna jest konstytucja z 1935 roku po zaprzysi\u0119\u017ceniu prezydenta na uchod\u017astwie legalizuje* granice z 2 RP. Dlatego w dniu 11.10.2023 zaznaczam, \u017ce 2RP, PRL,3RP nie maj\u0105 ci\u0105g\u0142o\u015bci z Kr\u00f3lestwem (<em>Corona Regni Poloniae<\/em>). Wszystkie osoby-urz\u0119dnik\u00f3w Pa\u0144stwowych w Mojej Rzeczypospolitej Polskiej akceptuj\u0119. \u0179r\u00f3d\u0142o: <a href=\"https:\/\/topol.org.pl\/?page_id=47\">Fragment<\/a><\/strong><\/p>\n\n\n\n<p><strong>Jako \u201e<a href=\"https:\/\/topol.org.pl\/?page_id=4512\">Pa\u0144stwo Z\u0142otego \u015arodka<\/a>\u201d nie nale\u017cymy do \u017cadnych organizacji promuj\u0105cych wojn\u0119 i komunistyczn\u0105 utopi\u0119.<\/strong> <strong>Jedn\u0105 umow\u0119 jak\u0105 bym podpisa\u0142 jest <a href=\"https:\/\/topol.org.pl\/?page_id=3348\">OC na samoch\u00f3d<\/a>, wszystkie inne umowy s\u0105 na s\u0142owo honoru.<\/strong><\/p>\n\n\n\n<p>08.10.2024 16.32 <a href=\"https:\/\/www.youtube.com\/watch?v=kXX8MW7nO6M\">Donald Trump nie owija w bawe\u0142n\u0119: Mocne s\u0142owa i zaskakuj\u0105ce gesty w wywiadzie dla TV Republika!<\/a> Zr\u00f3d\u0142o: (Telewizja Republika)<\/p>\n\n\n\n<p>08.10.2024 17.08 <a href=\"https:\/\/www.youtube.com\/watch?v=9BFVl7VyiiU\">Po mojej wygranej w USA wr\u00f3ci normalno\u015b\u0107 &#8211; m\u00f3wi Trump w Republice<\/a> Zr\u00f3d\u0142o: (Telewizja Republika)<\/p>\n\n\n\n<p><strong>Wys\u0142ucha\u0142em co m\u00f3wi\u0142 Donald Trump dla TV Republika. Jestem zaniepokojony <a href=\"https:\/\/topol.org.pl\/?page_id=4164\">narracj\u0105 o inicjatywie Tr\u00f3jmorza<\/a>. Pchaj\u0105 nas do wojny. A PIS klaszcze. Panie Premierze niech pan uwa\u017ca. &#8222;<a href=\"https:\/\/dorzeczy.pl\/opinie\/641452\/premier-tusk-o-decyzji-prezydenta-ja-tego-nie-kwestionuje.html\">aby&nbsp;pan Prezydent wiedzia\u0142, co&nbsp;ma&nbsp;zaprezentowa\u0107 na&nbsp;spotkaniu w&nbsp;Ramstein<\/a>&#8222;. My to zawsze z deszczu pod rynn\u0119. <a href=\"https:\/\/www.youtube.com\/watch?v=E3YCTQ169kw\">Znowu m\u00f3wi\u0105, \u017ce jeste\u015bmy dzielni i gotowi do po\u015bwi\u0119ce\u0144<\/a>. O co im chodzi z tym gazem. Gaz mamy blisko i tanio z Rosji. Po co maj\u0105 przerabia\u0107 G\u00f3ry Skaliste na mia\u0142 w poszukiwaniu gazu.  W tym czasie Rosja jest na bagnecie Chin. Co to za polityka. IQ 60. Panie po\u015ble Grzegorzu, szykujemy ga\u015bnice na \u015awi\u0119ta Bo\u017cego Narodzenia. Ale dobrze niech wygra Donald Trump. Tylko nie b\u0119dzie tak jak my\u015bli.<\/strong><\/p>\n\n\n\n<p>17.12.2024 08.15 <a href=\"https:\/\/dorzeczy.pl\/opinie\/668788\/marka-brzezinski-usa-bronily-demokracji-w-polsce.html\">Brzezinski: USA odegra\u0142y kluczow\u0105 rol\u0119 dla&nbsp;obrony demokracji w&nbsp;Polsce w&nbsp;ostatnich latach<\/a> \u0179r\u00f3d\u0142o: (dorzeczy.pl)<\/p>\n\n\n\n<p>18.12.2024 19.26 <strong>Czyta\u0142em ksi\u0105\u017ck\u0119 o Zbigniewie Brzezi\u0144skim. Jego syn dobrze sprawowa\u0142 Urz\u0105d Ambasadora. Niech Pan Ambasador pami\u0119ta o Polsce. Jak zdecyduje Pan o pozostaniu, to b\u0119dzie dobry wyb\u00f3r.<\/strong> <strong>U nas b\u0119dzie spok\u00f3j.<\/strong> <strong>Nie planujemy wysy\u0142a\u0107 Polskiego Wojska na Ukrain\u0119.<\/strong> <strong>Pozdrawiam.<\/strong><\/p>\n\n\n\n<p>22.12.2024 08.59 Trump pomo\u017ce Ukrainie, ale&nbsp;chce, by&nbsp;NATO wydawa\u0142o na&nbsp;zbrojenia 5&nbsp;proc. \u0179r\u00f3d\u0142o: <a href=\"https:\/\/dorzeczy.pl\/swiat\/670925\/pomoc-usa-dla-ukrainy-trump-mial-zdecydowac-i-postawic-warunki.html\">dorzeczy.pl<\/a><\/p>\n\n\n\n<p>22.12.2024 13.54 &#8222;<a href=\"https:\/\/img.dorzeczy.pl\/img\/ft-zespol-trumpa-chce-wycofac-usa-z-who-w-dniu-inauguracji\/b0\/32\/92e28b518eee4b6de03dcc5fabfe.webp\">Pierwszego dnia urz\u0119dowania<\/a>&#8221; \u0179r\u00f3d\u0142o: <a href=\"https:\/\/dorzeczy.pl\/swiat\/671257\/ft-zespol-trumpa-chce-wycofac-usa-z-who-w-dniu-inauguracji.html\">dorzeczy.pl<\/a><\/p>\n\n\n\n<p>27.12.2024 08.30 <strong>Te wszystkie p\u0142oty na ca\u0142ym \u015bwiecie <a href=\"https:\/\/www.youtube.com\/watch?v=aaihuiT24Vg\">1<\/a>, <a href=\"https:\/\/www.youtube.com\/watch?v=vZTuJHda2os\">2<\/a>, <a href=\"https:\/\/www.youtube.com\/watch?v=8nij6dCgXcI\">3<\/a>, &#8230; i u nas na granicy? Normalnie getto.<\/strong><\/p>\n\n\n\n<p><strong>&#8222;<a href=\"https:\/\/dorzeczy.pl\/zdrowie\/671446\/traktat-pandemiczny-coraz-blizej-who-oglosila-kiedy-bedzie.html\">WHO chce sko\u0144czy\u0107 do&nbsp;maja 2025<\/a>&#8221; \u0179r\u00f3d\u0142o: dorzeczy.pl <\/strong><\/p>\n\n\n\n<p><strong>Jak b\u0119d\u0105 wybory i dobrze wybierzemy te\u017c sko\u0144czymy z WHO do maja.<\/strong><\/p>\n\n\n\n<p><strong>Nie nale\u017cymy do organizacji mi\u0119dzynarodowych. ONZ i WHO. Wsp\u00f3\u0142pracujemy z ONZ i uczestniczymy w niekt\u00f3rych dziedzinach jej aktywno\u015bci. Przestrzegamy \u201ePowszechn\u0105 deklaracj\u0119 praw cz\u0142owieka\u201d bo to prawa zwyczajowe. Nie realizujemy Agendy 2030 i cel\u00f3w zr\u00f3wnowa\u017conego rozwoju. Nale\u017cymy do strefy Schengen i Unii, traktat trzeba ratyfikowa\u0107 \u201eale te ich klimaty odpadaj\u0105\u201d.<\/strong> <strong>\u0179r\u00f3d\u0142o: <a href=\"https:\/\/topol.org.pl\/?page_id=47\">Fragment<\/a><\/strong><\/p>\n\n\n\n<p>29.12.2024 17.25 &#8222;Je\u015bli zasady moralne i&nbsp;prawne tego wspania\u0142omy\u015blnego gestu darowizny nie&nbsp;b\u0119d\u0105 przestrzegane, za\u017c\u0105damy, aby&nbsp;Kana\u0142 Panamski zosta\u0142 nam zwr\u00f3cony w&nbsp;ca\u0142o\u015bci i&nbsp;bez zadawania pyta\u0144&#8221; \u2013&nbsp;napisa\u0142 prezydent elekt na&nbsp;platformie Truth Social \u0179r\u00f3d\u0142o:&nbsp;The Hill \/ Fox News \/ AFP \/ Truth Social\/<a href=\"https:\/\/dorzeczy.pl\/opinie\/672913\/napiecie-wokol-kanalu-panamskiego-trump-wskazuje-na-chiny.html\">DoRzeczy.pl<\/a><\/p>\n\n\n\n<p>29.12.2024 17.28 Wielu Kanadyjczyk\u00f3w chce, by&nbsp;Kanada sta\u0142a si\u0119 51. stanem Ameryki, my\u015bl\u0119 \u017ce&nbsp;to&nbsp;\u015bwietny pomys\u0142 \u2013&nbsp;stwierdzi\u0142 Donald Trump. \u0179r\u00f3d\u0142o:&nbsp;Politico\/<a href=\"https:\/\/dorzeczy.pl\/opinie\/670099\/donald-trump-kanada-51-stanem-usa-swietny-pomysl.html\">DoRzeczy.pl<\/a><\/p>\n\n\n\n<p>29.12.2024 17.30 &#8222;W&nbsp;celu zapewnienia bezpiecze\u0144stwa narodowego i&nbsp;wolno\u015bci na&nbsp;ca\u0142ym \u015bwiecie Stany Zjednoczone Ameryki uwa\u017caj\u0105, \u017ce&nbsp;posiadanie i&nbsp;kontrola nad Grenlandi\u0105 s\u0105 absolutn\u0105 konieczno\u015bci\u0105&#8221; \u2013&nbsp;napisa\u0142 ameryka\u0144ski prezydent elekt na&nbsp;portalu Truth Social. \u0179r\u00f3d\u0142o:&nbsp;Polsat News&nbsp;\/&nbsp;<a href=\"https:\/\/dorzeczy.pl\/swiat\/671686\/trump-chce-grenlandii-egede-nie-jestesmy-na-sprzedaz.html\">DoRzeczy.pl<\/a><\/p>\n\n\n\n<p>29.12.2024 Czy POLSKA zyska na powrocie TRUMPA do w\u0142adzy? Nowy porz\u0105dek \u015bwiata \u2013 Micha\u0142 Krupa \u0179r\u00f3d\u0142o: (<a href=\"https:\/\/www.youtube.com\/watch?v=lmM1O8uaHlw\">Grzegorz Kusz<\/a>)<\/p>\n\n\n\n<p><strong>&amp; 1 Spotkamy si\u0119 nied\u0142ugo na moim zamku i zignorujemy MTK.<\/strong> <strong>\u0179r\u00f3d\u0142o: <a href=\"https:\/\/www.youtube.com\/watch?v=lmM1O8uaHlw\">Fragment<\/a><\/strong><\/p>\n\n\n\n<p><strong>&amp; 19<\/strong>&nbsp;<strong>Polska b\u0119dzie prowadzi\u0142a samodzieln\u0105 polityk\u0119 zagraniczn\u0105 i polityk\u0119 bezpiecze\u0144stwa.<\/strong> <strong>\u0179r\u00f3d\u0142o: <a href=\"https:\/\/www.youtube.com\/watch?v=lmM1O8uaHlw\">Fragment<\/a><\/strong><\/p>\n\n\n\n<p>30.12.2024 20.12 <a href=\"http:\/\/Przestrzegam przed Trumpem, jako nadziej\u0105 dla Polski! Wielki sukces Polonii Ameryka\u0144skiej!\">Przestrzegam przed Trumpem, jako nadziej\u0105 dla Polski! Wielki sukces Polonii Ameryka\u0144skiej!<\/a> <a href=\"https:\/\/www.facebook.com\/edward.jesman\/?locale=pl_PL\">W.Je\u015bman<\/a> \u0179r\u00f3d\u0142o: (<a href=\"https:\/\/www.youtube.com\/@tygodnikDoRzeczy\">Tygodnik DoRzeczy<\/a>)<\/p>\n\n\n\n<p>28.01.2025 17.33 &#8222;Od&nbsp;1998&nbsp;r. jest profesorem Texas A&amp;M University&#8221;.<\/p>\n\n\n\n<p>&#8222;Profesor J. Mazurkiewicz wdro\u017cy\u0142 ponad 150 innowacji rolniczych. Opracowa\u0142 20 publikacji zwartych oraz&nbsp;50 raport\u00f3w technicznych do&nbsp;bezpo\u015bredniego zastosowania w&nbsp;praktyce rolniczej. Dotyczy\u0142y one m.in. uprawy bawe\u0142ny, kukurydzy, pszenicy, sorga i&nbsp;ro\u015blin paszowych, ochrony ro\u015blin, hodowli byd\u0142a, weterynarii, \u017cywienia zwierz\u0105t, rybactwa, \u0142owiectwa i&nbsp;gospodarki le\u015bnej. W&nbsp;ostatnich latach zainicjowa\u0142 w&nbsp;Polsce hodowl\u0119 byd\u0142a ameryka\u0144skiej rasy Angus, dostarczaj\u0105c embriony najwy\u017cszej jako\u015bci krzy\u017c\u00f3wek genetycznych tej rasy&#8221;<\/p>\n\n\n\n<p>\u0179r\u00f3d\u0142o: <a href=\"https:\/\/dorzeczy.pl\/kraj\/683110\/media-jim-mazurkiewicz-nowym-ambasadorem-usa-w-polsce.html\">RMF 24&nbsp;\/&nbsp;SGGW\/DoRzeczy.pl<\/a><\/p>\n\n\n\n<p>30.01.2025 11.59 <a href=\"https:\/\/www.youtube.com\/watch?v=ZdMZ8p5tJ8M\">Prof. Jim Mazurkiewicz &#8211; ambasador polsko-ameryka\u0144skich spraw.O biznesie, wsp\u00f3\u0142pracy i Polonii w USA<\/a> \u0179r\u00f3d\u0142o: <a href=\"https:\/\/www.youtube.com\/c\/Uk%C5%82adotwartyIgorJanke\">Uk\u0142ad otwarty<\/a><\/p>\n\n\n\n<p>07.02.2025 06.20 &#8222;nadchodzi czas decyzji przed wyborami prezydenckimi w&nbsp;Polsce, czy&nbsp;Polska chce zbli\u017cy\u0107 si\u0119 do&nbsp;centrum w\u0142adz w&nbsp;Unii Europejskiej, (\u2026) czy&nbsp;mo\u017ce <a href=\"https:\/\/dorzeczy.pl\/kraj\/686956\/trump-zdecydowal-byly-szef-jerusalem-post-ambasadorem-w-polsce.html\">Polska chce pozosta\u0107 dumnym, suwerennym krajem<\/a>, kt\u00f3ry spe\u0142nia swoje zobowi\u0105zania sojusznicze&#8221; \u0179r\u00f3d\u0142o:&nbsp;X&nbsp;\/&nbsp;Onet\/wPolsce24\/<a href=\"https:\/\/dorzeczy.pl\/kraj\/686956\/trump-zdecydowal-byly-szef-jerusalem-post-ambasadorem-w-polsce.html\">DoRzeczy.pl<\/a><\/p>\n\n\n\n<p><strong><a href=\"https:\/\/www.sggw.edu.pl\/prof-dr-jimmy-mazurkiewicz-z-texas-am-university-doktorem-honoris-causa-sggw\/\">Prof. dr Jimmy Mazurkiewicz z Texas A&amp;M University<\/a><\/strong> \u0179r\u00f3d\u0142o: sggw.edu.pl<\/p>\n\n\n\n<p><strong>Prof. dr Jimmy Mazurkiewicz z Texas A&amp;M University, to kandydat na ambasadora w Polsce.<\/strong> <strong>Profesor \u015bwietnie m\u00f3wi po polsku.<\/strong><\/p>\n\n\n\n<p><strong>&amp; 19<\/strong>&nbsp;<strong>Polska b\u0119dzie prowadzi\u0142a samodzieln\u0105 polityk\u0119 zagraniczn\u0105 i polityk\u0119 bezpiecze\u0144stwa.<\/strong> <strong>\u0179r\u00f3d\u0142o: <a href=\"https:\/\/www.youtube.com\/watch?v=lmM1O8uaHlw\">Fragment<\/a><\/strong><\/p>\n\n\n\n<p>08.02.2025 07.58 Nowy ambasador<\/p>\n\n\n\n<p>W pi\u0105tek prezydent USA Donald Trump Thomasa Rose&#8217;a na&nbsp;stanowisko ambasadora USA w&nbsp;Polsce.<\/p>\n\n\n\n<p>Pete Hegseth zosta\u0142 nowym sekretarzem obrony USA.<\/p>\n\n\n\n<p>Zadba o&nbsp;to, aby&nbsp;nasze interesy by\u0142y reprezentowane w&nbsp;Polsce i&nbsp;zawsze stawia\u0142 Ameryk\u0119 na&nbsp;pierwszym miejscu&#8221; \u2013&nbsp;napisa\u0142 Donald Trump. \u0179r\u00f3d\u0142o: <a href=\"https:\/\/dorzeczy.pl\/kraj\/687403\/w-przyszlym-tygodniu-polske-odwiedzi-sekretarz-obrony-usa.html\">X\/DoRzeczy.pl<\/a><\/p>\n\n\n\n<p><strong>Kandydaci nie m\u00f3wi\u0105 po polsku. &#8222;<a href=\"https:\/\/www.facebook.com\/PO.Dolny.Slask\/videos\/narodowe-interesy-polski\/914261630161270\/\">Narodowe interesy Polski<\/a>&#8221; zawsze stawiam <a href=\"https:\/\/dorzeczy.pl\/plus\/antysystem\/687475\/cejrowski-w-usa-masoni-nie-znikneli-lisicki-nawet-biden-dolaczyl.html\">na pierwszym miejscu<\/a>.<\/strong><\/p>\n\n\n\n<p>14.03.2025 19.37 &#8222;<a href=\"https:\/\/dorzeczy.pl\/opinie\/702822\/onz-usa-wycofuja-sie-z-realizacji-celow-agendy-2030.html\">Przedstawiciele ameryka\u0144skiej administracji przy ONZ oficjalnie zrezygnowali z\u00a0realizacji cel\u00f3w Agendy 2030<\/a>&#8221; \u0179r\u00f3d\u0142o: DoRzeczy.pl<\/p>\n\n\n\n<p>Verte &gt;<a href=\"https:\/\/topol.org.pl\/?page_id=6187\">Fundacja Narodowe Si\u0142y Samoobrony \u201eGrot\u201d<\/a><\/p>\n\n\n\n<p><\/p>\n","protected":false},"excerpt":{"rendered":"<p>20.01.2025 11.50 WATCH: Village People performs 'YMCA&#8217; at Trump rally on eve of Inauguration Day Zr\u00f3d\u0142o: PBSNewsHour Nadawca publiczny \/YouTube Zamach na Prezydenta. Donald Trump&nbsp;\u2013 \u201eB\u0105d\u017acie silni, b\u0105d\u017acie silni\u201d &#8222;by\u0142 w&nbsp;stanie wystrzeli\u0107 wiele naboj\u00f3w z&nbsp;dachu, zanim snajper Secret Service odda\u0142 ogie\u0144, zabijaj\u0105c go&#8221;\u2013 czytamy. Grochmalski: Trump zosta\u0142 wystawiony na pewn\u0105 \u015bmier\u0107. Ten budynek, a\u017c si\u0119 [&hellip;]<\/p>\n","protected":false},"author":1,"featured_media":0,"parent":0,"menu_order":157,"comment_status":"closed","ping_status":"closed","template":"","meta":{"footnotes":""},"class_list":["post-4659","page","type-page","status-publish","hentry"],"_links":{"self":[{"href":"https:\/\/topol.org.pl\/index.php?rest_route=\/wp\/v2\/pages\/4659","targetHints":{"allow":["GET"]}}],"collection":[{"href":"https:\/\/topol.org.pl\/index.php?rest_route=\/wp\/v2\/pages"}],"about":[{"href":"https:\/\/topol.org.pl\/index.php?rest_route=\/wp\/v2\/types\/page"}],"author":[{"embeddable":true,"href":"https:\/\/topol.org.pl\/index.php?rest_route=\/wp\/v2\/users\/1"}],"replies":[{"embeddable":true,"href":"https:\/\/topol.org.pl\/index.php?rest_route=%2Fwp%2Fv2%2Fcomments&post=4659"}],"version-history":[{"count":79,"href":"https:\/\/topol.org.pl\/index.php?rest_route=\/wp\/v2\/pages\/4659\/revisions"}],"predecessor-version":[{"id":10397,"href":"https:\/\/topol.org.pl\/index.php?rest_route=\/wp\/v2\/pages\/4659\/revisions\/10397"}],"wp:attachment":[{"href":"https:\/\/topol.org.pl\/index.php?rest_route=%2Fwp%2Fv2%2Fmedia&parent=4659"}],"curies":[{"name":"wp","href":"https:\/\/api.w.org\/{rel}","templated":true}]}}