{"id":4676,"date":"2024-07-16T17:15:21","date_gmt":"2024-07-16T15:15:21","guid":{"rendered":"https:\/\/topol.org.pl\/?page_id=4676"},"modified":"2026-01-09T10:46:22","modified_gmt":"2026-01-09T09:46:22","slug":"jestesmy-narodem-od-tysiaca-lat","status":"publish","type":"page","link":"https:\/\/topol.org.pl\/?page_id=4676","title":{"rendered":"Jeste\u015bmy narodem od tysi\u0105ca lat"},"content":{"rendered":"\n<p>16.07.2024 17.15 <a href=\"https:\/\/www.youtube.com\/watch?v=LYtVz939NhE\">Prof. Andrzej Nowak: Jeste\u015bmy narodem od tysi\u0105ca lat<\/a><\/p>\n\n\n\n<p>16.07.2024 20.40 <a href=\"https:\/\/www.youtube.com\/watch?v=XZQVDjob1UA\">Prof. Andrzej Nowak ostro o polityce Tuska wobec Rosji.<\/a><\/p>\n\n\n\n<p>&#8222;Wi\u0119cej Europy a mniej posowieckiego wschodu&#8221;-cytat z wyk\u0142adu. Prof. Andrzej Nowak.<br><strong>Chc\u0119, \u017ceby by\u0142o mniej Europy i mniej posowieckiego wschodu.<\/strong> <strong>Teraz mamy &#8222;z deszczu pod rynn\u0119&#8221;.<\/strong> Ale tylko mi si\u0119 tak wydaje. Wszyscy id\u0105 w zaparte. By\u0142o si\u0119 zbroi\u0107 utrzymywa\u0107 siln\u0105 armi\u0119, i pob\u00f3r do wojska. Nie likwidowa\u0107 przemys\u0142u, nie sprowadza\u0107 korporacji. By\u0142o by biedniej ale Polska suwerenna i niepodleg\u0142a. Mamy tak jak chcia\u0142a w\u0142adza a ludzie jak to ludzie nie rozumiej\u0105 niczego chc\u0105 by\u0107 Europejczykami, mie\u0107 otwarte granice, \u017cy\u0107 na kredyt je\u017adzi\u0107 na wczasy i za t\u0105 wolno\u015b\u0107 sprzedali Polsk\u0119. Strajkowali w latach 80 latami. Musia\u0142em za\u0142o\u017cy\u0107 dzia\u0142alno\u015b\u0107 gospodarcz\u0105 albo te\u017c strajkowa\u0107 z nimi. Wspominam Andrzeja Leppera. Z Bia\u0142orusi\u0105 i Ukrain\u0105 by\u0142o prowadzi\u0107 dialog. Od majdanu wszystko si\u0119 skomplikowa\u0142o. To nie s\u0105 czasy Jagiellon\u00f3w. To osobne pa\u0144stwa i tak niech zostanie. Nie wciskajcie nam, \u017ce stanowimy jedno\u015b\u0107 bo stracimy Polsk\u0119.<\/p>\n\n\n\n<p>25.07.2024 18.54 <a href=\"https:\/\/www.youtube.com\/watch?v=q2Dt3MGiFz8\">B\u0104D\u0179MY DUMNI Z POLSKI! MUSIMY O TYM PAMI\u0118TA\u0106<\/a><\/p>\n\n\n\n<p>07.10.2024 18.15 <a href=\"https:\/\/www.youtube.com\/watch?v=WFasp4RIDzI\">Fa\u0142szywo\u015b\u0107 mitu wielonarodowej I Rzeczpospolitej<\/a> \u0179r\u00f3d\u0142o: (<a href=\"https:\/\/www.youtube.com\/@RobertArturWinnicki\">Robert Winnicki<\/a>)<\/p>\n\n\n\n<p><strong><a href=\"https:\/\/topol.org.pl\/?page_id=4164\">Ka\u017cdy z tych narod\u00f3w: Polski, Bia\u0142oruski, Ukrai\u0144ski i Litewski chce mie\u0107 swoje pa\u0144stwo narodowe.<\/a><\/strong> <strong>Mit Jagiello\u0144ski jest obcy dla tych narod\u00f3w i wrogi.<\/strong><\/p>\n\n\n\n<p><a href=\"https:\/\/www.youtube.com\/watch?v=e2kPEcMpPTc\"><\/a>07.10.2024 21:33 <a href=\"https:\/\/www.youtube.com\/watch?v=11csyfqrLwI\">CZYM BY\u0141A RZECZPOSPOLITA OBOJGA NAROD\u00d3W?<\/a> \u0179r\u00f3d\u0142o: (<a href=\"https:\/\/www.youtube.com\/@KurierHistoryczny\">Kurier Historyczny<\/a>)<\/p>\n\n\n\n<p>08.10.2024 17.01 <a href=\"https:\/\/www.youtube.com\/watch?v=30_VAfx0_u8\">PROF. ANDRZEJ NOWAK: SK\u0104D NASZ R\u00d3D &#8211; O POCHODZENIU POLAK\u00d3W<\/a>  \u0179r\u00f3d\u0142o: (<a href=\"https:\/\/www.youtube.com\/watch?v=30_VAfx0_u8\">Wydawnictwo Bia\u0142y Kruk<\/a>)<\/p>\n\n\n\n<p>&#8222;To\u017csamo\u015b\u0107 jest matk\u0105 spo\u0142ecze\u0144stwa, wsp\u00f3lnoty. Pami\u0119\u0107 wsp\u00f3lnoty tworzy to\u017csamo\u015b\u0107. Pami\u0119\u0107 jest tajemnic\u0105 w\u0142adzy. Czy dzi\u015b nasze prawo rz\u0105dnego oporu wobec niegodnej w\u0142adzy nie wo\u0142a o lekcj\u0119 historii, czy dzi\u015b ten pocz\u0105tek, kt\u00f3ry mistrz Wincenty wskaza\u0142 dla Polski w akcie wyboru nie wymaga by\u015bmy ten akt wyboru z obywatelsk\u0105 odpowiedzialno\u015bci\u0105 jako Lechici wolni Lechici wykonali i niegodn\u0105 w\u0142adz\u0119 odsun\u0119li&#8221;.<\/p>\n\n\n\n<p><a href=\"https:\/\/pl.wikipedia.org\/wiki\/Julian_Ursyn_Niemcewicz\">Julian Ursyn Niemcewicz<\/a> postrzega\u0142&nbsp;<a href=\"https:\/\/pl.wikipedia.org\/wiki\/Wielkie_Ksi%C4%99stwo_Litewskie\">Wielkie Ksi\u0119stwo Litewskie<\/a>, z kt\u00f3rego pochodzi\u0142, jako nierozerwaln\u0105 cz\u0119\u015b\u0107 pa\u0144stwa polskiego. Taki punkt widzenia przekazywa\u0142 w swojej tw\u00f3rczo\u015bci, wp\u0142ywaj\u0105c na kszta\u0142towanie si\u0119 w kolejnych pokoleniach Polak\u00f3w romantycznej wizji \u201e<a href=\"https:\/\/pl.wikipedia.org\/wiki\/Kresy_Wschodnie\">Kres\u00f3w<\/a>\u201d, b\u0119d\u0105cych cz\u0119\u015bci\u0105 Polski.&nbsp;<a href=\"https:\/\/pl.wikipedia.org\/wiki\/Jan_Stanis%C5%82aw_Bystro%C5%84\">Jan Stanis\u0142aw Bystro\u0144<\/a>&nbsp;pisa\u0142 o nim, \u017ce traktowa\u0142&nbsp;<em>Polsk\u0119 jako ca\u0142o\u015b\u0107, w granicach przedrozbiorowych, (\u2026) z niczego nie rezygnowa\u0142, je\u017adzi\u0142 na&nbsp;<a href=\"https:\/\/pl.wikipedia.org\/wiki\/Ukraina_(Naddnieprze)\">Ukrain\u0119<\/a>, na Litw\u0119, na&nbsp;<a href=\"https:\/\/pl.wikipedia.org\/wiki\/Pomorze\">Pomorze<\/a>, na&nbsp;<a href=\"https:\/\/pl.wikipedia.org\/wiki\/Ru%C5%9B_Czerwona\">Ru\u015b Czerwon\u0105<\/a>&nbsp;jako na ziemie polskie i budzi\u0142 w szerokich sferach czytelnik\u00f3w przekonanie, \u017ce granice&nbsp;<a href=\"https:\/\/pl.wikipedia.org\/wiki\/Kr%C3%B3lestwo_Polskie_(kongresowe)\">Kr\u00f3lestwa Kongresowego<\/a>&nbsp;nie s\u0105 granicami Polski. Niezno\u015bny staruszek (\u2026) ca\u0142e \u017cycie pozostawa\u0142 obywatelem ca\u0142ej niepodzielnej i niepodleg\u0142ej Polski<\/em><\/p>\n\n\n\n<p><strong>Julian Ursyn Niemcewicz, to inne czasy. My mamy Polsk\u0119 tylko dla nas. Ukrai\u0144cy i Bia\u0142orusini to oddzielne narody. Ich ekspansja na ziemie Polskie jest dla nas niepo\u017c\u0105dana i niebezpieczna. Nasza ekspansja na ich teren r\u00f3wnie\u017c.<\/strong> <strong>Mieli\u015bmy wsp\u00f3lnego kr\u00f3la.<\/strong> <strong>To by\u0142o bardzo dawno temu.<\/strong><\/p>\n\n\n\n<p><a href=\"https:\/\/www.youtube.com\/watch?v=0PZHba5RNI8\"><strong>Musimy nawi\u0105za\u0107 normalne relacje z Bia\u0142orusi\u0105.<\/strong> <strong>Zach\u0119cam do tego<\/strong>.<\/a><\/p>\n\n\n\n<p>01.01.2025 13.13 <strong><a href=\"https:\/\/pl.wikipedia.org\/wiki\/Prawo_Polski_protofeudalnej\">Prawo Polski<\/a><\/strong>\u00a0(<a href=\"https:\/\/pl.wikipedia.org\/wiki\/%C5%81acina\">\u0142ac.<\/a>\u00a0<em>iure polonico<\/em>) \u2013 tradycyjne, lokalne\u00a0<a href=\"https:\/\/pl.wikipedia.org\/wiki\/Prawo\">prawo<\/a>\u00a0s\u0142owia\u0144skie wywodz\u0105ce si\u0119 jeszcze ze wsp\u00f3lnotowego okresu\u00a0<a href=\"https:\/\/pl.wikipedia.org\/wiki\/Plemiona_polskie\">plemiennego<\/a>\u00a0i dzia\u0142aj\u0105ce przy niewielkim\u00a0<a href=\"https:\/\/pl.wikipedia.org\/wiki\/Zr%C3%B3%C5%BCnicowanie_spo%C5%82eczne\">zr\u00f3\u017cnicowaniu spo\u0142ecznym<\/a>. \u0179r\u00f3d\u0142o: Wikipedia<\/p>\n\n\n\n<p>Verte &gt;<a href=\"https:\/\/topol.org.pl\/?page_id=6187\">Fundacja Narodowe Si\u0142y Samoobrony \u201eGrot\u201d<\/a><\/p>\n\n\n\n<p><\/p>\n","protected":false},"excerpt":{"rendered":"<p>16.07.2024 17.15 Prof. Andrzej Nowak: Jeste\u015bmy narodem od tysi\u0105ca lat 16.07.2024 20.40 Prof. Andrzej Nowak ostro o polityce Tuska wobec Rosji. &#8222;Wi\u0119cej Europy a mniej posowieckiego wschodu&#8221;-cytat z wyk\u0142adu. Prof. Andrzej Nowak.Chc\u0119, \u017ceby by\u0142o mniej Europy i mniej posowieckiego wschodu. Teraz mamy &#8222;z deszczu pod rynn\u0119&#8221;. Ale tylko mi si\u0119 tak wydaje. Wszyscy id\u0105 w [&hellip;]<\/p>\n","protected":false},"author":1,"featured_media":0,"parent":0,"menu_order":147,"comment_status":"closed","ping_status":"closed","template":"","meta":{"footnotes":""},"class_list":["post-4676","page","type-page","status-publish","hentry"],"_links":{"self":[{"href":"https:\/\/topol.org.pl\/index.php?rest_route=\/wp\/v2\/pages\/4676","targetHints":{"allow":["GET"]}}],"collection":[{"href":"https:\/\/topol.org.pl\/index.php?rest_route=\/wp\/v2\/pages"}],"about":[{"href":"https:\/\/topol.org.pl\/index.php?rest_route=\/wp\/v2\/types\/page"}],"author":[{"embeddable":true,"href":"https:\/\/topol.org.pl\/index.php?rest_route=\/wp\/v2\/users\/1"}],"replies":[{"embeddable":true,"href":"https:\/\/topol.org.pl\/index.php?rest_route=%2Fwp%2Fv2%2Fcomments&post=4676"}],"version-history":[{"count":25,"href":"https:\/\/topol.org.pl\/index.php?rest_route=\/wp\/v2\/pages\/4676\/revisions"}],"predecessor-version":[{"id":8256,"href":"https:\/\/topol.org.pl\/index.php?rest_route=\/wp\/v2\/pages\/4676\/revisions\/8256"}],"wp:attachment":[{"href":"https:\/\/topol.org.pl\/index.php?rest_route=%2Fwp%2Fv2%2Fmedia&parent=4676"}],"curies":[{"name":"wp","href":"https:\/\/api.w.org\/{rel}","templated":true}]}}