{"id":4683,"date":"2024-07-17T07:10:44","date_gmt":"2024-07-17T05:10:44","guid":{"rendered":"https:\/\/topol.org.pl\/?page_id=4683"},"modified":"2026-01-09T10:48:27","modified_gmt":"2026-01-09T09:48:27","slug":"deklaracja-terezinska","status":"publish","type":"page","link":"https:\/\/topol.org.pl\/?page_id=4683","title":{"rendered":"Deklaracja terezi\u0144ska"},"content":{"rendered":"\n<p>17.07.2024 07.21 <a href=\"https:\/\/pl.wikipedia.org\/wiki\/Deklaracja_terezi%C5%84ska\">Deklaracja terezi\u0144ska<\/a><\/p>\n\n\n\n<figure class=\"wp-block-table\"><table class=\"has-fixed-layout\"><tbody><tr><th>Rodzaj aktu<\/th><td>akt prawa&nbsp;mi\u0119dzynarodowego w kategorii&nbsp;<em><a href=\"https:\/\/pl.wikipedia.org\/wiki\/Mi%C4%99kkie_prawo\">soft law<\/a><\/em><\/td><\/tr><\/tbody><\/table><\/figure>\n\n\n\n<p>W Sejmie trzeba przyj\u0105\u0107 ustaw\u0119, \u017ce Deklaracja terezi\u0144ska nie jest prawnie wi\u0105\u017c\u0105ca.<\/p>\n\n\n\n<p>i<\/p>\n\n\n\n<p>&#8222;<a href=\"https:\/\/dorzeczy.pl\/opinie\/612213\/sikorski-poruszyl-temat-zydowskich-roszczen-przypomnial-umowe-z-usa.html\">pa\u0144stwo polskie ju\u017c w&nbsp;1960 roku rozwi\u0105za\u0142o te&nbsp;kwestie na&nbsp;poziomie bilateralnej umowy<\/a>&#8221; Zaznaczy\u0107, \u017ce mienie bezspadkowe przesz\u0142o na skarb pa\u0144stwa. To Pa\u0144stwo dziedziczy po swoich obywatelach &#8222;Polskich \u017bydach&#8221; je\u015bli nie ma spadkobierc\u00f3w. To wystarczy. Jeszcze trzeba doda\u0107, \u017ce:<\/p>\n\n\n\n<p>To jest pr\u00f3ba wy\u0142udzenia nienale\u017cnych odszkodowa\u0144 od Polski.<\/p>\n\n\n\n<p>Zadanie przygotowania jednorazowego raportu oceniaj\u0105cego post\u0119py realizacji deklaracji nak\u0142ada na Departament Stanu ameryka\u0144ska&nbsp;<a href=\"https:\/\/pl.wikipedia.org\/wiki\/Ustawa_JUST\">ustawa JUST<\/a>&nbsp;(tzw. ustawa 447). To tylko raport, nic nie nakazuje.<\/p>\n\n\n\n<p>Verte ><a href=\"https:\/\/topol.org.pl\/?page_id=6187\">Fundacja Narodowe Si\u0142y Samoobrony \u201eGrot\u201d<\/a><\/p>\n","protected":false},"excerpt":{"rendered":"<p>17.07.2024 07.21 Deklaracja terezi\u0144ska Rodzaj aktu akt prawa&nbsp;mi\u0119dzynarodowego w kategorii&nbsp;soft law W Sejmie trzeba przyj\u0105\u0107 ustaw\u0119, \u017ce Deklaracja terezi\u0144ska nie jest prawnie wi\u0105\u017c\u0105ca. i &#8222;pa\u0144stwo polskie ju\u017c w&nbsp;1960 roku rozwi\u0105za\u0142o te&nbsp;kwestie na&nbsp;poziomie bilateralnej umowy&#8221; Zaznaczy\u0107, \u017ce mienie bezspadkowe przesz\u0142o na skarb pa\u0144stwa. To Pa\u0144stwo dziedziczy po swoich obywatelach &#8222;Polskich \u017bydach&#8221; je\u015bli nie ma spadkobierc\u00f3w. To [&hellip;]<\/p>\n","protected":false},"author":1,"featured_media":0,"parent":0,"menu_order":158,"comment_status":"closed","ping_status":"closed","template":"","meta":{"footnotes":""},"class_list":["post-4683","page","type-page","status-publish","hentry"],"_links":{"self":[{"href":"https:\/\/topol.org.pl\/index.php?rest_route=\/wp\/v2\/pages\/4683","targetHints":{"allow":["GET"]}}],"collection":[{"href":"https:\/\/topol.org.pl\/index.php?rest_route=\/wp\/v2\/pages"}],"about":[{"href":"https:\/\/topol.org.pl\/index.php?rest_route=\/wp\/v2\/types\/page"}],"author":[{"embeddable":true,"href":"https:\/\/topol.org.pl\/index.php?rest_route=\/wp\/v2\/users\/1"}],"replies":[{"embeddable":true,"href":"https:\/\/topol.org.pl\/index.php?rest_route=%2Fwp%2Fv2%2Fcomments&post=4683"}],"version-history":[{"count":7,"href":"https:\/\/topol.org.pl\/index.php?rest_route=\/wp\/v2\/pages\/4683\/revisions"}],"predecessor-version":[{"id":6406,"href":"https:\/\/topol.org.pl\/index.php?rest_route=\/wp\/v2\/pages\/4683\/revisions\/6406"}],"wp:attachment":[{"href":"https:\/\/topol.org.pl\/index.php?rest_route=%2Fwp%2Fv2%2Fmedia&parent=4683"}],"curies":[{"name":"wp","href":"https:\/\/api.w.org\/{rel}","templated":true}]}}