{"id":4703,"date":"2024-07-18T20:47:07","date_gmt":"2024-07-18T18:47:07","guid":{"rendered":"https:\/\/topol.org.pl\/?page_id=4703"},"modified":"2026-01-09T10:48:41","modified_gmt":"2026-01-09T09:48:41","slug":"nikogo-nie-popieram-nikomu-nie-ufam","status":"publish","type":"page","link":"https:\/\/topol.org.pl\/?page_id=4703","title":{"rendered":"&#8222;Nikogo nie popieram, nikomu nie ufam&#8221;"},"content":{"rendered":"\n<p>18.07.2024 20.47 <a href=\"https:\/\/www.youtube.com\/watch?v=1GOHzo8taSE\">Piotr Zychowicz \u25cf Ekshumacja a nie przeprosiny \u25cf Wo\u0142y\u0144 zdradzony \u25cfNiemcy jako sojusznik?<\/a><\/p>\n\n\n\n<p><strong>Naprawd\u0119 Niemcy jako sojusznik?<\/strong> Co si\u0119 dzieje z Polakami. Naprawd\u0119 nie musimy zawiera\u0107 z nikim sojuszu. Bo sojusznik wykorzysta nas do wojny. Tak by\u0142o zawsze. Na przestrzeni dziej\u00f3w. Napoleon, Niemcy, Anglia, Francja, ZSRR , USA. Ukraina. Pami\u0119tam doskonale wszystkich pod\u017cegaczy wojennych. Teraz zmienili podej\u015bcie o 180 stopni. Ale jak mo\u017cna za sojusz z Niemcami odda\u0107 Ziemie Zachodnie, \u015al\u0105sk i Mazury. A samemu po\u0142\u0105czy\u0107 si\u0119 z Ukrain\u0105. Ukraina nas przejmie, ma system oligarchiczny z kt\u00f3rym Polacy nie wygraj\u0105. Na terenie kraju jest du\u017co Ukrai\u0144c\u00f3w. <strong>To zdrada.<\/strong> Jako &#8222;<a href=\"https:\/\/topol.org.pl\/?page_id=4512\">Pa\u0144stwo Z\u0142otego \u015arodka<\/a>&#8221; jeste\u015bmy neutralni. <a href=\"https:\/\/www.youtube.com\/watch?v=bgi4jwH3tBU\"><strong>Trzeba zamkn\u0105\u0107 granic\u0119 z Ukrain\u0105. Wprowadzi\u0107 wizy.<\/strong><\/a> <strong>Natychmiast !<\/strong><\/p>\n\n\n\n<p>13.08.2024 21.26 <a href=\"https:\/\/www.youtube.com\/watch?v=OaWiHRjc1T4\">&#8222;Odwaga bycia Polakiem&#8221;<\/a> \u0179r\u00f3d\u0142o: (<a href=\"https:\/\/www.youtube.com\/watch?v=OaWiHRjc1T4\">GadowskiTV<\/a>)<\/p>\n\n\n\n<p>15.08.2024 19.44 &#8222;<a href=\"https:\/\/www.rp.pl\/konflikty-zbrojne\/art40976821-w-polsce-powstaje-ukrainski-legion-gen-waldemar-skrzypczak-czemu-nie-zainicjowac-sformowania-legionu-bialoruskiego\">gen. Waldemar Skrzypczak, by\u0142y dow\u00f3dca Wojsk L\u0105dowych, proponuj\u0105c utworzenie Legionu Bia\u0142oruskiego na wz\u00f3r jednostki formowanej w ramach pomocy dla Ukrainy<\/a>&#8221; \u0179r\u00f3d\u0142o: (rp.pl)<\/p>\n\n\n\n<p>Panie Generale w USA granic\u0119 przekroczy\u0142o 20 000 000 tak zwanych emigrant\u00f3w. M\u00f3wi\u0142 Donald Tramp w wywiadzie udzielonym dla X Elon Musk. To jest organizowane przez inne si\u0142y. W USA pozwala ich rz\u0105d a w Unii komisja europejska czyli Unia. Ja szanuj\u0119 Prezydenta Bia\u0142orusi poniewa\u017c utrzyma\u0142 sw\u00f3j nar\u00f3d w jedno\u015bci i tylko oni z bloku wschodniego zachowali sw\u00f3j przemys\u0142. Nie nazywa\u0142 bym Aleksandra \u0141ukaszenko dyktatorem. Poniewa\u017c zaczniemy tak m\u00f3wi\u0107 na wi\u0119kszo\u015b\u0107 Prezydent\u00f3w.<\/p>\n\n\n\n<p>Aby unikn\u0105\u0107 wci\u015bni\u0119cia \u201enajbardziej czerwonego guzika\u201d, nale\u017cy rozpocz\u0105\u0107 negocjacje w sprawie rozwi\u0105zania konfliktu na Ukrainie \u2013 <a href=\"https:\/\/www.rp.pl\/konflikty-zbrojne\/art40976851-bialoruski-dyktator-nawoluje-do-negocjacji-zakonczmy-te-bijatyke\">stwierdzi\u0142 Aleksander \u0141ukaszenko<\/a> \u0179r\u00f3d\u0142o: (rp.pl)<\/p>\n\n\n\n<p>17.08.2024 11.17 <a href=\"https:\/\/dorzeczy.pl\/swiat\/623182\/operacja-kurska-propaganda-ukrainy-i-kompromitacja-putina.html\">Operacja kurska.<\/a> <\/p>\n\n\n\n<p><strong>\u017bo\u0142nierzom trudno b\u0119dzie si\u0119 wycofa\u0107.<\/strong><\/p>\n\n\n\n<p>22.10.2024 06.55 <a href=\"https:\/\/dorzeczy.pl\/opinie\/647260\/rozmowy-bez-polski-w-berlinie-zgrzyt-za-zgrzytem.html\">Trzeba &#8222;natychmiast&#8221; zamkn\u0105\u0107 granic\u0119 z Niemcami. Obce wojsko ma opu\u015bci\u0107 teren Polski.<\/a> Zakaz budowy <a href=\"https:\/\/infor.pl\/prawo\/nowosci-prawne\/6737746,strategia-migracyjna-powstanie-49-centrow-integracji-cudzoziemcow-sa.html#google_vignette\">&#8222;<strong>Tworzenia Centr\u00f3w Integracji Cudzoziemc\u00f3w (CIC) na obszarze Polski<\/strong>&#8222;<\/a>.<\/p>\n\n\n\n<p>22.10.2024 07.03 <a href=\"https:\/\/dorzeczy.pl\/swiat\/647281\/autostrada-z-moskwy-do-berlina-lukaszenka-jesli-zachod-zechce.html\">Cieszy budowa drogi do Brze\u015bcia.<\/a> <\/p>\n\n\n\n<p>22.10.2024 18.27 &#8222;Polska \u2013 Europa \u2013 \u015awiat&#8221;. Spotkanie w Berlinie, to wst\u0119p do rozbioru Ukrainy \u0179r\u00f3d\u0142o: (<a href=\"https:\/\/www.youtube.com\/@DziennikGazetaPrawnaTV\">Dziennik Gazeta Prawna<\/a>)<\/p>\n\n\n\n<p><strong>Moim zdaniem jest ryzyko, dla Polski.<\/strong><\/p>\n\n\n\n<p>Verte &gt;<a href=\"https:\/\/topol.org.pl\/?page_id=6187\">Fundacja Narodowe Si\u0142y Samoobrony \u201eGrot\u201d<\/a><\/p>\n\n\n\n<p><\/p>\n","protected":false},"excerpt":{"rendered":"<p>18.07.2024 20.47 Piotr Zychowicz \u25cf Ekshumacja a nie przeprosiny \u25cf Wo\u0142y\u0144 zdradzony \u25cfNiemcy jako sojusznik? Naprawd\u0119 Niemcy jako sojusznik? Co si\u0119 dzieje z Polakami. Naprawd\u0119 nie musimy zawiera\u0107 z nikim sojuszu. Bo sojusznik wykorzysta nas do wojny. Tak by\u0142o zawsze. Na przestrzeni dziej\u00f3w. Napoleon, Niemcy, Anglia, Francja, ZSRR , USA. Ukraina. Pami\u0119tam doskonale wszystkich pod\u017cegaczy [&hellip;]<\/p>\n","protected":false},"author":1,"featured_media":0,"parent":0,"menu_order":160,"comment_status":"closed","ping_status":"closed","template":"","meta":{"footnotes":""},"class_list":["post-4703","page","type-page","status-publish","hentry"],"_links":{"self":[{"href":"https:\/\/topol.org.pl\/index.php?rest_route=\/wp\/v2\/pages\/4703","targetHints":{"allow":["GET"]}}],"collection":[{"href":"https:\/\/topol.org.pl\/index.php?rest_route=\/wp\/v2\/pages"}],"about":[{"href":"https:\/\/topol.org.pl\/index.php?rest_route=\/wp\/v2\/types\/page"}],"author":[{"embeddable":true,"href":"https:\/\/topol.org.pl\/index.php?rest_route=\/wp\/v2\/users\/1"}],"replies":[{"embeddable":true,"href":"https:\/\/topol.org.pl\/index.php?rest_route=%2Fwp%2Fv2%2Fcomments&post=4703"}],"version-history":[{"count":27,"href":"https:\/\/topol.org.pl\/index.php?rest_route=\/wp\/v2\/pages\/4703\/revisions"}],"predecessor-version":[{"id":6788,"href":"https:\/\/topol.org.pl\/index.php?rest_route=\/wp\/v2\/pages\/4703\/revisions\/6788"}],"wp:attachment":[{"href":"https:\/\/topol.org.pl\/index.php?rest_route=%2Fwp%2Fv2%2Fmedia&parent=4703"}],"curies":[{"name":"wp","href":"https:\/\/api.w.org\/{rel}","templated":true}]}}