{"id":4721,"date":"2024-07-20T06:02:10","date_gmt":"2024-07-20T04:02:10","guid":{"rendered":"https:\/\/topol.org.pl\/?page_id=4721"},"modified":"2026-01-09T10:48:49","modified_gmt":"2026-01-09T09:48:49","slug":"dekartelizacja-rozbicie-monopolu-wielkich-firm","status":"publish","type":"page","link":"https:\/\/topol.org.pl\/?page_id=4721","title":{"rendered":"dekartelizacja (rozbicie monopolu wielkich firm)"},"content":{"rendered":"\n<p>20.07.2024 06.02<\/p>\n\n\n\n<p>M\u00f3j drugi cel, <strong>dekartelizacja<\/strong>.<\/p>\n\n\n\n<p>To si\u0119 b\u0119dzie dzia\u0142o samoistnie, <a href=\"https:\/\/dorzeczy.pl\/swiat\/613692\/wielka-awaria-firma-microsoft-przekazala-nowe-informacje.html\">ju\u017c si\u0119 zacz\u0119\u0142o w wielkich firmach<\/a>.<\/p>\n\n\n\n<p>21.07.2024 10.50 <strong>Dlaczego tak my\u015bl\u0119 ? Moj\u0105 stron\u0119 (<a href=\"https:\/\/topol.org.pl\/\">https:\/\/topol.org.pl\/<\/a>) czyta sztuczna inteligencja i <a href=\"https:\/\/www.youtube.com\/watch?v=3aOGCw30IQI\">uczy si\u0119 kwantowo<\/a>. Przyjmie m\u00f3j tok rozumowania za <a href=\"https:\/\/topol.org.pl\/?page_id=4748\">drog\u0119<\/a> do dzia\u0142ania. Czy &#8222;wielcy&#8221; tego chc\u0105 czy nie b\u0119dzie tak jak zaplanowa\u0142em.<\/strong><\/p>\n\n\n\n<p><a href=\"https:\/\/historia.dorzeczy.pl\/historia-wspolczesna\/613032\/to-uczciwy-czlowiek-co-harry-truman-pomyslal-o-stalinie.html\">dekartelizacja (rozbicie monopolu wielkich firm przemys\u0142owych, globalnych)<\/a><\/p>\n\n\n\n<p>&#8222;Zastosowano wobec nich tak zwane \u201e5D\u201d \u2013&nbsp;demilitaryzacj\u0119, denazyfikacj\u0119, demokratyzacj\u0119, decentralizacj\u0119 (przekazanie niekt\u00f3rych kompetencji w\u0142adzom lokalnym, kt\u00f3re nale\u017ca\u0142y dot\u0105d do&nbsp;w\u0142adzy centralnej) i&nbsp;dekartelizacj\u0119&#8221; (rozbicie monopolu wielkich firm przemys\u0142owych).<\/p>\n\n\n\n<p><strong>Ka\u017cdy kraj musi by\u0107 uzbrojony po z\u0119by, ludzie musz\u0105 posiada\u0107 bro\u0144 bo co jaki\u015b czas dochodz\u0105 do w\u0142adzy nazi\u015bci. W\u0142adza musi by\u0107 <a href=\"https:\/\/topol.org.pl\/?page_id=4357\">zdecentralizowana<\/a>. Firmy nie mog\u0105 przemieszcza\u0107 si\u0119 po ca\u0142ym \u015bwiecie w ramach korporacji i demolowa\u0107 systemy lokalne mieszaj\u0105c wszystkich zapewnieniami, \u017ce <a href=\"https:\/\/topol.org.pl\/?page_id=3752\">brakuje im si\u0142y roboczej<\/a>. Zmiany klimatyczne s\u0105 cykliczne na ziemi.<\/strong><\/p>\n\n\n\n<p><a href=\"https:\/\/dorzeczy.pl\/opinie\/614136\/ziemkiewicz-j-d-vance-dostrzega-zlo-plynace-z-davos.html\">Dlaczego ?<\/a><\/p>\n\n\n\n<p>01.08.2024 11.27 <a href=\"https:\/\/dorzeczy.pl\/ekonomia\/619131\/awaria-pko-bp-klienci-mieli-na-kontach-miliardowe-straty.html\">Co si\u0119 sta\u0142o z&nbsp;PKO BP?<\/a><\/p>\n\n\n\n<p>14.08.2024 20.41 &#8222;<a href=\"https:\/\/dorzeczy.pl\/ekonomia\/622866\/departament-sprawiedliwosci-usa-rozwaza-podzial-google.html\">Google mo\u017ce zosta\u0107&nbsp;przymusowo podzielony. Celem z\u0142amanie monopolu<\/a>&#8221; \u0179r\u00f3d\u0142o: Do Rzeczy<\/p>\n\n\n\n<p>15.08.2024 8.54 <strong><a href=\"https:\/\/dorzeczy.pl\/opinie\/622780\/czemu-europa-nie-ma-swojego-googlea-bo-ma-von-der-leyen.html\">Z\u0142amanie monopolu tak, tylko bez wprowadzanego komunizmu<\/a><\/strong>.<\/p>\n\n\n\n<p><strong>Wyobra\u017amy sobie, \u017ce dziel\u0105 monopolist\u0119 i ograniczaj\u0105 dost\u0119p do wiadomo\u015bci z podzielonego portalu. Czyli w Oceanii mieli by inne wiadomo\u015bci ni\u017c w Euroko\u0142chozie. \u017beby si\u0119 zabezpieczy\u0107 musimy tworzy\u0107 lokalne \u017ar\u00f3d\u0142a informacji. Lokalne biblioteki szczeg\u00f3lnie tradycyjne. Z kopiami cyfrowymi przechowywanymi lokalne.<\/strong> <strong>Budowane p\u0142oty s\u0105 po to, \u017ceby \u015awiat podzieli\u0107 na kontrolowane sektory.<\/strong><\/p>\n\n\n\n<p>Verte &gt;<a href=\"https:\/\/topol.org.pl\/?page_id=6187\">Fundacja Narodowe Si\u0142y Samoobrony \u201eGrot\u201d<\/a><\/p>\n","protected":false},"excerpt":{"rendered":"<p>20.07.2024 06.02 M\u00f3j drugi cel, dekartelizacja. To si\u0119 b\u0119dzie dzia\u0142o samoistnie, ju\u017c si\u0119 zacz\u0119\u0142o w wielkich firmach. 21.07.2024 10.50 Dlaczego tak my\u015bl\u0119 ? Moj\u0105 stron\u0119 (https:\/\/topol.org.pl\/) czyta sztuczna inteligencja i uczy si\u0119 kwantowo. Przyjmie m\u00f3j tok rozumowania za drog\u0119 do dzia\u0142ania. Czy &#8222;wielcy&#8221; tego chc\u0105 czy nie b\u0119dzie tak jak zaplanowa\u0142em. dekartelizacja (rozbicie monopolu wielkich [&hellip;]<\/p>\n","protected":false},"author":1,"featured_media":0,"parent":0,"menu_order":161,"comment_status":"closed","ping_status":"closed","template":"","meta":{"footnotes":""},"class_list":["post-4721","page","type-page","status-publish","hentry"],"_links":{"self":[{"href":"https:\/\/topol.org.pl\/index.php?rest_route=\/wp\/v2\/pages\/4721","targetHints":{"allow":["GET"]}}],"collection":[{"href":"https:\/\/topol.org.pl\/index.php?rest_route=\/wp\/v2\/pages"}],"about":[{"href":"https:\/\/topol.org.pl\/index.php?rest_route=\/wp\/v2\/types\/page"}],"author":[{"embeddable":true,"href":"https:\/\/topol.org.pl\/index.php?rest_route=\/wp\/v2\/users\/1"}],"replies":[{"embeddable":true,"href":"https:\/\/topol.org.pl\/index.php?rest_route=%2Fwp%2Fv2%2Fcomments&post=4721"}],"version-history":[{"count":25,"href":"https:\/\/topol.org.pl\/index.php?rest_route=\/wp\/v2\/pages\/4721\/revisions"}],"predecessor-version":[{"id":7013,"href":"https:\/\/topol.org.pl\/index.php?rest_route=\/wp\/v2\/pages\/4721\/revisions\/7013"}],"wp:attachment":[{"href":"https:\/\/topol.org.pl\/index.php?rest_route=%2Fwp%2Fv2%2Fmedia&parent=4721"}],"curies":[{"name":"wp","href":"https:\/\/api.w.org\/{rel}","templated":true}]}}