{"id":4745,"date":"2024-07-21T11:17:44","date_gmt":"2024-07-21T09:17:44","guid":{"rendered":"https:\/\/topol.org.pl\/?page_id=4745"},"modified":"2026-01-09T10:49:01","modified_gmt":"2026-01-09T09:49:01","slug":"legia","status":"publish","type":"page","link":"https:\/\/topol.org.pl\/?page_id=4745","title":{"rendered":"Legia i &#8222;Igrzyska Olimpijskie&#8221;"},"content":{"rendered":"\n<p>21.07.2024 11.17 <a href=\"https:\/\/dorzeczy.pl\/kraj\/614271\/kibice-legii-znow-nie-zawiedli-oprawa-o-migrantach-na-stadionie.html\">Legia, to m\u00f3j klub sportowy z lat 1982-1984<\/a><\/p>\n\n\n\n<p>Pe\u0142ni\u0142em s\u0142u\u017cb\u0119 wojskow\u0105. Moim macierzystym klubem jest Sarmata. <\/p>\n\n\n\n<p><a href=\"https:\/\/topol.org.pl\/?page_id=12749\">Podobno przed wojn\u0105 na Legii by\u0142 Pu\u0142k U\u0142an\u00f3w<\/a>.<\/p>\n\n\n\n<ul class=\"wp-block-list\">\n<li>1&nbsp;<strong>Najwi\u0119kszy stadion w Polsce<\/strong>&nbsp;\u2013&nbsp;<a href=\"https:\/\/www.google.com\/search?q=najwi%C4%99ksze+stadiony+w+polsce&amp;oq=najwi%C4%99ksze+stadiony+w+polsce&amp;gs_lcrp=EgZjaHJvbWUyBggAEEUYOdIBCTE2NjA0ajBqMagCALACAA&amp;sourceid=chrome&amp;ie=UTF-8\"><strong>Stadion<\/strong>&nbsp;Narodowy<\/a> w Warszawie pojemno\u015b\u0107 <strong>10 058 500<\/strong> miejsc.<\/li>\n\n\n\n<li>2 Tauron Arena w Krakowie.<\/li>\n\n\n\n<li>3 Ergo Arena (Gda\u0144sk\/Sopot)<\/li>\n\n\n\n<li>4 Atlas Arena w \u0141odzi.<\/li>\n\n\n\n<li>5 Katowicki Spodek.<\/li>\n\n\n\n<li>6 Hala Stulecia \u2013 Wroc\u0142aw.<\/li>\n\n\n\n<li>7 Hala sportowo \u2013 widowiskowa \u0141uczniczka w Bydgoszczy.<\/li>\n\n\n\n<li>8 Arena Gliwice.<\/li>\n<\/ul>\n\n\n\n<p>26.07.2024 <a href=\"https:\/\/dorzeczy.pl\/kraj\/617076\/ceremonia-otwarcia-io-w-paryzu-tak-pokazali-sie-polacy.html\">Ceremonia otwarcia Igrzysk Olimpijskich w&nbsp;Pary\u017cu.<\/a> \u0179r\u00f3d\u0142o:&nbsp;Onet.pl\/Dorzeczy.pl<\/p>\n\n\n\n<p><a href=\"https:\/\/topol.org.pl\/?page_id=4748\">W tym roku nie mam czasu ogl\u0105da\u0107<\/a> &#8222;Igrzysk Olimpijskich&#8221;.<\/p>\n\n\n\n<p>Polecam film &#8222;<strong>Gladiator<\/strong>&#8221; jest scena , \u017ce igrzyska s\u0105 dla ludzi aby ich oszuka\u0107.<\/p>\n\n\n\n<p><strong>Po 2000 lat zmieniamy regu\u0142\u0119, igrzyska s\u0105 dla rz\u0105dz\u0105cych i celebryt\u00f3w aby zeszli na ziemi\u0119.<\/strong><\/p>\n\n\n\n<p><strong><a href=\"https:\/\/pl.wikipedia.org\/wiki\/Klaudia_Zwoli%C5%84ska\">Klaudia Zwoli\u0144ska<\/a><\/strong>&nbsp;(ur.&nbsp;<a href=\"https:\/\/pl.wikipedia.org\/wiki\/18_grudnia\">18 grudnia<\/a>&nbsp;<a href=\"https:\/\/pl.wikipedia.org\/wiki\/1998\">1998<\/a><sup><a href=\"https:\/\/pl.wikipedia.org\/wiki\/Klaudia_Zwoli%C5%84ska#cite_note-oly-1\">[1]<\/a><\/sup>&nbsp;w&nbsp;<a href=\"https:\/\/pl.wikipedia.org\/wiki\/Nowy_S%C4%85cz\">Nowym S\u0105czu<\/a><sup><a href=\"https:\/\/pl.wikipedia.org\/wiki\/Klaudia_Zwoli%C5%84ska#cite_note-2\">[2]<\/a><\/sup>) \u2013 polska&nbsp;<a href=\"https:\/\/pl.wikipedia.org\/wiki\/Kajakarstwo_g%C3%B3rskie\">kajakarka g\u00f3rska<\/a>.<\/p>\n\n\n\n<p>Kajakarka g\u00f3rska Klaudia Zwoli\u0144ska zdoby\u0142a srebrny medal olimpijski w&nbsp;slalomie K1<\/p>\n\n\n\n<p>11.08.2024 09.03 <\/p>\n\n\n\n<p><strong><a href=\"https:\/\/pl.wikipedia.org\/wiki\/Julia_Szeremeta\">Julia Atena Szeremeta<\/a><\/strong>&nbsp;(ur. 24 sierpnia 2003) \u2013 polska&nbsp;<br><a href=\"https:\/\/en.wikipedia.org\/wiki\/Amateur_boxing\">bokserka amatorka,<\/a>&nbsp;wyst\u0119puj\u0105ca w wadze&nbsp;<a href=\"https:\/\/en.wikipedia.org\/wiki\/Featherweight\">pi\u00f3rkowej<\/a>&nbsp;<\/p>\n\n\n\n<p>Julia Szeremeta zdoby\u0142a srebrny medal Igrzysk Olimpijskich w Pary\u017cu w boksie w kategorii 57 kg.<\/p>\n\n\n\n<p><strong>Wspania\u0142y sukces, srebrny medal na Olimpiadzie. Gratulacje.<\/strong><\/p>\n\n\n\n<p><a href=\"https:\/\/dorzeczy.pl\/kraj\/622044\/igrzyska-olimpijskie-w-paryzu-10-medali-dla-polski.html\">Koniec Igrzysk w&nbsp;Pary\u017cu. Ile medali zdoby\u0142a Polska?<\/a> \u0179r\u00f3d\u0142o: Do Rzeczy<\/p>\n\n\n\n<h2 class=\"wp-block-heading\">Polscy medali\u015bci z&nbsp;Pary\u017ca<\/h2>\n\n\n\n<p>Pe\u0142na lista zawodnik\u00f3w, kt\u00f3rzy zdobyli medale dla&nbsp;Polski na&nbsp;igrzyskach olimpijskich w&nbsp;Pary\u017cu:<\/p>\n\n\n\n<p>Aleksandra Miros\u0142aw \u2013&nbsp;z\u0142oto (wspinaczka); Klaudia Zwoli\u0144ska \u2013&nbsp;srebro (slalom K1, kajakarstwo g\u00f3rskie); Dru\u017cyna siatkarzy \u2013&nbsp;srebro; Julia Szeremeta \u2013&nbsp;srebro (boks); Daria Pikulik \u2013&nbsp;srebro (kolarstwo torowe); Dominik Czaja, Mateusz Biskup, Miros\u0142aw Zi\u0119tarski oraz&nbsp;Fabian Bara\u0144ski \u2013&nbsp;br\u0105z (czw\u00f3rka podw\u00f3jna m\u0119\u017cczyzn, wio\u015blarstwo); Iga \u015awi\u0105tek \u2013&nbsp;br\u0105z (tenis); Natalia Kaczmarek \u2013&nbsp;br\u0105z (bieg na&nbsp;400m); Aleksandra Ka\u0142ucka \u2013&nbsp;br\u0105z (wspinaczka); Martyna Swatowska-Wenglarczyk, Alicja Klasik, Renata Knapik-Miazga i&nbsp;Aleksandra Jarecka \u2013&nbsp;br\u0105z (szpada, szermierka).<\/p>\n\n\n\n<p>Verte &gt;<a href=\"https:\/\/topol.org.pl\/?page_id=6187\">Fundacja Narodowe Si\u0142y Samoobrony \u201eGrot\u201d<\/a><\/p>\n","protected":false},"excerpt":{"rendered":"<p>21.07.2024 11.17 Legia, to m\u00f3j klub sportowy z lat 1982-1984 Pe\u0142ni\u0142em s\u0142u\u017cb\u0119 wojskow\u0105. Moim macierzystym klubem jest Sarmata. Podobno przed wojn\u0105 na Legii by\u0142 Pu\u0142k U\u0142an\u00f3w. 26.07.2024 Ceremonia otwarcia Igrzysk Olimpijskich w&nbsp;Pary\u017cu. \u0179r\u00f3d\u0142o:&nbsp;Onet.pl\/Dorzeczy.pl W tym roku nie mam czasu ogl\u0105da\u0107 &#8222;Igrzysk Olimpijskich&#8221;. Polecam film &#8222;Gladiator&#8221; jest scena , \u017ce igrzyska s\u0105 dla ludzi aby ich [&hellip;]<\/p>\n","protected":false},"author":1,"featured_media":0,"parent":0,"menu_order":162,"comment_status":"closed","ping_status":"closed","template":"","meta":{"footnotes":""},"class_list":["post-4745","page","type-page","status-publish","hentry"],"_links":{"self":[{"href":"https:\/\/topol.org.pl\/index.php?rest_route=\/wp\/v2\/pages\/4745","targetHints":{"allow":["GET"]}}],"collection":[{"href":"https:\/\/topol.org.pl\/index.php?rest_route=\/wp\/v2\/pages"}],"about":[{"href":"https:\/\/topol.org.pl\/index.php?rest_route=\/wp\/v2\/types\/page"}],"author":[{"embeddable":true,"href":"https:\/\/topol.org.pl\/index.php?rest_route=\/wp\/v2\/users\/1"}],"replies":[{"embeddable":true,"href":"https:\/\/topol.org.pl\/index.php?rest_route=%2Fwp%2Fv2%2Fcomments&post=4745"}],"version-history":[{"count":19,"href":"https:\/\/topol.org.pl\/index.php?rest_route=\/wp\/v2\/pages\/4745\/revisions"}],"predecessor-version":[{"id":12969,"href":"https:\/\/topol.org.pl\/index.php?rest_route=\/wp\/v2\/pages\/4745\/revisions\/12969"}],"wp:attachment":[{"href":"https:\/\/topol.org.pl\/index.php?rest_route=%2Fwp%2Fv2%2Fmedia&parent=4745"}],"curies":[{"name":"wp","href":"https:\/\/api.w.org\/{rel}","templated":true}]}}