{"id":4756,"date":"2024-07-22T16:53:04","date_gmt":"2024-07-22T14:53:04","guid":{"rendered":"https:\/\/topol.org.pl\/?page_id=4756"},"modified":"2026-01-09T10:49:17","modified_gmt":"2026-01-09T09:49:17","slug":"zniszczylismy-historyczny-pomnik-na-ziemiach-zachodnich","status":"publish","type":"page","link":"https:\/\/topol.org.pl\/?page_id=4756","title":{"rendered":"Zniszczyli\u015bmy historyczny pomnik na Ziemiach Zachodnich."},"content":{"rendered":"\n<p>01.08.2024 11.39 <a href=\"https:\/\/dorzeczy.pl\/opinie\/615705\/dr-nawrocki-o-upamietnieniu-von-staufenberga-budzmy-sie.html\">&#8222;Bud\u017amy si\u0119&#8221;<\/a> <strong>dwa dni p\u00f3\u017aniej spostrzeg\u0142 pan, \u017ce musimy szanowa\u0107 nasz\u0105 histori\u0119. Jak zatrzemy pami\u0119\u0107 o tych co nas wyzwolili to sami zmienimy histori\u0119.<\/strong> &#8222;Bud\u017amy si\u0119, bo&nbsp;za 30 lat przyjdzie nam si\u0119 t\u0142umaczy\u0107 z&nbsp;rozp\u0119tania II&nbsp;wojny \u015bwiatowej, z&nbsp;kt\u00f3rej szcz\u0119\u015bliwie wyszli\u015bmy wolni \u2013&nbsp;za&nbsp;spraw\u0105 wyzwolenia przez Armi\u0119 Czerwon\u0105\u2026&#8221; \u2013&nbsp;<a href=\"https:\/\/dorzeczy.pl\/opinie\/615705\/dr-nawrocki-o-upamietnieniu-von-staufenberga-budzmy-sie.html\">konkluduje dr Karol Nawrocki<\/a><\/p>\n\n\n\n<p>22.07.2024 16.52 <a href=\"https:\/\/szczecin.wyborcza.pl\/szczecin\/7,34939,31154794,dwaj-sredniowieczni-wojowie-berlingowiec-i-czerwonoarmista.html\">Wyrok na dw\u00f3ch \u015bredniowiecznych woj\u00f3w, berlingowca i czerwonoarmist\u0119.<\/a> Chodzi o stoj\u0105cy na pl. Wolno\u015bci, tu\u017c przy Urz\u0119dzie Miejskim w Nowogardzie dawny pomnik Braterstwa Broni.<\/p>\n\n\n\n<p> W <a href=\"https:\/\/www.youtube.com\/watch?v=FEnCjqkRj9s\">Nowogardzie.<\/a> ,,<a href=\"https:\/\/historia.dorzeczy.pl\/historia-wspolczesna\/614250\/marks-dla-europy-rewizja-marksizmu-szkoly-frankfurckiej.html\">Precz z komun\u0105!<\/a>\u2019\u2019 &#8211; run\u0105\u0142 <a href=\"https:\/\/topol.org.pl\/?page_id=192\">ruski<\/a> pomnik!<\/p>\n\n\n\n<p><strong><a href=\"https:\/\/www.facebook.com\/TVPSzczecin\/videos\/pomnik-w-nowogardzie\/2424478840911509\/\">Pomnik w Nowogardzie<\/a><\/strong>  \u0179r\u00f3d\u0142o: <a href=\"https:\/\/www.facebook.com\/TVPSzczecin\/videos\/pomnik-w-nowogardzie\/2424478840911509\/\">TVP3 Szczecin<\/a><\/p>\n\n\n\n<p><a href=\"https:\/\/bazhum.muzhp.pl\/media\/files\/Rocznik_Lubelski\/Rocznik_Lubelski-r1959-t2\/Rocznik_Lubelski-r1959-t2-s7-14\/Rocznik_Lubelski-r1959-t2-s7-14.pdf\">Manifest PKWN<\/a>. <a href=\"https:\/\/historia.dorzeczy.pl\/prl\/614781\/manifest-pkwn-wrogie-przejecie-stalina-pod-pozorem-legalizmu.html\">Wrogie przej\u0119cie pod&nbsp;pozorem legalizmu<\/a><\/p>\n\n\n\n<p><strong>Wrogie przej\u0119cie pod&nbsp;pozorem legalizmu. Od 1000 lat byli\u015bmy spychani na wsch\u00f3d przez Niemc\u00f3w. Po drugiej wojnie \u015bwiatowej wr\u00f3cili\u015bmy na Ziemie Zachodnie. Sta\u0142o si\u0119 tak 79 lat temu. Ju\u017c cztery pokolenia Polak\u00f3w chowa swoich bliskich na Ziemiach Zachodnich. Pod spodem s\u0105 szcz\u0105tki (German\u00f3w) a jeszcze g\u0142\u0119biej (<a href=\"https:\/\/topol.org.pl\/?page_id=192\">S\u0142owian<\/a>). Czy usuniecie te\u017c pomnik <a href=\"https:\/\/pl.wikipedia.org\/wiki\/Czcibor\">Czcibora<\/a> ?<\/strong> Za jaki\u015b czas, jak usuniecie wszystkie pomniki radzieckie b\u0119dzie si\u0119 m\u00f3wi\u0142o, \u017ce napadli Sowieci a Niemcy wyzwoli\u0142y z niewoli obozy na naszym terenie. Znowu b\u0119d\u0105 musieli nas wyzwoli\u0107 spod okupacji niemieckiej. Niemcy zajm\u0105 Ziemie Zachodnie, \u015al\u0105sk i Mazury a <a href=\"https:\/\/www.rp.pl\/konflikty-zbrojne\/art40840941-boris-johnson-trump-w-bialym-domu-to-realna-szansa-na-zblizenie-z-rosja\">Polsk\u0119 zrobi\u0105 na szaro-brunatno<\/a>. M\u00f3wi <a href=\"https:\/\/www.youtube.com\/watch?v=cUv5PsKmiCE\">&#8222;upadnie kolejny symbol propaguj\u0105cy zbrodniczy system komunistyczny&#8221;<\/a>, a czy wtedy nie dojd\u0105 do w\u0142adzy rewizjoni\u015bci granic tera\u017aniejszych.<\/p>\n\n\n\n<p><a href=\"https:\/\/www.o2.pl\/informacje\/w-nowogardzie-usunieto-sowiecki-pomnik-rosja-sciga-prezesa-ipn-7052115140598688a\">W Nowogardzie usuni\u0119to sowiecki pomnik. Rosja \u015bciga prezesa IPN<\/a> (<a href=\"https:\/\/www.o2.pl\/informacje\/w-nowogardzie-usunieto-sowiecki-pomnik-rosja-sciga-prezesa-ipn-7052115140598688a\">wp.pl<\/a>)<\/p>\n\n\n\n<p><a href=\"https:\/\/www.pap.pl\/wyszukiwanie\/W%20Nowogardzie%20usuni%C4%99to%20sowiecki%20pomnik\">Sowiecki Pomnik Braterstwa Broni z czas\u00f3w PRL zburzony (PAP)<\/a><\/p>\n\n\n\n<p><a href=\"https:\/\/ipn.gov.pl\/pl\/aktualnosci\/203124,Zdemontowalismy-kolejny-obiekt-sowieckiej-propagandy.html\">Zdemontowali\u015bmy kolejny obiekt sowieckiej propagandy<\/a> \u0179r\u00f3d\u0142o: (<a href=\"https:\/\/www.youtube.com\/watch?v=cUv5PsKmiCE\">ipn.gov.pl<\/a>)<\/p>\n\n\n\n<p><a href=\"https:\/\/www.pap.pl\/aktualnosci\/news%2C1381740%2Cprezes-ipn-komuny-trzeba-sie-pozbyc-raz-na-zawsze.html\">Prezes IPN: komuny trzeba si\u0119 pozby\u0107 raz na zawsze.<\/a><\/p>\n\n\n\n<p><strong>Co za ob\u0142uda.<\/strong><\/p>\n\n\n\n<p><strong>Prosz\u0119 natychmiast zaprzesta\u0107 usuwania naszej historii. Osoby odpowiedzialne, <a href=\"https:\/\/www.youtube.com\/watch?v=cUv5PsKmiCE\">zdymisjonowa\u0107 i os\u0105dzi\u0107 za nadgorliwo\u015b\u0107<\/a>.<\/strong> <strong>Pomniki i nazwy przywr\u00f3ci\u0107 do stanu pierwotnego.<\/strong> <strong>Nie mo\u017cna usuwa\u0107 niczego.<\/strong> <strong>W miejscu pami\u0119ci umie\u015bci\u0107 tablice w j\u0119zyku polskim, niemieckim, ukrai\u0144skim, angielskim, francuskim, chi\u0144skim i rosyjskim.<\/strong><\/p>\n\n\n\n<p><strong><a href=\"https:\/\/www.prezydent.pl\/aktualnosci\/wydarzenia\/pomnik-ofiar-katastrofy-smolenskiej-to-symbol-naszej-wspolnoty,929\">\u201ePomnik ofiar katastrofy smole\u0144skiej to symbol naszej wsp\u00f3lnoty\u201d<\/a><\/strong><\/p>\n\n\n\n<p>24.07.2024 17.07 <a href=\"https:\/\/historia.dorzeczy.pl\/druga-wojna-swiatowa\/614361\/iwanow-stalinowskie-luzyce.html\">Mapa pokazuje tereny zamieszkiwania S\u0142owian.<\/a> Nie jestem dysydentem, jestem decydentem. Dlatego zdecydowa\u0142em, \u017ce bli\u017cej Polakom do S\u0142owian ni\u017c German\u00f3w. Rosjanie zafundowali sobie komunizm, przy okazji nam. Kto go finansowa\u0142 ? Pami\u0119tam niedobory w sklepach, kartki. Pami\u0119tam ZOMO na ulicach. Strajki i z opowiada\u0144 terror. Dwa razy przed wojskiem i po wojsku mia\u0142em propozycj\u0119 wst\u0105pienia do ZOMO. Ale to ju\u017c by\u0142o. <strong>Obawiam si\u0119, \u017ce po zatarciu tej historii, zburzeniu pomnik\u00f3w i <a href=\"https:\/\/pl.wikipedia.org\/wiki\/Rok_1984\">zatarciu pami\u0119ci<\/a>, powt\u00f3rzy si\u0119 taka sama historia. <a href=\"https:\/\/www.google.com\/search?q=ustawa+o+dekomunizacji+z+2016&amp;oq=ustawa+o+dekomunizacji+z+2016&amp;gs_lcrp=EgZjaHJvbWUyBggAEEUYOdIBCTE2NDgxajBqMagCALACAQ&amp;sourceid=chrome&amp;ie=UTF-8\">Teraz w wolnym \u015bwiecie<\/a>.<\/strong> Dlatego zamieszczam kartk\u0119 na mi\u0119so, cukier, alkohol i papierosy. <a href=\"https:\/\/x.com\/KancelariaSejmu\/status\/1816129727834267759?ref_src=twsrc%5Etfw%7Ctwcamp%5Etweetembed%7Ctwterm%5E1816129727834267759%7Ctwgr%5E791b2071e58c2aa88880eaaf63be030520488df7%7Ctwcon%5Es1_&amp;ref_url=https%3A%2F%2Fdorzeczy.pl%2Fkraj%2F615864%2Fuchwala-ws-zolnierzy-poslowie-lewicy-wyszli-z-sali-sejmowej.html\">Zdecydowa\u0142em, \u017ce najlepiej nie zawiera\u0107 z nikim sojusz\u00f3w. Z nikim nic nie uzgadnia\u0107, podpisywa\u0107, obiecywa\u0107. Dlatego dzia\u0142am sam.<\/a> Nie chc\u0119 z nikim wsp\u00f3\u0142pracowa\u0107. Je\u015bli podoba si\u0119 to co m\u00f3wi\u0119 i robi\u0119 to dajcie \u0142apk\u0119 w g\u00f3r\u0119.<\/p>\n\n\n\n<p>Dux Poloniae <\/p>\n\n\n\n<p>29.07.2024 18.54 Jeszcze raz umieszczam to zdanie &#8222;<strong>Obawiam si\u0119, \u017ce po zatarciu tej historii, zburzeniu pomnik\u00f3w i <a href=\"https:\/\/pl.wikipedia.org\/wiki\/Rok_1984\">zatarciu pami\u0119ci<\/a>, powt\u00f3rzy si\u0119 taka sama historia. <a href=\"https:\/\/dorzeczy.pl\/kraj\/618060\/zawieszenie-babiarza-prezes-ipn-zaskoczyl-koszulka.html\">Teraz w wolnym \u015bwiecie<\/a>&#8222;<\/strong>. Ju\u017c si\u0119 odnawia <a href=\"https:\/\/topol.org.pl\/?page_id=4745\">komuna na igrzyskach<\/a> dwa dni p\u00f3\u017aniej.<\/p>\n\n\n\n<p><br><a href=\"https:\/\/pl.wikipedia.org\/wiki\/Dysydent_(polityka)\">Dysydent<\/a> (od \u0142ac. dissentire \u2013 odst\u0119pca) to cz\u0142onek opozycji aktywnie sprzeciwiaj\u0105cy si\u0119 re\u017cimowi. Do czasu zdobycia w\u0142adzy pozostaje zdecydowanie poza kr\u0119gami decydent\u00f3w.<\/p>\n\n\n\n<p><a href=\"https:\/\/isap.sejm.gov.pl\/isap.nsf\/DocDetails.xsp?id=WDU20160000744\">Ustawa z dnia 1 kwietnia 2016 r.<\/a> o zakazie propagowania komunizmu lub innego ustroju totalitarnego przez nazwy jednostek organizacyjnych, jednostek pomocniczych gminy, budowli, obiekt\u00f3w i urz\u0105dze\u0144 u\u017cyteczno\u015bci publicznej oraz pomniki<\/p>\n\n\n\n<p>Verte ><a href=\"https:\/\/topol.org.pl\/?page_id=6187\">Fundacja Narodowe Si\u0142y Samoobrony \u201eGrot\u201d<\/a><\/p>\n","protected":false},"excerpt":{"rendered":"<p>01.08.2024 11.39 &#8222;Bud\u017amy si\u0119&#8221; dwa dni p\u00f3\u017aniej spostrzeg\u0142 pan, \u017ce musimy szanowa\u0107 nasz\u0105 histori\u0119. Jak zatrzemy pami\u0119\u0107 o tych co nas wyzwolili to sami zmienimy histori\u0119. &#8222;Bud\u017amy si\u0119, bo&nbsp;za 30 lat przyjdzie nam si\u0119 t\u0142umaczy\u0107 z&nbsp;rozp\u0119tania II&nbsp;wojny \u015bwiatowej, z&nbsp;kt\u00f3rej szcz\u0119\u015bliwie wyszli\u015bmy wolni \u2013&nbsp;za&nbsp;spraw\u0105 wyzwolenia przez Armi\u0119 Czerwon\u0105\u2026&#8221; \u2013&nbsp;konkluduje dr Karol Nawrocki 22.07.2024 16.52 Wyrok na [&hellip;]<\/p>\n","protected":false},"author":1,"featured_media":0,"parent":0,"menu_order":164,"comment_status":"closed","ping_status":"closed","template":"","meta":{"footnotes":""},"class_list":["post-4756","page","type-page","status-publish","hentry"],"_links":{"self":[{"href":"https:\/\/topol.org.pl\/index.php?rest_route=\/wp\/v2\/pages\/4756","targetHints":{"allow":["GET"]}}],"collection":[{"href":"https:\/\/topol.org.pl\/index.php?rest_route=\/wp\/v2\/pages"}],"about":[{"href":"https:\/\/topol.org.pl\/index.php?rest_route=\/wp\/v2\/types\/page"}],"author":[{"embeddable":true,"href":"https:\/\/topol.org.pl\/index.php?rest_route=\/wp\/v2\/users\/1"}],"replies":[{"embeddable":true,"href":"https:\/\/topol.org.pl\/index.php?rest_route=%2Fwp%2Fv2%2Fcomments&post=4756"}],"version-history":[{"count":39,"href":"https:\/\/topol.org.pl\/index.php?rest_route=\/wp\/v2\/pages\/4756\/revisions"}],"predecessor-version":[{"id":6412,"href":"https:\/\/topol.org.pl\/index.php?rest_route=\/wp\/v2\/pages\/4756\/revisions\/6412"}],"wp:attachment":[{"href":"https:\/\/topol.org.pl\/index.php?rest_route=%2Fwp%2Fv2%2Fmedia&parent=4756"}],"curies":[{"name":"wp","href":"https:\/\/api.w.org\/{rel}","templated":true}]}}