{"id":4861,"date":"2024-07-28T15:32:59","date_gmt":"2024-07-28T13:32:59","guid":{"rendered":"https:\/\/topol.org.pl\/?page_id=4861"},"modified":"2026-01-09T10:49:40","modified_gmt":"2026-01-09T09:49:40","slug":"armia-w-ruinie","status":"publish","type":"page","link":"https:\/\/topol.org.pl\/?page_id=4861","title":{"rendered":"&#8222;Armia w ruinie&#8221;"},"content":{"rendered":"\n<p>28.07.2024 15.38 To tylko <a href=\"https:\/\/wiadomosci.onet.pl\/kraj\/wojskowi-ujawniaja-szokujace-kulisy-armii-mowili-ze-musisz-isc-na-druty-mielismy\/6gv1v8k\">ksi\u0105\u017cka<\/a>, mam nadziej\u0119 \u017ce nieprawdziwa.<\/p>\n\n\n\n<p>Verte ><a href=\"https:\/\/topol.org.pl\/?page_id=6187\">Fundacja Narodowe Si\u0142y Samoobrony \u201eGrot\u201d<\/a><\/p>\n","protected":false},"excerpt":{"rendered":"<p>28.07.2024 15.38 To tylko ksi\u0105\u017cka, mam nadziej\u0119 \u017ce nieprawdziwa. Verte >Fundacja Narodowe Si\u0142y Samoobrony \u201eGrot\u201d<\/p>\n","protected":false},"author":1,"featured_media":0,"parent":0,"menu_order":166,"comment_status":"closed","ping_status":"closed","template":"","meta":{"footnotes":""},"class_list":["post-4861","page","type-page","status-publish","hentry"],"_links":{"self":[{"href":"https:\/\/topol.org.pl\/index.php?rest_route=\/wp\/v2\/pages\/4861","targetHints":{"allow":["GET"]}}],"collection":[{"href":"https:\/\/topol.org.pl\/index.php?rest_route=\/wp\/v2\/pages"}],"about":[{"href":"https:\/\/topol.org.pl\/index.php?rest_route=\/wp\/v2\/types\/page"}],"author":[{"embeddable":true,"href":"https:\/\/topol.org.pl\/index.php?rest_route=\/wp\/v2\/users\/1"}],"replies":[{"embeddable":true,"href":"https:\/\/topol.org.pl\/index.php?rest_route=%2Fwp%2Fv2%2Fcomments&post=4861"}],"version-history":[{"count":7,"href":"https:\/\/topol.org.pl\/index.php?rest_route=\/wp\/v2\/pages\/4861\/revisions"}],"predecessor-version":[{"id":6414,"href":"https:\/\/topol.org.pl\/index.php?rest_route=\/wp\/v2\/pages\/4861\/revisions\/6414"}],"wp:attachment":[{"href":"https:\/\/topol.org.pl\/index.php?rest_route=%2Fwp%2Fv2%2Fmedia&parent=4861"}],"curies":[{"name":"wp","href":"https:\/\/api.w.org\/{rel}","templated":true}]}}