{"id":4872,"date":"2024-07-28T17:49:55","date_gmt":"2024-07-28T15:49:55","guid":{"rendered":"https:\/\/topol.org.pl\/?page_id=4872"},"modified":"2026-01-09T10:49:47","modified_gmt":"2026-01-09T09:49:47","slug":"milczacy-kryzys-klasy-sredniej-bankructwa","status":"publish","type":"page","link":"https:\/\/topol.org.pl\/?page_id=4872","title":{"rendered":"&#8222;Milcz\u0105cy kryzys klasy \u015bredniej. Bankructwa&#8221;"},"content":{"rendered":"\n<p>28.07.2024 17.49 <a href=\"https:\/\/www.youtube.com\/watch?v=tQw9vAVaWcc\">MILCZ\u0104CY KRYZYS KLASY \u015aREDNIEJ. BANKRUCTWA gastronomii. Jak liczy\u0107 RENTOWNO\u015a\u0106 | Jacek CZAUDERNA<\/a> \u0179r\u00f3d\u0142o: (<a href=\"https:\/\/www.youtube.com\/watch?v=tQw9vAVaWcc\">biznesnaostro<\/a>)<\/p>\n\n\n\n<p>Johna Lennona &#8222;Imagine&#8221; <\/p>\n\n\n\n<p><a href=\"https:\/\/dorzeczy.pl\/opinie\/617697\/przelom-w-sprawie-babiarza-koledzy-szykuja-apel.html\">&#8222;To&nbsp;jest wizja komunizmu, niestety&#8221;<\/a><\/p>\n\n\n\n<p>4 dniowy tydzie\u0144 pracy<\/p>\n\n\n\n<p>doch\u00f3d podstawowy 12000000&#215;1200 z\u0142=14 400 000 000 niestety takie s\u0105 za\u0142o\u017cenia z tych pieni\u0119dzy wr\u00f3ci do bud\u017cetu 1\/3 wydatkowanej kwoty w podatkach.<\/p>\n\n\n\n<p>14 400 000 000&#215;12 miesi\u0119cy=172800 000 000 z\u0142 \/3=57 600 000 000<\/p>\n\n\n\n<p>Koszt dla bud\u017cetu dla 12 000 000 os\u00f3b pobieraj\u0105cych doch\u00f3d podstawowy <\/p>\n\n\n\n<p>115 200 000 000 mln=115,2 miliard\u00f3w z\u0142otych<\/p>\n\n\n\n<p>PKB 3 biliony 400 miliard\u00f3w<\/p>\n\n\n\n<p>Doch\u00f3d 640 miliard\u00f3w dochod\u00f3w-115,2 miliard\u00f3w na doch\u00f3d podstawowy=OK<\/p>\n\n\n\n<p>Jak sprywatyzuj\u0105 sp\u00f3\u0142ki skarbu pa\u0144stwa nie b\u0119dzie odwrotu od kapitalizmu interesariuszy. Czyli komunizmu narzuconego przez najbogatszych.<\/p>\n\n\n\n<p><a href=\"https:\/\/www.youtube.com\/watch?v=mIis0ZVBWeU\">ZNISZCZYLI POLSK\u0118. M\u00f3wi\u0105, \u017ce B\u0118DZIE PREZYDENTEM. Co na to dr ARTUR BARTOSZEWICZ ?<\/a><\/p>\n\n\n\n<p>\u017badnego referendum, Polacy nie s\u0105 gotowi do g\u0142osowaniu w referendum og\u00f3lnokrajowym w sprawach decyduj\u0105cych dla pa\u0144stwa. Zag\u0142osuj\u0105 tak jak ich nam\u00f3wi\u0105 wrogie media. Ja nie zgadzam si\u0119 na referendum. <a href=\"https:\/\/topol.org.pl\/?page_id=4375\">Prezydent jak nie b\u0119dzie si\u0119 wywi\u0105zywa\u0142 z obowi\u0105zk\u00f3w i zdradzi b\u0119dzie musia\u0142 zrezygnowa\u0107.<\/a> Wszystkie partie, <strong>kt\u00f3re rz\u0105dzi\u0142y<\/strong> nie sprawdzi\u0142y si\u0119. <a href=\"https:\/\/topol.org.pl\/?page_id=4330\">Prosty mechanizm demokracji bezpo\u015bredniej zaprezentowa\u0142em.<\/a> G\u0142osowanie w wyborach i referendum powinno by\u0107 obowi\u0105zkowe. Mo\u017cna wprowadzi\u0107 przepisy lokalne(w danym okr\u0119gu wyborczym) odno\u015bnie opodatkowania zgodnie z \u017cyczeniem demokracji bezpo\u015bredniej w referendum.<\/p>\n\n\n\n<figure class=\"wp-block-image size-full\"><img loading=\"lazy\" decoding=\"async\" width=\"1024\" height=\"947\" src=\"https:\/\/topol.org.pl\/wp-content\/uploads\/2024\/02\/Senat_RP_okregi.svg_.png\" alt=\"\" class=\"wp-image-1551\" srcset=\"https:\/\/topol.org.pl\/wp-content\/uploads\/2024\/02\/Senat_RP_okregi.svg_.png 1024w, https:\/\/topol.org.pl\/wp-content\/uploads\/2024\/02\/Senat_RP_okregi.svg_-300x277.png 300w, https:\/\/topol.org.pl\/wp-content\/uploads\/2024\/02\/Senat_RP_okregi.svg_-768x710.png 768w\" sizes=\"auto, (max-width: 1024px) 100vw, 1024px\" \/><\/figure>\n\n\n\n<p><a href=\"https:\/\/www.youtube.com\/watch?v=uH52CzL4ebk\">KOMU ZALE\u017bY NA ZNISZCZENIU POLSKI?<\/a><\/p>\n\n\n\n<p>Verte ><a href=\"https:\/\/topol.org.pl\/?page_id=6187\">Fundacja Narodowe Si\u0142y Samoobrony \u201eGrot\u201d<\/a><\/p>\n","protected":false},"excerpt":{"rendered":"<p>28.07.2024 17.49 MILCZ\u0104CY KRYZYS KLASY \u015aREDNIEJ. BANKRUCTWA gastronomii. Jak liczy\u0107 RENTOWNO\u015a\u0106 | Jacek CZAUDERNA \u0179r\u00f3d\u0142o: (biznesnaostro) Johna Lennona &#8222;Imagine&#8221; &#8222;To&nbsp;jest wizja komunizmu, niestety&#8221; 4 dniowy tydzie\u0144 pracy doch\u00f3d podstawowy 12000000&#215;1200 z\u0142=14 400 000 000 niestety takie s\u0105 za\u0142o\u017cenia z tych pieni\u0119dzy wr\u00f3ci do bud\u017cetu 1\/3 wydatkowanej kwoty w podatkach. 14 400 000 000&#215;12 miesi\u0119cy=172800 000 [&hellip;]<\/p>\n","protected":false},"author":1,"featured_media":0,"parent":0,"menu_order":167,"comment_status":"closed","ping_status":"closed","template":"","meta":{"footnotes":""},"class_list":["post-4872","page","type-page","status-publish","hentry"],"_links":{"self":[{"href":"https:\/\/topol.org.pl\/index.php?rest_route=\/wp\/v2\/pages\/4872","targetHints":{"allow":["GET"]}}],"collection":[{"href":"https:\/\/topol.org.pl\/index.php?rest_route=\/wp\/v2\/pages"}],"about":[{"href":"https:\/\/topol.org.pl\/index.php?rest_route=\/wp\/v2\/types\/page"}],"author":[{"embeddable":true,"href":"https:\/\/topol.org.pl\/index.php?rest_route=\/wp\/v2\/users\/1"}],"replies":[{"embeddable":true,"href":"https:\/\/topol.org.pl\/index.php?rest_route=%2Fwp%2Fv2%2Fcomments&post=4872"}],"version-history":[{"count":10,"href":"https:\/\/topol.org.pl\/index.php?rest_route=\/wp\/v2\/pages\/4872\/revisions"}],"predecessor-version":[{"id":6415,"href":"https:\/\/topol.org.pl\/index.php?rest_route=\/wp\/v2\/pages\/4872\/revisions\/6415"}],"wp:attachment":[{"href":"https:\/\/topol.org.pl\/index.php?rest_route=%2Fwp%2Fv2%2Fmedia&parent=4872"}],"curies":[{"name":"wp","href":"https:\/\/api.w.org\/{rel}","templated":true}]}}