{"id":4898,"date":"2024-08-01T10:23:18","date_gmt":"2024-08-01T08:23:18","guid":{"rendered":"https:\/\/topol.org.pl\/?page_id=4898"},"modified":"2026-01-09T10:50:33","modified_gmt":"2026-01-09T09:50:33","slug":"80-rocznica-powstania-warszawskiego-godzina-w","status":"publish","type":"page","link":"https:\/\/topol.org.pl\/?page_id=4898","title":{"rendered":"81. rocznica Powstania Warszawskiego. Godzina &#8222;W&#8221;."},"content":{"rendered":"\n<p>&#8222;Powstanie Warszawskie by\u0142o walk\u0105 o&nbsp;spraw\u0119 polsk\u0105&#8221; <a href=\"https:\/\/dorzeczy.pl\/opinie\/618981\/prof-wysocki-ci-ktorzy-chca-byc-europejczykami-nie-wykresla-tego-co-dumne.html\">\u0179r\u00f3d\u0142o: Do Rzeczy<\/a><\/p>\n\n\n\n<p><strong>W 1944 r. moja mama mia\u0142a 6 lat. Zawsze opowiada\u0142a, \u017ce pami\u0119ta wojn\u0119 i ocalenie. Chyba to by\u0142o w czasie powstania bo m\u00f3wi\u0142a, \u017ce z siostr\u0105 schowa\u0142y si\u0119 pod \u0142\u00f3\u017cko. Wszed\u0142 do domu granatowy policjant i wermacht. Niemcy chcieli strzela\u0107 ale powstrzyma\u0142 ich policjant. M\u00f3wi\u0142 o moim dziadku, tu mieszkaj\u0105 dobrzy ludzie nie strzelajcie. P\u00f3\u017aniej by\u0142o wysiedlenie. Z ca\u0142ym dobytkiem na takim ma\u0142ym w\u00f3zku, tu\u0142ali si\u0119 ca\u0142\u0105 rodzin\u0105. Jak wr\u00f3cili do domu okaza\u0142o si\u0119, \u017ce zosta\u0142 zburzony. Zosta\u0142a jedna \u015bciana ze \u015bwi\u0119tym obrazkiem z Cz\u0119stochowy. W czasie wojny dziadek \u0142owi\u0142 ryby na Wi\u015ble, mieszka\u0142 w K\u0119pie Kie\u0142pi\u0144skiej. Za jaki\u015b czas przenie\u015bli si\u0119 na Mazury w okolice W\u0119gorzewa. Tam by\u0142 dom, kt\u00f3ry zaj\u0119li. Je\u017adzi\u0142em na wakacje do dziadk\u00f3w nad jezioro. Dziadek \u0142owi\u0142 ryby i chyba pracowa\u0142 w tartaku. Moi rodzice po \u015blubie zamieszkali w Warszawie, kupili mieszkanie przy pomocy rodzic\u00f3w. Najpierw na G\u00f3rczewskiej jeden pok\u00f3j. Ale kuchnia by\u0142a wsp\u00f3lna. Z Ukrai\u0144cem na sp\u00f3\u0142k\u0119. Mieszkanie mia\u0142o wad\u0119 prawn\u0105 i jeszcze ten Ukrainiec. Musieli opu\u015bci\u0107 mieszkanie. Dostali drugie z kwaterunku. Tam mieszka\u0142em 14 lat. Bardzo dobrze wspominam miejsce gdzie mieszka\u0142em. Bawili\u015bmy si\u0119 w wojn\u0119 w ruinach, grali\u015bmy w pi\u0142k\u0119. W pobli\u017cu by\u0142y dwa boiska pi\u0142karskie w miejscach gdzie Nazistowskie Niemcy zburzy\u0142y domy. Mieszka\u0142em w samym centrum, kilometr od Pa\u0142acu Kultury i Nauki. Pa\u0142ac Kultury bardzo mi si\u0119 podoba, sp\u0119dzi\u0142em w jego pobli\u017cu swoje dzieci\u0144stwo.<\/strong> <strong>Dziadek ze strony mamy bra\u0142 udzia\u0142 w Pierwszej Wojnie \u015awiatowej. W latach 70 wr\u00f3ci\u0142 do Warszawy, bli\u017cej rodziny. Na Mazurach zosta\u0142o dw\u00f3ch syn\u00f3w<\/strong> <strong>z rodzinami. Mieszkaj\u0105 tam do dzisiaj.<\/strong><\/p>\n\n\n\n<h2 class=\"wp-block-heading\"><a href=\"https:\/\/www.salon24.pl\/newsroom\/1392040,duda-i-steinmeier-w-miejscu-pamieci-rzezi-woli-wymowny-prezent-dla-prezydenta-niemiec\">Powstanie Warszawskie i mord na ludno\u015bci Warszawy przez nazistowskie Niemcy. Rze\u017a Woli &#8211; wymordowano dziesi\u0105tki tysi\u0119cy mieszka\u0144c\u00f3w i zburzono Warszaw\u0119<\/a><\/h2>\n\n\n\n<p><strong>Mieszka\u0142em na G\u00f3rczewskiej r\u00f3g P\u0142ockiej jak moja mama by\u0142a w ci\u0105\u017cy. P\u00f3\u017aniej te\u017c na Woli ale w wi\u0119kszych ruinach.<\/strong> <strong>M\u00f3j klub sportowy z lat 1975-1985 &#8222;Sarmata&#8221; na Wolskiej.<\/strong> <strong>Jak by\u0142em dzieckiem i w m\u0142odo\u015bci nie my\u015bla\u0142em, \u017ce z boku rozegra\u0142a si\u0119 taka tragedia.<\/strong> <strong>Jak szli\u015bmy z rodzicami na spacer ulic\u0105 Z\u0142ot\u0105. Pami\u0119tam jak bardzo zburzone by\u0142y domy. A to w latach 60. Tam gdzie jest teraz ten wysoki budynek Z\u0142ota 44, sta\u0142 dom. Burzyli ruiny czo\u0142giem a p\u00f3\u017aniej kul\u0105 na d\u017awigu.<\/strong> <strong>W miejscu gdzie jest Marriott, by\u0142a poczta i je\u017adzi\u0142 tramwaj.<\/strong> <strong>Pami\u0119tam jak budowali Dworzec Centralny i za chwil\u0119 pu\u015bcili w telewizji czterdziestolatka. Ucz\u0119szcza\u0142em do szko\u0142y podstawowej nr. 26 na Miedzianej i do szko\u0142y \u015bredniej na Ho\u017c\u0105 88. Ca\u0142y czas w tym rejonie Warszawy. Uwielbiam te miejsca. Jeszcze Stare Miasto i \u0141azienki. Blisko \u0141azienek moja &#8222;Legia&#8221; z czas\u00f3w wojska.<\/strong><\/p>\n\n\n\n<p><strong>Powsta\u0144cy nie byli uzbrojeni. Ich walka by\u0142a skazana na wielkie straty. Dosz\u0142y do tego straty w ludno\u015bci cywilnej i zniszczenie stolicy. Konsekwencje by\u0142y przesuni\u0119te w czasie na dziesi\u0119ciolecia. Dlatego ludzie musz\u0105 by\u0107 uzbrojeni. Musi by\u0107 powszechny dost\u0119p do broni. W tej chwili jak by\u015bmy przyst\u0105pili do wojny w obronie Ukrainy zniszczenia by\u0142yby wielokrotnie wi\u0119ksze. Upadek pa\u0144stwa.<\/strong> <strong>Politycy i wtedy i dzisiaj powinni dzia\u0142a\u0107 zgodnie z interesem Polak\u00f3w.<\/strong> <strong>Nieodpowiedzialno\u015b\u0107 polityk\u00f3w i w sumie zdrada pora\u017ca.<\/strong> <strong>Ludzie przeszkoleni i uzbrojeni wystrzelaliby Niemc\u00f3w jednej nocy.<\/strong><\/p>\n\n\n\n<p><a href=\"https:\/\/www.youtube.com\/watch?v=p5_mfWs7Ves\">Wypowied\u017a Prezydenta RP podczas uroczysto\u015bci upami\u0119tnienia ofiar rzezi Woli<\/a><\/p>\n\n\n\n<p>Pomi\u0119dzy 5 a 12 sierpnia na obszarze po obu stronach ul. G\u00f3rczewskiej od wiaduktu kolejowego za obecn\u0105 estakad\u0105 al. Prymasa Tysi\u0105clecia, niemieckie formacje t\u0142umi\u0105ce Powstanie Warszawskie sp\u0119dzi\u0142y i wymordowa\u0142y ok. 12 tys. m\u0119\u017cczyzn, kobiet i dzieci.<\/p>\n\n\n\n<p>Byli to mieszka\u0144cy wolskich ulic: Dzia\u0142dowskiej, Gosty\u0144skiej, G\u00f3rczewskiej, Moczyd\u0142o, P\u0142ockiej, Radzickiej (ob. Rabszty\u0144ska), Soko\u0142owskiej, Staszica, Syreny, Szlenkier\u00f3w, Eustachego Tyszkiewicza, Hipolita Wawelberga, \u015aw. Wojciecha, Zag\u0142oby, Zbo\u017cowej, \u017bytniej.<\/p>\n\n\n\n<p>W gronie ofiar znale\u017ali si\u0119 r\u00f3wnie\u017c pacjenci, lekarze, studenci medycyny i pracownicy Szpitala Wolskiego przy ul. P\u0142ockiej 26 (ob. Instytut Gru\u017alicy i Chor\u00f3b P\u0142uc). Cia\u0142a ofiar zosta\u0142y spalone w miejscu egzekucji; z tego powodu precyzyjne ustalenie liczby ofiar nie jest mo\u017cliwe. Ich popio\u0142y przeniesiono 6 sierpnia 1946 roku do kurhanu pod pomnikiem Polegli Niepokonani na Cmentarzu Powsta\u0144c\u00f3w Warszawy.<\/p>\n\n\n\n<p><a href=\"https:\/\/historia.dorzeczy.pl\/druga-wojna-swiatowa\/619002\/80-rocznica-powstania-warszawskiego-godzina-w-wybuch-powstania.html\">Kto da\u0142 sygna\u0142 do&nbsp;ataku?<\/a><\/p>\n\n\n\n<p><a href=\"https:\/\/dorzeczy.pl\/opinie\/619494\/obchody-wybuchu-pw-tusk-zlozyl-uroczyste-przyrzeczenie.html\">Obchody wybuchu Powstania Warszawskiego. Tusk z\u0142o\u017cy\u0142 &#8222;uroczyste przyrzeczenie&#8221;<\/a><\/p>\n\n\n\n<p>03.08.2024 10.31 <a href=\"https:\/\/www.youtube.com\/watch?v=I_aXDocnhWc\">Dlaczego Tusk nie chce odszkodowania od Niemiec?<\/a><\/p>\n\n\n\n<p>Nie mamy traktatu pokojowego, poniewa\u017c Niemcy chc\u0105 powrotu II Rzeczpospolitej i granic sprzed wojny. Dux Poloniae broni granic tera\u017aniejszych.<\/p>\n\n\n\n<p>&#8222;Granice po drugiej wojnie \u015bwiatowej czyli Moja Rzeczpospolita Polska od Odry do Bugu. Tak\u0105 Polsk\u0119 mam w pami\u0119ci. W ramach reparacji za rozbi\u00f3r Polski w 1772, 1793, 1795, Rugi pruskie, straty w ludziach i maj\u0105tku w czasie 1 wojny \u015bwiatowej i 2 wojny \u015bwiatowej, teren do \u0141aby i So\u0142awy ziemie mi\u0119dzy Morzem Ba\u0142tyckim, \u0141ab\u0105, Hawel\u0105 i Odr\u0105 nale\u017c\u0105 do Polski oddali\u015bmy go Niemcom w lenno. Kr\u00f3lewiec zwany Kaliningradem oddali\u015bmy w lenno Rosji. To proste, mo\u017cecie zleci\u0107 wydrukowanie nowych map. To wystarczy. Wszelkie wyliczenia i wydrukowane biliony nie zwr\u00f3c\u0105 nam poniesionych strat, a na pewno przysporz\u0105 nam wrog\u00f3w. Wydrukowane mapy b\u0119d\u0105 przypomina\u0142y o zbrodniach na narodzie Polski. To ukr\u00f3ci fa\u0142szowanie historii. W przeciwnym razie. B\u0119d\u0105 kolejne roszczenia tych co chc\u0105 granic z przed drugiej wojny \u015bwiatowej. Zabraniam o tym m\u00f3wi\u0107. Chcemy \u017cy\u0107 w pokoju. Od wschodu jest Bia\u0142oru\u015b z Prezydentem Aleksandrem \u0141ukaszenk\u0105. Wycofajmy obce wojska od granicy z Bia\u0142orusi\u0105 za Odr\u0119. Sami si\u0119 obronimy przy pomocy swojego wojska. Ukraina z legalnym prezydentem Wo\u0142odymyrem Ze\u0142enskim. Kr\u00f3lewiec zwany Kaliningradem oddany w lenno Rosji z Prezydentem W\u0142adimirem Putinem. Niemcy zachodnie za \u0141ab\u0105 i wschodnie do \u0141aby oddane w lenno. Niemcy wschodnie historycznie zamieszka\u0142e przez S\u0142owian ze stolic\u0105 w Kopanicy zwanej Berlin(w herbie nied\u017awied\u017a) Wieleci, Obodryci, Serbo\u0142u\u017cyczanie, Ranowie, S\u0142owianie po\u0142abscy, Po\u0142abianie \u2013 jedna z grup S\u0142owian wchodz\u0105ca w sk\u0142ad plemion zachodnios\u0142owia\u0144skich z grupy plemion lechickich, zamieszkuj\u0105ce od staro\u017cytno\u015bci ziemie mi\u0119dzy Morzem Ba\u0142tyckim, \u0141ab\u0105, Hawel\u0105 i Odr\u0105. Stosunek lenny ogranicza si\u0119 do roli honorowej. Czyli system pomocy wojskowej, udzielanej przez wasali kr\u00f3lewskich. W zamian za lenno wasal zobowi\u0105\u017ce si\u0119 s\u0142u\u017cy\u0107 wiernie seniorowi rad\u0105 i pomoc\u0105 or\u0119\u017cn\u0105. Zawarcie kontraktu ma charakter uroczysto\u015bci. Sk\u0142ada\u0142a si\u0119 ona z ho\u0142du lennego i dokonania inwestytury. Suzerenem jest monarcha Polski&#8221;. <a href=\"https:\/\/topol.org.pl\/?page_id=47\">\u0179r\u00f3d\u0142o: Fragment<\/a><\/p>\n\n\n\n<p>03.08.2024 14.07 Korporacje w swoich statutach wprowadzaj\u0105 ideologi\u0119. Dlatego jak m\u00f3wimy <strong><a href=\"https:\/\/dorzeczy.pl\/opinie\/619814\/prof-zaryn-cena-jest-utrata-polskosci-przez-polakow.html\">o korporacji historyk\u00f3w<\/a><\/strong> to ona te\u017c wprowadza ideologi\u0119 zgodn\u0105 z trendami panuj\u0105cymi na zachodzie. Je\u015bli chcemy zachowa\u0107 nasz\u0105 to\u017csamo\u015b\u0107 narodow\u0105, nie mo\u017cemy identyfikowa\u0107 si\u0119 z zachodem. Teraz w przestrzeni przedsi\u0119biorstw dominuj\u0105 korporacje mi\u0119dzynarodowe, dlatego dzia\u0142ania s\u0105 ma\u0142o skuteczne. Nawet b\u0119d\u0105c w NATO oceniaj\u0105 \u015bwiatopogl\u0105d i zwalniaj\u0105 ze s\u0142u\u017cby. Destrukcja b\u0119dzie post\u0119powa\u0107. Tylko nieliczni to widz\u0105.<\/p>\n\n\n\n<p>03.08.2024 18.53 <strong><a href=\"https:\/\/pl.wikipedia.org\/wiki\/Powstanie_warszawskie\">Warszawa czci pami\u0119\u0107 powsta\u0144c\u00f3w<\/a>. <a href=\"https:\/\/muzeum-powstania-bilety.pl\/?gad_source=1&amp;gclid=Cj0KCQjwzby1BhCQARIsAJ_0t5PjZsZ3LdxVpIdtpVtKBq7TX877dm5WtPT3xAGnJyfp07A0Es64A0MaAqPaEALw_wcB#lp01\">Muzeum Powstania Warszawskiego<\/a>.<\/strong><\/p>\n\n\n\n<p>Mi\u0142o\u015b\u0107 Powsta\u0144c\u00f3w do&nbsp;ojczyzny zobowi\u0105zuje kolejne pokolenia.<\/p>\n\n\n\n<p>&#8222;My, powsta\u0144cy naszym bogatym wieloletnim do\u015bwiadczeniem z ca\u0142ym przekonaniem mo\u017cemy powiedzie\u0107, \u017ce bez wolno\u015bci i suwerenno\u015bci \u017cycie cz\u0142owieka jest niezmiernie trudne i ci\u0119\u017ckie. Apelujemy wi\u0119c do wszystkich m\u0142odych, aktywnych ludzi: dbajcie i walczcie o te warto\u015bci&#8221; &#8211; <a href=\"https:\/\/www.gazetaprawna.pl\/wiadomosci\/kraj\/artykuly\/8218762,powstanie-warszawskie-rocznica-jerzy-jozef-mindziukiewicz-jur.html\">powiedzia\u0142 Mindziukiewicz<\/a>. \u0179r\u00f3d\u0142o: (<a href=\"https:\/\/www.gazetaprawna.pl\/wiadomosci\/kraj\/artykuly\/8218762,powstanie-warszawskie-rocznica-jerzy-jozef-mindziukiewicz-jur.html\">DGP<\/a>)<\/p>\n\n\n\n<p><strong><a href=\"https:\/\/dorzeczy.pl\/kraj\/619524\/abp-jedraszewski-milosc-powstancow-do-ojczyzny-zobowiazuje.html\">&#8222;aby\u015bcie nie&nbsp;podcinali sami tych korzeni, z&nbsp;kt\u00f3rych wyrastamy&#8221;<\/a><\/strong><\/p>\n\n\n\n<figure class=\"wp-block-image size-large is-resized\"><a href=\"https:\/\/pl.wikipedia.org\/wiki\/Ko%C5%9Bci%C3%B3%C5%82_Wszystkich_%C5%9Awi%C4%99tych_w_Warszawie\"><img loading=\"lazy\" decoding=\"async\" width=\"576\" height=\"1024\" src=\"https:\/\/topol.org.pl\/wp-content\/uploads\/2024\/08\/Kosciol-Wszystkich-Swietych-w-Warszawie-576x1024.jpg\" alt=\"\" class=\"wp-image-4964\" style=\"width:650px;height:auto\" srcset=\"https:\/\/topol.org.pl\/wp-content\/uploads\/2024\/08\/Kosciol-Wszystkich-Swietych-w-Warszawie-576x1024.jpg 576w, https:\/\/topol.org.pl\/wp-content\/uploads\/2024\/08\/Kosciol-Wszystkich-Swietych-w-Warszawie-169x300.jpg 169w, https:\/\/topol.org.pl\/wp-content\/uploads\/2024\/08\/Kosciol-Wszystkich-Swietych-w-Warszawie-768x1365.jpg 768w, https:\/\/topol.org.pl\/wp-content\/uploads\/2024\/08\/Kosciol-Wszystkich-Swietych-w-Warszawie-864x1536.jpg 864w, https:\/\/topol.org.pl\/wp-content\/uploads\/2024\/08\/Kosciol-Wszystkich-Swietych-w-Warszawie-1152x2048.jpg 1152w, https:\/\/topol.org.pl\/wp-content\/uploads\/2024\/08\/Kosciol-Wszystkich-Swietych-w-Warszawie-scaled.jpg 1440w\" sizes=\"auto, (max-width: 576px) 100vw, 576px\" \/><\/a><\/figure>\n\n\n\n<figure class=\"wp-block-image size-large\"><img loading=\"lazy\" decoding=\"async\" width=\"1024\" height=\"576\" src=\"https:\/\/topol.org.pl\/wp-content\/uploads\/2024\/08\/Ulica-Walicow-1024x576.jpg\" alt=\"\" class=\"wp-image-4966\" srcset=\"https:\/\/topol.org.pl\/wp-content\/uploads\/2024\/08\/Ulica-Walicow-1024x576.jpg 1024w, https:\/\/topol.org.pl\/wp-content\/uploads\/2024\/08\/Ulica-Walicow-300x169.jpg 300w, https:\/\/topol.org.pl\/wp-content\/uploads\/2024\/08\/Ulica-Walicow-768x432.jpg 768w, https:\/\/topol.org.pl\/wp-content\/uploads\/2024\/08\/Ulica-Walicow-1536x864.jpg 1536w, https:\/\/topol.org.pl\/wp-content\/uploads\/2024\/08\/Ulica-Walicow-2048x1152.jpg 2048w\" sizes=\"auto, (max-width: 1024px) 100vw, 1024px\" \/><\/figure>\n\n\n\n<p>Verte ><a href=\"https:\/\/topol.org.pl\/?page_id=6187\">Fundacja Narodowe Si\u0142y Samoobrony \u201eGrot\u201d<\/a><\/p>\n","protected":false},"excerpt":{"rendered":"<p>&#8222;Powstanie Warszawskie by\u0142o walk\u0105 o&nbsp;spraw\u0119 polsk\u0105&#8221; \u0179r\u00f3d\u0142o: Do Rzeczy W 1944 r. moja mama mia\u0142a 6 lat. Zawsze opowiada\u0142a, \u017ce pami\u0119ta wojn\u0119 i ocalenie. Chyba to by\u0142o w czasie powstania bo m\u00f3wi\u0142a, \u017ce z siostr\u0105 schowa\u0142y si\u0119 pod \u0142\u00f3\u017cko. Wszed\u0142 do domu granatowy policjant i wermacht. Niemcy chcieli strzela\u0107 ale powstrzyma\u0142 ich policjant. M\u00f3wi\u0142 o [&hellip;]<\/p>\n","protected":false},"author":1,"featured_media":0,"parent":0,"menu_order":173,"comment_status":"closed","ping_status":"closed","template":"","meta":{"footnotes":""},"class_list":["post-4898","page","type-page","status-publish","hentry"],"_links":{"self":[{"href":"https:\/\/topol.org.pl\/index.php?rest_route=\/wp\/v2\/pages\/4898","targetHints":{"allow":["GET"]}}],"collection":[{"href":"https:\/\/topol.org.pl\/index.php?rest_route=\/wp\/v2\/pages"}],"about":[{"href":"https:\/\/topol.org.pl\/index.php?rest_route=\/wp\/v2\/types\/page"}],"author":[{"embeddable":true,"href":"https:\/\/topol.org.pl\/index.php?rest_route=\/wp\/v2\/users\/1"}],"replies":[{"embeddable":true,"href":"https:\/\/topol.org.pl\/index.php?rest_route=%2Fwp%2Fv2%2Fcomments&post=4898"}],"version-history":[{"count":44,"href":"https:\/\/topol.org.pl\/index.php?rest_route=\/wp\/v2\/pages\/4898\/revisions"}],"predecessor-version":[{"id":12982,"href":"https:\/\/topol.org.pl\/index.php?rest_route=\/wp\/v2\/pages\/4898\/revisions\/12982"}],"wp:attachment":[{"href":"https:\/\/topol.org.pl\/index.php?rest_route=%2Fwp%2Fv2%2Fmedia&parent=4898"}],"curies":[{"name":"wp","href":"https:\/\/api.w.org\/{rel}","templated":true}]}}