{"id":4936,"date":"2024-08-05T06:45:48","date_gmt":"2024-08-05T04:45:48","guid":{"rendered":"https:\/\/topol.org.pl\/?page_id=4936"},"modified":"2026-01-09T10:51:02","modified_gmt":"2026-01-09T09:51:02","slug":"godzina-w-przed-nami-63-dni-walki-o-niepodleglosc","status":"publish","type":"page","link":"https:\/\/topol.org.pl\/?page_id=4936","title":{"rendered":"Godzina &#8222;W&#8221; Przed nami 63 dni walki o niepodleg\u0142o\u015b\u0107."},"content":{"rendered":"\n<p>Godzina &#8222;W&#8221; min\u0119\u0142a. To donios\u0142a chwila przed nami 63 dni walki o niepodleg\u0142o\u015b\u0107. Dobrze, \u017ce Prezydent Warszawy <a href=\"https:\/\/pl.wikipedia.org\/wiki\/Kopiec_Powstania_Warszawskiego\">pozwoli\u0142 na pami\u0119\u0107<\/a>. Po drodze 1.09.2024 rocznica wybuchu wojny i jednocze\u015bnie zwo\u0142any Sejm Wielki. Chc\u0119 to zrealizowa\u0107 pokojowo, \u017ceby byli tylko zwyci\u0119zcy.<\/p>\n\n\n\n<ol class=\"wp-block-list\">\n<li>09.08.2024 7.00 <strong><a href=\"https:\/\/pl.wikipedia.org\/wiki\/Decentralizacja\">Decentralizacja w\u0142adzy publicznej w Polsce<\/a><\/strong> jest&nbsp;<a href=\"https:\/\/pl.wikipedia.org\/wiki\/Zasada_prawa\">zasad\u0105 prawn\u0105<\/a>&nbsp;wyra\u017con\u0105 w art. 15&nbsp;<a href=\"https:\/\/pl.wikipedia.org\/wiki\/Konstytucja_Rzeczypospolitej_Polskiej\">Konstytucji Rzeczypospolitej Polskiej<\/a>. Granic\u0119 zasady decentralizacji wyznacza okre\u015blona w art. 3 Konstytucji zasada jednolito\u015bci pa\u0144stwa. Jednolito\u015b\u0107 terytorialna oraz ustrojowa Polski wyklucza m.in. <strong>federacyjny ustr\u00f3j pa\u0144stwa i autonomie terytorialne<\/strong><\/li>\n\n\n\n<li>&amp; 1. Z mocy prawa ustanawiam ustaw\u0119 konstytucyjn\u0105, Moja Rzeczpospolita Polska istnieje w granicach tera\u017aniejszych. Zr\u00f3d\u0142o: <a href=\"https:\/\/topol.org.pl\/?page_id=47\">Fragment<\/a><\/li>\n\n\n\n<li>16 stycznia 2018&nbsp;<a href=\"https:\/\/pl.wikipedia.org\/wiki\/Prezydent_Rzeczypospolitej_Polskiej\">prezydent Polski<\/a>&nbsp;<a href=\"https:\/\/pl.wikipedia.org\/wiki\/Andrzej_Duda\">Andrzej Duda<\/a>&nbsp;podj\u0105\u0142 decyzj\u0119 o podpisaniu przyj\u0119tej ustawy z dnia 11 stycznia 2018, kt\u00f3ra wprowadza m.in.&nbsp;<a href=\"https:\/\/pl.wikipedia.org\/wiki\/Nowelizacja\">nowelizacj\u0119<\/a>&nbsp;<a href=\"https:\/\/pl.wikipedia.org\/wiki\/Kodeks_wyborczy\">Kodeksu wyborczego<\/a>&nbsp;i ustaw o samorz\u0105dach<sup><a href=\"https:\/\/pl.wikipedia.org\/wiki\/Samorz%C4%85d_terytorialny_w_Polsce#cite_note-10\">[9]<\/a><\/sup><sup><a href=\"https:\/\/pl.wikipedia.org\/wiki\/Samorz%C4%85d_terytorialny_w_Polsce#cite_note-:0-11\">[10]<\/a><\/sup>. Ustawa wprowadza m.in.&nbsp;<a href=\"https:\/\/pl.wikipedia.org\/wiki\/Kadencja_(politologia)\">dwukadencyjno\u015b\u0107<\/a>&nbsp;<a href=\"https:\/\/pl.wikipedia.org\/wiki\/W%C3%B3jt\">w\u00f3jt\u00f3w<\/a>,&nbsp;<a href=\"https:\/\/pl.wikipedia.org\/wiki\/Burmistrz\">burmistrz\u00f3w<\/a>&nbsp;i&nbsp;<a href=\"https:\/\/pl.wikipedia.org\/wiki\/Prezydent_miasta\">prezydent\u00f3w miast<\/a>&nbsp;licz\u0105c pierwsz\u0105 kadencj\u0119 od 2018 r.,&nbsp;<a href=\"https:\/\/pl.wikipedia.org\/wiki\/Jednomandatowe_okr%C4%99gi_wyborcze\">jednomandatowe okr\u0119gi wyborcze<\/a>&nbsp;w gminach do 20 tys. mieszka\u0144c\u00f3w i wyd\u0142u\u017ca kadencj\u0119 organ\u00f3w samorz\u0105dowych z 4 do 5 lat<sup><a href=\"https:\/\/pl.wikipedia.org\/wiki\/Samorz%C4%85d_terytorialny_w_Polsce#cite_note-:0-11\">[10]<\/a><\/sup>.<\/li>\n\n\n\n<li>W 2024 roku Polska dzieli si\u0119 na 16 wojew\u00f3dztw, 314 powiat\u00f3w i 2477 gmin (302 miejskich w tym 66 miast na prawach powiatu, 711 miejsko-wiejskich oraz 1464 wiejskich)<sup><a href=\"https:\/\/pl.wikipedia.org\/wiki\/Samorz%C4%85d_terytorialny_w_Polsce#cite_note-12\">[11]<\/a><\/sup>. <\/li>\n\n\n\n<li>09.08.2024 8.30 <strong>(Obja\u015bnienie: Udzia\u0142 w tworzeniu ustaw przez Sejm Wielki, w tym gmin wiejskich zapobiegnie <a href=\"https:\/\/www.google.com\/search?q=kto+podpisa%C5%82+zielony+%C5%82ad&amp;oq=kto+podpisa%C5%82+zielony+%C5%82ad&amp;gs_lcrp=EgZjaHJvbWUyBggAEEUYOdIBCjEzNTg4ajBqMTWoAgiwAgE&amp;sourceid=chrome&amp;ie=UTF-8\">likwidacji rolnictwa<\/a> i <a href=\"https:\/\/dorzeczy.pl\/ekonomia\/621448\/mniej-pieniedzy-na-budowe-drog-morawiecki-apeluje-do-rzadu.html\">dzia\u0142alno\u015bci gospodarczej do 250 zatrudnionych w gminach wiejskich<\/a>. Likwidacja rolnictwa i dzia\u0142alno\u015bci na tych terenach zmusi ludzi do zasiedlania miast, kt\u00f3re po jakim\u015b czasie stan\u0105 si\u0119 gettem &#8222;<a href=\"https:\/\/www.google.com\/search?q=multi+kulti&amp;oq=multi+kulti&amp;gs_lcrp=EgZjaHJvbWUyBggAEEUYOdIBCDY4MTNqMGo3qAIAsAIA&amp;sourceid=chrome&amp;ie=UTF-8\">Multikulti<\/a>&#8222;)<\/strong>.<\/li>\n\n\n\n<li><strong>09.08.2024 14.30 &amp; 1. Zaczynamy od bilansu Kr\u00f3lestwa (<em>Korona Kr\u00f3lestwa Polskiego<\/em>). bilansu gmin, powiat\u00f3w, wojew\u00f3dztw.<br>Nie mamy d\u0142ug\u00f3w.<\/strong> (<strong>Obja\u015bnienie: Wr\u00f3cili\u015bmy do Pierwszej Rzeczypospolitej, kt\u00f3ra nie mia\u0142a d\u0142ug\u00f3w.<\/strong> 3RP ma Pa\u0144stwowy D\u0142ug Publiczny na koniec I kw. 2024 r. 1.416.918.800.000 z\u0142 Odsetki w<strong>&nbsp;<\/strong>przysz\u0142orocznym bud\u017cecie ta kwota uros\u0142a ju\u017c do 66 mld z\u0142. <strong>to pieni\u0105dze stracone. Dlatego zach\u0119cam do <a href=\"https:\/\/www.obligacjeskarbowe.pl\/oferta-obligacji\/obligacje-6-letnie-ros\/ros0830\/\">Obligacji 6-letnich rodzinnych<\/a>, kt\u00f3re pokryj\u0105 inflacj\u0119 i zarobek inwestycyjny. Wtedy te 66 mld z\u0142 zostanie w kraju. Je\u015bli Polacy chc\u0105 sp\u0142aci\u0107 d\u0142ug, to jest jakie\u015b rozwi\u0105zanie). Aktualnie(<\/strong><a href=\"https:\/\/www.youtube.com\/watch?v=rZKkVc9r1p8\">D\u0142ug Publiczny 2 bln PLN!<\/a>) <strong>Trzeba zlikwidowa\u0107 kominy p\u0142acowe.<\/strong><\/li>\n\n\n\n<li><strong>Nie mamy um\u00f3w.<br>Nie mamy traktat\u00f3w. \u0179r\u00f3d\u0142o: <a href=\"https:\/\/topol.org.pl\/?page_id=47\">Fragment<\/a><\/strong><\/li>\n\n\n\n<li><strong>09.08.2024 15.23 Wnosz\u0119 o poprawk\u0119 do Konstytucji, zezwalaj\u0105cej na powszechny dost\u0119p do broni.<\/strong><\/li>\n\n\n\n<li><strong>Powo\u0142amy Narodowe Si\u0142y Zbrojne &#8222;Grot&#8221;, kt\u00f3re skupi\u0105 Wojsko Polskie, S\u0142u\u017cby i Wojsko Obrony Terytorialnej. &#8222;Grot&#8221; zajmie si\u0119 koordynacj\u0105 dzia\u0142a\u0144 w sytuacjach kryzysowych.<\/strong> <strong><a href=\"https:\/\/topol.org.pl\/?page_id=4417\">&#8222;Grot&#8221;<\/a> b\u0119dzie podlega\u0142 &#8222;Dux Poloniae&#8221;<\/strong><\/li>\n\n\n\n<li><strong>09.08.2024 15.55 Sejm i Senat b\u0119dzie wybierany tak jak teraz, b\u0119dzie pe\u0142ni\u0142 zadanie jak do tej pory. Czyli z wi\u0119kszo\u015bci parlamentarnej, pos\u0142\u00f3w b\u0119dzie powo\u0142ywany rz\u0105d tak jak do tej pory. Pos\u0142owie i senatorowie b\u0119d\u0105 mogli zg\u0142asza\u0107 ustawy. I <a href=\"https:\/\/www.youtube.com\/watch?v=WZwcU2PNwj0\">Prezydent.<\/a> <\/strong><strong>Ale ni\u017csz\u0105 izb\u0105 parlamentu b\u0119dzie Sejm Wielki a wy\u017csz\u0105 izb\u0105 parlamentu b\u0119dzie 107 prezydent\u00f3w miast. Czyli b\u0119dzie wi\u0119cej demokracji w demokracji. Prezydent po zbadaniu ustawy pod k\u0105tem zgodno\u015bci z Konstytucj\u0105 podpisze ustaw\u0119.<\/strong><\/li>\n\n\n\n<li><strong>09.08.2024 16.11<\/strong> <strong>Ustawy b\u0119d\u0105 tworzone w skr\u00f3cie. Zawsze b\u0119dzie mo\u017cna interpretowa\u0107 z korzy\u015bci\u0105 dla ludzi. Ustawa ma zmie\u015bci\u0107 si\u0119 na jednej stronie maszynopisu.<\/strong> <strong>Ustawy piszemy w kraju, bez przesadnego udzia\u0142u <a href=\"https:\/\/www.google.com\/search?q=lobbyst%C3%B3w&amp;oq=lobbyst%C3%B3w&amp;gs_lcrp=EgZjaHJvbWUyBggAEEUYOdIBCDExOTRqMGo3qAIAsAIA&amp;sourceid=chrome&amp;ie=UTF-8\">lobbyst\u00f3w<\/a><\/strong>. <strong>Dzia\u0142amy na korzy\u015b\u0107 ludzi.<\/strong><\/li>\n\n\n\n<li><strong>09.08.2024 16.12<\/strong> <strong>Wnosz\u0119 o powszechne <a href=\"https:\/\/www.google.com\/search?q=jle+w+polsce+jest+zak%C5%82ad%C3%B3w+karnych&amp;oq=jle+w+polsce+jest+zak%C5%82ad%C3%B3w+karnych&amp;gs_lcrp=EgZjaHJvbWUyBggAEEUYOdIBCjE3NjU1ajBqMTWoAgiwAgE&amp;sourceid=chrome&amp;ie=UTF-8\">darowanie kar<\/a>, czyli <a href=\"https:\/\/www.google.com\/search?q=amnesti%C4%99&amp;oq=amnesti%C4%99&amp;gs_lcrp=EgZjaHJvbWUyBggAEEUYOdIBCDExMDdqMGo3qAIAsAIA&amp;sourceid=chrome&amp;ie=UTF-8\">amnesti\u0119<\/a>. <\/strong><\/li>\n\n\n\n<li>11.08.2024 13.14 Chcia\u0142bym zagospodarowa\u0107 ludzi , kt\u00f3rzy odbywaj\u0105 kar\u0119 wi\u0119zienia. Jednocze\u015bnie zwolni\u0107 miejsce w koszarach wi\u0119ziennych na baz\u0119 do szkolenia <strong>Wojsk Obrony Terytorialnej<\/strong> i ewentualnie leczenia uzale\u017cnie\u0144. <\/li>\n\n\n\n<li>Musz\u0119 wszystko zorganizowa\u0107 sam, bez pomocy z zewn\u0105trz, bez doradc\u00f3w. Nie komentuj\u0119, m\u00f3wi\u0119 jak powinno by\u0107.<\/li>\n\n\n\n<li><strong><a href=\"https:\/\/www.google.com\/search?q=umowa+barterowa&amp;oq=umowa+barterowa&amp;gs_lcrp=EgZjaHJvbWUyBggAEEUYOdIBCTg0MjZqMGoxNagCCLACAQ&amp;sourceid=chrome&amp;ie=UTF-8\">Umowa barterowa<\/a><\/strong> to dobre rozwi\u0105zanie stosowane w przypadku na\u0142o\u017cenia sankcji. Mo\u017cna te\u017c stosowa\u0107 wymian\u0119 handlow\u0105 opieraj\u0105c si\u0119 o swoj\u0105 walut\u0119 i walut\u0119 kraju z kt\u00f3rym prowadzimy wymian\u0119. Kraj do kt\u00f3rego sprzedajemy p\u0142aci w swojej walucie a my musimy kupi\u0107 od nich w ich walucie i odwrotnie. Nadwy\u017ck\u0119 zakupu co jaki\u015b czas rozliczamy w z\u0142ocie. To pozwoli zachowa\u0107 r\u00f3wnowag\u0119 w wymianie towarowej. Chc\u0119 zbudowa\u0107 siln\u0105 niezale\u017cn\u0105 pozycj\u0119 Polski.<\/li>\n\n\n\n<li>To moje dotychczasowe przemy\u015blenia. Nie stanowi\u0105 oferty przetargowej. Na razie jestem 1. (C.D.N)<\/li>\n\n\n\n<li><img loading=\"lazy\" decoding=\"async\" width=\"150\" height=\"139\" class=\"wp-image-1551\" style=\"width: 150px;\" src=\"https:\/\/topol.org.pl\/wp-content\/uploads\/2024\/02\/Senat_RP_okregi.svg_.png\" alt=\"\" srcset=\"https:\/\/topol.org.pl\/wp-content\/uploads\/2024\/02\/Senat_RP_okregi.svg_.png 1024w, https:\/\/topol.org.pl\/wp-content\/uploads\/2024\/02\/Senat_RP_okregi.svg_-300x277.png 300w, https:\/\/topol.org.pl\/wp-content\/uploads\/2024\/02\/Senat_RP_okregi.svg_-768x710.png 768w\" sizes=\"auto, (max-width: 150px) 100vw, 150px\" \/>Polsk\u0119 podzieli\u0142em na 107 obszar\u00f3w (kasztelanii).<\/li>\n<\/ol>\n\n\n\n<figure class=\"wp-block-image size-full\"><img loading=\"lazy\" decoding=\"async\" width=\"1024\" height=\"947\" src=\"https:\/\/topol.org.pl\/wp-content\/uploads\/2024\/02\/Senat_RP_okregi.svg_.png\" alt=\"\" class=\"wp-image-1551\" srcset=\"https:\/\/topol.org.pl\/wp-content\/uploads\/2024\/02\/Senat_RP_okregi.svg_.png 1024w, https:\/\/topol.org.pl\/wp-content\/uploads\/2024\/02\/Senat_RP_okregi.svg_-300x277.png 300w, https:\/\/topol.org.pl\/wp-content\/uploads\/2024\/02\/Senat_RP_okregi.svg_-768x710.png 768w\" sizes=\"auto, (max-width: 1024px) 100vw, 1024px\" \/><\/figure>\n\n\n\n<p>Np. 37 Kasztelan Nowos\u0105decki<\/p>\n\n\n\n<p><a href=\"https:\/\/www.google.com\/search?q=Kasztelan+Nowos%C4%85decki&amp;oq=Kasztelan+Nowos%C4%85decki&amp;gs_lcrp=EgZjaHJvbWUyBggAEEUYOdIBCDE0NTJqMGo3qAIAsAIA&amp;sourceid=chrome&amp;ie=UTF-8\">Co to znaczy s\u0142owo Kasztelan<\/a>?<\/p>\n\n\n\n<p>kasztelan \u2013 komes, pan grodowy \u2013&nbsp;<strong>w \u015bredniowieczu urz\u0119dnik sprawuj\u0105cy w\u0142adz\u0119 w imieniu panuj\u0105cego na danym terytorium<\/strong>&nbsp;(kasztelanii). Odpowiada\u0142 za obron\u0119, wymiar sprawiedliwo\u015bci, zbieranie danin i podatk\u00f3w. W epoce nowo\u017cytnej kompetencje kasztelana zosta\u0142y ograniczone, ale za to kasztelani zasiadali w <strong>Senacie<\/strong>.<\/p>\n\n\n\n<p>12.08.2024 19.39 I Prezydent<\/p>\n\n\n\n<p><\/p>\n\n\n\n<figure class=\"wp-block-image size-large\"><a href=\"https:\/\/dorzeczy.pl\/kraj\/622342\/prawybory-prezydenta-wolnej-polski-apel-ws-wyborow-prezydenckich-2025.html\"><img loading=\"lazy\" decoding=\"async\" width=\"1024\" height=\"479\" src=\"https:\/\/topol.org.pl\/wp-content\/uploads\/2024\/08\/Artur-Bartoszewicz-12.08.2024-19.39-1-1024x479.jpg\" alt=\"\" class=\"wp-image-5080\" srcset=\"https:\/\/topol.org.pl\/wp-content\/uploads\/2024\/08\/Artur-Bartoszewicz-12.08.2024-19.39-1-1024x479.jpg 1024w, https:\/\/topol.org.pl\/wp-content\/uploads\/2024\/08\/Artur-Bartoszewicz-12.08.2024-19.39-1-300x140.jpg 300w, https:\/\/topol.org.pl\/wp-content\/uploads\/2024\/08\/Artur-Bartoszewicz-12.08.2024-19.39-1-768x359.jpg 768w, https:\/\/topol.org.pl\/wp-content\/uploads\/2024\/08\/Artur-Bartoszewicz-12.08.2024-19.39-1-1536x719.jpg 1536w, https:\/\/topol.org.pl\/wp-content\/uploads\/2024\/08\/Artur-Bartoszewicz-12.08.2024-19.39-1.jpg 1558w\" sizes=\"auto, (max-width: 1024px) 100vw, 1024px\" \/><\/a><\/figure>\n\n\n\n<p>23.08.2024 17.00 &#8222;<a href=\"https:\/\/dorzeczy.pl\/opinie\/625353\/mariusz-muszynski-o-trybunale-stanu-dla-prezesa-nbp.html\">O&nbsp;Trybunale Stanu<\/a>&#8222;<\/p>\n\n\n\n<p><strong>01.09.2024 21.14 Wszyscy jeste\u015bmy sobie r\u00f3wni bez podzia\u0142u i segregacji ludzi. Nie ma tytu\u0142\u00f3w z dawnej Polski nie ro\u015bcimy praw do dawnych w\u0142asno\u015bci nieruchomo\u015bci. \u0179r\u00f3d\u0142o: <a href=\"https:\/\/topol.org.pl\/?page_id=47\">Fragment<\/a><\/strong><\/p>\n\n\n\n<p><strong>Dlatego nazwa\u0142em kasztelan bo podzieli\u0142em Polsk\u0119 na kasztelanie. 107 kasztelanii. Wol\u0119 kasztelan zamiast komisarz, wol\u0119 Kr\u00f3lestwo Polskie ni\u017c europejsk\u0105 organizacj\u0119 komunistyczn\u0105.<\/strong> <strong>My\u015bl\u0119, \u017ce lepiej zaproponowa\u0107 urz\u0105d kasztelana a nie komisarza ludowego.<\/strong><\/p>\n\n\n\n<p><a href=\"https:\/\/www.google.com\/search?q=w+unii+europejskiej+kto+sprawuje+w%C5%82adz%C4%99&amp;oq=w+unii+europejskiej+kto+sprawuje+w%C5%82adz%C4%99&amp;gs_lcrp=EgZjaHJvbWUyBggAEEUYOTIGCAEQRRhAMgYIAhBFGEDSAQoyMjcyNGowajE1qAIIsAIB&amp;sourceid=chrome&amp;ie=UTF-8\">Kto rz\u0105dzi w Unii Europejskiej?<\/a> <\/p>\n\n\n\n<p>Jeden z grona komisarzy jest wybierany przez Rad\u0119 Europejsk\u0105, a nast\u0119pnie zatwierdzany przez Parlament Europejski na przewodnicz\u0105cego Komisji (obecn\u0105 przewodnicz\u0105c\u0105 jest Ursula von der Leyen, kt\u00f3ra pe\u0142ni t\u0119 funkcj\u0119 od 1 grudnia 2019).<\/p>\n\n\n\n<p><a href=\"https:\/\/www.youtube.com\/watch?v=hjrUc7jXzk4\">W Polsce same mieszcza\u0144stwo i szlachta.<\/a> Ch\u0142opi pozbyli si\u0119 ziemi i m\u00f3wi\u0105 o sobie&#8230; <a href=\"https:\/\/topol.org.pl\/?page_id=2655\">\u201eOstatnie pokolenie\u201d<\/a>&#8230; Chyba b\u0119dziemy jedli robaki. Nikomu nie chce si\u0119 robi\u0107. Maj\u0105 wprowadzi\u0107 czterodniowy dzie\u0144 pracy.<\/p>\n\n\n\n<p><a href=\"https:\/\/dorzeczy.pl\/kraj\/629106\/ostatnie-pokolenie-znow-zablokowalo-jedna-z-ulic-w-warszawie.html\">Postulaty Ostatniego Pokolenia<\/a>: przesuni\u0119cia 100 proc. \u015brodk\u00f3w z&nbsp;nowych autostrad na&nbsp;lokalny transport publiczny, jednego biletu miesi\u0119cznego za&nbsp;50 z\u0142 na&nbsp;ca\u0142y transport regionalny w&nbsp;Polsce.<\/p>\n\n\n\n<p><strong>M\u00f3j postulat:<\/strong><\/p>\n\n\n\n<ol class=\"wp-block-list\">\n<li><strong>Jestem za wprowadzeniem jednego biletu miesi\u0119cznego za&nbsp;50 z\u0142 na&nbsp;ca\u0142y transport regionalny w&nbsp;Polsce. Dla os\u00f3b nie maj\u0105cych samochodu.<\/strong><\/li>\n\n\n\n<li><strong>Dla ch\u0119tnych z \u2026&nbsp;<a href=\"https:\/\/topol.org.pl\/?page_id=2655\">\u201eOstatniego pokolenia\u201d<\/a>\u2026 mo\u017cliwo\u015b\u0107 zakupu 1 hektara ziemi rolnej po preferencyjnej cenie z <a href=\"https:\/\/pl.wikipedia.org\/wiki\/Agencja_W%C5%82asno%C5%9Bci_Rolnej_Skarbu_Pa%C5%84stwa\">Agencji W\u0142asno\u015bci Rolnej Skarbu Pa\u0144stwa<\/a>.<\/strong> <strong>Chc\u0119 przeciwdzia\u0142a\u0107 holdingom.<\/strong><\/li>\n<\/ol>\n\n\n\n<p><a href=\"https:\/\/www.youtube.com\/watch?v=UUpT8CYjUJg\">Wszyscy przez \u017cycie jad\u0105 na gap\u0119.<\/a> Ale statystyki w Google rosn\u0105, <a href=\"https:\/\/topol.org.pl\/?page_id=5314\">aby tak dalej<\/a>.<\/p>\n\n\n\n<p>10.09.2024 07.35 <a href=\"https:\/\/wiadomosci.radiozet.pl\/polska\/Lasy-Panstwowe-sie-zbroja.-Straznicy-dostaja-karabinki-GROT-ekolodzy-sa-zaniepokojeni\">Lasy Pa\u0144stwowe si\u0119 zbroj\u0105. Stra\u017cnicy le\u015bni dostaj\u0105 karabiny &#8222;Grot&#8221;<\/a><\/p>\n\n\n\n<p>Verte ><a href=\"https:\/\/topol.org.pl\/?page_id=6187\">Fundacja Narodowe Si\u0142y Samoobrony \u201eGrot\u201d<\/a><\/p>\n","protected":false},"excerpt":{"rendered":"<p>Godzina &#8222;W&#8221; min\u0119\u0142a. To donios\u0142a chwila przed nami 63 dni walki o niepodleg\u0142o\u015b\u0107. Dobrze, \u017ce Prezydent Warszawy pozwoli\u0142 na pami\u0119\u0107. Po drodze 1.09.2024 rocznica wybuchu wojny i jednocze\u015bnie zwo\u0142any Sejm Wielki. Chc\u0119 to zrealizowa\u0107 pokojowo, \u017ceby byli tylko zwyci\u0119zcy. Np. 37 Kasztelan Nowos\u0105decki Co to znaczy s\u0142owo Kasztelan? kasztelan \u2013 komes, pan grodowy \u2013&nbsp;w \u015bredniowieczu [&hellip;]<\/p>\n","protected":false},"author":1,"featured_media":0,"parent":0,"menu_order":174,"comment_status":"closed","ping_status":"closed","template":"","meta":{"footnotes":""},"class_list":["post-4936","page","type-page","status-publish","hentry"],"_links":{"self":[{"href":"https:\/\/topol.org.pl\/index.php?rest_route=\/wp\/v2\/pages\/4936","targetHints":{"allow":["GET"]}}],"collection":[{"href":"https:\/\/topol.org.pl\/index.php?rest_route=\/wp\/v2\/pages"}],"about":[{"href":"https:\/\/topol.org.pl\/index.php?rest_route=\/wp\/v2\/types\/page"}],"author":[{"embeddable":true,"href":"https:\/\/topol.org.pl\/index.php?rest_route=\/wp\/v2\/users\/1"}],"replies":[{"embeddable":true,"href":"https:\/\/topol.org.pl\/index.php?rest_route=%2Fwp%2Fv2%2Fcomments&post=4936"}],"version-history":[{"count":77,"href":"https:\/\/topol.org.pl\/index.php?rest_route=\/wp\/v2\/pages\/4936\/revisions"}],"predecessor-version":[{"id":6257,"href":"https:\/\/topol.org.pl\/index.php?rest_route=\/wp\/v2\/pages\/4936\/revisions\/6257"}],"wp:attachment":[{"href":"https:\/\/topol.org.pl\/index.php?rest_route=%2Fwp%2Fv2%2Fmedia&parent=4936"}],"curies":[{"name":"wp","href":"https:\/\/api.w.org\/{rel}","templated":true}]}}