{"id":4978,"date":"2024-08-05T06:38:09","date_gmt":"2024-08-05T04:38:09","guid":{"rendered":"https:\/\/topol.org.pl\/?page_id=4978"},"modified":"2026-01-09T10:01:24","modified_gmt":"2026-01-09T09:01:24","slug":"godzine-w-do-walki-staneli-w-warszawie-zolnierze-narodowych-sil-zbrojnych","status":"publish","type":"page","link":"https:\/\/topol.org.pl\/?page_id=4978","title":{"rendered":"Godzina \u201eW\u201d do\u00a0walki stan\u0119li w\u00a0Warszawie \u017co\u0142nierze Narodowych Si\u0142 Zbrojnych"},"content":{"rendered":"\n<p>Godzina \u201eW\u201d do\u00a0walki stan\u0119li w\u00a0Warszawie \u017co\u0142nierze Narodowych Si\u0142 Zbrojnych<\/p>\n\n\n\n<p>Prezydent RP upami\u0119tni\u0142 Bohater\u00f3w w 80. rocznic\u0119 wybuchu Powstania Warszawskiego<\/p>\n\n\n\n<p>05.08.2024 14.39 <\/p>\n\n\n\n<p>&#8222;<a href=\"https:\/\/www.rp.pl\/komentarze\/art40914121-boguslaw-chrabota-polacy-dumni-ze-zwyciestw\">P<\/a>olacy dumni ze zwyci\u0119stw&#8221;. \u0179r\u00f3d\u0142o: (rp.pl)<\/p>\n\n\n\n<p><strong>Jestem dumny, \u017ce odzyskali\u015bmy Polsk\u0119 po drugiej wojnie \u015bwiatowej. Pokonali\u015bmy nazistowskie Niemcy. Do czego przyczyni\u0142o si\u0119 Powstanie Warszawskie.<\/strong><\/p>\n\n\n\n<p>06.08.2024 16.29 <\/p>\n\n\n\n<p>&#8222;Dwa najczarniejsze dni w\u00a0historii Warszawy&#8221; \u0179r\u00f3d\u0142o:\u00a0KAI\/Do Rzeczy<\/p>\n\n\n\n<p>Verte &gt;<a href=\"https:\/\/topol.org.pl\/?page_id=6187\">Fundacja Narodowe Si\u0142y Samoobrony \u201eGrot\u201d<\/a><\/p>\n\n\n\n<p><\/p>\n","protected":false},"excerpt":{"rendered":"<p>Godzina \u201eW\u201d do\u00a0walki stan\u0119li w\u00a0Warszawie \u017co\u0142nierze Narodowych Si\u0142 Zbrojnych Prezydent RP upami\u0119tni\u0142 Bohater\u00f3w w 80. rocznic\u0119 wybuchu Powstania Warszawskiego 05.08.2024 14.39 &#8222;Polacy dumni ze zwyci\u0119stw&#8221;. \u0179r\u00f3d\u0142o: (rp.pl) Jestem dumny, \u017ce odzyskali\u015bmy Polsk\u0119 po drugiej wojnie \u015bwiatowej. Pokonali\u015bmy nazistowskie Niemcy. Do czego przyczyni\u0142o si\u0119 Powstanie Warszawskie. 06.08.2024 16.29 &#8222;Dwa najczarniejsze dni w\u00a0historii Warszawy&#8221; \u0179r\u00f3d\u0142o:\u00a0KAI\/Do Rzeczy Verte [&hellip;]<\/p>\n","protected":false},"author":1,"featured_media":0,"parent":0,"menu_order":0,"comment_status":"closed","ping_status":"closed","template":"","meta":{"footnotes":""},"class_list":["post-4978","page","type-page","status-publish","hentry"],"_links":{"self":[{"href":"https:\/\/topol.org.pl\/index.php?rest_route=\/wp\/v2\/pages\/4978","targetHints":{"allow":["GET"]}}],"collection":[{"href":"https:\/\/topol.org.pl\/index.php?rest_route=\/wp\/v2\/pages"}],"about":[{"href":"https:\/\/topol.org.pl\/index.php?rest_route=\/wp\/v2\/types\/page"}],"author":[{"embeddable":true,"href":"https:\/\/topol.org.pl\/index.php?rest_route=\/wp\/v2\/users\/1"}],"replies":[{"embeddable":true,"href":"https:\/\/topol.org.pl\/index.php?rest_route=%2Fwp%2Fv2%2Fcomments&post=4978"}],"version-history":[{"count":10,"href":"https:\/\/topol.org.pl\/index.php?rest_route=\/wp\/v2\/pages\/4978\/revisions"}],"predecessor-version":[{"id":14042,"href":"https:\/\/topol.org.pl\/index.php?rest_route=\/wp\/v2\/pages\/4978\/revisions\/14042"}],"wp:attachment":[{"href":"https:\/\/topol.org.pl\/index.php?rest_route=%2Fwp%2Fv2%2Fmedia&parent=4978"}],"curies":[{"name":"wp","href":"https:\/\/api.w.org\/{rel}","templated":true}]}}