{"id":5087,"date":"2024-08-12T21:35:27","date_gmt":"2024-08-12T19:35:27","guid":{"rendered":"https:\/\/topol.org.pl\/?page_id=5087"},"modified":"2026-01-09T10:50:11","modified_gmt":"2026-01-09T09:50:11","slug":"muzyka","status":"publish","type":"page","link":"https:\/\/topol.org.pl\/?page_id=5087","title":{"rendered":"Muzyka"},"content":{"rendered":"\n<p><a href=\"https:\/\/www.youtube.com\/watch?v=K9yXYMvSDPw\">Paderewski: Polonesa Op. 53, F. Chopin<\/a> \u0179r\u00f3d\u0142o: (<a href=\"https:\/\/www.youtube.com\/@entre88teclas\">entre88teclas<\/a>)<\/p>\n\n\n\n<figure class=\"wp-block-image size-full\"><a href=\"https:\/\/www.youtube.com\/watch?v=K9yXYMvSDPw\"><img loading=\"lazy\" decoding=\"async\" width=\"880\" height=\"798\" src=\"https:\/\/topol.org.pl\/wp-content\/uploads\/2024\/10\/Paderewski-Polonesa-Op.-53-F.-Chopin.jpg\" alt=\"\" class=\"wp-image-6732\" srcset=\"https:\/\/topol.org.pl\/wp-content\/uploads\/2024\/10\/Paderewski-Polonesa-Op.-53-F.-Chopin.jpg 880w, https:\/\/topol.org.pl\/wp-content\/uploads\/2024\/10\/Paderewski-Polonesa-Op.-53-F.-Chopin-300x272.jpg 300w, https:\/\/topol.org.pl\/wp-content\/uploads\/2024\/10\/Paderewski-Polonesa-Op.-53-F.-Chopin-768x696.jpg 768w\" sizes=\"auto, (max-width: 880px) 100vw, 880px\" \/><\/a><\/figure>\n\n\n\n<p><a href=\"https:\/\/www.youtube.com\/watch?v=aPQXarIUZOA\">Koncert Ignacego Paderewskiego Cz.I. -1937<\/a> \u0179r\u00f3d\u0142o: (<a href=\"https:\/\/www.youtube.com\/@Pathe1939\">Pathe<\/a>)<\/p>\n\n\n\n<figure class=\"wp-block-image size-full\"><img loading=\"lazy\" decoding=\"async\" width=\"882\" height=\"795\" src=\"https:\/\/topol.org.pl\/wp-content\/uploads\/2024\/10\/Koncert-Ignacego-Paderewskiego-1937-r.jpg\" alt=\"\" class=\"wp-image-6723\" srcset=\"https:\/\/topol.org.pl\/wp-content\/uploads\/2024\/10\/Koncert-Ignacego-Paderewskiego-1937-r.jpg 882w, https:\/\/topol.org.pl\/wp-content\/uploads\/2024\/10\/Koncert-Ignacego-Paderewskiego-1937-r-300x270.jpg 300w, https:\/\/topol.org.pl\/wp-content\/uploads\/2024\/10\/Koncert-Ignacego-Paderewskiego-1937-r-768x692.jpg 768w\" sizes=\"auto, (max-width: 882px) 100vw, 882px\" \/><\/figure>\n\n\n\n<p><a href=\"https:\/\/www.youtube.com\/watch?v=aZYYoDDmg8M\">Seong-Jin Cho \u2013 Polonaise in A flat major Op. 53 (Prize-winners&#8217; Concert)<\/a> \u0179r\u00f3d\u0142o: (<a href=\"https:\/\/www.youtube.com\/@chopininstitute\">Chopin Institute<\/a>)<\/p>\n\n\n\n<figure class=\"wp-block-image size-large\"><a href=\"https:\/\/www.youtube.com\/watch?v=aZYYoDDmg8M\"><img loading=\"lazy\" decoding=\"async\" width=\"1024\" height=\"693\" src=\"https:\/\/topol.org.pl\/wp-content\/uploads\/2024\/10\/Seong-Jin-Cho-Polonaise-in-A-flat-major-Op.-53-Prize-winners-Concert-1024x693.jpg\" alt=\"\" class=\"wp-image-6734\" srcset=\"https:\/\/topol.org.pl\/wp-content\/uploads\/2024\/10\/Seong-Jin-Cho-Polonaise-in-A-flat-major-Op.-53-Prize-winners-Concert-1024x693.jpg 1024w, https:\/\/topol.org.pl\/wp-content\/uploads\/2024\/10\/Seong-Jin-Cho-Polonaise-in-A-flat-major-Op.-53-Prize-winners-Concert-300x203.jpg 300w, https:\/\/topol.org.pl\/wp-content\/uploads\/2024\/10\/Seong-Jin-Cho-Polonaise-in-A-flat-major-Op.-53-Prize-winners-Concert-768x520.jpg 768w, https:\/\/topol.org.pl\/wp-content\/uploads\/2024\/10\/Seong-Jin-Cho-Polonaise-in-A-flat-major-Op.-53-Prize-winners-Concert.jpg 1173w\" sizes=\"auto, (max-width: 1024px) 100vw, 1024px\" \/><\/a><\/figure>\n\n\n\n<p>\u0179r\u00f3d\u0142o: (<a href=\"https:\/\/www.youtube.com\/watch?v=3vaqa1L-Mz0\">\u0421omposer Kyrylo Kostukovsky\u00ef<\/a>)<\/p>\n\n\n\n<figure class=\"wp-block-image size-large\"><a href=\"https:\/\/www.youtube.com\/watch?v=3vaqa1L-Mz0\"><img loading=\"lazy\" decoding=\"async\" width=\"1024\" height=\"654\" src=\"https:\/\/topol.org.pl\/wp-content\/uploads\/2024\/08\/\u0421omposer-Kyrylo-Kostukovskyi-1024x654.jpg\" alt=\"\" class=\"wp-image-5089\" srcset=\"https:\/\/topol.org.pl\/wp-content\/uploads\/2024\/08\/\u0421omposer-Kyrylo-Kostukovskyi-1024x654.jpg 1024w, https:\/\/topol.org.pl\/wp-content\/uploads\/2024\/08\/\u0421omposer-Kyrylo-Kostukovskyi-300x192.jpg 300w, https:\/\/topol.org.pl\/wp-content\/uploads\/2024\/08\/\u0421omposer-Kyrylo-Kostukovskyi-768x491.jpg 768w, https:\/\/topol.org.pl\/wp-content\/uploads\/2024\/08\/\u0421omposer-Kyrylo-Kostukovskyi.jpg 1088w\" sizes=\"auto, (max-width: 1024px) 100vw, 1024px\" \/><\/a><\/figure>\n\n\n\n<p>\u0179r\u00f3d\u0142o: (<a href=\"https:\/\/havasi.eu\/concert\/warsaw-2024\/?gclid=EAIaIQobChMI0dG5rc21hwMVn0NBAh0ySQD-EAEYASAAEgKwA_D_BwE\">havasi.eu<\/a>)<\/p>\n\n\n\n<figure class=\"wp-block-image size-full\"><a href=\"https:\/\/havasi.eu\/concert\/warsaw-2024\/?gclid=EAIaIQobChMI0dG5rc21hwMVn0NBAh0ySQD-EAEYASAAEgKwA_D_BwE\"><img loading=\"lazy\" decoding=\"async\" width=\"1020\" height=\"716\" src=\"https:\/\/topol.org.pl\/wp-content\/uploads\/2024\/08\/Havasi.jpg\" alt=\"\" class=\"wp-image-5091\" srcset=\"https:\/\/topol.org.pl\/wp-content\/uploads\/2024\/08\/Havasi.jpg 1020w, https:\/\/topol.org.pl\/wp-content\/uploads\/2024\/08\/Havasi-300x211.jpg 300w, https:\/\/topol.org.pl\/wp-content\/uploads\/2024\/08\/Havasi-768x539.jpg 768w\" sizes=\"auto, (max-width: 1020px) 100vw, 1020px\" \/><\/a><\/figure>\n\n\n\n<p>\u0179r\u00f3d\u0142o: (<a href=\"https:\/\/www.youtube.com\/watch?v=xB6_wsOVzR0\">\u0421omposer Kyrylo Kostukovsky\u00ef<\/a>)<\/p>\n\n\n\n<figure class=\"wp-block-image size-large\"><a href=\"https:\/\/www.youtube.com\/watch?v=xB6_wsOVzR0\"><img loading=\"lazy\" decoding=\"async\" width=\"1024\" height=\"623\" src=\"https:\/\/topol.org.pl\/wp-content\/uploads\/2024\/08\/\u0421omposer-Kyrylo-Kostukovskyi-piano-in-public-1024x623.jpg\" alt=\"\" class=\"wp-image-5093\" srcset=\"https:\/\/topol.org.pl\/wp-content\/uploads\/2024\/08\/\u0421omposer-Kyrylo-Kostukovskyi-piano-in-public-1024x623.jpg 1024w, https:\/\/topol.org.pl\/wp-content\/uploads\/2024\/08\/\u0421omposer-Kyrylo-Kostukovskyi-piano-in-public-300x183.jpg 300w, https:\/\/topol.org.pl\/wp-content\/uploads\/2024\/08\/\u0421omposer-Kyrylo-Kostukovskyi-piano-in-public-768x467.jpg 768w, https:\/\/topol.org.pl\/wp-content\/uploads\/2024\/08\/\u0421omposer-Kyrylo-Kostukovskyi-piano-in-public.jpg 1088w\" sizes=\"auto, (max-width: 1024px) 100vw, 1024px\" \/><\/a><\/figure>\n\n\n\n<p><a href=\"https:\/\/www.youtube.com\/watch?v=E55G0_rPboo\">VANGELIS &#8211; COSMOS (Cinematic Full Album)<\/a> \u0179r\u00f3d\u0142o: (<a href=\"https:\/\/www.youtube.com\/watch?v=E55G0_rPboo\">Paramagnetic Newage Music<\/a>)<\/p>\n\n\n\n<p><a href=\"https:\/\/www.youtube.com\/watch?v=jm61TJI4rHg\">Ennio Morricone i Jean Paul Belmondo<\/a>&nbsp;\u0179r\u00f3d\u0142o: (<a href=\"https:\/\/www.youtube.com\/@AmazingEwerywhere\">\u0425\u041e\u0420\u041e\u0428\u0415\u0415 \u041f\u041e\u0412\u0421\u042e\u0414\u0423<\/a>)<\/p>\n\n\n\n<p><a href=\"https:\/\/www.youtube.com\/watch?v=nwKDhfAnu2M&amp;t=0s\">Notre Dame de Paris &#8211; Belle (French Version)<\/a> \u0179r\u00f3d\u0142o: (<a href=\"https:\/\/www.youtube.com\/watch?v=nwKDhfAnu2M&amp;t=0s\">Rifat Degirmenci<\/a>)<\/p>\n\n\n\n<p><a href=\"https:\/\/www.sinfoniavarsovia.org\/\">Sinfonia Varsovia<\/a><\/p>\n\n\n\n<p>Verte &gt;<a href=\"https:\/\/topol.org.pl\/?page_id=6187\">Fundacja Narodowe Si\u0142y Samoobrony \u201eGrot\u201d<\/a><\/p>\n\n\n\n<p><\/p>\n","protected":false},"excerpt":{"rendered":"<p>Paderewski: Polonesa Op. 53, F. Chopin \u0179r\u00f3d\u0142o: (entre88teclas) Koncert Ignacego Paderewskiego Cz.I. -1937 \u0179r\u00f3d\u0142o: (Pathe) Seong-Jin Cho \u2013 Polonaise in A flat major Op. 53 (Prize-winners&#8217; Concert) \u0179r\u00f3d\u0142o: (Chopin Institute) \u0179r\u00f3d\u0142o: (\u0421omposer Kyrylo Kostukovsky\u00ef) \u0179r\u00f3d\u0142o: (havasi.eu) \u0179r\u00f3d\u0142o: (\u0421omposer Kyrylo Kostukovsky\u00ef) VANGELIS &#8211; COSMOS (Cinematic Full Album) \u0179r\u00f3d\u0142o: (Paramagnetic Newage Music) Ennio Morricone i Jean Paul [&hellip;]<\/p>\n","protected":false},"author":1,"featured_media":0,"parent":0,"menu_order":170,"comment_status":"closed","ping_status":"closed","template":"","meta":{"footnotes":""},"class_list":["post-5087","page","type-page","status-publish","hentry"],"_links":{"self":[{"href":"https:\/\/topol.org.pl\/index.php?rest_route=\/wp\/v2\/pages\/5087","targetHints":{"allow":["GET"]}}],"collection":[{"href":"https:\/\/topol.org.pl\/index.php?rest_route=\/wp\/v2\/pages"}],"about":[{"href":"https:\/\/topol.org.pl\/index.php?rest_route=\/wp\/v2\/types\/page"}],"author":[{"embeddable":true,"href":"https:\/\/topol.org.pl\/index.php?rest_route=\/wp\/v2\/users\/1"}],"replies":[{"embeddable":true,"href":"https:\/\/topol.org.pl\/index.php?rest_route=%2Fwp%2Fv2%2Fcomments&post=5087"}],"version-history":[{"count":20,"href":"https:\/\/topol.org.pl\/index.php?rest_route=\/wp\/v2\/pages\/5087\/revisions"}],"predecessor-version":[{"id":12286,"href":"https:\/\/topol.org.pl\/index.php?rest_route=\/wp\/v2\/pages\/5087\/revisions\/12286"}],"wp:attachment":[{"href":"https:\/\/topol.org.pl\/index.php?rest_route=%2Fwp%2Fv2%2Fmedia&parent=5087"}],"curies":[{"name":"wp","href":"https:\/\/api.w.org\/{rel}","templated":true}]}}