{"id":5109,"date":"2024-08-14T06:28:22","date_gmt":"2024-08-14T04:28:22","guid":{"rendered":"https:\/\/topol.org.pl\/?page_id=5109"},"modified":"2026-01-09T10:51:09","modified_gmt":"2026-01-09T09:51:09","slug":"bitwa-warszawska","status":"publish","type":"page","link":"https:\/\/topol.org.pl\/?page_id=5109","title":{"rendered":"Bitwa Warszawska"},"content":{"rendered":"\n<p><a href=\"https:\/\/www.google.com\/search?q=Bitwa+warszawska&amp;oq=Bitwa+warszawska&amp;gs_lcrp=EgZjaHJvbWUyBggAEEUYOdIBCDc4ODhqMGo3qAIAsAIA&amp;sourceid=chrome&amp;ie=UTF-8\">Bitwa Warszawska<\/a><\/p>\n\n\n\n<figure class=\"wp-block-image size-full\"><img loading=\"lazy\" decoding=\"async\" width=\"800\" height=\"562\" src=\"https:\/\/topol.org.pl\/wp-content\/uploads\/2024\/08\/Jerzy-Kossak-Cud-nad-Wisla.jpeg\" alt=\"\" class=\"wp-image-5111\" srcset=\"https:\/\/topol.org.pl\/wp-content\/uploads\/2024\/08\/Jerzy-Kossak-Cud-nad-Wisla.jpeg 800w, https:\/\/topol.org.pl\/wp-content\/uploads\/2024\/08\/Jerzy-Kossak-Cud-nad-Wisla-300x211.jpeg 300w, https:\/\/topol.org.pl\/wp-content\/uploads\/2024\/08\/Jerzy-Kossak-Cud-nad-Wisla-768x540.jpeg 768w\" sizes=\"auto, (max-width: 800px) 100vw, 800px\" \/><\/figure>\n\n\n\n<p>Jerzy Kossak \u201eCud nad Wis\u0142\u0105\u201d.&nbsp;\u0179r\u00f3d\u0142o:&nbsp;Wikimedia Commons<\/p>\n\n\n\n<p>&#8222;<a href=\"https:\/\/historia.dorzeczy.pl\/dwudziestolecie-miedzywojenne\/622900\/bez-tej-bitwy-nie-byloby-polski-bitwa-warszawska-starcie-dwoch-swiatow.html\">Bitwa Warszawska &#8211;&nbsp;starcie dw\u00f3ch \u015bwiat\u00f3w<\/a>&#8221; \u0179r\u00f3d\u0142o: Do Rzeczy<\/p>\n\n\n\n<p>Matka Bo\u017ca \u0141askawa a Cud nad Wis\u0142\u0105: dzieje kultu i \u0142aski<\/p>\n\n\n\n<p>Ksi\u0105\u017cka autorstwa: Ewa J. P. Storo\u017cy\u0144ska i J\u00f3zef Maria Bartnik<\/p>\n\n\n\n<p>Verte ><a href=\"https:\/\/topol.org.pl\/?page_id=6187\">Fundacja Narodowe Si\u0142y Samoobrony \u201eGrot\u201d<\/a><\/p>\n","protected":false},"excerpt":{"rendered":"<p>Bitwa Warszawska Jerzy Kossak \u201eCud nad Wis\u0142\u0105\u201d.&nbsp;\u0179r\u00f3d\u0142o:&nbsp;Wikimedia Commons &#8222;Bitwa Warszawska &#8211;&nbsp;starcie dw\u00f3ch \u015bwiat\u00f3w&#8221; \u0179r\u00f3d\u0142o: Do Rzeczy Matka Bo\u017ca \u0141askawa a Cud nad Wis\u0142\u0105: dzieje kultu i \u0142aski Ksi\u0105\u017cka autorstwa: Ewa J. P. Storo\u017cy\u0144ska i J\u00f3zef Maria Bartnik Verte >Fundacja Narodowe Si\u0142y Samoobrony \u201eGrot\u201d<\/p>\n","protected":false},"author":1,"featured_media":0,"parent":0,"menu_order":175,"comment_status":"closed","ping_status":"closed","template":"","meta":{"footnotes":""},"class_list":["post-5109","page","type-page","status-publish","hentry"],"_links":{"self":[{"href":"https:\/\/topol.org.pl\/index.php?rest_route=\/wp\/v2\/pages\/5109","targetHints":{"allow":["GET"]}}],"collection":[{"href":"https:\/\/topol.org.pl\/index.php?rest_route=\/wp\/v2\/pages"}],"about":[{"href":"https:\/\/topol.org.pl\/index.php?rest_route=\/wp\/v2\/types\/page"}],"author":[{"embeddable":true,"href":"https:\/\/topol.org.pl\/index.php?rest_route=\/wp\/v2\/users\/1"}],"replies":[{"embeddable":true,"href":"https:\/\/topol.org.pl\/index.php?rest_route=%2Fwp%2Fv2%2Fcomments&post=5109"}],"version-history":[{"count":6,"href":"https:\/\/topol.org.pl\/index.php?rest_route=\/wp\/v2\/pages\/5109\/revisions"}],"predecessor-version":[{"id":6421,"href":"https:\/\/topol.org.pl\/index.php?rest_route=\/wp\/v2\/pages\/5109\/revisions\/6421"}],"wp:attachment":[{"href":"https:\/\/topol.org.pl\/index.php?rest_route=%2Fwp%2Fv2%2Fmedia&parent=5109"}],"curies":[{"name":"wp","href":"https:\/\/api.w.org\/{rel}","templated":true}]}}