{"id":5113,"date":"2024-08-15T07:18:34","date_gmt":"2024-08-15T05:18:34","guid":{"rendered":"https:\/\/topol.org.pl\/?page_id=5113"},"modified":"2026-01-09T10:51:16","modified_gmt":"2026-01-09T09:51:16","slug":"reaktywacja","status":"publish","type":"page","link":"https:\/\/topol.org.pl\/?page_id=5113","title":{"rendered":"Narodowe Si\u0142y Zbrojne \u201eGrot\u201d. \ud83c\uddf5\ud83c\uddf1"},"content":{"rendered":"\n<p>15.08.2024 7.20 <strong>Narodowe Si\u0142y Zbrojne \u201eGrot\u201d<\/strong><\/p>\n\n\n\n<p><strong>Reaktywacja<\/strong><\/p>\n\n\n\n<ol class=\"wp-block-list\">\n<li>przywr\u00f3cenie&nbsp;<a href=\"https:\/\/pl.wikipedia.org\/wiki\/Oficer_(wojsko)\">oficera<\/a>&nbsp;przeniesionego w stan spoczynku do s\u0142u\u017cby czynnej.<\/li>\n\n\n\n<li>stosowanie koordynacyjnych \u0107wicze\u0144.<\/li>\n\n\n\n<li>wznowienie funkcjonowania, powr\u00f3t do dawnej dzia\u0142alno\u015bci.<\/li>\n<\/ol>\n\n\n\n<p>&nbsp;\u201eSi vis pacem, para bellum\u201d-Je\u015bli chcesz pokoju, szykuj si\u0119 do wojny. Mam nadziej\u0119, \u017ce wojny nie b\u0119dzie. Trzeba uwa\u017ca\u0107, \u017ceby nas do niej nie wci\u0105gn\u0119li.<\/p>\n\n\n\n<p><a href=\"https:\/\/topol.org.pl\/?page_id=5113\">15.08.2024 7.20<\/a> <strong><a href=\"https:\/\/topol.org.pl\/?page_id=5113\">Narodowe Si\u0142y Zbrojne \u201eGrot\u201d<\/a>, kt\u00f3re skupi\u0105 Wojsko Polskie, S\u0142u\u017cby, Wojsko Obrony Terytorialnej, <a href=\"https:\/\/topol.org.pl\/?page_id=5980\">OSP<\/a>, <a href=\"https:\/\/wiadomosci.radiozet.pl\/polska\/Lasy-Panstwowe-sie-zbroja.-Straznicy-dostaja-karabinki-GROT-ekolodzy-sa-zaniepokojeni\">Stra\u017c le\u015bn\u0105<\/a> i <a href=\"https:\/\/topol.org.pl\/?page_id=6187\">Narodowe Si\u0142y Samoobrony \u201eGrot\u201d<\/a>. \u201eGrot\u201d zajmie si\u0119 koordynacj\u0105 dzia\u0142a\u0144 w sytuacjach kryzysowych.<\/strong>\u00a0<strong><a href=\"https:\/\/topol.org.pl\/?page_id=4417\">\u201eGrot\u201d<\/a>\u00a0podlega \u201eDux Poloniae\u201d<\/strong><\/p>\n\n\n\n<figure class=\"wp-block-image size-large\"><img loading=\"lazy\" decoding=\"async\" width=\"766\" height=\"1024\" src=\"https:\/\/topol.org.pl\/wp-content\/uploads\/2024\/08\/Krol-Wladyslaw-Lokietek-680-lat-766x1024.jpg\" alt=\"\" class=\"wp-image-5237\" srcset=\"https:\/\/topol.org.pl\/wp-content\/uploads\/2024\/08\/Krol-Wladyslaw-Lokietek-680-lat-766x1024.jpg 766w, https:\/\/topol.org.pl\/wp-content\/uploads\/2024\/08\/Krol-Wladyslaw-Lokietek-680-lat-224x300.jpg 224w, https:\/\/topol.org.pl\/wp-content\/uploads\/2024\/08\/Krol-Wladyslaw-Lokietek-680-lat-768x1026.jpg 768w, https:\/\/topol.org.pl\/wp-content\/uploads\/2024\/08\/Krol-Wladyslaw-Lokietek-680-lat-1149x1536.jpg 1149w, https:\/\/topol.org.pl\/wp-content\/uploads\/2024\/08\/Krol-Wladyslaw-Lokietek-680-lat-1532x2048.jpg 1532w, https:\/\/topol.org.pl\/wp-content\/uploads\/2024\/08\/Krol-Wladyslaw-Lokietek-680-lat-scaled.jpg 1916w\" sizes=\"auto, (max-width: 766px) 100vw, 766px\" \/><\/figure>\n\n\n\n<p>Verte &gt;<a href=\"https:\/\/topol.org.pl\/?page_id=6187\">Fundacja Narodowe Si\u0142y Samoobrony \u201eGrot\u201d<\/a><\/p>\n","protected":false},"excerpt":{"rendered":"<p>15.08.2024 7.20 Narodowe Si\u0142y Zbrojne \u201eGrot\u201d Reaktywacja &nbsp;\u201eSi vis pacem, para bellum\u201d-Je\u015bli chcesz pokoju, szykuj si\u0119 do wojny. Mam nadziej\u0119, \u017ce wojny nie b\u0119dzie. Trzeba uwa\u017ca\u0107, \u017ceby nas do niej nie wci\u0105gn\u0119li. 15.08.2024 7.20 Narodowe Si\u0142y Zbrojne \u201eGrot\u201d, kt\u00f3re skupi\u0105 Wojsko Polskie, S\u0142u\u017cby, Wojsko Obrony Terytorialnej, OSP, Stra\u017c le\u015bn\u0105 i Narodowe Si\u0142y Samoobrony \u201eGrot\u201d. \u201eGrot\u201d [&hellip;]<\/p>\n","protected":false},"author":1,"featured_media":0,"parent":0,"menu_order":176,"comment_status":"closed","ping_status":"closed","template":"","meta":{"footnotes":""},"class_list":["post-5113","page","type-page","status-publish","hentry"],"_links":{"self":[{"href":"https:\/\/topol.org.pl\/index.php?rest_route=\/wp\/v2\/pages\/5113","targetHints":{"allow":["GET"]}}],"collection":[{"href":"https:\/\/topol.org.pl\/index.php?rest_route=\/wp\/v2\/pages"}],"about":[{"href":"https:\/\/topol.org.pl\/index.php?rest_route=\/wp\/v2\/types\/page"}],"author":[{"embeddable":true,"href":"https:\/\/topol.org.pl\/index.php?rest_route=\/wp\/v2\/users\/1"}],"replies":[{"embeddable":true,"href":"https:\/\/topol.org.pl\/index.php?rest_route=%2Fwp%2Fv2%2Fcomments&post=5113"}],"version-history":[{"count":17,"href":"https:\/\/topol.org.pl\/index.php?rest_route=\/wp\/v2\/pages\/5113\/revisions"}],"predecessor-version":[{"id":12281,"href":"https:\/\/topol.org.pl\/index.php?rest_route=\/wp\/v2\/pages\/5113\/revisions\/12281"}],"wp:attachment":[{"href":"https:\/\/topol.org.pl\/index.php?rest_route=%2Fwp%2Fv2%2Fmedia&parent=5113"}],"curies":[{"name":"wp","href":"https:\/\/api.w.org\/{rel}","templated":true}]}}