{"id":5185,"date":"2024-08-24T10:47:53","date_gmt":"2024-08-24T08:47:53","guid":{"rendered":"https:\/\/topol.org.pl\/?page_id=5185"},"modified":"2026-01-09T10:51:29","modified_gmt":"2026-01-09T09:51:29","slug":"w-dobie-dezinformacji","status":"publish","type":"page","link":"https:\/\/topol.org.pl\/?page_id=5185","title":{"rendered":"&#8222;w dobie dezinformacji&#8221;"},"content":{"rendered":"\n<p>24.08.2024 10.49 &#8222;<a href=\"https:\/\/www.rp.pl\/kraj\/art40999461-23-sierpnia-tego-dnia-europa-otworzyla-puszke-pandory\">w dobie dezinformacji<\/a>&#8222;<\/p>\n\n\n\n<p>W 1 wrze\u015bnia 1939 r. <a href=\"https:\/\/topol.org.pl\/?page_id=4756\">nazistowskie Niemcy napad\u0142y na Polsk\u0119<\/a>. W Polsce puszk\u0119 Pandory otworzy\u0142 prof.&nbsp;<a href=\"https:\/\/pl.wikipedia.org\/wiki\/Jan_Rydel\">Jan Rydel<\/a>&nbsp;(Polska) &#8211; przewodnicz\u0105cy<a href=\"https:\/\/pl.wikipedia.org\/wiki\/Europejska_Sie%C4%87_Pami%C4%99%C4%87_i_Solidarno%C5%9B%C4%87\"> Europejsk\u0105 Sie\u0107 Pami\u0119\u0107 i Solidarno\u015b\u0107<\/a> <\/p>\n\n\n\n<p><a href=\"https:\/\/www.youtube.com\/watch?v=ZchiNhvqRns&amp;t=3045s\">Ziemie Zachodnie. Prof. Dudek w Mi\u0119dzyzdrojach 24.08.2024<\/a> <strong>W 1.26.47 minucie <a href=\"https:\/\/pl.wikipedia.org\/wiki\/Antoni_Dudek\">profesor Antoni Dudek<\/a> m\u00f3wi &#8222;Boles\u0142aw Chrobry i Boles\u0142aw Krzywousty nie uwa\u017cali si\u0119 za Polak\u00f3w&#8221;<\/strong> <a href=\"https:\/\/pl.wikipedia.org\/wiki\/Denar_Princes_Polonie\"><strong>Za\u0142\u0105czam<\/strong> <strong>Denar Princes Polonie<\/strong><\/a><\/p>\n\n\n\n<p><strong>Ludo\u017cerstwo b\u0119dzie karane rozstrzelaniem. <\/strong><\/p>\n\n\n\n<p><strong>W obozie zag\u0142ady w czasie okupacji przez nazistowskie Niemcy, na \u015awi\u0119tym Krzy\u017cu zgin\u0119\u0142o 6000 JE\u0143C\u00d3W RADZIECKICH z g\u0142odu<\/strong>.<\/p>\n\n\n\n<figure class=\"wp-block-image size-large is-resized\"><img loading=\"lazy\" decoding=\"async\" width=\"766\" height=\"1024\" src=\"https:\/\/topol.org.pl\/wp-content\/uploads\/2024\/08\/Ludozerstwo-bedzie-karane-rozstrzelaniem-oboz-koncentracyjny-nazistowskich-Niemiec-na-Swietym-Krzyzu-zginelo-6000-Rosjan-z-glodu-2-766x1024.jpg\" alt=\"Ludo\u017cerstwo b\u0119dzie karane rozstrzelaniem ob\u00f3z koncentracyjny nazistowskich Niemiec na \u015awi\u0119tym Krzy\u017cu zgin\u0119\u0142o 6000 Rosjan z g\u0142odu\" class=\"wp-image-5231\" style=\"width:650px;height:auto\" srcset=\"https:\/\/topol.org.pl\/wp-content\/uploads\/2024\/08\/Ludozerstwo-bedzie-karane-rozstrzelaniem-oboz-koncentracyjny-nazistowskich-Niemiec-na-Swietym-Krzyzu-zginelo-6000-Rosjan-z-glodu-2-766x1024.jpg 766w, https:\/\/topol.org.pl\/wp-content\/uploads\/2024\/08\/Ludozerstwo-bedzie-karane-rozstrzelaniem-oboz-koncentracyjny-nazistowskich-Niemiec-na-Swietym-Krzyzu-zginelo-6000-Rosjan-z-glodu-2-224x300.jpg 224w, https:\/\/topol.org.pl\/wp-content\/uploads\/2024\/08\/Ludozerstwo-bedzie-karane-rozstrzelaniem-oboz-koncentracyjny-nazistowskich-Niemiec-na-Swietym-Krzyzu-zginelo-6000-Rosjan-z-glodu-2-768x1026.jpg 768w, https:\/\/topol.org.pl\/wp-content\/uploads\/2024\/08\/Ludozerstwo-bedzie-karane-rozstrzelaniem-oboz-koncentracyjny-nazistowskich-Niemiec-na-Swietym-Krzyzu-zginelo-6000-Rosjan-z-glodu-2-1149x1536.jpg 1149w, https:\/\/topol.org.pl\/wp-content\/uploads\/2024\/08\/Ludozerstwo-bedzie-karane-rozstrzelaniem-oboz-koncentracyjny-nazistowskich-Niemiec-na-Swietym-Krzyzu-zginelo-6000-Rosjan-z-glodu-2-1532x2048.jpg 1532w, https:\/\/topol.org.pl\/wp-content\/uploads\/2024\/08\/Ludozerstwo-bedzie-karane-rozstrzelaniem-oboz-koncentracyjny-nazistowskich-Niemiec-na-Swietym-Krzyzu-zginelo-6000-Rosjan-z-glodu-2-scaled.jpg 1916w\" sizes=\"auto, (max-width: 766px) 100vw, 766px\" \/><\/figure>\n\n\n\n<figure class=\"wp-block-image size-large\"><img loading=\"lazy\" decoding=\"async\" width=\"766\" height=\"1024\" src=\"https:\/\/topol.org.pl\/wp-content\/uploads\/2024\/08\/Ludozerstwo-bedzie-karane-rozstrzelaniem-oboz-koncentracyjny-nazistowskich-Niemiec-na-Swietym-Krzyzu-zginelo-6000-Rosjan-z-glodu-766x1024.jpg\" alt=\"Ludo\u017cerstwo b\u0119dzie karane rozstrzelaniem ob\u00f3z koncentracyjny nazistowskich Niemiec na \u015awi\u0119tym Krzy\u017cu zgin\u0119\u0142o 6000 Rosjan z g\u0142odu\" class=\"wp-image-5232\" srcset=\"https:\/\/topol.org.pl\/wp-content\/uploads\/2024\/08\/Ludozerstwo-bedzie-karane-rozstrzelaniem-oboz-koncentracyjny-nazistowskich-Niemiec-na-Swietym-Krzyzu-zginelo-6000-Rosjan-z-glodu-766x1024.jpg 766w, https:\/\/topol.org.pl\/wp-content\/uploads\/2024\/08\/Ludozerstwo-bedzie-karane-rozstrzelaniem-oboz-koncentracyjny-nazistowskich-Niemiec-na-Swietym-Krzyzu-zginelo-6000-Rosjan-z-glodu-224x300.jpg 224w, https:\/\/topol.org.pl\/wp-content\/uploads\/2024\/08\/Ludozerstwo-bedzie-karane-rozstrzelaniem-oboz-koncentracyjny-nazistowskich-Niemiec-na-Swietym-Krzyzu-zginelo-6000-Rosjan-z-glodu-768x1026.jpg 768w, https:\/\/topol.org.pl\/wp-content\/uploads\/2024\/08\/Ludozerstwo-bedzie-karane-rozstrzelaniem-oboz-koncentracyjny-nazistowskich-Niemiec-na-Swietym-Krzyzu-zginelo-6000-Rosjan-z-glodu-1149x1536.jpg 1149w, https:\/\/topol.org.pl\/wp-content\/uploads\/2024\/08\/Ludozerstwo-bedzie-karane-rozstrzelaniem-oboz-koncentracyjny-nazistowskich-Niemiec-na-Swietym-Krzyzu-zginelo-6000-Rosjan-z-glodu-1532x2048.jpg 1532w, https:\/\/topol.org.pl\/wp-content\/uploads\/2024\/08\/Ludozerstwo-bedzie-karane-rozstrzelaniem-oboz-koncentracyjny-nazistowskich-Niemiec-na-Swietym-Krzyzu-zginelo-6000-Rosjan-z-glodu-scaled.jpg 1916w\" sizes=\"auto, (max-width: 766px) 100vw, 766px\" \/><\/figure>\n\n\n\n<p><strong>Czy ta instytucja jest potrzebna ?<\/strong> <strong>To wybielanie totalitaryzmu niemieckiego.<\/strong> <strong>Zmienianie historii doprowadzi do zmiany naszych granic.<\/strong> <strong><a href=\"https:\/\/topol.org.pl\/?page_id=4756\">Zgodnie z Ustaw\u0105 o dekomunizacji s\u0105 usuwane przez IPN pomniki historii powojennej. To zacieranie pami\u0119ci.<\/a><\/strong><\/p>\n\n\n\n<p>24.08.2024 14.45 <a href=\"https:\/\/topol.org.pl\/?page_id=4540\">Rzeczpospolita Polska nie wspiera atak\u00f3w Ukrainy na cele w Rosji.<\/a><\/p>\n\n\n\n<p>24.08.2024 16.08 <a href=\"https:\/\/www.youtube.com\/watch?v=OyGrH_EF93g\">Konferencja prasowa Prezydent\u00f3w: Polski i Ukrainy oraz Premier Litwy<\/a><\/p>\n\n\n\n<p>Prezydent Andrzej Duda w 3.29 minucie m\u00f3wi &#8222;tak, nie boimy si\u0119. Nawet je\u017celi b\u0119d\u0105 lecia\u0142y rosyjskie rakiety, tak nie boimy si\u0119\u2026&#8221; <strong>Prosz\u0119 o reakcj\u0119\u2026w Sejmie.<\/strong><\/p>\n\n\n\n<p><strong>Rzeczpospolita Obojga Narod\u00f3w to przesz\u0142o\u015b\u0107, mamy rozbie\u017cne interesy z Ukrain\u0105, <a href=\"https:\/\/dorzeczy.pl\/swiat\/626655\/polska-fundacja-uznana-przez-bialorus-za-organizacje-ekstremistyczna.html\">Bia\u0142orusi\u0105<\/a> i Litw\u0105. Kto namawia do tego po\u0142\u0105czenia. Na pewno Niemcy. Oni maj\u0105 interes, odzyska\u0107 ziemie z przed drugiej wojny \u015bwiatowej.<\/strong> <strong><a href=\"https:\/\/topol.org.pl\/?page_id=4936\">To ziemie historycznie nale\u017c\u0105ce do Polski.<\/a><\/strong><\/p>\n\n\n\n<p>25.08.2024 10.09 \u201e<a href=\"https:\/\/dorzeczy.pl\/opinie\/624867\/zelenski-likwiduje-cerkiew-podlegla-moskwie-co-z-wolnoscia-wyznania.html\">w&nbsp;konsekwencji akceptujemy sytuacj\u0119<\/a>, w&nbsp;kt\u00f3rej inne w\u0142adze innego pa\u0144stwa b\u0119d\u0105 mog\u0142y og\u0142osi\u0107, \u017ce&nbsp;nale\u017cy wyeliminowa\u0107 inn\u0105 wsp\u00f3lnot\u0119 religijn\u0105 (np. Ko\u015bci\u00f3\u0142 katolicki) ze&nbsp;wzgl\u0119du na&nbsp;jej oficjalne nauczanie moralne\u201d<\/p>\n\n\n\n<p><strong>Czy w konsekwencji b\u0119dzie jaka\u015b inna religia ?<\/strong> \u0179r\u00f3d\u0142o: (<a href=\"https:\/\/amerykaforum.pl\/szabasowa-gasnica\/\">amerykaforum.pl<\/a>)<\/p>\n\n\n\n<p><a href=\"https:\/\/topol.org.pl\/?page_id=5113\">15.08.2024 7.20<\/a> <strong><a href=\"https:\/\/topol.org.pl\/?page_id=5113\">Narodowe Si\u0142y Zbrojne \u201eGrot\u201d<\/a>, kt\u00f3re skupi\u0105 Wojsko Polskie, S\u0142u\u017cby, Wojsko Obrony Terytorialnej, <a href=\"https:\/\/wiadomosci.radiozet.pl\/polska\/Lasy-Panstwowe-sie-zbroja.-Straznicy-dostaja-karabinki-GROT-ekolodzy-sa-zaniepokojeni\">Stra\u017c le\u015bn\u0105<\/a> i Narodowe Si\u0142y Samoobrony \u201eGrot\u201d. \u201eGrot\u201d zajmie si\u0119 koordynacj\u0105 dzia\u0142a\u0144 w sytuacjach kryzysowych.<\/strong>&nbsp;<strong><a href=\"https:\/\/topol.org.pl\/?page_id=4417\">\u201eGrot\u201d<\/a>&nbsp;b\u0119dzie podlega\u0142 \u201eDux Poloniae\u201d<\/strong><\/p>\n\n\n\n<figure class=\"wp-block-image size-large\"><img loading=\"lazy\" decoding=\"async\" width=\"766\" height=\"1024\" src=\"https:\/\/topol.org.pl\/wp-content\/uploads\/2024\/08\/Krol-Wladyslaw-Lokietek-680-lat-766x1024.jpg\" alt=\"\" class=\"wp-image-5237\" srcset=\"https:\/\/topol.org.pl\/wp-content\/uploads\/2024\/08\/Krol-Wladyslaw-Lokietek-680-lat-766x1024.jpg 766w, https:\/\/topol.org.pl\/wp-content\/uploads\/2024\/08\/Krol-Wladyslaw-Lokietek-680-lat-224x300.jpg 224w, https:\/\/topol.org.pl\/wp-content\/uploads\/2024\/08\/Krol-Wladyslaw-Lokietek-680-lat-768x1026.jpg 768w, https:\/\/topol.org.pl\/wp-content\/uploads\/2024\/08\/Krol-Wladyslaw-Lokietek-680-lat-1149x1536.jpg 1149w, https:\/\/topol.org.pl\/wp-content\/uploads\/2024\/08\/Krol-Wladyslaw-Lokietek-680-lat-1532x2048.jpg 1532w, https:\/\/topol.org.pl\/wp-content\/uploads\/2024\/08\/Krol-Wladyslaw-Lokietek-680-lat-scaled.jpg 1916w\" sizes=\"auto, (max-width: 766px) 100vw, 766px\" \/><\/figure>\n\n\n\n<p>Verte ><a href=\"https:\/\/topol.org.pl\/?page_id=6187\">Fundacja Narodowe Si\u0142y Samoobrony \u201eGrot\u201d<\/a><\/p>\n","protected":false},"excerpt":{"rendered":"<p>24.08.2024 10.49 &#8222;w dobie dezinformacji&#8222; W 1 wrze\u015bnia 1939 r. nazistowskie Niemcy napad\u0142y na Polsk\u0119. W Polsce puszk\u0119 Pandory otworzy\u0142 prof.&nbsp;Jan Rydel&nbsp;(Polska) &#8211; przewodnicz\u0105cy Europejsk\u0105 Sie\u0107 Pami\u0119\u0107 i Solidarno\u015b\u0107 Ziemie Zachodnie. Prof. Dudek w Mi\u0119dzyzdrojach 24.08.2024 W 1.26.47 minucie profesor Antoni Dudek m\u00f3wi &#8222;Boles\u0142aw Chrobry i Boles\u0142aw Krzywousty nie uwa\u017cali si\u0119 za Polak\u00f3w&#8221; Za\u0142\u0105czam Denar [&hellip;]<\/p>\n","protected":false},"author":1,"featured_media":0,"parent":0,"menu_order":178,"comment_status":"closed","ping_status":"closed","template":"","meta":{"footnotes":""},"class_list":["post-5185","page","type-page","status-publish","hentry"],"_links":{"self":[{"href":"https:\/\/topol.org.pl\/index.php?rest_route=\/wp\/v2\/pages\/5185","targetHints":{"allow":["GET"]}}],"collection":[{"href":"https:\/\/topol.org.pl\/index.php?rest_route=\/wp\/v2\/pages"}],"about":[{"href":"https:\/\/topol.org.pl\/index.php?rest_route=\/wp\/v2\/types\/page"}],"author":[{"embeddable":true,"href":"https:\/\/topol.org.pl\/index.php?rest_route=\/wp\/v2\/users\/1"}],"replies":[{"embeddable":true,"href":"https:\/\/topol.org.pl\/index.php?rest_route=%2Fwp%2Fv2%2Fcomments&post=5185"}],"version-history":[{"count":34,"href":"https:\/\/topol.org.pl\/index.php?rest_route=\/wp\/v2\/pages\/5185\/revisions"}],"predecessor-version":[{"id":6424,"href":"https:\/\/topol.org.pl\/index.php?rest_route=\/wp\/v2\/pages\/5185\/revisions\/6424"}],"wp:attachment":[{"href":"https:\/\/topol.org.pl\/index.php?rest_route=%2Fwp%2Fv2%2Fmedia&parent=5185"}],"curies":[{"name":"wp","href":"https:\/\/api.w.org\/{rel}","templated":true}]}}