{"id":5259,"date":"2024-08-26T22:16:01","date_gmt":"2024-08-26T20:16:01","guid":{"rendered":"https:\/\/topol.org.pl\/?page_id=5259"},"modified":"2026-01-09T10:51:38","modified_gmt":"2026-01-09T09:51:38","slug":"wiec-antywojenny-1-09-godz-12-ambasada-usa","status":"publish","type":"page","link":"https:\/\/topol.org.pl\/?page_id=5259","title":{"rendered":"Alam !!! Wiec antywojenny 1.09, godz. 12, ambasada USA"},"content":{"rendered":"\n<p>26.08.2024 22.16 <\/p>\n\n\n\n<p>wiec antywojenny 1.09, godz. 12, ambasada USA<\/p>\n\n\n\n<p><a href=\"https:\/\/www.youtube.com\/watch?v=2QB4Fli6mDw\">&#8222;w&#8230; Warszawie&#8221;<\/a><\/p>\n\n\n\n<p><strong>Kto jest <a href=\"https:\/\/topol.org.pl\/?page_id=5185\">ludo\u017cerc\u0105<\/a> <a href=\"https:\/\/topol.org.pl\/?page_id=4676\">narodu<\/a> ? <a href=\"https:\/\/topol.org.pl\/?page_id=4059\">Stop !<\/a>&#8230;<a href=\"https:\/\/topol.org.pl\/?page_id=4030\">Stop !<\/a>&#8230;<a href=\"https:\/\/topol.org.pl\/?page_id=4036\">Stop !<\/a>&#8230;<\/strong><\/p>\n\n\n\n<p>30.08.2024 10.31 <a href=\"https:\/\/dorzeczy.pl\/kraj\/627984\/skandal-po-slowach-kuleby-na-campusie-polska-jest-oswiadczenie-msz-ukrainy.html\">Alarm!!!<\/a><\/p>\n\n\n\n<p><strong>Pomagacie naszym wrogom. USA te\u017c wspiera naszych wrog\u00f3w. A Niemcy si\u0119 ciesz\u0105 i wch\u0142on\u0105 Ziemie Zachodnie i Mazury. Ukropolin czyli dziwne pa\u0144stwo narodu znanego. Mo\u017ce &#8222;kto\u015b&#8221; nam pomo\u017ce. <a href=\"https:\/\/www.youtube.com\/watch?v=pudXdSnR01s\">W mojej ocenie jak USA nas zatopi<\/a> to bior\u0105c pod uwag\u0119, \u017ce 159 pa\u0144stw przyst\u0105pi\u0142o do BRIKS zatonie jak <a href=\"https:\/\/pl.wikipedia.org\/wiki\/RMS_Titanic\">Titanic<\/a>. W wyobra\u017ani widz\u0119 jak najbogatsi zgrzytaj\u0105 z\u0142otymi z\u0119bami.<\/strong><\/p>\n\n\n\n<p><a href=\"https:\/\/pl.wikipedia.org\/wiki\/%C5%81emkowszczyzna\">\u0141emkowszczyzna<\/a><\/p>\n\n\n\n<p><a href=\"https:\/\/pl.wikipedia.org\/wiki\/Muszyna\">Muszyna<\/a><\/p>\n\n\n\n<p>W XV w. nast\u0105pi\u0142 nag\u0142y nap\u0142yw&nbsp;<a href=\"https:\/\/pl.wikipedia.org\/wiki\/Wo%C5%82osi\">Wo\u0142och\u00f3w<\/a>&nbsp;i&nbsp;<a href=\"https:\/\/pl.wikipedia.org\/wiki\/Rusini\">Rusin\u00f3w<\/a>&nbsp;z&nbsp;<a href=\"https:\/\/pl.wikipedia.org\/wiki\/Zakarpacie\">Zakarpacia<\/a>&nbsp;i&nbsp;<a href=\"https:\/\/pl.wikipedia.org\/wiki\/Rumunia\">Rumunii<\/a>&nbsp;(tzw.&nbsp;<a href=\"https:\/\/pl.wikipedia.org\/wiki\/Kolonizacja_wo%C5%82oska\">kolonizacja wo\u0142oska<\/a>). Ludno\u015b\u0107 ta, z czasem nazwana&nbsp;<a href=\"https:\/\/pl.wikipedia.org\/wiki\/%C5%81emkowie\">\u0141emkami<\/a>, osiedlana by\u0142a na&nbsp;<a href=\"https:\/\/pl.wikipedia.org\/wiki\/Prawo_wo%C5%82oskie\">prawie wo\u0142oskim<\/a>. Byli oni wyznania&nbsp;<a href=\"https:\/\/pl.wikipedia.org\/wiki\/Prawos%C5%82awie\">prawos\u0142awnego<\/a>, czego widocznym \u015bladem s\u0105 zachowane&nbsp;<a href=\"https:\/\/pl.wikipedia.org\/wiki\/Cerkiew_(budynek)\">cerkwie<\/a>.<\/p>\n\n\n\n<p><strong>Dopiero w XV w. nast\u0105pi\u0142 nag\u0142y nap\u0142yw.<\/strong><\/p>\n\n\n\n<figure class=\"wp-block-image size-large\"><a href=\"https:\/\/www.youtube.com\/watch?v=JfeXKsGE3k0\"><img loading=\"lazy\" decoding=\"async\" width=\"1024\" height=\"719\" src=\"https:\/\/topol.org.pl\/wp-content\/uploads\/2024\/08\/Dmytro-Kuleba-1024x719.jpg\" alt=\"\" class=\"wp-image-5344\" srcset=\"https:\/\/topol.org.pl\/wp-content\/uploads\/2024\/08\/Dmytro-Kuleba-1024x719.jpg 1024w, https:\/\/topol.org.pl\/wp-content\/uploads\/2024\/08\/Dmytro-Kuleba-300x211.jpg 300w, https:\/\/topol.org.pl\/wp-content\/uploads\/2024\/08\/Dmytro-Kuleba-768x539.jpg 768w, https:\/\/topol.org.pl\/wp-content\/uploads\/2024\/08\/Dmytro-Kuleba.jpg 1083w\" sizes=\"auto, (max-width: 1024px) 100vw, 1024px\" \/><\/a><\/figure>\n\n\n\n<p>[<strong>Mocne!<\/strong>] <a href=\"https:\/\/www.youtube.com\/watch?v=3L1EIK8BblE&amp;t=284s\">Polska Przyst\u0105pi do Wojny na Ukrainie? Dmytro Ku\u0142eba: Polska Ma Str\u0105ca\u0107 CELE Nad Ukrain\u0105!<\/a> \u0179r\u00f3d\u0142o: (<a href=\"https:\/\/www.youtube.com\/watch?v=3L1EIK8BblE&amp;t=284s\">Tomasz Piekielnik<\/a>)<\/p>\n\n\n\n<p>[<strong>GRO\u0179NE<\/strong>] <a href=\"https:\/\/www.youtube.com\/watch?v=J0YzF8ZebfU\">R. Sikorski: Mamy Atakowa\u0107 Rosyjskie CELE na Ukrainie! To Polski OBOWI\u0104ZEK!<\/a> \u0179r\u00f3d\u0142o: (<a href=\"https:\/\/www.youtube.com\/watch?v=J0YzF8ZebfU\">Tomasz Piekielnik<\/a>)<\/p>\n\n\n\n<p>02.09.2024 19.23 <strong><a href=\"https:\/\/dorzeczy.pl\/kraj\/629313\/sikorski-chce-zestrzeliwania-rosyjskich-pociskow-nad-ukraina-zalewski-mowil-cos-innego.html\">Mamy zachowa\u0107 pok\u00f3j<\/a>. To nie nasza wojna.<\/strong><\/p>\n\n\n\n<p><a href=\"https:\/\/topol.org.pl\/?page_id=5113\">02.09.2024 19.55<\/a>&nbsp;<strong><a href=\"https:\/\/topol.org.pl\/?page_id=5113\">Narodowe Si\u0142y Zbrojne \u201eGrot\u201d<\/a>, kt\u00f3re skupi\u0105 Wojsko Polskie, S\u0142u\u017cby, Wojsko Obrony Terytorialnej, <a href=\"https:\/\/wiadomosci.radiozet.pl\/polska\/Lasy-Panstwowe-sie-zbroja.-Straznicy-dostaja-karabinki-GROT-ekolodzy-sa-zaniepokojeni\">Stra\u017c le\u015bn\u0105<\/a> i Narodowe Si\u0142y Samoobrony \u201eGrot\u201d. \u201eGrot\u201d zajmie si\u0119 koordynacj\u0105 dzia\u0142a\u0144 w sytuacjach kryzysowych.<\/strong>&nbsp;<strong><a href=\"https:\/\/topol.org.pl\/?page_id=4417\">\u201eGrot\u201d<\/a>&nbsp;podlega \u201eDux Poloniae\u201d<\/strong><\/p>\n\n\n\n<figure class=\"wp-block-image size-large\"><img loading=\"lazy\" decoding=\"async\" width=\"766\" height=\"1024\" src=\"https:\/\/topol.org.pl\/wp-content\/uploads\/2024\/08\/Krol-Wladyslaw-Lokietek-680-lat-766x1024.jpg\" alt=\"\" class=\"wp-image-5237\" srcset=\"https:\/\/topol.org.pl\/wp-content\/uploads\/2024\/08\/Krol-Wladyslaw-Lokietek-680-lat-766x1024.jpg 766w, https:\/\/topol.org.pl\/wp-content\/uploads\/2024\/08\/Krol-Wladyslaw-Lokietek-680-lat-224x300.jpg 224w, https:\/\/topol.org.pl\/wp-content\/uploads\/2024\/08\/Krol-Wladyslaw-Lokietek-680-lat-768x1026.jpg 768w, https:\/\/topol.org.pl\/wp-content\/uploads\/2024\/08\/Krol-Wladyslaw-Lokietek-680-lat-1149x1536.jpg 1149w, https:\/\/topol.org.pl\/wp-content\/uploads\/2024\/08\/Krol-Wladyslaw-Lokietek-680-lat-1532x2048.jpg 1532w, https:\/\/topol.org.pl\/wp-content\/uploads\/2024\/08\/Krol-Wladyslaw-Lokietek-680-lat-scaled.jpg 1916w\" sizes=\"auto, (max-width: 766px) 100vw, 766px\" \/><\/figure>\n\n\n\n<p>Verte ><a href=\"https:\/\/topol.org.pl\/?page_id=6187\">Fundacja Narodowe Si\u0142y Samoobrony \u201eGrot\u201d<\/a><\/p>\n","protected":false},"excerpt":{"rendered":"<p>26.08.2024 22.16 wiec antywojenny 1.09, godz. 12, ambasada USA &#8222;w&#8230; Warszawie&#8221; Kto jest ludo\u017cerc\u0105 narodu ? Stop !&#8230;Stop !&#8230;Stop !&#8230; 30.08.2024 10.31 Alarm!!! Pomagacie naszym wrogom. USA te\u017c wspiera naszych wrog\u00f3w. A Niemcy si\u0119 ciesz\u0105 i wch\u0142on\u0105 Ziemie Zachodnie i Mazury. Ukropolin czyli dziwne pa\u0144stwo narodu znanego. Mo\u017ce &#8222;kto\u015b&#8221; nam pomo\u017ce. W mojej ocenie jak [&hellip;]<\/p>\n","protected":false},"author":1,"featured_media":0,"parent":0,"menu_order":179,"comment_status":"closed","ping_status":"closed","template":"","meta":{"footnotes":""},"class_list":["post-5259","page","type-page","status-publish","hentry"],"_links":{"self":[{"href":"https:\/\/topol.org.pl\/index.php?rest_route=\/wp\/v2\/pages\/5259","targetHints":{"allow":["GET"]}}],"collection":[{"href":"https:\/\/topol.org.pl\/index.php?rest_route=\/wp\/v2\/pages"}],"about":[{"href":"https:\/\/topol.org.pl\/index.php?rest_route=\/wp\/v2\/types\/page"}],"author":[{"embeddable":true,"href":"https:\/\/topol.org.pl\/index.php?rest_route=\/wp\/v2\/users\/1"}],"replies":[{"embeddable":true,"href":"https:\/\/topol.org.pl\/index.php?rest_route=%2Fwp%2Fv2%2Fcomments&post=5259"}],"version-history":[{"count":32,"href":"https:\/\/topol.org.pl\/index.php?rest_route=\/wp\/v2\/pages\/5259\/revisions"}],"predecessor-version":[{"id":6425,"href":"https:\/\/topol.org.pl\/index.php?rest_route=\/wp\/v2\/pages\/5259\/revisions\/6425"}],"wp:attachment":[{"href":"https:\/\/topol.org.pl\/index.php?rest_route=%2Fwp%2Fv2%2Fmedia&parent=5259"}],"curies":[{"name":"wp","href":"https:\/\/api.w.org\/{rel}","templated":true}]}}