{"id":5269,"date":"2024-08-27T10:48:33","date_gmt":"2024-08-27T08:48:33","guid":{"rendered":"https:\/\/topol.org.pl\/?page_id=5269"},"modified":"2026-01-09T09:08:06","modified_gmt":"2026-01-09T08:08:06","slug":"co-grozi-za-najemnictwo","status":"publish","type":"page","link":"https:\/\/topol.org.pl\/?page_id=5269","title":{"rendered":"Co grozi za Najemnictwo?"},"content":{"rendered":"\n<p>27.08.2024 10.48 <a href=\"https:\/\/www.google.com\/search?q=Co+grozi+za+Najemnictwo%3F&amp;sca_esv=1fc0c3fc9b748aaf&amp;ei=BJLNZt6IN5aUxc8PzJPYiAQ&amp;ved=0ahUKEwjems2K5JSIAxUWSvEDHcwJFkEQ4dUDCA8&amp;uact=5&amp;oq=Co+grozi+za+Najemnictwo%3F&amp;gs_lp=Egxnd3Mtd2l6LXNlcnAiGENvIGdyb3ppIHphIE5hamVtbmljdHdvPzIFECEYoAEyBRAhGKABMgUQIRigATIFECEYoAFIxxJQAFgAcAB4AZABAJgBqgGgAaoBqgEDMC4xuAEDyAEA-AEC-AEBmAIBoAKwAZgDAJIHAzAuMaAHgQQ&amp;sclient=gws-wiz-serp\">Co grozi za Najemnictwo?<\/a><\/p>\n\n\n\n<p>Podj\u0119cie s\u0142u\u017cby w obcym wojsku lub wojskowej s\u0142u\u017cbie najemnej. \u00a7 1. Kto, b\u0119d\u0105c obywatelem polskim, przyjmuje bez zgody w\u0142a\u015bciwego organu obowi\u0105zki wojskowe w obcym wojsku lub w obcej organizacji wojskowej, podlega&nbsp;<strong>karze pozbawienia wolno\u015bci od 3 miesi\u0119cy do lat 5<\/strong>.<\/p>\n\n\n\n<p>&#8222;<a href=\"https:\/\/www.rp.pl\/swiat\/art41025761-wojna-rosji-z-ukraina-dzien-916#block-id-hBjqTHvbT7\">walkach po stronie ukrai\u0144skiej bior\u0105 udzia\u0142 ochotnicy z Polski, Gruzji i USA<\/a>&#8222;<\/p>\n\n\n\n<p>&#8222;<a href=\"https:\/\/bezprawnik.pl\/wspolczesne-najemnictwo\/\">proszenie si\u0119 o k\u0142opoty<\/a>&#8222;<\/p>\n\n\n\n<p>Bez wzgl\u0119du na to, czy&nbsp;<em>najemnicy<\/em>&nbsp;dzia\u0142aj\u0105 w warunkach pokoju czy wojny, maj\u0105 oni negatywny wp\u0142yw na porz\u0105dek wewn\u0119trzny pa\u0144stwa.<\/p>\n\n\n\n<p><a href=\"https:\/\/www.google.com\/search?q=Co+grozi+za+pod%C5%BCeganie+do+wojny%3F&amp;sca_esv=1fc0c3fc9b748aaf&amp;ei=H6LNZob5BtiDxc8PkYSqkAw&amp;ved=0ahUKEwjGhJ2485SIAxXYQfEDHRGCCsIQ4dUDCA8&amp;uact=5&amp;oq=Co+grozi+za+pod%C5%BCeganie+do+wojny%3F&amp;gs_lp=Egxnd3Mtd2l6LXNlcnAiIUNvIGdyb3ppIHphIHBvZMW8ZWdhbmllIGRvIHdvam55PzIFECEYoAEyBRAhGKABSOsQUABYAHAAeAGQAQCYAb8BoAG_AaoBAzAuMbgBA8gBAPgBAvgBAZgCAaACxQGYAwCSBwMwLjGgB9MC&amp;sclient=gws-wiz-serp\">Co grozi za pod\u017ceganie do wojny?<\/a><\/p>\n\n\n\n<p>Kto publicznie nawo\u0142uje do wszcz\u0119cia wojny napastniczej lub publicznie pochwala wszcz\u0119cie lub prowadzenie takiej wojny, podlega&nbsp;<strong>karze pozbawienia wolno\u015bci od 3 miesi\u0119cy do lat 5<\/strong>.<\/p>\n\n\n\n<p><strong>Nie jeste\u015bmy suwerenni, znowu !<\/strong><\/p>\n\n\n\n<p>Verte ><a href=\"https:\/\/topol.org.pl\/?page_id=6187\">Fundacja Narodowe Si\u0142y Samoobrony \u201eGrot\u201d<\/a><\/p>\n","protected":false},"excerpt":{"rendered":"<p>27.08.2024 10.48 Co grozi za Najemnictwo? Podj\u0119cie s\u0142u\u017cby w obcym wojsku lub wojskowej s\u0142u\u017cbie najemnej. \u00a7 1. Kto, b\u0119d\u0105c obywatelem polskim, przyjmuje bez zgody w\u0142a\u015bciwego organu obowi\u0105zki wojskowe w obcym wojsku lub w obcej organizacji wojskowej, podlega&nbsp;karze pozbawienia wolno\u015bci od 3 miesi\u0119cy do lat 5. &#8222;walkach po stronie ukrai\u0144skiej bior\u0105 udzia\u0142 ochotnicy z Polski, Gruzji [&hellip;]<\/p>\n","protected":false},"author":1,"featured_media":0,"parent":0,"menu_order":181,"comment_status":"closed","ping_status":"closed","template":"","meta":{"footnotes":""},"class_list":["post-5269","page","type-page","status-publish","hentry"],"_links":{"self":[{"href":"https:\/\/topol.org.pl\/index.php?rest_route=\/wp\/v2\/pages\/5269","targetHints":{"allow":["GET"]}}],"collection":[{"href":"https:\/\/topol.org.pl\/index.php?rest_route=\/wp\/v2\/pages"}],"about":[{"href":"https:\/\/topol.org.pl\/index.php?rest_route=\/wp\/v2\/types\/page"}],"author":[{"embeddable":true,"href":"https:\/\/topol.org.pl\/index.php?rest_route=\/wp\/v2\/users\/1"}],"replies":[{"embeddable":true,"href":"https:\/\/topol.org.pl\/index.php?rest_route=%2Fwp%2Fv2%2Fcomments&post=5269"}],"version-history":[{"count":7,"href":"https:\/\/topol.org.pl\/index.php?rest_route=\/wp\/v2\/pages\/5269\/revisions"}],"predecessor-version":[{"id":6427,"href":"https:\/\/topol.org.pl\/index.php?rest_route=\/wp\/v2\/pages\/5269\/revisions\/6427"}],"wp:attachment":[{"href":"https:\/\/topol.org.pl\/index.php?rest_route=%2Fwp%2Fv2%2Fmedia&parent=5269"}],"curies":[{"name":"wp","href":"https:\/\/api.w.org\/{rel}","templated":true}]}}