{"id":5278,"date":"2024-08-27T16:00:51","date_gmt":"2024-08-27T14:00:51","guid":{"rendered":"https:\/\/topol.org.pl\/?page_id=5278"},"modified":"2026-01-09T10:51:45","modified_gmt":"2026-01-09T09:51:45","slug":"analiza-historyczna","status":"publish","type":"page","link":"https:\/\/topol.org.pl\/?page_id=5278","title":{"rendered":"Analiza historyczna"},"content":{"rendered":"\n<p>27.08.2024 16.00<\/p>\n\n\n\n<p><a href=\"https:\/\/pl.wikipedia.org\/wiki\/Metody_historyczne\">Metody i wyk\u0142adnia historyczna<\/a> W\u0142adimira W\u0142adimirowicza Putina.<\/p>\n\n\n\n<p><a href=\"https:\/\/pl.wikipedia.org\/wiki\/Natywizm\">&#8222;Historia jest autentyczn\u0105 pasj\u0105 W\u0142adimira Putina&#8221;<\/a><\/p>\n\n\n\n<p>Prof. Andrzej Nowak: <a href=\"https:\/\/www.youtube.com\/watch?v=cPV3ZJzV_FM\">Putin mruga okiem sugeruj\u0105c rozbi\u00f3r Polski. Polska jest g\u0142\u00f3wn\u0105 przeszkod\u0105 Rosji<\/a><\/p>\n\n\n\n<p><a href=\"https:\/\/www.youtube.com\/watch?v=c02QU1MfDlc\">Pe\u0142ny wywiad z Putinem i Tuckerem<\/a><\/p>\n\n\n\n<p><strong>Polska jest krajem kluczowym w historii Rosji i USA. Wsparcie USA powinno polega\u0107 na pilnowaniu Niemc\u00f3w, Francuz\u00f3w i Anglik\u00f3w. Polacy poradz\u0105 sobie z Rosjanami. Stolic\u0105 S\u0142owian jest Krak\u00f3w. Stolic\u0105 Rzeczypospolitej jest Warszawa. <a href=\"https:\/\/topol.org.pl\/?page_id=192\">Niemcy to Germanie z nimi nie da si\u0119 dogada\u0107<\/a>.<\/strong> <strong>Polska to <a href=\"https:\/\/topol.org.pl\/?page_id=4512\">Pa\u0144stwo Z\u0142otego \u015arodka<\/a>.<\/strong><\/p>\n\n\n\n<p><a href=\"https:\/\/www.youtube.com\/watch?v=9C8Ybq35iXk\">Obietnica Prezydenta Andrzeja Dudy dla Rosjan<\/a><\/p>\n\n\n\n<p><strong>Nie chcemy u siebie kacapii.<\/strong><\/p>\n\n\n\n<p>Prof. Roszkowski: <a href=\"https:\/\/www.youtube.com\/watch?v=D0sEk1G5FHo\">M\u0142odzie\u017c ma si\u0119 uczy\u0107, poznawania prawdy.<\/a><\/p>\n\n\n\n<p>28.08.2024 12.08 <strong>Chc\u0119, \u017ceby zako\u0144czyli wojn\u0119 i wr\u00f3cili do siebie. Tak b\u0119dzie lepiej dla nich i dla nas. Grozi nam rozprzestrzenienie konfliktu i wci\u0105gni\u0119cie naszego kraju do wojny. Zreszt\u0105 wszyscy do tego d\u0105\u017c\u0105. Nasz kraj prze\u017cywa kryzys, jeszcze funkcjonuje za po\u017cyczone pieni\u0105dze. Mo\u017cliwe, \u017ce <a href=\"https:\/\/www.youtube.com\/watch?v=aFJc47Yr6mA\">zbankrutujemy i nas przejm\u0105<\/a>, mamy surowce za kt\u00f3rymi wszyscy chciwi w\u0119sz\u0105. Teraz Ukraina podpisa\u0142a umow\u0119 o wykorzystaniu swoich surowc\u00f3w. <a href=\"https:\/\/dorzeczy.pl\/opinie\/626106\/pomysl-grahama-i-blumenthala-emeryci-na-front.html\">Pisali o wizycie kongresmen\u00f3w z USA.<\/a> Poza tym Ukraina dekretem zmieni\u0142a u siebie ko\u015bci\u00f3\u0142. Jak b\u0119dziemy z nimi to zmieni\u0105 i u nas.<\/strong><\/p>\n\n\n\n<p>18.06.2024 17.32 Co dalej ?&nbsp;<a href=\"https:\/\/topol.org.pl\/?page_id=4123\">Opanowanie chaosu<\/a>&nbsp;Prosz\u0119 si\u0119 nie ba\u0107 b\u0119d\u0119 m\u00f3wi\u0142 co dalej.<\/p>\n\n\n\n<p><a href=\"https:\/\/topol.org.pl\/?page_id=5113\">15.08.2024 7.20<\/a>&nbsp;<strong><a href=\"https:\/\/topol.org.pl\/?page_id=5113\">Narodowe Si\u0142y Zbrojne \u201eGrot\u201d<\/a>, kt\u00f3re skupi\u0105 Wojsko Polskie, S\u0142u\u017cby i Wojsko Obrony Terytorialnej. \u201eGrot\u201d zajmie si\u0119 koordynacj\u0105 dzia\u0142a\u0144 w sytuacjach kryzysowych.<\/strong>&nbsp;<strong><a href=\"https:\/\/topol.org.pl\/?page_id=4417\">\u201eGrot\u201d<\/a>&nbsp;podlega \u201eDux Poloniae\u201d<\/strong><\/p>\n\n\n\n<figure class=\"wp-block-image size-large\"><img loading=\"lazy\" decoding=\"async\" width=\"766\" height=\"1024\" src=\"https:\/\/topol.org.pl\/wp-content\/uploads\/2024\/08\/Krol-Wladyslaw-Lokietek-680-lat-766x1024.jpg\" alt=\"\" class=\"wp-image-5237\" srcset=\"https:\/\/topol.org.pl\/wp-content\/uploads\/2024\/08\/Krol-Wladyslaw-Lokietek-680-lat-766x1024.jpg 766w, https:\/\/topol.org.pl\/wp-content\/uploads\/2024\/08\/Krol-Wladyslaw-Lokietek-680-lat-224x300.jpg 224w, https:\/\/topol.org.pl\/wp-content\/uploads\/2024\/08\/Krol-Wladyslaw-Lokietek-680-lat-768x1026.jpg 768w, https:\/\/topol.org.pl\/wp-content\/uploads\/2024\/08\/Krol-Wladyslaw-Lokietek-680-lat-1149x1536.jpg 1149w, https:\/\/topol.org.pl\/wp-content\/uploads\/2024\/08\/Krol-Wladyslaw-Lokietek-680-lat-1532x2048.jpg 1532w, https:\/\/topol.org.pl\/wp-content\/uploads\/2024\/08\/Krol-Wladyslaw-Lokietek-680-lat-scaled.jpg 1916w\" sizes=\"auto, (max-width: 766px) 100vw, 766px\" \/><\/figure>\n\n\n\n<p>Verte ><a href=\"https:\/\/topol.org.pl\/?page_id=6187\">Fundacja Narodowe Si\u0142y Samoobrony \u201eGrot\u201d<\/a><\/p>\n","protected":false},"excerpt":{"rendered":"<p>27.08.2024 16.00 Metody i wyk\u0142adnia historyczna W\u0142adimira W\u0142adimirowicza Putina. &#8222;Historia jest autentyczn\u0105 pasj\u0105 W\u0142adimira Putina&#8221; Prof. Andrzej Nowak: Putin mruga okiem sugeruj\u0105c rozbi\u00f3r Polski. Polska jest g\u0142\u00f3wn\u0105 przeszkod\u0105 Rosji Pe\u0142ny wywiad z Putinem i Tuckerem Polska jest krajem kluczowym w historii Rosji i USA. Wsparcie USA powinno polega\u0107 na pilnowaniu Niemc\u00f3w, Francuz\u00f3w i Anglik\u00f3w. Polacy [&hellip;]<\/p>\n","protected":false},"author":1,"featured_media":0,"parent":0,"menu_order":180,"comment_status":"closed","ping_status":"closed","template":"","meta":{"footnotes":""},"class_list":["post-5278","page","type-page","status-publish","hentry"],"_links":{"self":[{"href":"https:\/\/topol.org.pl\/index.php?rest_route=\/wp\/v2\/pages\/5278","targetHints":{"allow":["GET"]}}],"collection":[{"href":"https:\/\/topol.org.pl\/index.php?rest_route=\/wp\/v2\/pages"}],"about":[{"href":"https:\/\/topol.org.pl\/index.php?rest_route=\/wp\/v2\/types\/page"}],"author":[{"embeddable":true,"href":"https:\/\/topol.org.pl\/index.php?rest_route=\/wp\/v2\/users\/1"}],"replies":[{"embeddable":true,"href":"https:\/\/topol.org.pl\/index.php?rest_route=%2Fwp%2Fv2%2Fcomments&post=5278"}],"version-history":[{"count":24,"href":"https:\/\/topol.org.pl\/index.php?rest_route=\/wp\/v2\/pages\/5278\/revisions"}],"predecessor-version":[{"id":6426,"href":"https:\/\/topol.org.pl\/index.php?rest_route=\/wp\/v2\/pages\/5278\/revisions\/6426"}],"wp:attachment":[{"href":"https:\/\/topol.org.pl\/index.php?rest_route=%2Fwp%2Fv2%2Fmedia&parent=5278"}],"curies":[{"name":"wp","href":"https:\/\/api.w.org\/{rel}","templated":true}]}}