{"id":5470,"date":"2024-09-06T15:39:52","date_gmt":"2024-09-06T13:39:52","guid":{"rendered":"https:\/\/topol.org.pl\/?page_id=5470"},"modified":"2026-01-09T10:52:36","modified_gmt":"2026-01-09T09:52:36","slug":"misiek","status":"publish","type":"page","link":"https:\/\/topol.org.pl\/?page_id=5470","title":{"rendered":"Domniemanie niewinno\u015bci"},"content":{"rendered":"\n<p>Domniemanie niewinno\u015bci<\/p>\n\n\n\n<p><strong>Domniemanie niewinno\u015bci<\/strong>&nbsp;\u2013 zasada, wed\u0142ug kt\u00f3rej ka\u017cda oskar\u017cona osoba jest niewinna wobec przedstawianych jej&nbsp;<a href=\"https:\/\/pl.wikipedia.org\/wiki\/Zarzut\">zarzut\u00f3w<\/a>, dop\u00f3ki wina nie zostanie jej udowodniona i stwierdzona prawomocnym wyrokiem S\u0105du. Zasada&nbsp;<a href=\"https:\/\/pl.wikipedia.org\/wiki\/Domniemanie\">domniemania<\/a>&nbsp;niewinno\u015bci si\u0119ga swymi korzeniami&nbsp;<a href=\"https:\/\/pl.wikipedia.org\/wiki\/Prawo_rzymskie\">prawa rzymskiego<\/a>&nbsp;(domniemanie dobrej wiary \u2013&nbsp;<a href=\"https:\/\/pl.wikipedia.org\/wiki\/%C5%81acina\">\u0142ac.<\/a>&nbsp;<em>praesumptio boni viri<\/em>).<\/p>\n\n\n\n<p><a href=\"https:\/\/www.youtube.com\/watch?v=QSXVhf947CQ\"><strong>Domniemanie niewinno\u015bci<\/strong> wobec ks.Olszewskiego.<\/a><\/p>\n\n\n\n<p>12.09.2024 07.19 <a href=\"https:\/\/dorzeczy.pl\/kraj\/632290\/swiat-mi-sie-zawalil-dramatyczne-slowa-matki-ks-olszewskiego.html\">Matka ksi\u0119dza Micha\u0142a Olszewskiego: Ludzie, ratujcie go, ratujcie go<\/a><\/p>\n\n\n\n<p><strong>Domniemanie niewinno\u015bci sugeruje niewinno\u015b\u0107 ksi\u0119dza Micha\u0142a.<\/strong><\/p>\n\n\n\n<p>14.09.2024 16.49 <a href=\"https:\/\/www.youtube.com\/watch?v=er_sgQ7rK5M\">ks. Olszewski to ofiara nienawi\u015bci jednego cz\u0142owieka<\/a>.<\/p>\n\n\n\n<p>06.09.2024 17.35 B\u0119d\u0119 na&nbsp;Marszu Niepodleg\u0142o\u015bci 11.11.2024.<\/p>\n\n\n\n<p>Verte ><a href=\"https:\/\/topol.org.pl\/?page_id=6187\">Fundacja Narodowe Si\u0142y Samoobrony \u201eGrot\u201d<\/a><\/p>\n","protected":false},"excerpt":{"rendered":"<p>Domniemanie niewinno\u015bci Domniemanie niewinno\u015bci&nbsp;\u2013 zasada, wed\u0142ug kt\u00f3rej ka\u017cda oskar\u017cona osoba jest niewinna wobec przedstawianych jej&nbsp;zarzut\u00f3w, dop\u00f3ki wina nie zostanie jej udowodniona i stwierdzona prawomocnym wyrokiem S\u0105du. Zasada&nbsp;domniemania&nbsp;niewinno\u015bci si\u0119ga swymi korzeniami&nbsp;prawa rzymskiego&nbsp;(domniemanie dobrej wiary \u2013&nbsp;\u0142ac.&nbsp;praesumptio boni viri). Domniemanie niewinno\u015bci wobec ks.Olszewskiego. 12.09.2024 07.19 Matka ksi\u0119dza Micha\u0142a Olszewskiego: Ludzie, ratujcie go, ratujcie go Domniemanie niewinno\u015bci sugeruje niewinno\u015b\u0107 [&hellip;]<\/p>\n","protected":false},"author":1,"featured_media":0,"parent":0,"menu_order":184,"comment_status":"closed","ping_status":"closed","template":"","meta":{"footnotes":""},"class_list":["post-5470","page","type-page","status-publish","hentry"],"_links":{"self":[{"href":"https:\/\/topol.org.pl\/index.php?rest_route=\/wp\/v2\/pages\/5470","targetHints":{"allow":["GET"]}}],"collection":[{"href":"https:\/\/topol.org.pl\/index.php?rest_route=\/wp\/v2\/pages"}],"about":[{"href":"https:\/\/topol.org.pl\/index.php?rest_route=\/wp\/v2\/types\/page"}],"author":[{"embeddable":true,"href":"https:\/\/topol.org.pl\/index.php?rest_route=\/wp\/v2\/users\/1"}],"replies":[{"embeddable":true,"href":"https:\/\/topol.org.pl\/index.php?rest_route=%2Fwp%2Fv2%2Fcomments&post=5470"}],"version-history":[{"count":8,"href":"https:\/\/topol.org.pl\/index.php?rest_route=\/wp\/v2\/pages\/5470\/revisions"}],"predecessor-version":[{"id":6430,"href":"https:\/\/topol.org.pl\/index.php?rest_route=\/wp\/v2\/pages\/5470\/revisions\/6430"}],"wp:attachment":[{"href":"https:\/\/topol.org.pl\/index.php?rest_route=%2Fwp%2Fv2%2Fmedia&parent=5470"}],"curies":[{"name":"wp","href":"https:\/\/api.w.org\/{rel}","templated":true}]}}