{"id":5513,"date":"2024-09-08T09:29:14","date_gmt":"2024-09-08T07:29:14","guid":{"rendered":"https:\/\/topol.org.pl\/?page_id=5513"},"modified":"2026-01-09T10:52:44","modified_gmt":"2026-01-09T09:52:44","slug":"dziedzictwo-polskich-nagran","status":"publish","type":"page","link":"https:\/\/topol.org.pl\/?page_id=5513","title":{"rendered":"dziedzictwo Polskich Nagra\u0144"},"content":{"rendered":"\n<p>08.09.2024 09.29 &#8222;<a href=\"https:\/\/dzieje.pl\/kultura-i-sztuka\/p-glinski-chcemy-odkupic-polskie-nagrania-zabezpieczyc-dziedzictwo-polskiej-kultury\">dziedzictwa Polskich Nagra\u0144<\/a>&#8222;<\/p>\n\n\n\n<p>&#8222;Jak stracili\u015bmy polskie piosenki&#8221; <a href=\"https:\/\/www.rp.pl\/plus-minus\/art41080961-jak-stracilismy-polskie-piosenki\">\u0179r\u00f3d\u0142o: rp.pl<\/a><\/p>\n\n\n\n<p>06.07.2025 09.54 <a href=\"https:\/\/www.youtube.com\/watch?v=0qzLRlQFFQ4\">Barka &#8211; ukochana pie\u015b\u0144 Jana Paw\u0142a II<\/a> \u0179r\u00f3d\u0142o: <a href=\"https:\/\/www.youtube.com\/watch?v=0qzLRlQFFQ4\">VerbumDei<\/a><\/p>\n\n\n\n<p>Verte &gt;<a href=\"https:\/\/topol.org.pl\/?page_id=6187\">Fundacja Narodowe Si\u0142y Samoobrony \u201eGrot\u201d<\/a><\/p>\n\n\n\n<p><\/p>\n","protected":false},"excerpt":{"rendered":"<p>08.09.2024 09.29 &#8222;dziedzictwa Polskich Nagra\u0144&#8222; &#8222;Jak stracili\u015bmy polskie piosenki&#8221; \u0179r\u00f3d\u0142o: rp.pl 06.07.2025 09.54 Barka &#8211; ukochana pie\u015b\u0144 Jana Paw\u0142a II \u0179r\u00f3d\u0142o: VerbumDei Verte &gt;Fundacja Narodowe Si\u0142y Samoobrony \u201eGrot\u201d<\/p>\n","protected":false},"author":1,"featured_media":0,"parent":0,"menu_order":185,"comment_status":"closed","ping_status":"closed","template":"","meta":{"footnotes":""},"class_list":["post-5513","page","type-page","status-publish","hentry"],"_links":{"self":[{"href":"https:\/\/topol.org.pl\/index.php?rest_route=\/wp\/v2\/pages\/5513","targetHints":{"allow":["GET"]}}],"collection":[{"href":"https:\/\/topol.org.pl\/index.php?rest_route=\/wp\/v2\/pages"}],"about":[{"href":"https:\/\/topol.org.pl\/index.php?rest_route=\/wp\/v2\/types\/page"}],"author":[{"embeddable":true,"href":"https:\/\/topol.org.pl\/index.php?rest_route=\/wp\/v2\/users\/1"}],"replies":[{"embeddable":true,"href":"https:\/\/topol.org.pl\/index.php?rest_route=%2Fwp%2Fv2%2Fcomments&post=5513"}],"version-history":[{"count":6,"href":"https:\/\/topol.org.pl\/index.php?rest_route=\/wp\/v2\/pages\/5513\/revisions"}],"predecessor-version":[{"id":12771,"href":"https:\/\/topol.org.pl\/index.php?rest_route=\/wp\/v2\/pages\/5513\/revisions\/12771"}],"wp:attachment":[{"href":"https:\/\/topol.org.pl\/index.php?rest_route=%2Fwp%2Fv2%2Fmedia&parent=5513"}],"curies":[{"name":"wp","href":"https:\/\/api.w.org\/{rel}","templated":true}]}}