{"id":5636,"date":"2024-09-11T21:15:02","date_gmt":"2024-09-11T19:15:02","guid":{"rendered":"https:\/\/topol.org.pl\/?page_id=5636"},"modified":"2026-01-09T10:52:56","modified_gmt":"2026-01-09T09:52:56","slug":"demokracja-walczaca","status":"publish","type":"page","link":"https:\/\/topol.org.pl\/?page_id=5636","title":{"rendered":"Demokracja walcz\u0105ca"},"content":{"rendered":"\n<p>11.09.2024 21.15 <strong>Demokracja walcz\u0105ca, to nowy projekt rz\u0105du Donalda Tuska zaczerpni\u0119ty w \u017ar\u00f3d\u0142ach historycznych z 1937 roku. Zak\u0142ada nowe wyzwania w sprawowaniu w\u0142adzy. Jestem ciekaw co nast\u0105pi. Ka\u017cda zmiana, mo\u017ce zmierza\u0107 w dobrym kierunku. <a href=\"https:\/\/dorzeczy.pl\/opinie\/632270\/prof-zajadlo-ws-kontrasygnaty-jestem-po-stronie-tuska.html\">Niech si\u0119 dzieje&#8230;<\/a><\/strong><\/p>\n\n\n\n<p>12.09.2024 13.31 <a href=\"https:\/\/www.youtube.com\/watch?v=zUtDE5T83P8\">Czym jest &#8222;demokracja walcz\u0105ca&#8221; Donalda Tuska?<\/a> &#8211; prof. Adam Wielomski<\/p>\n\n\n\n<p><strong>Czy liberalna demokracja w Europie jest dyktatur\u0105 ?<\/strong> <strong>Wed\u0142ug mnie tak.<\/strong><\/p>\n\n\n\n<p>05.06.2025 13.00 <strong>Symboliczne podniesienie p\u0142acy minimalnej, spowoduje zahamowanie inflacji. pozwoli najmniejszym firmom zachowa\u0107 pracownika. Ci\u0105g\u0142e podnoszenie p\u0142acy minimalnej spowoduje, \u017ce na rynku zostan\u0105 tylko korporacje. Bior\u0105c pod uwag\u0119 wypieranie pracownik\u00f3w przez. automatyzacj\u0119 i sztuczn\u0105 inteligencj\u0119 to bardzo dobre rozwi\u0105zanie.<\/strong><\/p>\n\n\n\n<p>14.06.2025 17.24 &#8222;Donald Tusk powinien pozosta\u0107 premierem do ko\u0144ca obecnej kadencji parlamentu&#8221; Sonda\u017c: \u0179r\u00f3d\u0142o: <a href=\"https:\/\/www.rp.pl\/polityka\/art42530821-sondaz-czy-donald-tusk-powinien-byc-premierem-do-konca-kadencji-sejmu\">rp.pl<\/a><\/p>\n\n\n\n<p><strong>Pod warunkiem, \u017ce Premier <a href=\"https:\/\/topol.org.pl\/?page_id=47\">wdro\u017cy jaki\u015b rozs\u0105dny program<\/a>.<\/strong> <strong>Zwolnienie z podatku do 60000 z\u0142 jest bez sensu, poniewa\u017c zabraknie w bud\u017cecie 60 <a href=\"https:\/\/pl.wikipedia.org\/wiki\/Miliard\">mld<\/a>. z\u0142. Zabraknie na s\u0142u\u017cb\u0119 zdrowia, emerytury i renty. Najlepiej wr\u00f3ci\u0107 do systemu sprzed  Nowego \u0141adu. Wtedy ka\u017cdy p\u0142ac\u0105cy b\u0119dzie m\u00f3g\u0142 wymaga\u0107 od rz\u0105dz\u0105cych, b\u0119dzie m\u00f3g\u0142 zastosowa\u0107 odpis od podatku na cele charytatywne itd. Jak b\u0119dziemy zad\u0142u\u017ca\u0107 pa\u0144stwo to nas zlicytuj\u0105 za d\u0142ugi.<\/strong><\/p>\n\n\n\n<p>Verte &gt;<a href=\"https:\/\/topol.org.pl\/?page_id=6187\">Fundacja Narodowe Si\u0142y Samoobrony \u201eGrot\u201d<\/a><\/p>\n\n\n\n<p><\/p>\n","protected":false},"excerpt":{"rendered":"<p>11.09.2024 21.15 Demokracja walcz\u0105ca, to nowy projekt rz\u0105du Donalda Tuska zaczerpni\u0119ty w \u017ar\u00f3d\u0142ach historycznych z 1937 roku. Zak\u0142ada nowe wyzwania w sprawowaniu w\u0142adzy. Jestem ciekaw co nast\u0105pi. Ka\u017cda zmiana, mo\u017ce zmierza\u0107 w dobrym kierunku. Niech si\u0119 dzieje&#8230; 12.09.2024 13.31 Czym jest &#8222;demokracja walcz\u0105ca&#8221; Donalda Tuska? &#8211; prof. Adam Wielomski Czy liberalna demokracja w Europie jest [&hellip;]<\/p>\n","protected":false},"author":1,"featured_media":0,"parent":0,"menu_order":186,"comment_status":"closed","ping_status":"closed","template":"","meta":{"footnotes":""},"class_list":["post-5636","page","type-page","status-publish","hentry"],"_links":{"self":[{"href":"https:\/\/topol.org.pl\/index.php?rest_route=\/wp\/v2\/pages\/5636","targetHints":{"allow":["GET"]}}],"collection":[{"href":"https:\/\/topol.org.pl\/index.php?rest_route=\/wp\/v2\/pages"}],"about":[{"href":"https:\/\/topol.org.pl\/index.php?rest_route=\/wp\/v2\/types\/page"}],"author":[{"embeddable":true,"href":"https:\/\/topol.org.pl\/index.php?rest_route=\/wp\/v2\/users\/1"}],"replies":[{"embeddable":true,"href":"https:\/\/topol.org.pl\/index.php?rest_route=%2Fwp%2Fv2%2Fcomments&post=5636"}],"version-history":[{"count":22,"href":"https:\/\/topol.org.pl\/index.php?rest_route=\/wp\/v2\/pages\/5636\/revisions"}],"predecessor-version":[{"id":12611,"href":"https:\/\/topol.org.pl\/index.php?rest_route=\/wp\/v2\/pages\/5636\/revisions\/12611"}],"wp:attachment":[{"href":"https:\/\/topol.org.pl\/index.php?rest_route=%2Fwp%2Fv2%2Fmedia&parent=5636"}],"curies":[{"name":"wp","href":"https:\/\/api.w.org\/{rel}","templated":true}]}}