{"id":5663,"date":"2024-09-12T16:12:52","date_gmt":"2024-09-12T14:12:52","guid":{"rendered":"https:\/\/topol.org.pl\/?page_id=5663"},"modified":"2026-01-09T10:53:05","modified_gmt":"2026-01-09T09:53:05","slug":"antony-blinken-w-warszawie","status":"publish","type":"page","link":"https:\/\/topol.org.pl\/?page_id=5663","title":{"rendered":"Antony Blinken w Warszawie"},"content":{"rendered":"\n<p>12.09.2024 16.12 <strong>Nie podzielam zdania Ministra Spraw Zagranicznych W\u0142adys\u0142awa Sikorskiego. <a href=\"https:\/\/dorzeczy.pl\/opinie\/632516\/ograniczania-usa-dla-ukrainy-blinken-zabral-glos-w-warszawie.html\">Polska jest neutralna wobec konfliktu<\/a>. Le\u017cymy w Europie wschodniej i nie chcemy uczestniczy\u0107 w konflikcie. Mamy swoj\u0105 <a href=\"https:\/\/pl.wikipedia.org\/wiki\/Racja_stanu\">Racj\u0119 stanu<\/a>. Nie reprezentujemy interes\u00f3w USA. To nie nasza wojna. Niech pan jedzie do siebie.<\/strong><\/p>\n\n\n\n<p>12.09.2024 16.59 &#8222;to&nbsp;spo\u0142ecze\u0144stwo ukrai\u0144skie chce zdecydowa\u0107, czy&nbsp;chce walczy\u0107, na&nbsp;jakich warunkach i&nbsp;co mo\u017ce zrobi\u0107. <a href=\"https:\/\/dorzeczy.pl\/opinie\/632524\/parys-mamy-z-usa-wiele-interesow-do-zalatwienia.html\">To&nbsp;nie powinno zale\u017ce\u0107 od&nbsp;mocarstw zachodnich<\/a>&#8221; <\/p>\n\n\n\n<p>&#8222;Zapewniam, \u017ce&nbsp;wszystkie mocarstwa nuklearne maj\u0105 plany dotycz\u0105ce skalibrowanego u\u017cycia broni nuklearnej w&nbsp;okre\u015blonych scenariuszach. Twierdzenie, \u017ce&nbsp;jakiekolwiek ograniczone u\u017cycie broni j\u0105drowej doprowadzi nieuchronnie do&nbsp;powszechnego nuklearnego Armagedonu, nie&nbsp;wytrzymuje krytyki \u2013&nbsp;<a href=\"https:\/\/dorzeczy.pl\/opinie\/632552\/karaganow-o-ataku-jadrowym-na-kraj-nato-za-pomoc-ukrainie.html\">oznajmi\u0142 w&nbsp;wywiadzie dla&nbsp;Kommiersanta Siergiej Karaganow<\/a>&#8222;<\/p>\n\n\n\n<p><strong><a href=\"https:\/\/dorzeczy.pl\/swiat\/632616\/putin-ostrzega-przed-wypowiedzeniem-wojny-rosji-nato-decyduje.html\">Konflikt mo\u017ce eksplodowa\u0107 na ca\u0142y \u015bwiat.<\/a><\/strong> <strong>Ale moim zdaniem tak jak m\u00f3wi Siergiej Karaganow skupi si\u0119 w jednym miejscu, mo\u017ce na terenie jednego kraju.<\/strong><\/p>\n\n\n\n<p>12.09.2024 19.29 <strong>Je\u015bli wojna to sprawiedliwa, czyli dopuszczamy tylko wojn\u0119 obronn\u0105, kt\u00f3ra stanowi odpowied\u017a na bezprawn\u0105 agresj\u0119. \u0179r\u00f3d\u0142o: <a href=\"https:\/\/topol.org.pl\/?page_id=47\">Fragment<\/a><\/strong><\/p>\n\n\n\n<p><strong>Agresja to nie jest prowokacja. Agresja polega na jawnym wyst\u0105pieniu zbrojnym agresora. Wypowiedzeniu wojny. Zachowujemy spok\u00f3j. Nied\u0142ugo wszyscy ch\u0119tni b\u0119d\u0105 mieli dost\u0119p do broni. Wtedy b\u0119dziemy bezpieczni. Przyjmiemy poprawk\u0119 do konstytucji. Tak jak w USA. Przecie\u017c czerpiemy z nich przyk\u0142ad. To nasi sojusznicy. Szanujemy ich, poniewa\u017c oni szanuj\u0105 nasz\u0105 suwerenno\u015b\u0107. Przyjmuj\u0119 du\u017c\u0105 wag\u0119 do&nbsp;prawa mi\u0119dzynarodowego, dlatego protestuj\u0119 jak naginana jest wola suwerennego pa\u0144stwa. Ci\u0105g\u0142e sugestie o do\u0142\u0105czeniu do wojny. Na terenie Polski jest du\u017co uchod\u017ac\u00f3w z Ukrainy. Polacy ich szanuj\u0105, ugo\u015bcili u siebie. Dali\u015bmy &#8222;napadni\u0119tym&#8221; po s\u0105siedzku, nasze uzbrojenie. Czekamy na zako\u0144czenie konfliktu. Polska powinna unormowa\u0107 stosunki dwustronne <a href=\"https:\/\/dorzeczy.pl\/opinie\/632542\/lukaszenka-o-polsce-bialorus-jest-gotowa-chocby-jutro.html\">z Prezydentem Bia\u0142orusi<\/a>. Trzeba otworzy\u0107 granice i normalnie \u017cy\u0107. Je\u015bli chodzi o prawo Mi\u0119dzynarodowe. Dlaczego wbrew ludziom rz\u0105dy na si\u0142\u0119 wprowadzaj\u0105 federalizacj\u0119, wsp\u00f3ln\u0105 walut\u0119, utopi\u0119 i chaos ? <\/strong><\/p>\n\n\n\n<p>13.09.2024 20.22 [Szokuj\u0105ce] <a href=\"https:\/\/www.youtube.com\/watch?v=DH1ejuj-eO4\">NATO Chce ATAKOWA\u0106 ROSJ\u0118? W. Putin STRASZY? R. Sikorski PROWOKUJE!<\/a> \u0179r\u00f3d\u0142o: (<a href=\"https:\/\/www.youtube.com\/@TomaszPiekielnik\">Tomasz Piekielnik<\/a>)<\/p>\n\n\n\n<p><a href=\"https:\/\/dorzeczy.pl\/opinie\/633014\/sikorski-rozwazamy-przekazanie-ukrainie-samolotow-mig-29.html\"><strong>Do<\/strong> <strong>Ministra Spraw Zagranicznych W\u0142adys\u0142awa Sikorskiego<\/strong>. <strong>I w\u0142adz Rzeczypospolitej Polskiej.<\/strong><\/a> <strong>Opami\u0119tajcie si\u0119. Doprowadzicie do wojny.<\/strong><\/p>\n\n\n\n<p>\u00a7&nbsp; 3.&nbsp;&nbsp;<a href=\"https:\/\/sip.lex.pl\/akty-prawne\/dzu-dziennik-ustaw\/kodeks-karny-16798683\/art-117\">Kto publicznie nawo\u0142uje do wszcz\u0119cia wojny napastniczej lub publicznie pochwala wszcz\u0119cie lub prowadzenie takiej wojny<\/a>,<\/p>\n\n\n\n<p>podlega karze pozbawienia wolno\u015bci od 3 miesi\u0119cy do lat 5.<\/p>\n\n\n\n<p>14.09.2024 06.40 <a href=\"https:\/\/dorzeczy.pl\/kraj\/632996\/warszawa-ostatnie-pokolenie-zablokowalo-wjazd-do-sejmu.html\">Ostatnie Pokolenie zablokowa\u0142o wjazd do&nbsp;Sejmu. Przykleili si\u0119 do&nbsp;asfaltu<\/a><\/p>\n\n\n\n<p><strong>M\u00f3j postulat z <a href=\"https:\/\/topol.org.pl\/?page_id=4936\">01.09.2024 21.14<\/a><\/strong><\/p>\n\n\n\n<ol class=\"wp-block-list\">\n<li><strong>Jestem za wprowadzeniem jednego biletu miesi\u0119cznego za&nbsp;50 z\u0142 na&nbsp;ca\u0142y transport regionalny w&nbsp;Polsce. Dla os\u00f3b nie maj\u0105cych samochodu.<\/strong><\/li>\n\n\n\n<li><strong>Dla ch\u0119tnych z \u2026&nbsp;<a href=\"https:\/\/topol.org.pl\/?page_id=2655\">\u201eOstatniego pokolenia\u201d<\/a>\u2026 mo\u017cliwo\u015b\u0107 zakupu 1 hektara ziemi rolnej po preferencyjnej cenie z&nbsp;<a href=\"https:\/\/pl.wikipedia.org\/wiki\/Agencja_W%C5%82asno%C5%9Bci_Rolnej_Skarbu_Pa%C5%84stwa\">Agencji W\u0142asno\u015bci Rolnej Skarbu Pa\u0144stwa<\/a>.<\/strong>&nbsp;<strong>Chc\u0119 przeciwdzia\u0142a\u0107 holdingom.<\/strong><\/li>\n<\/ol>\n\n\n\n<p><strong><a href=\"https:\/\/topol.org.pl\/?page_id=47\">Na razie jestem 1.<\/a>&nbsp;\u201e<a href=\"https:\/\/pl.wikipedia.org\/wiki\/1_(liczba)\">jeden<\/a><\/strong>\u201d&nbsp;<strong><em>Primus inter pares<\/em>&nbsp;(<a href=\"https:\/\/pl.wikipedia.org\/wiki\/%C5%81acina\">\u0142ac.<\/a>&nbsp;\u201ejeden w\u015br\u00f3d r\u00f3wnych\u201d)<\/strong><\/p>\n\n\n\n<p><strong>Nie jestem zwolennikiem \u017cadnej partii, nie nale\u017ca\u0142em i nie nale\u017c\u0119 do \u017cadnej organizacji. Nie b\u0119d\u0119 nale\u017ca\u0142 do \u017cadnej organizacji. Ale jak chcecie, mo\u017cna do mnie do\u0142\u0105czy\u0107.<\/strong><\/p>\n\n\n\n<p>14.09.2024 10.05 <a href=\"https:\/\/historia.dorzeczy.pl\/historia-wspolczesna\/633046\/ani-branka-ani-sluzba-obywatelska-armia-rzeczypospolitej.html\">To dobry pomys\u0142, ale ja wam zwyczajnie nie ufam. Dlatego sam si\u0119 tym zajm\u0119.<\/a><\/p>\n\n\n\n<figure class=\"wp-block-image size-large\"><a href=\"https:\/\/topol.org.pl\/?page_id=5314\"><img loading=\"lazy\" decoding=\"async\" width=\"1024\" height=\"499\" src=\"https:\/\/topol.org.pl\/wp-content\/uploads\/2024\/09\/Narodowe-Sily-Samoobrony-Grot-1024x499.jpg\" alt=\"\" class=\"wp-image-5374\" srcset=\"https:\/\/topol.org.pl\/wp-content\/uploads\/2024\/09\/Narodowe-Sily-Samoobrony-Grot-1024x499.jpg 1024w, https:\/\/topol.org.pl\/wp-content\/uploads\/2024\/09\/Narodowe-Sily-Samoobrony-Grot-300x146.jpg 300w, https:\/\/topol.org.pl\/wp-content\/uploads\/2024\/09\/Narodowe-Sily-Samoobrony-Grot-768x374.jpg 768w, https:\/\/topol.org.pl\/wp-content\/uploads\/2024\/09\/Narodowe-Sily-Samoobrony-Grot.jpg 1528w\" sizes=\"auto, (max-width: 1024px) 100vw, 1024px\" \/><\/a><\/figure>\n\n\n\n<p><strong>Narodowe Si\u0142y Samoobrony &#8222;Grot&#8221;<\/strong><\/p>\n\n\n\n<p>14.09.2024 14.23 <a href=\"https:\/\/www.youtube.com\/watch?v=XhFVoqpj6ZE&amp;t=1450s\">Obejrza\u0142em film i dochodz\u0119 do wniosku, \u017ce przygotowujecie ludzi do przyj\u0119cia narracji, \u017ce Ukraina nie ma nic do stracenia.<\/a><strong> Ale co nas to obchodzi ? My mamy do stracenia. \u017badne historyczne zasz\u0142o\u015bci nie upowa\u017cniaj\u0105 do nadstawianiu karku za pa\u0144stwo s\u0105siednie. U\u017cywanie tych system\u00f3w na terenie Ukrainy to do\u0142\u0105czenie do wojny Anglii i Francji. Naprowadzanie rakiet jest sponsorowane przez Amerykan\u00f3w. Polska nie ma z tym nic wsp\u00f3lnego.<\/strong> <strong>My nie jeste\u015bmy stron\u0105 wojny.<\/strong> <strong>Rz\u0105d dzia\u0142a nielegalnie przeciwko woli Polak\u00f3w.<\/strong> <strong>Poczytajcie sobie wpisy co pisz\u0105 Polacy pod tym filmem. B\u0119dziecie &#8222;ODPOWIADA\u0106&#8221; za propagowanie wojny.<\/strong> <strong>\u017badne pa\u0144stwo nie planuje wojny na swoim terytorium. To nienormalne.<\/strong> <strong>Nikt z wami nie b\u0119dzie rozmawia\u0142 na temat \u201eObywatelska armia Rzeczypospolitej\u201d.<\/strong><\/p>\n\n\n\n<p>14.09.2024 16.03 <strong><a href=\"https:\/\/wiadomosci.wp.pl\/harris-wyslala-polsce-sygnal-mamy-wiele-do-roboty-musimy-ratowac-ukraine-7070002700716960a\">&#8222;Harris wys\u0142a\u0142a Polsce sygna\u0142: mamy wiele do roboty, musimy ratowa\u0107 Ukrain\u0119&#8221;<\/a><\/strong> \u0179r\u00f3d\u0142o: (wp.pl)<\/p>\n\n\n\n<p><strong>Dzi\u0119kuj\u0119 pani Harris, ale to nie nasza wojna. <a href=\"https:\/\/topol.org.pl\/?page_id=4030\">Jestem za rozejmem<\/a>.<\/strong><\/p>\n\n\n\n<p>Analiza sytuacji<\/p>\n\n\n\n<p><strong>Rosja<\/strong><br>Nie zgodzi si\u0119 na rezygnacj\u0119 z teren\u00f3w p\u00f3\u0142wyspu krymskiego, obwodu \u0142uga\u0144skiego, donieckiego, zaporoskiego i cherso\u0144skiego.<br>Nie zgodzi si\u0119 na przyst\u0105pienie Ukrainy do NATO.<br>Zgodzi si\u0119 do przyst\u0105pienia Ukrainy do Unii Europejskiej(chce rozpadu Unii)<br><strong>Ukraina<\/strong><br>Nie zgodzi si\u0119 na rezygnacj\u0119 z teren\u00f3w p\u00f3\u0142wyspu krymskiego, obwodu \u0142uga\u0144skiego, donieckiego, zaporoskiego i cherso\u0144skiego.<br>Przyst\u0105pi do sojuszu NATO.<br>Pa\u0144stwa w Unii Europejskiej nie zgodz\u0105 si\u0119 na przyst\u0105pienie Ukrainy do Unii Europejskiej.<\/p>\n\n\n\n<p>Rozwi\u0105zaniem. Rozejm na warunkach.<\/p>\n\n\n\n<p>Na terenach spornych powstanie&nbsp;<strong>&#8222;S\u0142owia\u0144ska Scytia Kr\u00f3lewska zwana Ru\u015b Krymska<\/strong>&#8222;. Teren obj\u0119ty stref\u0105 wolnego przep\u0142ywu towar\u00f3w i us\u0142ug. <a href=\"https:\/\/topol.org.pl\/?page_id=5983\">Druga Siedziba ONZ<\/a> w \u201e<strong><a href=\"https:\/\/pl.wikipedia.org\/wiki\/Chersonez_Taurydzki\">Chersonez Taurydzki<\/a><\/strong>\u201e. Jak Rosja b\u0119dzie \u015bcigana listem go\u0144czym przez MTK to spotkamy si\u0119 w \u201e<a href=\"https:\/\/pl.wikipedia.org\/wiki\/Nowy_Jork\"><strong>Nowy York<\/strong><\/a>\u201e. Jak USA b\u0119dzie \u015bcigane listem go\u0144czym przez MTK to spotkamy si\u0119 w \u201e<strong><a href=\"https:\/\/pl.wikipedia.org\/wiki\/Chersonez_Taurydzki\">Chersonez Taurydzki<\/a><\/strong>\u201e.<\/p>\n\n\n\n<p>*&nbsp;<a href=\"https:\/\/topol.org.pl\/?page_id=4036\">\u201e<strong>S\u0142owia\u0144ska Scytia Kr\u00f3lewska zwana Ru\u015b Krymska<\/strong>\u201e<\/a><\/p>\n\n\n\n<p>15.09.2024 18.09 <a href=\"https:\/\/www.highergov.com\/contract-opportunity\/services-for-modeling-the-effects-of-nuclear-weapo-w912hz24t5579-s-33f81\/\">Us\u0142ugi modelowania wp\u0142ywu broni j\u0105drowej na systemy rolnicze<\/a><\/p>\n\n\n\n<p>15.09.2024 18.09 <a href=\"https:\/\/www.youtube.com\/watch?v=2p8Dw1qErqU\">Pentagon bada, jakie skutki b\u0119dzie mia\u0142a wojna nuklearna dla Europy<\/a><\/p>\n\n\n\n<p>17.09.2024 14.18 Waszyngton pozwoli Kijowowi na&nbsp;u\u017cycie <a href=\"https:\/\/dorzeczy.pl\/opinie\/633792\/rosja-bylby-to-udzial-w-wojnie-szef-nato-decyzja-krajow.html\"><strong>brytyjskich i&nbsp;francuskich<\/strong><\/a> rakiet dalekiego zasi\u0119gu do&nbsp;ataku na&nbsp;terytorium Rosji i&nbsp;jednocze\u015bnie&nbsp;<a href=\"https:\/\/dorzeczy.pl\/swiat\/632688\/biden-pozwoli-ukrainie-uzyc-rakiet-dalekiego-zasiegu-ale-nie-atacms.html\">odm\u00f3wi u\u017cycia podobnej broni ameryka\u0144skiej<\/a>, czyli pocisk\u00f3w ATACMS. \u0179r\u00f3d\u0142o:&nbsp;<a href=\"https:\/\/dorzeczy.pl\/opinie\/633792\/rosja-bylby-to-udzial-w-wojnie-szef-nato-decyzja-krajow.html\">DoRzeczy.pl&nbsp;\/&nbsp;Reuters<\/a><\/p>\n\n\n\n<p><strong><a href=\"https:\/\/topol.org.pl\/?page_id=3630\">Trzeba poskromi\u0107 propagator\u00f3w wojny. Polityk\u00f3w i media g\u0142\u00f3wnego nurtu.<\/a><\/strong><\/p>\n\n\n\n<p>Ka\u017cdy konflikt na naszym terenie rozpocznie si\u0119 od ataku na pe\u0142n\u0105 skal\u0119. Szatan gotowy. Rosja ma najpot\u0119\u017cniejsz\u0105 na \u015bwiecie bro\u0144 j\u0105drow\u0105&nbsp;<a href=\"https:\/\/wiadomosci.wp.pl\/boze-co-to-bylo-myslalem-ze-to-koniec-swiata-7030605186640544a\">RS-28 Sarmat<\/a>, zwany te\u017c Szatanem II, to rosyjska najpot\u0119\u017cniejsza na \u015bwiecie bro\u0144 hipersoniczna, zdolna do przenoszenia jednocze\u015bnie 10-15 g\u0142owic j\u0105drowych na ogromnym dystansie. Obecnie \u017caden kraj nie ma jej odpowiednika. Pociski maj\u0105 zasi\u0119g 18 tysi\u0119cy kilometr\u00f3w, i po wystrzeleniu, mog\u0105 lata\u0107 po ca\u0142ej planecie przez wiele godzin a\u017c uderz\u0105 w wybrany cel z nieoczekiwanego kierunku. Nowa rosyjska rakieta mo\u017ce na swoim pok\u0142adzie przenosi\u0107 nawet 10 ci\u0119\u017ckich lub 15 lekkich g\u0142owic MIRV lub nieokre\u015blon\u0105 liczb\u0119 hipersonicznych pojazd\u00f3w szybuj\u0105cych Avangard. G\u0142owice s\u0105 wystarczaj\u0105co silne, aby zmie\u015b\u0107 z powierzchni ziemi obszary l\u0105dowe wielko\u015bci&nbsp;<strong><a href=\"https:\/\/www.topnews.ru\/news_id_886421.html\">Anglii<\/a>&nbsp;lub&nbsp;<a href=\"https:\/\/www.topnews.ru\/news_id_886421.html\">Francji<\/a><\/strong>. Ta superci\u0119\u017cka rakieta o masie 200 ton ma d\u0142ugo\u015b\u0107 35,5 metra, \u015brednic\u0119 3 metr\u00f3w, mo\u017ce przenosi\u0107 \u0142adunki j\u0105drowe o masie 10 ton i rozp\u0119dzi\u0107 si\u0119 do 25000 km\/h, czyli 7 kilometr\u00f3w na sekund\u0119. Atrybutem tej broni jest fakt, \u017ce pociski mog\u0105 manewrowa\u0107 w trakcie lotu, dzi\u0119ki czemu s\u0105 bardzo trudne do str\u0105cenia przez tarcze antyrakietowe. Artyku\u0142 w INTERII<br>Trzeba si\u0119 broni\u0107 na terytorium Polski w&nbsp;<strong>wojnie sprawiedliwej<\/strong>. Do obrony przed atakiem mamy&nbsp;<strong>Wojsko Polskie<\/strong>.<\/p>\n\n\n\n<p>Verte ><a href=\"https:\/\/topol.org.pl\/?page_id=6187\">Fundacja Narodowe Si\u0142y Samoobrony \u201eGrot\u201d<\/a><\/p>\n","protected":false},"excerpt":{"rendered":"<p>12.09.2024 16.12 Nie podzielam zdania Ministra Spraw Zagranicznych W\u0142adys\u0142awa Sikorskiego. Polska jest neutralna wobec konfliktu. Le\u017cymy w Europie wschodniej i nie chcemy uczestniczy\u0107 w konflikcie. Mamy swoj\u0105 Racj\u0119 stanu. Nie reprezentujemy interes\u00f3w USA. To nie nasza wojna. Niech pan jedzie do siebie. 12.09.2024 16.59 &#8222;to&nbsp;spo\u0142ecze\u0144stwo ukrai\u0144skie chce zdecydowa\u0107, czy&nbsp;chce walczy\u0107, na&nbsp;jakich warunkach i&nbsp;co mo\u017ce zrobi\u0107. [&hellip;]<\/p>\n","protected":false},"author":1,"featured_media":0,"parent":0,"menu_order":187,"comment_status":"closed","ping_status":"closed","template":"","meta":{"footnotes":""},"class_list":["post-5663","page","type-page","status-publish","hentry"],"_links":{"self":[{"href":"https:\/\/topol.org.pl\/index.php?rest_route=\/wp\/v2\/pages\/5663","targetHints":{"allow":["GET"]}}],"collection":[{"href":"https:\/\/topol.org.pl\/index.php?rest_route=\/wp\/v2\/pages"}],"about":[{"href":"https:\/\/topol.org.pl\/index.php?rest_route=\/wp\/v2\/types\/page"}],"author":[{"embeddable":true,"href":"https:\/\/topol.org.pl\/index.php?rest_route=\/wp\/v2\/users\/1"}],"replies":[{"embeddable":true,"href":"https:\/\/topol.org.pl\/index.php?rest_route=%2Fwp%2Fv2%2Fcomments&post=5663"}],"version-history":[{"count":44,"href":"https:\/\/topol.org.pl\/index.php?rest_route=\/wp\/v2\/pages\/5663\/revisions"}],"predecessor-version":[{"id":6433,"href":"https:\/\/topol.org.pl\/index.php?rest_route=\/wp\/v2\/pages\/5663\/revisions\/6433"}],"wp:attachment":[{"href":"https:\/\/topol.org.pl\/index.php?rest_route=%2Fwp%2Fv2%2Fmedia&parent=5663"}],"curies":[{"name":"wp","href":"https:\/\/api.w.org\/{rel}","templated":true}]}}