{"id":5720,"date":"2024-09-14T17:31:38","date_gmt":"2024-09-14T15:31:38","guid":{"rendered":"https:\/\/topol.org.pl\/?page_id=5720"},"modified":"2026-01-09T10:53:18","modified_gmt":"2026-01-09T09:53:18","slug":"gleboka-podrobka","status":"publish","type":"page","link":"https:\/\/topol.org.pl\/?page_id=5720","title":{"rendered":"G\u0142\u0119boka podr\u00f3bka"},"content":{"rendered":"\n<p>14.09.2024 17.28 <a href=\"https:\/\/www.youtube.com\/watch?v=er_sgQ7rK5M\">ks. Olszewski to ofiara nienawi\u015bci jednego cz\u0142owieka<\/a><a href=\"https:\/\/www.youtube.com\/channel\/UCc282c_TN8xIba_Z6GaDnQw\" target=\"_blank\" rel=\"noreferrer noopener\"><\/a><\/p>\n\n\n\n<p>14.09.2024 19.32 <a href=\"https:\/\/dorzeczy.pl\/opinie\/633188\/kaczynski-zapowiada-referendum-przeciwko-relokacji-migrantow.html\">&#8222;Pami\u0119tajcie, \u017ce&nbsp;to&nbsp;zadanie trudne&#8221;<\/a>.<\/p>\n\n\n\n<p>Te&nbsp;traktaty proponuj\u0105 nam i&nbsp;m\u00f3wi\u0119 to&nbsp;od&nbsp;bardzo d\u0142ugiego czasu, proponuj\u0105 nam pozycj\u0119 terenu zamieszkiwanego przez Polak\u00f3w, ale&nbsp;zarz\u0105dzanego z&nbsp;zewn\u0105trz. W&nbsp;istocie to&nbsp;b\u0119dzie koniec pa\u0144stwa polskiego jako podmiotu mi\u0119dzynarodowego i&nbsp;to b\u0119dzie co\u015b, co\u015b uderzy w&nbsp;nasz\u0105 godno\u015b\u0107, to&nbsp;b\u0119dzie ha\u0144ba \u2013&nbsp;<a href=\"https:\/\/www.youtube.com\/watch?v=Kx6d44Irxao\">stwierdzi\u0142 Kaczy\u0144ski<\/a>.<\/p>\n\n\n\n<p>17.09.2024 07.58 &#8222;<a href=\"https:\/\/dorzeczy.pl\/ekonomia\/633810\/intel-wstrzymuje-budowe-fabryki-polprzewodnikow-w-polsce.html\">Tylko Polski szkoda<\/a>&#8221; \u0179r\u00f3d\u0142o:&nbsp;DoRzeczy.pl<\/p>\n\n\n\n<p><strong>Ja bardziej obawiam si\u0119 Niemc\u00f3w. I tego, \u017ce NATO wci\u0105gnie nas do wojny. To ostatni moment, sami nic nie zrobicie. Przegramy Polsk\u0119.<\/strong><\/p>\n\n\n\n<p><strong>Nie jestem zwolennikiem \u017cadnej partii, nie nale\u017ca\u0142em i nie nale\u017c\u0119 do \u017cadnej organizacji. Nie b\u0119d\u0119 nale\u017ca\u0142 do \u017cadnej organizacji. Ale jak chcecie, mo\u017cna do mnie do\u0142\u0105czy\u0107.<\/strong><\/p>\n\n\n\n<p><strong>Narodowe Si\u0142y Samoobrony \u201eGrot\u201d<\/strong><\/p>\n\n\n\n<p>Verte ><a href=\"https:\/\/topol.org.pl\/?page_id=6187\">Fundacja Narodowe Si\u0142y Samoobrony \u201eGrot\u201d<\/a><\/p>\n","protected":false},"excerpt":{"rendered":"<p>14.09.2024 17.28 ks. Olszewski to ofiara nienawi\u015bci jednego cz\u0142owieka 14.09.2024 19.32 &#8222;Pami\u0119tajcie, \u017ce&nbsp;to&nbsp;zadanie trudne&#8221;. Te&nbsp;traktaty proponuj\u0105 nam i&nbsp;m\u00f3wi\u0119 to&nbsp;od&nbsp;bardzo d\u0142ugiego czasu, proponuj\u0105 nam pozycj\u0119 terenu zamieszkiwanego przez Polak\u00f3w, ale&nbsp;zarz\u0105dzanego z&nbsp;zewn\u0105trz. W&nbsp;istocie to&nbsp;b\u0119dzie koniec pa\u0144stwa polskiego jako podmiotu mi\u0119dzynarodowego i&nbsp;to b\u0119dzie co\u015b, co\u015b uderzy w&nbsp;nasz\u0105 godno\u015b\u0107, to&nbsp;b\u0119dzie ha\u0144ba \u2013&nbsp;stwierdzi\u0142 Kaczy\u0144ski. 17.09.2024 07.58 &#8222;Tylko Polski szkoda&#8221; \u0179r\u00f3d\u0142o:&nbsp;DoRzeczy.pl [&hellip;]<\/p>\n","protected":false},"author":1,"featured_media":0,"parent":0,"menu_order":198,"comment_status":"closed","ping_status":"closed","template":"","meta":{"footnotes":""},"class_list":["post-5720","page","type-page","status-publish","hentry"],"_links":{"self":[{"href":"https:\/\/topol.org.pl\/index.php?rest_route=\/wp\/v2\/pages\/5720","targetHints":{"allow":["GET"]}}],"collection":[{"href":"https:\/\/topol.org.pl\/index.php?rest_route=\/wp\/v2\/pages"}],"about":[{"href":"https:\/\/topol.org.pl\/index.php?rest_route=\/wp\/v2\/types\/page"}],"author":[{"embeddable":true,"href":"https:\/\/topol.org.pl\/index.php?rest_route=\/wp\/v2\/users\/1"}],"replies":[{"embeddable":true,"href":"https:\/\/topol.org.pl\/index.php?rest_route=%2Fwp%2Fv2%2Fcomments&post=5720"}],"version-history":[{"count":6,"href":"https:\/\/topol.org.pl\/index.php?rest_route=\/wp\/v2\/pages\/5720\/revisions"}],"predecessor-version":[{"id":6434,"href":"https:\/\/topol.org.pl\/index.php?rest_route=\/wp\/v2\/pages\/5720\/revisions\/6434"}],"wp:attachment":[{"href":"https:\/\/topol.org.pl\/index.php?rest_route=%2Fwp%2Fv2%2Fmedia&parent=5720"}],"curies":[{"name":"wp","href":"https:\/\/api.w.org\/{rel}","templated":true}]}}