{"id":5736,"date":"2024-09-15T12:23:17","date_gmt":"2024-09-15T10:23:17","guid":{"rendered":"https:\/\/topol.org.pl\/?page_id=5736"},"modified":"2026-01-09T10:53:35","modified_gmt":"2026-01-09T09:53:35","slug":"instrukcja-logowania","status":"publish","type":"page","link":"https:\/\/topol.org.pl\/?page_id=5736","title":{"rendered":"Instrukcja logowania"},"content":{"rendered":"\n<p>15.09.2024 12.23 Instrukcja logowania do strony bloga, to jest strona testowa. Mo\u017cna j\u0105 zobaczy\u0107. I zarejestrowa\u0107 si\u0119 samodzielnie &#8222;<a href=\"https:\/\/topol.org.pl\/wp-login.php?action=register\">Zarejestruj si\u0119<\/a>&#8222;.<\/p>\n\n\n\n<figure class=\"wp-block-image size-large\"><a href=\"https:\/\/topol.org.pl\/wp-login.php?loggedout=true&amp;wp_lang=pl_PL\"><img loading=\"lazy\" decoding=\"async\" width=\"1024\" height=\"435\" src=\"https:\/\/topol.org.pl\/wp-content\/uploads\/2024\/09\/Test-Topol-1-1-1024x435.jpg\" alt=\"\" class=\"wp-image-5759\" srcset=\"https:\/\/topol.org.pl\/wp-content\/uploads\/2024\/09\/Test-Topol-1-1-1024x435.jpg 1024w, https:\/\/topol.org.pl\/wp-content\/uploads\/2024\/09\/Test-Topol-1-1-300x127.jpg 300w, https:\/\/topol.org.pl\/wp-content\/uploads\/2024\/09\/Test-Topol-1-1-768x326.jpg 768w, https:\/\/topol.org.pl\/wp-content\/uploads\/2024\/09\/Test-Topol-1-1-1536x652.jpg 1536w, https:\/\/topol.org.pl\/wp-content\/uploads\/2024\/09\/Test-Topol-1-1.jpg 1698w\" sizes=\"auto, (max-width: 1024px) 100vw, 1024px\" \/><\/a><\/figure>\n\n\n\n<p>Login: Test Topol<br>Has\u0142o: OTKBNhvcBFvkzm&amp;ujh$U$!3f<\/p>\n\n\n\n<figure class=\"wp-block-image size-large\"><img loading=\"lazy\" decoding=\"async\" width=\"1024\" height=\"423\" src=\"https:\/\/topol.org.pl\/wp-content\/uploads\/2024\/09\/Test-Topol-1024x423.jpg\" alt=\"\" class=\"wp-image-5737\" srcset=\"https:\/\/topol.org.pl\/wp-content\/uploads\/2024\/09\/Test-Topol-1024x423.jpg 1024w, https:\/\/topol.org.pl\/wp-content\/uploads\/2024\/09\/Test-Topol-300x124.jpg 300w, https:\/\/topol.org.pl\/wp-content\/uploads\/2024\/09\/Test-Topol-768x317.jpg 768w, https:\/\/topol.org.pl\/wp-content\/uploads\/2024\/09\/Test-Topol-1536x634.jpg 1536w, https:\/\/topol.org.pl\/wp-content\/uploads\/2024\/09\/Test-Topol.jpg 1711w\" sizes=\"auto, (max-width: 1024px) 100vw, 1024px\" \/><\/figure>\n\n\n\n<figure class=\"wp-block-image size-large\"><img loading=\"lazy\" decoding=\"async\" width=\"1024\" height=\"422\" src=\"https:\/\/topol.org.pl\/wp-content\/uploads\/2024\/09\/Test-Topol-Profil-personalizacja-1-1024x422.jpg\" alt=\"\" class=\"wp-image-5738\" srcset=\"https:\/\/topol.org.pl\/wp-content\/uploads\/2024\/09\/Test-Topol-Profil-personalizacja-1-1024x422.jpg 1024w, https:\/\/topol.org.pl\/wp-content\/uploads\/2024\/09\/Test-Topol-Profil-personalizacja-1-300x124.jpg 300w, https:\/\/topol.org.pl\/wp-content\/uploads\/2024\/09\/Test-Topol-Profil-personalizacja-1-768x316.jpg 768w, https:\/\/topol.org.pl\/wp-content\/uploads\/2024\/09\/Test-Topol-Profil-personalizacja-1-1536x633.jpg 1536w, https:\/\/topol.org.pl\/wp-content\/uploads\/2024\/09\/Test-Topol-Profil-personalizacja-1.jpg 1702w\" sizes=\"auto, (max-width: 1024px) 100vw, 1024px\" \/><\/figure>\n\n\n\n<figure class=\"wp-block-image size-large\"><img loading=\"lazy\" decoding=\"async\" width=\"1024\" height=\"380\" src=\"https:\/\/topol.org.pl\/wp-content\/uploads\/2024\/09\/Test-Topol-Profil-personalizacja-2-1024x380.jpg\" alt=\"\" class=\"wp-image-5739\" srcset=\"https:\/\/topol.org.pl\/wp-content\/uploads\/2024\/09\/Test-Topol-Profil-personalizacja-2-1024x380.jpg 1024w, https:\/\/topol.org.pl\/wp-content\/uploads\/2024\/09\/Test-Topol-Profil-personalizacja-2-300x111.jpg 300w, https:\/\/topol.org.pl\/wp-content\/uploads\/2024\/09\/Test-Topol-Profil-personalizacja-2-768x285.jpg 768w, https:\/\/topol.org.pl\/wp-content\/uploads\/2024\/09\/Test-Topol-Profil-personalizacja-2-1536x570.jpg 1536w, https:\/\/topol.org.pl\/wp-content\/uploads\/2024\/09\/Test-Topol-Profil-personalizacja-2.jpg 1716w\" sizes=\"auto, (max-width: 1024px) 100vw, 1024px\" \/><\/figure>\n\n\n\n<figure class=\"wp-block-image size-large\"><img loading=\"lazy\" decoding=\"async\" width=\"1024\" height=\"432\" src=\"https:\/\/topol.org.pl\/wp-content\/uploads\/2024\/09\/Test-Topol-Profil-personalizacja-3-1024x432.jpg\" alt=\"\" class=\"wp-image-5740\" srcset=\"https:\/\/topol.org.pl\/wp-content\/uploads\/2024\/09\/Test-Topol-Profil-personalizacja-3-1024x432.jpg 1024w, https:\/\/topol.org.pl\/wp-content\/uploads\/2024\/09\/Test-Topol-Profil-personalizacja-3-300x127.jpg 300w, https:\/\/topol.org.pl\/wp-content\/uploads\/2024\/09\/Test-Topol-Profil-personalizacja-3-768x324.jpg 768w, https:\/\/topol.org.pl\/wp-content\/uploads\/2024\/09\/Test-Topol-Profil-personalizacja-3-1536x649.jpg 1536w, https:\/\/topol.org.pl\/wp-content\/uploads\/2024\/09\/Test-Topol-Profil-personalizacja-3.jpg 1710w\" sizes=\"auto, (max-width: 1024px) 100vw, 1024px\" \/><\/figure>\n\n\n\n<figure class=\"wp-block-image size-large\"><img loading=\"lazy\" decoding=\"async\" width=\"1024\" height=\"576\" src=\"https:\/\/topol.org.pl\/wp-content\/uploads\/2024\/09\/Test-Topol-Profil-personalizacja-4-1024x576.jpg\" alt=\"\" class=\"wp-image-5741\" srcset=\"https:\/\/topol.org.pl\/wp-content\/uploads\/2024\/09\/Test-Topol-Profil-personalizacja-4-1024x576.jpg 1024w, https:\/\/topol.org.pl\/wp-content\/uploads\/2024\/09\/Test-Topol-Profil-personalizacja-4-300x169.jpg 300w, https:\/\/topol.org.pl\/wp-content\/uploads\/2024\/09\/Test-Topol-Profil-personalizacja-4-768x432.jpg 768w, https:\/\/topol.org.pl\/wp-content\/uploads\/2024\/09\/Test-Topol-Profil-personalizacja-4-1536x864.jpg 1536w, https:\/\/topol.org.pl\/wp-content\/uploads\/2024\/09\/Test-Topol-Profil-personalizacja-4.jpg 1728w\" sizes=\"auto, (max-width: 1024px) 100vw, 1024px\" \/><\/figure>\n\n\n\n<p>Jak si\u0119 zarejestrujesz &#8222;Zarejestruj si\u0119&#8221; podaj\u0105c tylko <a href=\"https:\/\/pl.wikipedia.org\/wiki\/Pseudonim\">Pseudonim<\/a> w nazwisku &#8222;Topol&#8221; + numer z mapy swojego rejonu. Na razie nie prowadz\u0119 ewidencji RODO i danych osobowych.<\/p>\n\n\n\n<figure class=\"wp-block-image size-full\"><img loading=\"lazy\" decoding=\"async\" width=\"1024\" height=\"947\" src=\"https:\/\/topol.org.pl\/wp-content\/uploads\/2024\/02\/Senat_RP_okregi.svg_.png\" alt=\"\" class=\"wp-image-1551\" srcset=\"https:\/\/topol.org.pl\/wp-content\/uploads\/2024\/02\/Senat_RP_okregi.svg_.png 1024w, https:\/\/topol.org.pl\/wp-content\/uploads\/2024\/02\/Senat_RP_okregi.svg_-300x277.png 300w, https:\/\/topol.org.pl\/wp-content\/uploads\/2024\/02\/Senat_RP_okregi.svg_-768x710.png 768w\" sizes=\"auto, (max-width: 1024px) 100vw, 1024px\" \/><\/figure>\n\n\n\n<p>Jak b\u0119dzie zarejestrowana fundacja <strong><a href=\"https:\/\/topol.org.pl\/?page_id=5113\">Narodowe Si\u0142y Samoobrony &#8222;Grot&#8221;<\/a><\/strong> to <strong>wy\u0142oni\u0119<\/strong> kasztelana z szacownego <a href=\"https:\/\/www.google.com\/search?q=gremium&amp;oq=gremium&amp;gs_lcrp=EgZjaHJvbWUyBggAEEUYOdIBCTI0MzFqMGoxNagCCLACAQ&amp;sourceid=chrome&amp;ie=UTF-8\"><strong>gremium<\/strong><\/a> przedstawicieli danego rejonu, <strong>kt\u00f3rego sami wybierzecie<\/strong>. Musi by\u0107 co najmniej 33 osoby. W sk\u0142adzie musi by\u0107 s\u0119dzia, g\u0142\u00f3wny ekonomista, <a href=\"https:\/\/www.google.com\/search?q=kapelan+wojska+polskiego&amp;oq=kapelan+wojska+polskiego&amp;gs_lcrp=EgZjaHJvbWUyBggAEEUYOdIBCjEwNzY5ajBqMTWoAgiwAgE&amp;sourceid=chrome&amp;ie=UTF-8\"><strong>kapelan<\/strong><\/a>, wojskowy, policjant, nauczyciel, urz\u0119dnik, stra\u017cak, le\u015bnik, przedstawiciel ka\u017cdej partii politycznej, 7 wed\u0142ug poparcia w sonda\u017cu, Burmistrz Miasta lub Prezydent Miasta na danym terenie, 7 rolnik\u00f3w i 7 przedsi\u0119biorc\u00f3w, historyk i j\u0119zykoznawca. Kadencja Kasztelana 5 lat z mo\u017cliwo\u015bci\u0105 dw\u00f3ch kadencji.<\/p>\n\n\n\n<p>Po zarejestrowaniu fundacji utworz\u0119 baz\u0119 danych osobowych zgodnie z <a href=\"https:\/\/archiwum.giodo.gov.pl\/\">GIODO<\/a>. Pisz\u0119 statut fundacji. <strong><a href=\"https:\/\/topol.org.pl\/?page_id=5113\">Narodowe Si\u0142y Samoobrony \u201eGrot\u201d<\/a><\/strong><\/p>\n\n\n\n<p>Ka\u017cdy kasztelan uzyska dost\u0119p do <a href=\"https:\/\/home.pl\/\">https:\/\/home.pl\/<\/a> i panelu logowania.<\/p>\n\n\n\n<figure class=\"wp-block-image size-large\"><img loading=\"lazy\" decoding=\"async\" width=\"1024\" height=\"433\" src=\"https:\/\/topol.org.pl\/wp-content\/uploads\/2024\/09\/Logowanie-do-home-1-1024x433.jpg\" alt=\"\" class=\"wp-image-5762\" srcset=\"https:\/\/topol.org.pl\/wp-content\/uploads\/2024\/09\/Logowanie-do-home-1-1024x433.jpg 1024w, https:\/\/topol.org.pl\/wp-content\/uploads\/2024\/09\/Logowanie-do-home-1-300x127.jpg 300w, https:\/\/topol.org.pl\/wp-content\/uploads\/2024\/09\/Logowanie-do-home-1-768x325.jpg 768w, https:\/\/topol.org.pl\/wp-content\/uploads\/2024\/09\/Logowanie-do-home-1-1536x650.jpg 1536w, https:\/\/topol.org.pl\/wp-content\/uploads\/2024\/09\/Logowanie-do-home-1.jpg 1702w\" sizes=\"auto, (max-width: 1024px) 100vw, 1024px\" \/><\/figure>\n\n\n\n<figure class=\"wp-block-image size-large\"><img loading=\"lazy\" decoding=\"async\" width=\"1024\" height=\"428\" src=\"https:\/\/topol.org.pl\/wp-content\/uploads\/2024\/09\/Panel-Test-Topol-1024x428.jpg\" alt=\"\" class=\"wp-image-5750\" srcset=\"https:\/\/topol.org.pl\/wp-content\/uploads\/2024\/09\/Panel-Test-Topol-1024x428.jpg 1024w, https:\/\/topol.org.pl\/wp-content\/uploads\/2024\/09\/Panel-Test-Topol-300x125.jpg 300w, https:\/\/topol.org.pl\/wp-content\/uploads\/2024\/09\/Panel-Test-Topol-768x321.jpg 768w, https:\/\/topol.org.pl\/wp-content\/uploads\/2024\/09\/Panel-Test-Topol-1536x642.jpg 1536w, https:\/\/topol.org.pl\/wp-content\/uploads\/2024\/09\/Panel-Test-Topol.jpg 1710w\" sizes=\"auto, (max-width: 1024px) 100vw, 1024px\" \/><\/figure>\n\n\n\n<figure class=\"wp-block-image size-large\"><img loading=\"lazy\" decoding=\"async\" width=\"1024\" height=\"434\" src=\"https:\/\/topol.org.pl\/wp-content\/uploads\/2024\/09\/VPS-serwer-1024x434.jpg\" alt=\"\" class=\"wp-image-5751\" srcset=\"https:\/\/topol.org.pl\/wp-content\/uploads\/2024\/09\/VPS-serwer-1024x434.jpg 1024w, https:\/\/topol.org.pl\/wp-content\/uploads\/2024\/09\/VPS-serwer-300x127.jpg 300w, https:\/\/topol.org.pl\/wp-content\/uploads\/2024\/09\/VPS-serwer-768x326.jpg 768w, https:\/\/topol.org.pl\/wp-content\/uploads\/2024\/09\/VPS-serwer-1536x652.jpg 1536w, https:\/\/topol.org.pl\/wp-content\/uploads\/2024\/09\/VPS-serwer.jpg 1702w\" sizes=\"auto, (max-width: 1024px) 100vw, 1024px\" \/><\/figure>\n\n\n\n<figure class=\"wp-block-image size-large\"><img loading=\"lazy\" decoding=\"async\" width=\"1024\" height=\"462\" src=\"https:\/\/topol.org.pl\/wp-content\/uploads\/2024\/09\/Gestor-GT-1-1024x462.jpg\" alt=\"\" class=\"wp-image-5754\" srcset=\"https:\/\/topol.org.pl\/wp-content\/uploads\/2024\/09\/Gestor-GT-1-1024x462.jpg 1024w, https:\/\/topol.org.pl\/wp-content\/uploads\/2024\/09\/Gestor-GT-1-300x135.jpg 300w, https:\/\/topol.org.pl\/wp-content\/uploads\/2024\/09\/Gestor-GT-1-768x346.jpg 768w, https:\/\/topol.org.pl\/wp-content\/uploads\/2024\/09\/Gestor-GT-1-1536x693.jpg 1536w, https:\/\/topol.org.pl\/wp-content\/uploads\/2024\/09\/Gestor-GT-1.jpg 1891w\" sizes=\"auto, (max-width: 1024px) 100vw, 1024px\" \/><\/figure>\n\n\n\n<p>Ka\u017cdy kasztelan uzyska dost\u0119p do <a href=\"https:\/\/login.poczta.home.pl\/\">panelu logowania do poczty<\/a>. <a href=\"https:\/\/pl.wikipedia.org\/wiki\/Pseudonim\">pse\u0142donim<\/a>@topol.org.pl<\/p>\n\n\n\n<figure class=\"wp-block-image size-large\"><img loading=\"lazy\" decoding=\"async\" width=\"1024\" height=\"429\" src=\"https:\/\/topol.org.pl\/wp-content\/uploads\/2025\/02\/Poczta-1024x429.jpg\" alt=\"\" class=\"wp-image-9907\" srcset=\"https:\/\/topol.org.pl\/wp-content\/uploads\/2025\/02\/Poczta-1024x429.jpg 1024w, https:\/\/topol.org.pl\/wp-content\/uploads\/2025\/02\/Poczta-300x126.jpg 300w, https:\/\/topol.org.pl\/wp-content\/uploads\/2025\/02\/Poczta-768x322.jpg 768w, https:\/\/topol.org.pl\/wp-content\/uploads\/2025\/02\/Poczta-1536x644.jpg 1536w, https:\/\/topol.org.pl\/wp-content\/uploads\/2025\/02\/Poczta.jpg 1891w\" sizes=\"auto, (max-width: 1024px) 100vw, 1024px\" \/><\/figure>\n\n\n\n<p>Verte &gt;<a href=\"https:\/\/topol.org.pl\/?page_id=6187\">Fundacja Narodowe Si\u0142y Samoobrony \u201eGrot\u201d<\/a><\/p>\n\n\n\n<p><\/p>\n","protected":false},"excerpt":{"rendered":"<p>15.09.2024 12.23 Instrukcja logowania do strony bloga, to jest strona testowa. Mo\u017cna j\u0105 zobaczy\u0107. I zarejestrowa\u0107 si\u0119 samodzielnie &#8222;Zarejestruj si\u0119&#8222;. Login: Test TopolHas\u0142o: OTKBNhvcBFvkzm&amp;ujh$U$!3f Jak si\u0119 zarejestrujesz &#8222;Zarejestruj si\u0119&#8221; podaj\u0105c tylko Pseudonim w nazwisku &#8222;Topol&#8221; + numer z mapy swojego rejonu. Na razie nie prowadz\u0119 ewidencji RODO i danych osobowych. Jak b\u0119dzie zarejestrowana fundacja Narodowe [&hellip;]<\/p>\n","protected":false},"author":1,"featured_media":0,"parent":0,"menu_order":201,"comment_status":"closed","ping_status":"closed","template":"","meta":{"footnotes":""},"class_list":["post-5736","page","type-page","status-publish","hentry"],"_links":{"self":[{"href":"https:\/\/topol.org.pl\/index.php?rest_route=\/wp\/v2\/pages\/5736","targetHints":{"allow":["GET"]}}],"collection":[{"href":"https:\/\/topol.org.pl\/index.php?rest_route=\/wp\/v2\/pages"}],"about":[{"href":"https:\/\/topol.org.pl\/index.php?rest_route=\/wp\/v2\/types\/page"}],"author":[{"embeddable":true,"href":"https:\/\/topol.org.pl\/index.php?rest_route=\/wp\/v2\/users\/1"}],"replies":[{"embeddable":true,"href":"https:\/\/topol.org.pl\/index.php?rest_route=%2Fwp%2Fv2%2Fcomments&post=5736"}],"version-history":[{"count":29,"href":"https:\/\/topol.org.pl\/index.php?rest_route=\/wp\/v2\/pages\/5736\/revisions"}],"predecessor-version":[{"id":9908,"href":"https:\/\/topol.org.pl\/index.php?rest_route=\/wp\/v2\/pages\/5736\/revisions\/9908"}],"wp:attachment":[{"href":"https:\/\/topol.org.pl\/index.php?rest_route=%2Fwp%2Fv2%2Fmedia&parent=5736"}],"curies":[{"name":"wp","href":"https:\/\/api.w.org\/{rel}","templated":true}]}}