{"id":5779,"date":"2024-09-15T19:33:39","date_gmt":"2024-09-15T17:33:39","guid":{"rendered":"https:\/\/topol.org.pl\/?page_id=5779"},"modified":"2026-01-09T10:53:27","modified_gmt":"2026-01-09T09:53:27","slug":"polska-ma-byc-teatrem-wojny","status":"publish","type":"page","link":"https:\/\/topol.org.pl\/?page_id=5779","title":{"rendered":"Polska ma by\u0107 teatrem wojny ?"},"content":{"rendered":"\n<p>15.09.2024 19.41 &#8222;Polska ma by\u0107 teatrem wojny. <strong><a href=\"https:\/\/www.youtube.com\/watch?v=WPZ33WhaNYw\">Polska ma by\u0107 teatrem wojny, tak?<\/a><\/strong> To na tym ma polega\u0107 obrona pa\u0144stwa, nie. Obrona pa\u0144stwa i strategia polega, \u017ce do wojny nie dochodzi&#8221;. Powiedzia\u0142 Genera\u0142 <a href=\"https:\/\/www.google.com\/search?q=KOMORNICKI&amp;oq=KOMORNICKI&amp;gs_lcrp=EgZjaHJvbWUyBggAEEUYOTIGCAEQRRg90gEJMjk0NGowajE1qAIIsAIB&amp;sourceid=chrome&amp;ie=UTF-8\">Leon Komornicki<\/a><\/p>\n\n\n\n<p><strong>Doczeka\u0142em, \u017ce pan to powiedzia\u0142. G\u0142\u00f3wnie chodzi o to, \u017ceby nie dosz\u0142o do wojny. W latach osiemdziesi\u0105tych pracowa\u0142em w <a href=\"http:\/\/Narodowe Si\u0142y Samoobrony \u201eGrot\u201d\">Zak\u0142adach Mechanicznych Marcelego Nowotko PZL-Wola<\/a>. Oddzia\u0142 w Warszawie podleg\u0142y Z.M. \u201e<a href=\"https:\/\/pl.wikipedia.org\/wiki\/Bumar_%C5%81ab%C4%99dy\">Bumar \u0141ab\u0119dy<\/a>\u201d S.A. w Gliwicach. Ten podmiot zosta\u0142 zlikwidowany 31 grudnia 2012 roku, natomiast Z.M. \u201ePZL-Wola\u201d w Siedlcach Sp. z o.o. znajduje si\u0119 w likwidacji.<\/strong><\/p>\n\n\n\n<p><strong>Przede wszystkim musimy by\u0107 suwerenni.<\/strong> <strong>Obejrza\u0142em film. Musimy mie\u0107 silne nerwy i nie panikowa\u0107, zachowa\u0107 spok\u00f3j, <a href=\"https:\/\/topol.org.pl\/?page_id=5663\">NATO chce nas wci\u0105gn\u0105\u0107 do wojny.<\/a><\/strong><\/p>\n\n\n\n<p>14.12.2024 18.44 <a href=\"https:\/\/www.youtube.com\/watch?v=7ZqBm8kHtqY\">POLSKIE WOJSKO MI\u0118SEM ARMATNIM. GEN. KOMORNICKI GRZMI: PCHAJ\u0104 NAS DO WOJNY<\/a><\/p>\n\n\n\n<p>Verte &gt;<a href=\"https:\/\/topol.org.pl\/?page_id=6187\">Fundacja Narodowe Si\u0142y Samoobrony \u201eGrot\u201d<\/a><\/p>\n\n\n\n<p><\/p>\n","protected":false},"excerpt":{"rendered":"<p>15.09.2024 19.41 &#8222;Polska ma by\u0107 teatrem wojny. Polska ma by\u0107 teatrem wojny, tak? To na tym ma polega\u0107 obrona pa\u0144stwa, nie. Obrona pa\u0144stwa i strategia polega, \u017ce do wojny nie dochodzi&#8221;. Powiedzia\u0142 Genera\u0142 Leon Komornicki Doczeka\u0142em, \u017ce pan to powiedzia\u0142. G\u0142\u00f3wnie chodzi o to, \u017ceby nie dosz\u0142o do wojny. W latach osiemdziesi\u0105tych pracowa\u0142em w Zak\u0142adach [&hellip;]<\/p>\n","protected":false},"author":1,"featured_media":0,"parent":0,"menu_order":200,"comment_status":"closed","ping_status":"closed","template":"","meta":{"footnotes":""},"class_list":["post-5779","page","type-page","status-publish","hentry"],"_links":{"self":[{"href":"https:\/\/topol.org.pl\/index.php?rest_route=\/wp\/v2\/pages\/5779","targetHints":{"allow":["GET"]}}],"collection":[{"href":"https:\/\/topol.org.pl\/index.php?rest_route=\/wp\/v2\/pages"}],"about":[{"href":"https:\/\/topol.org.pl\/index.php?rest_route=\/wp\/v2\/types\/page"}],"author":[{"embeddable":true,"href":"https:\/\/topol.org.pl\/index.php?rest_route=\/wp\/v2\/users\/1"}],"replies":[{"embeddable":true,"href":"https:\/\/topol.org.pl\/index.php?rest_route=%2Fwp%2Fv2%2Fcomments&post=5779"}],"version-history":[{"count":10,"href":"https:\/\/topol.org.pl\/index.php?rest_route=\/wp\/v2\/pages\/5779\/revisions"}],"predecessor-version":[{"id":7719,"href":"https:\/\/topol.org.pl\/index.php?rest_route=\/wp\/v2\/pages\/5779\/revisions\/7719"}],"wp:attachment":[{"href":"https:\/\/topol.org.pl\/index.php?rest_route=%2Fwp%2Fv2%2Fmedia&parent=5779"}],"curies":[{"name":"wp","href":"https:\/\/api.w.org\/{rel}","templated":true}]}}