{"id":5794,"date":"2024-09-16T06:55:17","date_gmt":"2024-09-16T04:55:17","guid":{"rendered":"https:\/\/topol.org.pl\/?page_id=5794"},"modified":"2026-01-09T10:53:50","modified_gmt":"2026-01-09T09:53:50","slug":"powodz-w-polsce","status":"publish","type":"page","link":"https:\/\/topol.org.pl\/?page_id=5794","title":{"rendered":"Pow\u00f3d\u017a w Polsce"},"content":{"rendered":"\n<p>16.09.2024 06.55 <a href=\"https:\/\/www.google.com\/search?q=zbiornik+w+Raciborzu+Dolnym&amp;oq=zbiornik+w+Raciborzu+Dolnym&amp;gs_lcrp=EgZjaHJvbWUyBggAEEUYOTIGCAEQRRg80gEJMjc1MmowajE1qAIIsAIB&amp;sourceid=chrome&amp;ie=UTF-8\">Zbiornik Racib\u00f3rz Dolny<\/a><\/p>\n\n\n\n<p><strong><a href=\"https:\/\/pl.wikipedia.org\/wiki\/Racib%C3%B3rz_Dolny\">Racib\u00f3rz Dolny<\/a><\/strong>&nbsp;\u2013 suchy zbiornik&nbsp;<a href=\"https:\/\/pl.wikipedia.org\/wiki\/Pow%C3%B3d%C5%BA\">przeciwpowodziowy<\/a>&nbsp;(<a href=\"https:\/\/pl.wikipedia.org\/wiki\/Polder_przeciwpowodziowy\">polder<\/a>) w dolinie&nbsp;<a href=\"https:\/\/pl.wikipedia.org\/wiki\/Odra\">Odry<\/a>&nbsp;o powierzchni 26,3&nbsp;<a href=\"https:\/\/pl.wikipedia.org\/wiki\/Kilometr_kwadratowy\">kilometr\u00f3w kwadratowych<\/a>&nbsp;i pojemno\u015bci 185 milion\u00f3w&nbsp;<a href=\"https:\/\/pl.wikipedia.org\/wiki\/Metr_sze%C5%9Bcienny\">metr\u00f3w sze\u015bciennych<\/a>&nbsp;<\/p>\n\n\n\n<p>17.09.2024 19.30 <a href=\"https:\/\/pl.wikipedia.org\/wiki\/Jezioro_Mietkowskie\">Jezioro Mietkowskie<\/a><\/p>\n\n\n\n<p><strong>Jezioro Mietkowskie<\/strong>&nbsp;(<strong>Zalew Mietkowski<\/strong>, czasem nazywane te\u017c&nbsp;<strong>Jeziorem Domanickim<\/strong>) \u2013 najwi\u0119ksze w&nbsp;<a href=\"https:\/\/pl.wikipedia.org\/wiki\/Wojew%C3%B3dztwo_dolno%C5%9Bl%C4%85skie\">wojew\u00f3dztwie dolno\u015bl\u0105skim<\/a>&nbsp;<a href=\"https:\/\/pl.wikipedia.org\/wiki\/Jezioro\">jezioro<\/a>. Jest to&nbsp;<a href=\"https:\/\/pl.wikipedia.org\/wiki\/Jezioro_zaporowe\">jezioro zaporowe<\/a>&nbsp;utworzone przez wybudowanie&nbsp;<a href=\"https:\/\/pl.wikipedia.org\/wiki\/Zapora_wodna\">zapory<\/a>&nbsp;na rzece&nbsp;<a href=\"https:\/\/pl.wikipedia.org\/wiki\/Bystrzyca_(dop%C5%82yw_Odry)\">Bystrzycy<\/a>&nbsp;w&nbsp;<a href=\"https:\/\/pl.wikipedia.org\/wiki\/Mietk%C3%B3w\">Mietkowie<\/a>, oko\u0142o 25 km na po\u0142udniowy zach\u00f3d od granic&nbsp;<a href=\"https:\/\/pl.wikipedia.org\/wiki\/Wroc%C5%82aw\">Wroc\u0142awia<\/a>. \u0179r\u00f3d\u0142o: Wikipedia<\/p>\n\n\n\n<p>19.09.2024 06.14 <a href=\"https:\/\/dorzeczy.pl\/kraj\/634386\/powodz-rzad-udostepnil-specjalna-strona-internetowa.html\">Informacje o&nbsp;powodzi.<\/a> <a href=\"https:\/\/www.gov.pl\/web\/powodz2024\">Pomoc dla powodzian<\/a><\/p>\n\n\n\n<p><a href=\"https:\/\/www.gov.pl\/web\/powodz2024\">powodz2024.gov.pl<\/a><\/p>\n\n\n\n<p>19.09.2024 06.36 <strong><a href=\"https:\/\/dorzeczy.pl\/kraj\/634398\/operacja-feniks-rusza-wielka-operacja-polskiego-wojska.html\">Kryptonim &#8222;Feniks&#8221;<\/a>.<\/strong><\/p>\n\n\n\n<p>19.09.2024 10.39 Jednocze\u015bnie premier doda\u0142, \u017ce&nbsp;do&nbsp;pomocy Polsce zg\u0142osili si\u0119 &#8222;<a href=\"https:\/\/www.youtube.com\/shorts\/T_r7SD0MGiw?t=9&amp;feature=share\">terytorialsi<\/a>&#8221; z&nbsp;Niemiec. \u2013&nbsp;Jak zobaczycie niemieckich \u017co\u0142nierzy, to&nbsp;prosz\u0119 nie&nbsp;wpada\u0107 w&nbsp;panik\u0119 \u2013&nbsp;<a href=\"https:\/\/dorzeczy.pl\/kraj\/634458\/tusk-niemieccy-terytorialsi-pomoga-powodzianom.html\">m\u00f3wi\u0142 szef rz\u0105du<\/a>.<\/p>\n\n\n\n<p><strong>Nie ufam Niemcom, b\u0119d\u0119 si\u0119 temu przygl\u0105da\u0142. Jak pomog\u0105 niech jad\u0105 do siebie.<\/strong><\/p>\n\n\n\n<p>19.09.2024 06.36&nbsp;<a href=\"https:\/\/dorzeczy.pl\/opinie\/634402\/swiecka-sekta-apokaliptyczna-wos-i-warzecha-o-klimatystach.html\">\u201eraport IPCC nie&nbsp;wymienia powodzi rzecznych jako skutku zmian klimatu\u201d<\/a><\/p>\n\n\n\n<p>20.09.2024 06.49 <a href=\"https:\/\/dorzeczy.pl\/religia\/634712\/kard-nycz-wezmy-do-kosciola-kilkadziesiat-zlotych-wiecej.html\">Kard. Nycz: W&nbsp;niedziel\u0119 we\u017amy ze&nbsp;sob\u0105 do&nbsp;ko\u015bcio\u0142a kilkadziesi\u0105t z\u0142otych wi\u0119cej<\/a> \u0179r\u00f3d\u0142o: Do Rzeczy.pl<\/p>\n\n\n\n<p>20.09.2024 16.40 <strong><a href=\"https:\/\/dorzeczy.pl\/opinie\/634926\/wielka-powodz-hydrolog-nalezy-rozpoczac-dyskusje-o-przesiedleniach.html\">Dyskusja o przesiedleniach jest niewskazana<\/a>, nale\u017cy domy budowa\u0107 na wzniesieniach a te kt\u00f3re le\u017c\u0105 w ciekach wodnych na betonowych podporach. Budujemy podpory dla most\u00f3w i wiatrak\u00f3w morskich to \u017caden problem. Te domy , kt\u00f3re uleg\u0142y zniszczeniu trzeba tak zmodernizowa\u0107. Wysiedlenie ludzi spowoduje nap\u0142yw obcych na nasze terytorium.<\/strong><\/p>\n\n\n\n<p>21.09.2024 11.11 <a href=\"https:\/\/dorzeczy.pl\/opinie\/635014\/prof-zaleski-kolejna-powodz-na-pewno-przyjdzie.html\">prof. Janusz Zaleski, dyrektor Projektu Ochrony Przeciwpowodziowej w&nbsp;Dorzeczu Odry i&nbsp;Wis\u0142y.<\/a><\/p>\n\n\n\n<p>26.09.2024 18.52 10 <a href=\"https:\/\/www.youtube.com\/watch?v=M6mqkblXlHE\">Najwi\u0119kszych zap\u00f3r wodnych w Polsce<\/a> \u0179r\u00f3d\u0142o: (<a href=\"https:\/\/www.youtube.com\/@StrzaW10ke\">Strza\u0142W10ke<\/a>)<\/p>\n\n\n\n<p>26.09.2024 19.05 <a href=\"https:\/\/www.youtube.com\/watch?v=9LLmnl-UcdI\">Narew &#8211; od \u017ar\u00f3de\u0142 do uj\u015bcia<\/a> \u0179r\u00f3d\u0142o: <a href=\"https:\/\/www.youtube.com\/@generalnadyrekcjaochronysr7836\">Generalna Dyrekcja Ochrony \u015arodowiska<\/a><\/p>\n\n\n\n<p><strong>17. Dbamy o zalesienie i gospodark\u0119 wodn\u0105(powstrzymajmy latem koszenie trawy, w ten spos\u00f3b zatrzymujemy wilgo\u0107). Budujemy zapory hydrologiczne na rzekach wsz\u0119dzie gdzie to mo\u017cliwe. Zatrzymujemy wod\u0119 i uzyskujemy pr\u0105d z elektrowni wodnych. Budujemy elektrownie szczytowo-pompowe. \u0179r\u00f3d\u0142o: <a href=\"https:\/\/topol.org.pl\/?page_id=47\">Fragment<\/a><\/strong><\/p>\n\n\n\n<p>28.09.2024 21.26 &#8222;Te&nbsp;konstrukcje b\u0119d\u0105 inne po&nbsp;to, \u017ceby bobry nie&nbsp;mog\u0142y robi\u0107 szkody w&nbsp;tych wa\u0142ach i&nbsp;wtedy nie&nbsp;b\u0119dzie potrzeby neutralizacji bobr\u00f3w w&nbsp;czasie powodzi tam na&nbsp;wa\u0142ach, wi\u0119c m\u00f3wi\u0105c kr\u00f3tko, b\u0119dzie dobrze, panie bobrze&#8221; \u2013&nbsp;<a href=\"https:\/\/dorzeczy.pl\/kraj\/638014\/donald-tusk-bedzie-dobrze-panie-bobrze.html\">podsumowa\u0142 szef rz\u0105du<\/a>.<\/p>\n\n\n\n<p>Verte ><a href=\"https:\/\/topol.org.pl\/?page_id=6187\">Fundacja Narodowe Si\u0142y Samoobrony \u201eGrot\u201d<\/a><\/p>\n","protected":false},"excerpt":{"rendered":"<p>16.09.2024 06.55 Zbiornik Racib\u00f3rz Dolny Racib\u00f3rz Dolny&nbsp;\u2013 suchy zbiornik&nbsp;przeciwpowodziowy&nbsp;(polder) w dolinie&nbsp;Odry&nbsp;o powierzchni 26,3&nbsp;kilometr\u00f3w kwadratowych&nbsp;i pojemno\u015bci 185 milion\u00f3w&nbsp;metr\u00f3w sze\u015bciennych&nbsp; 17.09.2024 19.30 Jezioro Mietkowskie Jezioro Mietkowskie&nbsp;(Zalew Mietkowski, czasem nazywane te\u017c&nbsp;Jeziorem Domanickim) \u2013 najwi\u0119ksze w&nbsp;wojew\u00f3dztwie dolno\u015bl\u0105skim&nbsp;jezioro. Jest to&nbsp;jezioro zaporowe&nbsp;utworzone przez wybudowanie&nbsp;zapory&nbsp;na rzece&nbsp;Bystrzycy&nbsp;w&nbsp;Mietkowie, oko\u0142o 25 km na po\u0142udniowy zach\u00f3d od granic&nbsp;Wroc\u0142awia. \u0179r\u00f3d\u0142o: Wikipedia 19.09.2024 06.14 Informacje o&nbsp;powodzi. Pomoc dla [&hellip;]<\/p>\n","protected":false},"author":1,"featured_media":0,"parent":0,"menu_order":202,"comment_status":"closed","ping_status":"closed","template":"","meta":{"footnotes":""},"class_list":["post-5794","page","type-page","status-publish","hentry"],"_links":{"self":[{"href":"https:\/\/topol.org.pl\/index.php?rest_route=\/wp\/v2\/pages\/5794","targetHints":{"allow":["GET"]}}],"collection":[{"href":"https:\/\/topol.org.pl\/index.php?rest_route=\/wp\/v2\/pages"}],"about":[{"href":"https:\/\/topol.org.pl\/index.php?rest_route=\/wp\/v2\/types\/page"}],"author":[{"embeddable":true,"href":"https:\/\/topol.org.pl\/index.php?rest_route=\/wp\/v2\/users\/1"}],"replies":[{"embeddable":true,"href":"https:\/\/topol.org.pl\/index.php?rest_route=%2Fwp%2Fv2%2Fcomments&post=5794"}],"version-history":[{"count":31,"href":"https:\/\/topol.org.pl\/index.php?rest_route=\/wp\/v2\/pages\/5794\/revisions"}],"predecessor-version":[{"id":6438,"href":"https:\/\/topol.org.pl\/index.php?rest_route=\/wp\/v2\/pages\/5794\/revisions\/6438"}],"wp:attachment":[{"href":"https:\/\/topol.org.pl\/index.php?rest_route=%2Fwp%2Fv2%2Fmedia&parent=5794"}],"curies":[{"name":"wp","href":"https:\/\/api.w.org\/{rel}","templated":true}]}}