{"id":5801,"date":"2024-09-16T16:52:29","date_gmt":"2024-09-16T14:52:29","guid":{"rendered":"https:\/\/topol.org.pl\/?page_id=5801"},"modified":"2026-01-09T10:55:46","modified_gmt":"2026-01-09T09:55:46","slug":"dao-biznesu","status":"publish","type":"page","link":"https:\/\/topol.org.pl\/?page_id=5801","title":{"rendered":"&#8222;DAO Biznesu&#8221;"},"content":{"rendered":"\n<p>16.09.2024 16.51 <a href=\"https:\/\/www.dao.org.pl\/\">Przedsi\u0119biorcza Polska<\/a><\/p>\n\n\n\n<p><a href=\"https:\/\/www.youtube.com\/watch?v=cfQ962LAWHs\">Dr Artur Bartoszewicz o dyrektywie AMLA: Transakcje bezgot\u00f3wkowe u\u0142atwiaj\u0105 monitoring konsument\u00f3w<\/a><\/p>\n\n\n\n<p><strong>P\u0142ac\u0119 got\u00f3wk\u0105 jak robi\u0119 zakupy, ale mam konto bankowe.<\/strong> <strong>Nie u\u017cywam karty.<\/strong> <strong>Kiedy\u015b u\u017cywa\u0142em, ale jak dowiedzia\u0142em si\u0119, \u017ce planuj\u0105 wprowadzi\u0107 walut\u0119 cyfrow\u0105 to wsz\u0119dzie p\u0142ac\u0119 got\u00f3wk\u0105.<\/strong> <strong>Kart\u0119 do bankomatu zlikwidowa\u0142em.<\/strong> <strong>Nie m\u00f3g\u0142bym podr\u00f3\u017cowa\u0107 do Amsterdamu.<\/strong> <strong>Chyba, \u017ce z prowiantem na drog\u0119.<\/strong> <strong>Certyfikat Covid-19 to segregacja ludzi.<\/strong> <strong>Ale ma\u0142y biznes i przedsi\u0119biorc\u00f3w popieram. Kupuj\u0119 Polskie produkty.<\/strong><\/p>\n\n\n\n<p><strong>1. Bezwzgl\u0119dnie zachowanie got\u00f3wki jako \u015brodka p\u0142atniczego. Promujemy p\u0142atno\u015b\u0107 got\u00f3wk\u0105. Dokumenty zachowujemy w tradycyjnej formie nie cyfrowej. \u0179r\u00f3d\u0142o: <a href=\"https:\/\/topol.org.pl\/?page_id=47\">Fragment<\/a><\/strong><\/p>\n\n\n\n<p>18.09.2024 07.26 <a href=\"https:\/\/cyfrowa.rp.pl\/technologie\/art41141991-cyfrowy-dowod-ze-jestes-czlowiekiem-kontrowersyjny-projekt-rusza-w-polsce\">Polacy b\u0119d\u0105 jednymi z pierwszych w Europie, kt\u00f3rzy mog\u0105 uzyska\u0107 World ID, \u201ecyfrowy paszport\u201d<\/a> \u0179r\u00f3d\u0142o: rp.pl<\/p>\n\n\n\n<p><strong>Nie ma na to zgody. Jeszcze raz. Dokumenty zachowujemy w tradycyjnej formie nie cyfrowej.<\/strong> <strong>\u0179r\u00f3d\u0142o: <a href=\"https:\/\/topol.org.pl\/?page_id=47\">Fragment<\/a><\/strong><\/p>\n\n\n\n<p>19.09.2024 07.09. &#8222;<a href=\"https:\/\/www.rp.pl\/wynagrodzenia\/art41149221-biznes-zaniepokojony-wzrostem-placy-minimalnej-uderzy-w-firmy-i-podbije-ceny\">Przewidziana w 2025 r. podwy\u017cka p\u0142acowego minimum mo\u017ce dobi\u0107 drobnych przedsi\u0119biorc\u00f3w<\/a>&#8221; \u0179r\u00f3d\u0142o: <a href=\"https:\/\/www.rp.pl\/wynagrodzenia\/art41149221-biznes-zaniepokojony-wzrostem-placy-minimalnej-uderzy-w-firmy-i-podbije-ceny\">rp.pl<\/a><\/p>\n\n\n\n<p><strong>6. Ma\u0142y ZUS na sta\u0142e dla prowadz\u0105cych dzia\u0142alno\u015b\u0107 gospodarcz\u0105(JE\u015aLI CHC\u0104) i dla pracownik\u00f3w(JE\u015aLI CHC\u0104) zatrudnionych w polskich ma\u0142ych firmach do 250 os\u00f3b<\/strong> \u0179r\u00f3d\u0142o: <a href=\"https:\/\/www.rp.pl\/wynagrodzenia\/art41149221-biznes-zaniepokojony-wzrostem-placy-minimalnej-uderzy-w-firmy-i-podbije-ceny\">Fragment<\/a><\/p>\n\n\n\n<p><strong>Traktuj\u0119 to jak inwestycj\u0119, albo te firmy upadn\u0105 lub przetrwaj\u0105 nap\u0119dzaj\u0105c gospodark\u0119. To samo z rolnictwem do 300 h.<\/strong><\/p>\n\n\n\n<p>19.09.2024 13.33 <a href=\"https:\/\/www.youtube.com\/watch?v=6phyauhr5yY&amp;t=1586s\">Korporacj\u0119 przejm\u0105 POLSKI BIZNES?<\/a><\/p>\n\n\n\n<p>Bardzo potrzebujemy zmian. Ale jeste\u015bmy zablokowani jako pa\u0144stwo. To moje odczucie. Ustawy s\u0105 pisane przez lobbyst\u00f3w i interesariuszy, chyba za oceanem. St\u0105d 700 stron w Ustawie Nowy \u0141ad. To niez\u0142a \u0142amig\u0142\u00f3wka. Ja jej nie czyta\u0142em, tylko fragmenty. Prowadz\u0119 ca\u0142\u0105 ksi\u0119gowo\u015b\u0107 i ZUS bez pomocy ksi\u0119gowego. Zatrudniam pracownika i zatrudnia\u0142em wcze\u015bniej. Nie korzystam z pomocy, poniewa\u017c to jest dla mnie nieop\u0142acalne. Najpierw za siebie 32 lata i za \u017con\u0119 20 lat. Dzia\u0142alno\u015bci czasami by\u0142y i na mnie i na \u017con\u0119, prowadzone r\u00f3wnocze\u015bnie. Ja rozumiem zmiany domy\u015blnie. Nie czyta\u0142em, \u017cadnych poradnik\u00f3w. Na razie inicjatywa skupia 2820 os\u00f3b, do kt\u00f3rych te\u017c nale\u017c\u0119. To za ma\u0142o. Czy potrzebujemy <a href=\"https:\/\/www.bryk.pl\/lektury\/adam-mickiewicz\/konrad-wallenrod.streszczenie-krotkie\"><strong>Wallenroda<\/strong><\/a>, moim zdaniem tak, ale nie Krzy\u017caka, Ukrai\u0144ca ani Niemca. Najlepiej \u017ceby to by\u0142 Polak. Nie taki co wr\u00f3ci\u0142 z emigracji zarobkowej po wielu latach. Ale taki, kt\u00f3ry sp\u0119dzi\u0142 tu w Polsce ca\u0142e \u017cycie. <strong>Powinien<\/strong> zna\u0107 r\u00f3\u017cne \u015brodowiska. Od najbiedniejszych do zamo\u017cnych. <strong>Nie powinien<\/strong> by\u0107 bardzo bogaty, tacy ludzie s\u0105 odklejeni od rzeczywisto\u015bci . Nie musi by\u0107 bardzo wykszta\u0142cony. Wystarczy jak wszystko &#8222;kuma&#8221;. <strong>Powinien<\/strong> by\u0107 podr\u00f3\u017cnikiem i zna\u0107 \u015awiat. Wtedy zna zagadnienia cywilizacyjne i kulturowe. Powinien zna\u0107 zasady funkcjonowania pa\u0144stwa, napisa\u0107 dla niego Konstytucj\u0119. Sporz\u0105dzi\u0107 Plan Zagospodarowania Miasta. Powinien odby\u0107 chocia\u017c zasadnicz\u0105 s\u0142u\u017cb\u0119 wojskow\u0105. By\u0107 my\u015bliwym, z poczuciem empatii dla zwierz\u0105t. Sportowcem z wol\u0105 zwyci\u0119stwa. Indywidualist\u0105, kt\u00f3ry nikomu nie ufa. Chorym, bo \u0142atwiej zrozumie\u0107 cierpi\u0105cych. Gastronomem, bo ludzi trzeba uczciwie nakarmi\u0107. Budowniczym domu. <strong>Powinien<\/strong> zasadzi\u0107 <strong>100<\/strong> drzew i krzew\u00f3w. <strong>Powinien<\/strong> raz w \u017cyciu si\u0119 topi\u0107. <strong>Powinien<\/strong> uratowa\u0107 ton\u0105cego. Zajmowa\u0107 si\u0119 upraw\u0105 ziemi lub chocia\u017c w\u0142asn\u0105 dzia\u0142k\u0105. Posiada\u0107 kota, psa, chomika, rybki, \u017c\u00f3\u0142wie, je\u017ce, kury, kaczki, indyki, go\u0142\u0119bie i barany. Nie powodowa\u0107 wypadk\u00f3w drogowych i wychodzi\u0107 ca\u0142o z kraks rowerowych. <a href=\"https:\/\/topol.org.pl\/?page_id=5901\"><strong>Mie\u0107 marzenia. Mo\u017ce o podr\u00f3\u017cach i rejsie w\u0142asnym jachtem<\/strong><\/a> <strong><a href=\"https:\/\/topol.org.pl\/?page_id=5113\">&#8222;Grot&#8221;<\/a>.<\/strong> By\u0107 uprzejmym, wita\u0107 ludzi. <strong>Nie powinien<\/strong> plu\u0107 przez z\u0119by i za du\u017co m\u00f3wi\u0107. <strong>Powinien<\/strong> by\u0107 ochroniarzem, taks\u00f3wkarzem, sprzedawc\u0105, mechanikiem. <strong>Powinien<\/strong> umie\u0107 kopa\u0107 rowy i nawadnia\u0107 ziemi\u0119. <a href=\"https:\/\/topol.org.pl\/?page_id=5897\"><strong>Co\u015b wynale\u017a\u0107<\/strong><\/a>. <strong>Powinien<\/strong> wiele razy si\u0119 zakocha\u0107. Ludzie zakochani maj\u0105 uwra\u017cliwion\u0105 empati\u0119. Ta empatia zostaje i rozwija zmys\u0142y. Wtedy nie potrzebujemy do siebie dzwoni\u0107. Ani du\u017co m\u00f3wi\u0107. \u017beby zwyci\u0119\u017cy\u0107 z systemem, system musi si\u0119 na to zgodzi\u0107. Czyli wszyscy musz\u0105 tego chcie\u0107. Tylko &#8222;<strong>Dux Poloniae<\/strong>&#8221; mo\u017ce rozwi\u0105za\u0107 kryzys. Dlatego, \u017ce wszyscy realizuj\u0105 Agend\u0119 ONZ: agend\u0119 klimatyczn\u0105, religijn\u0105, kulturow\u0105, \u015bwiatopogl\u0105dow\u0105, celebryck\u0105, w\u0142asno\u015bciow\u0105, nadzorcz\u0105, p\u0142atnicz\u0105 i cyfryzacyjn\u0105.<\/p>\n\n\n\n<p>09.10.2024 13.03 <a href=\"https:\/\/www.youtube.com\/watch?v=vBijmoQT2cQ\">Bartoszewicz: publiczna s\u0142u\u017cba zdrowia powinna by\u0107 ca\u0142kowicie rozdzielona od prywatnej<\/a><\/p>\n\n\n\n<p><strong>Chiny to kolonia globalist\u00f3w z Davos.<\/strong> <strong>Europa te\u017c.<\/strong> <strong>Dobry program.<\/strong><\/p>\n\n\n\n<p><strong>10.10.2024 08.49 My\u015bla\u0142em nad s\u0142u\u017cb\u0105 zdrowia finansowan\u0105 przez NFZ. \u017beby nie doprowadzi\u0107 do bankructwa podstawowej s\u0142u\u017cby zdrowotnej czego chc\u0105 globali\u015bci, trzeba zagwarantowa\u0107, \u017ce jest podstawowa w Kr\u00f3lestwie Polskim. W przeciwnym razie zostanie sprywatyzowana. I dopiero wtedy oddzieli\u0107 s\u0142u\u017cb\u0119 publiczn\u0105 od prywatnej. Prywatna s\u0142u\u017cba zdrowia drenuje system zdrowotny. Dlatego musi dzia\u0142a\u0107 na w\u0142asny rachunek. Poniewa\u017c doprowadzi to w konsekwencji do wizyt lekarskich prowadzonych zdalnie przez sztuczn\u0105 inteligencj\u0119. Nie chc\u0119 do tego dopu\u015bci\u0107, poniewa\u017c nawet lekarze zasil\u0105 grup\u0119 bezrobotnych, <a href=\"https:\/\/dorzeczy.pl\/opinie\/642163\/sejm-posel-oskarzyl-rzad-o-likwidacje-kierunkow-lekarskich.html\">albo b\u0119dzie ich coraz mniej<\/a>. W naszym pa\u0144stwie lekarz b\u0119dzie podstawowym diagnost\u0105 w wydawanych decyzjach odno\u015bnie leczenia. Sztuczna inteligencja, mo\u017ce go tylko wspiera\u0107. Do czego si\u0119 zobowi\u0105zuj\u0119 i dopilnuj\u0119. Dlatego dobrze b\u0119dzie jak lekarze zrozumiej\u0105, \u017ce <a href=\"http:\/\/ILE TAK NAPRAWD\u0118 ZARABIAJ\u0104 LEKARZE? ILE W NFZ, ILE PRYWATNIE?\">rozwalaj\u0105 system<\/a>. Nie mog\u0105 s\u0142u\u017cy\u0107 Big Farmie tylko ludziom. Sk\u0142adali <a href=\"https:\/\/pl.wikipedia.org\/wiki\/Przysi%C4%99ga_Hipokratesa\">przysi\u0119g\u0119 Hipokratesa<\/a>. Teraz namawianie do zarazy i szprycy nie mo\u017ce si\u0119 powt\u00f3rzy\u0107.  Nieuzasadnione zarobki w czasie zarazy, to kradzie\u017c publicznych pieni\u0119dzy.<\/strong> <strong>Trzeba &#8222;natychmiast&#8221; uruchomi\u0107 produkcj\u0119 polskich lek\u00f3w w Polskich Zak\u0142adach Farmaceutycznych z kapita\u0142em pa\u0144stwowym i polskim prywatnym. W czasie niedobor\u00f3w nie uda si\u0119 \u015bci\u0105gn\u0105\u0107 lek\u00f3w z zagranicy. Tak samo amunicji dla wojska.<\/strong><\/p>\n\n\n\n<p><strong>10.10.2024 09.04 My\u015bla\u0142em nad wyborami powszechnymi i referendami w pa\u0144stwie. <a href=\"https:\/\/dorzeczy.pl\/opinie\/641866\/glosowanie-przez-internet-gramatyka-nie-ma-zludzen.html\">Cyfrowy model promowany przez globalist\u00f3w doprowadzi do ubezw\u0142asnowolnienia ludzi.<\/a> Dlatego w Kr\u00f3lestwie Polskim cyfrowy wyb\u00f3r b\u0119dzie poparty wydrukowanym rezultatem wyborcy i w\u0142asnor\u0119cznym podpisem &#8222;przez niego d\u0142ugopisem&#8221;. To rozwi\u0105\u017ce planowane fa\u0142szerstwa przez globalist\u00f3w. Podpisany wydrukowany rezultat wyborcy musi by\u0107 dostarczony przez niego osobi\u015bcie do PKW i w obecno\u015bci komisji wyborczej wrzucony do urny. Wyb\u00f3r w formie cyfrowej b\u0119dzie policzalny w czasie rzeczywistym, potwierdzenie, \u017ce to on wybra\u0142 b\u0119dzie w urnie wyborczej. G\u0142osy nie potwierdzone dwukrotnie nie b\u0119d\u0105 wa\u017cne. Moim zdaniem wybory teraz nie s\u0105 rzetelne. Np. w USA. Oczywi\u015bcie nie ustrze\u017cemy si\u0119 od <a href=\"https:\/\/pl.wikipedia.org\/wiki\/Sofi%C5%9Bci\">sofist\u00f3w<\/a>, kt\u00f3rzy zr\u0119cznie wm\u00f3wi\u0105 ludziom ka\u017cd\u0105 manipulacj\u0119. I doprowadz\u0105 do przegranej ludzi. Dlatego 22 lata temu napisa\u0142em program wyborczy <a href=\"https:\/\/topol.org.pl\/?page_id=1106\">&#8222;Ksi\u0119stwo Muszy\u0144skie&#8221;<\/a> w kt\u00f3rym omawiam, \u017ce w ka\u017cdej gminie b\u0119dzie lokalna rozg\u0142o\u015bnia radiowa i lokalna wydrukowana gazeta. Teraz i cyfrowa gazeta.<\/strong> <strong>Poniewa\u017c wszystkie media s\u0105 w r\u0119kach globalist\u00f3w.<\/strong> <strong>Za <a href=\"https:\/\/www.google.com\/search?q=cywil%C3%B3w+czy+cywili&amp;oq=cywil%C3%B3w+czy+cywili&amp;gs_lcrp=EgZjaHJvbWUyBggAEEUYOdIBCTk1MjNqMGoxNagCCLACAQ&amp;sourceid=chrome&amp;ie=UTF-8\">cywil\u00f3w<\/a>, kt\u00f3rzy za nic nie odpowiadaj\u0105 w pa\u0144stwie b\u0119dzie decydowa\u0142 &#8222;Dux Poloniae&#8221;. \u0179r\u00f3d\u0142o: <a href=\"https:\/\/topol.org.pl\/?page_id=47\">Fragment<\/a><\/strong><\/p>\n\n\n\n<p><strong>10.10.2024 09.29 My\u015bla\u0142em nad pensj\u0105 Prezydenta, \u017ce <a href=\"https:\/\/dorzeczy.pl\/sondaz\/642337\/politycy-powinni-zarabiac-wiecej-sondaz-polacy-zabrali-glos.html\">dobrze jest wynagrodzony za swoj\u0105 prac\u0119<\/a>. Planuj\u0119 zlikwidowa\u0107 nieuzasadnione dochody w Sp\u00f3\u0142kach Skarbu Pa\u0144stwa. Nie mog\u0105 przekracza\u0107 pensji Prezydenta. Elity musz\u0105 \u017cy\u0107 skromniej, w tej chwili to nadmierne rozpasanie. <a href=\"https:\/\/dorzeczy.pl\/ekonomia\/642271\/deficyt-budzetowy-konfederacja-wzywa-rzad-do-opamietania.html\">Mamy d\u0142ugi<\/a>. Poza tym nie mam zastrze\u017ce\u0144.<\/strong> <strong>Zg\u0142osi\u0142 si\u0119 Pan jako <a href=\"https:\/\/topol.org.pl\/?page_id=4936\">Pierwszy Powstaniec Warszawski<\/a><\/strong> <strong>w Koronie.<\/strong><\/p>\n\n\n\n<p>12.10.2024 19.52 <a href=\"https:\/\/www.youtube.com\/watch?v=H6UsPCxpsN8\">Andrzej Duda i kraj Polin<\/a>. Polska vs. Polin? PiS i PO!<\/p>\n\n\n\n<p>Szimon Perez o Polsce w 2007 roku\u2026 &#8222;Dla takiego ma\u0142ego kraju jak nasz, to jest niesamowite. Widz\u0119, \u017ce wykupujemy Manhattan, wykupujemy W\u0119gry, wykupujemy Rumuni\u0119, wykupujemy Polsk\u0119 i w spos\u00f3b , w jaki to widz\u0119, nie mamy \u017cadnych problem\u00f3w. Dzi\u0119ki naszemu talentowi, naszym kontaktom i naszemu dynamizmowi dostajemy si\u0119 prawie wsz\u0119dzie&#8221;<\/p>\n\n\n\n<p><strong>Jeszcze raz ! Moja Rzeczpospolita Polska ! W skr\u00f3cie: Topol ! <\/strong><\/p>\n\n\n\n<p><strong>vs. <a href=\"https:\/\/pl.wikipedia.org\/wiki\/Polin\">Polin<\/a>? <a href=\"https:\/\/www.youtube.com\/watch?v=Gc0gwBtOkbs\">PiS<\/a> i <a href=\"https:\/\/www.youtube.com\/watch?v=VoZNHpi-52M\">PO<\/a><a href=\"https:\/\/www.youtube.com\/watch?v=6DjhrRZis_8\">!<\/a><\/strong><\/p>\n\n\n\n<p><strong>Zdrada ! Zdrada ! Zdrada !<\/strong> <strong>Jeszcze w tych maseczkach. Jak bandyci.<\/strong><\/p>\n\n\n\n<p>20.10.2024 17.10 <a href=\"https:\/\/dorzeczy.pl\/opinie\/646549\/zielony-lad-bartoszewicz-samobojstwo-i-kolonizacja-europy.html\">Zielony \u0141ad. Bartoszewicz: Europa pope\u0142nia samob\u00f3jstwo<\/a><\/p>\n\n\n\n<p>23.10.2024 13.29 <a href=\"https:\/\/www.youtube.com\/watch?v=DCgm0AzUq00\">Poranek Wnet &#8211; 23.10.2024: dr Artur Bartoszewicz, Pawe\u0142 Lisicki | Prowadzi: Ja\u015bmina Nowak<\/a><\/p>\n\n\n\n<p>23.10.2024 21.08 <a href=\"https:\/\/www.youtube.com\/watch?v=g-9JIbLsJv0\">Dr Bartoszewicz o relacjach PL-UKR: konflikt z Ukrain\u0105 szybciej ni\u017c z Rosj\u0105!<\/a><\/p>\n\n\n\n<p>dr. Bartoszewicz: \u015aci\u0105gni\u0119cie ludzi z zewn\u0105trz na ekshumacje (na Wo\u0142yniu), kt\u00f3rym te ofiary powinny podlega\u0107. 33 minuta nagrania<br>dr. \u0141ukasz Jasina: Pojawiaj\u0105 si\u0119 g\u0142osy , \u017ce umi\u0119dzynarodowienie ekshumacji mo\u017ce by\u0107 wykorzystywane przeciwko pa\u0144stwu polskiemu. Pojawiaj\u0105 si\u0119 liczne antypolskie g\u0142osy o umi\u0119dzynarodowienie zag\u0142ady takiej jak w AUSCHWITZ-BIRKENAU.<br><\/p>\n\n\n\n<p><strong>Panie dr. \u0141ukaszu Jasina<\/strong>. <strong>Przecie\u017c Polska by\u0142a okupowana przez Niemcy w czasie zag\u0142ady w AUSCHWITZ-BIRKENAU.<\/strong> <strong>Kogo pan reprezentuje.<\/strong><\/p>\n\n\n\n<p>02.12.2024 17.07 <a href=\"https:\/\/www.youtube.com\/watch?v=TJTO4eCmptk&amp;t=390s\">Marzy mi si\u0119 przegrana TUSKA i KACZY\u0143SKIEGO &#8211; Dr Artur Bartoszewicz<\/a> \u0179r\u00f3d\u0142o: (<a href=\"https:\/\/www.youtube.com\/@MaciejUchmanski\">Maciej Uchma\u0144ski<\/a>)<\/p>\n\n\n\n<p>04.12.2024 16.19 <a href=\"https:\/\/www.youtube.com\/watch?v=YYZa9vhrmbw\">dr Artur Bartoszewicz &#8211; E1S2<\/a> \u0179r\u00f3d\u0142o: (M\u0142odzie\u017cowa Rada Dzielnicy \u015ar\u00f3dmie\u015bcie)<\/p>\n\n\n\n<p>10.12.2024 21.10 <a href=\"https:\/\/www.youtube.com\/watch?v=w_eZ5iia-N0\">&#8222;S\u0104 PONI\u017bANI&#8221;! DR ARTUR BARTOSZEWICZ BRONI PRZEDSI\u0118BIORC\u00d3W<\/a> \u0179r\u00f3d\u0142o: (<a href=\"https:\/\/www.youtube.com\/@przekanal\">PRZEkana\u0142<\/a>)<\/p>\n\n\n\n<p>13.12.2024 18.53 &#8222;wystarczy bardzo ma\u0142a cz\u0119\u015b\u0107 os\u00f3b odszczepie\u0144c\u00f3w, kt\u00f3ra potrafi zrobi\u0107 i przekona\u0107 wi\u0119kszo\u015b\u0107 do w\u0142asnej ideologii&#8221;-<a href=\"https:\/\/youtu.be\/YmytnY0UzJU?t=766\">powiedzia\u0142 dr. Artur Bartoszewicz<\/a><\/p>\n\n\n\n<p><strong>Tak&#8230; bardzo ma\u0142a grupa ludzi przekona wi\u0119kszo\u015b\u0107 do swojej ideologii.<\/strong> <strong><a href=\"https:\/\/dorzeczy.pl\/opinie\/667792\/sprawa-tvn-giertych-tusk-zachowal-sie-przyzwoicie.html\">Do tego by\u0142 potrzebny TVN<\/a>. Ale, dlatego powinien by\u0107 zaliczony do infrastruktury krytycznej w Polsce.  Bo trafi w r\u0119ce Komisji Europejskiej i Parlamentu Europejskiego.<\/strong><\/p>\n\n\n\n<p>15.12.2024 18.48&nbsp;<a href=\"https:\/\/www.youtube.com\/watch?v=k0SRXUVHgyM\">Prezydent, ale nie z POPiSu<\/a>&nbsp;\u0179r\u00f3d\u0142o: (<a href=\"https:\/\/www.youtube.com\/@MaciejUchmanski\">Maciej Uchma\u0144ski<\/a>)<\/p>\n\n\n\n<p>27.12.2024 09.16 <a href=\"https:\/\/www.youtube.com\/watch?v=JwhJlTrvFaM&amp;t=1664s\">Przedsi\u0119biorcy NAPRAWI\u0104 POLSK\u0118! Nadchodz\u0105 WIELKIE ZMIANY! Artur Bartoszewicz &amp; Jan Kuba\u0144<\/a> \u0179r\u00f3d\u0142o: namzalezy.pl<\/p>\n\n\n\n<p><strong>Konstytucja musi mie\u0107 sta\u0142e za\u0142o\u017cenia, nie mo\u017cna jej zmienia\u0107 co chwila przy pomocy referendum. W sumie niedu\u017ca zorganizowana grupa os\u00f3b np. p\u00f3\u0142 miliona os\u00f3b, mog\u0142aby Konstytucj\u0119 zmieni\u0107. Dlatego referendum mo\u017ce by\u0107 zaleceniem ale nie ustaw\u0105 zmieniaj\u0105c\u0105 Konstytucj\u0119 dla wszystkich.<\/strong> <strong>Referendum by\u0142oby odwr\u00f3conym &#8222;<a href=\"https:\/\/pl.wikipedia.org\/wiki\/Liberum_veto\">Liberum veto<\/a>&#8222;.<\/strong><\/p>\n\n\n\n<p><strong>Nar\u00f3d mo\u017cna przekona\u0107 do wszystkiego tak jak w czasie &#8222;zarazy&#8221;.<\/strong> <strong>W Szwajcarii jest Davos siedziba globalist\u00f3w. Wi\u0105\u017c\u0105ce referendum to niebezpieczne rozwi\u0105zanie. Nie popieram tego rozwi\u0105zania.<\/strong><\/p>\n\n\n\n<p>Rewolucja w edukacji, <strong>edukacja spersonalizowana<\/strong>. Je\u015bli dziecko ma zainteresowania militarne nie mo\u017cemy kszta\u0142ci\u0107 \u017ceby szykowa\u0107 na wojn\u0119. Poniewa\u017c dzieci i m\u0142odzie\u017c dopiero po czasie zorientuj\u0105 si\u0119 co chc\u0105 robi\u0107 w \u017cyciu. Naprawd\u0119 nie najwa\u017cniejsza w \u017cyciu jest kariera i pieni\u0105dze. Ludzie nie maj\u0105 czasu, \u017ceby zastanawia\u0107 si\u0119 na ka\u017cdej sprawie w \u017cyciu i g\u0142osowa\u0107 za tym. <strong>Edukacja spersonalizowana<\/strong> to wyb\u00f3r szko\u0142y \u015bredniej zawodowej lub og\u00f3lnokszta\u0142c\u0105cej. Ale wyboru dokonuje nie dziecko tylko m\u0142odzie\u017c maj\u0105ca 16 lat. Je\u015bli nie zdecyduje o zainteresowaniach na przysz\u0142o\u015b\u0107 idzie do szko\u0142y og\u00f3lnokszta\u0142c\u0105cej.<\/p>\n\n\n\n<figure class=\"wp-block-image size-full\"><img loading=\"lazy\" decoding=\"async\" width=\"371\" height=\"116\" src=\"https:\/\/topol.org.pl\/wp-content\/uploads\/2024\/12\/Impechment-w-Korei-Poludniowej.-Chaos-polityczny-sie-poglebia.jpg\" alt=\"\" class=\"wp-image-8057\" srcset=\"https:\/\/topol.org.pl\/wp-content\/uploads\/2024\/12\/Impechment-w-Korei-Poludniowej.-Chaos-polityczny-sie-poglebia.jpg 371w, https:\/\/topol.org.pl\/wp-content\/uploads\/2024\/12\/Impechment-w-Korei-Poludniowej.-Chaos-polityczny-sie-poglebia-300x94.jpg 300w\" sizes=\"auto, (max-width: 371px) 100vw, 371px\" \/><\/figure>\n\n\n\n<p>\u0179r\u00f3d\u0142o: <a href=\"https:\/\/dorzeczy.pl\/swiat\/672274\/impeachment-w-korei-chaos-polityczny-sie-poglebia.html\">dorzeczy.pl<\/a><\/p>\n\n\n\n<figure class=\"wp-block-image size-full\"><img loading=\"lazy\" decoding=\"async\" width=\"372\" height=\"113\" src=\"https:\/\/topol.org.pl\/wp-content\/uploads\/2024\/12\/Ograniczony-stan-wyjatkowy-doprowadzi-Polske-do-upadku-1.jpg\" alt=\"\" class=\"wp-image-8058\" srcset=\"https:\/\/topol.org.pl\/wp-content\/uploads\/2024\/12\/Ograniczony-stan-wyjatkowy-doprowadzi-Polske-do-upadku-1.jpg 372w, https:\/\/topol.org.pl\/wp-content\/uploads\/2024\/12\/Ograniczony-stan-wyjatkowy-doprowadzi-Polske-do-upadku-1-300x91.jpg 300w\" sizes=\"auto, (max-width: 372px) 100vw, 372px\" \/><\/figure>\n\n\n\n<p>\u0179r\u00f3d\u0142o: <a href=\"https:\/\/dorzeczy.pl\/opinie\/672205\/ograniczony-stan-wyjatkowy-doprowadzi-polske-do-upadku.html\">dorzeczy.pl<\/a><\/p>\n\n\n\n<p>\u201eA&nbsp;gdy spogl\u0105daj\u0105c na&nbsp;Wasze zm\u0119czone oblicza, na&nbsp;Wasze r\u0119ce zgrubia\u0142e od&nbsp;twardej pracy, kt\u00f3ra niejednemu, nawet wrogowi, przysporzy\u0142a dostatku, gdy spogl\u0105daj\u0105c na&nbsp;Wasze skromne szaty, bogaci a&nbsp;pyszni, szcz\u0119\u015bliwi a&nbsp;zazdro\u015bni zapyta\u0107 Was mog\u0105 o&nbsp;Wasze prawa do&nbsp;tytu\u0142u, odpowiedzcie tylko, \u017ce\u015bcie Piast\u00f3w, Chrobrego, \u0141okietka potomstwo, \u017ce\u015bcie Zawisz\u00f3w, Warne\u0144czyk\u00f3w spadkobiercy, \u017ce\u015bcie Czarneckich, Sobieskich synowie, \u017ce\u015bcie D\u0105browskiego, Pu\u0142askiego, Ko\u015bciuszki dzieci. Odpowiedzcie hardo: \u017ce\u015bcie Polacy\u201d. 30 kwietnia 1915 roku w&nbsp;Chicago Jan Ignacy Paderewski \u0179r\u00f3d\u0142o: dorzeczy.pl <a href=\"https:\/\/topol.org.pl\/wp-admin\/post.php?post=47&amp;action=edit\">\u0179r\u00f3d\u0142o: Fragment<\/a><\/p>\n\n\n\n<p><strong>Chaos polityczny si\u0119 pog\u0142\u0119bia &#8222;Ograniczony stan wyj\u0105tkowy&#8221; doprowadzi Polsk\u0119 do upadku.<\/strong> <strong>Rz\u0105dzenie przejmie RZ\u0104D \u015aWIATOWY.<\/strong><\/p>\n\n\n\n<p>(<a href=\"https:\/\/pl.wikipedia.org\/wiki\/Etymologia_nazwy_Polska\">Czecha brat lub druh imieniem Lech<\/a>, kt\u00f3ry przyszed\u0142 z nim,&nbsp;<a href=\"https:\/\/pl.wikipedia.org\/wiki\/Goworek_(szczyt)#\/media\/Plik:Goworek_mit.JPG\">przekroczy\u0142 o\u015bnie\u017cone g\u00f3ry<\/a>, kt\u00f3re oddzielaj\u0105 Czechy i Polsk\u0119. A kiedy ujrza\u0142 wielk\u0105 r\u00f3wnin\u0119, rozci\u0105gaj\u0105c\u0105 si\u0119 a\u017c do brzegu morza, osiedli\u0142 si\u0119 tam i zaludni\u0142 j\u0105 swoj\u0105 rodzin\u0105. Wa\u017cne jest, aby wiedzie\u0107, \u017ce w j\u0119zykach s\u0142owia\u0144skich terminem \u201ecampi plani\u201d [r\u00f3wninne pola] nazywa si\u0119 pola. I st\u0105d si\u0119 bierze imi\u0119 Polska, od p\u0142askiej r\u00f3wniny.)<br>Polacy od czas\u00f3w Wincentego Kad\u0142ubka nazywali siebie Lechitami, wierz\u0105c, \u017ce pochodz\u0105 od legendarnego Lecha \u0179r\u00f3d\u0142o: Wikipedia <a href=\"https:\/\/topol.org.pl\/wp-admin\/post.php?post=47&amp;action=edit\">\u0179r\u00f3d\u0142o: Fragment<\/a><\/p>\n\n\n\n<p>09.01.2025 06.56 <a href=\"https:\/\/www.youtube.com\/watch?v=r_-H3PcMl0Y\">DR BARTOSZEWICZ: WYBORY, POLSKA 2025<\/a> <\/p>\n\n\n\n<p>\u0179r\u00f3d\u0142o: <a href=\"https:\/\/www.youtube.com\/@duzywmaluchu\">Du\u017cy w Maluchu<\/a><\/p>\n\n\n\n<figure class=\"wp-block-image size-large\"><a href=\"https:\/\/www.youtube.com\/watch?v=DmsQPtevOOw\"><img loading=\"lazy\" decoding=\"async\" width=\"1024\" height=\"701\" src=\"https:\/\/topol.org.pl\/wp-content\/uploads\/2025\/01\/Wywiad-z-ksieciem-najbogatszego-panstwa-swiata-1024x701.jpg\" alt=\"\" class=\"wp-image-8757\" srcset=\"https:\/\/topol.org.pl\/wp-content\/uploads\/2025\/01\/Wywiad-z-ksieciem-najbogatszego-panstwa-swiata-1024x701.jpg 1024w, https:\/\/topol.org.pl\/wp-content\/uploads\/2025\/01\/Wywiad-z-ksieciem-najbogatszego-panstwa-swiata-300x205.jpg 300w, https:\/\/topol.org.pl\/wp-content\/uploads\/2025\/01\/Wywiad-z-ksieciem-najbogatszego-panstwa-swiata-768x526.jpg 768w, https:\/\/topol.org.pl\/wp-content\/uploads\/2025\/01\/Wywiad-z-ksieciem-najbogatszego-panstwa-swiata.jpg 1174w\" sizes=\"auto, (max-width: 1024px) 100vw, 1024px\" \/><\/a><\/figure>\n\n\n\n<p>23.01.2025 12.08 \u0179r\u00f3d\u0142o: <a href=\"https:\/\/topol.org.pl\/?page_id=47\">Fragment<\/a><\/p>\n\n\n\n<p>Konstytucja 3 maja jest nieaktualna, na tronie Polskim mia\u0142 zasiada\u0107 kr\u00f3l z Niemieckiego rodu, protoplast\u0105 hrabia, Ka\u017cdy kr\u00f3l jest \u201eDux Poloniae\u201d*<\/p>\n\n\n\n<p><a href=\"https:\/\/topol.org.pl\/?page_id=8695\">*\u201dDux Poloniae\u201d*-ksi\u0105\u017c\u0119 plemienny, S\u0142owia\u0144scy Kr\u00f3lowie Lechii. Sarmata, Lassota, Sandomir, Krak\u2026Lech\u2026<\/a>&nbsp;<\/p>\n\n\n\n<p>02.02.2025 10.10 &#8222;Ruszam z&nbsp;przygotowaniem startu w&nbsp;wyborach G\u0142owy Pa\u0144stwa \u2013&nbsp;Prezydenta Rzeczypospolitej Polskiej. Dzi\u0119kuj\u0119 za&nbsp;dotychczasow\u0105 deklaracj\u0119 wsparcia&#8221; \u2013&nbsp;czytamy na&nbsp;stronie internetowej <a href=\"https:\/\/777.org.pl\">777.org.pl<\/a>. Bartoszewicz wyja\u015bnia, \u017ce&nbsp;trzy si\u00f3demki oznaczaj\u0105 &#8222;blisko\u015b\u0107, bezpiecze\u0144stwo i&nbsp;bogactwo&#8221; \u2013&nbsp;s\u0142owa, kt\u00f3rymi chce wszystkich po\u0142\u0105czy\u0107 i&nbsp;zdopingowa\u0107 do&nbsp;dzia\u0142ania. \u0179r\u00f3d\u0142o: <a href=\"https:\/\/dorzeczy.pl\/kraj\/685222\/artur-bartoszewicz-startuje-na-prezydenta-zbiera-podpisy.html\">DoRzeczy.pl<\/a><\/p>\n\n\n\n<p>24.03.2025 12.19 <a href=\"https:\/\/www.youtube.com\/watch?v=UlAMUspZUe8\">Jestem ca\u0142kowicie wyeliminowany z medi\u00f3w mainstreamowych<\/a>&#8211;<a href=\"https:\/\/topol.org.pl\/?page_id=10707\">,,POWIEDZIA\u0141&#8221;<\/a> dr. Artur Bartoszewicz \u0179r\u00f3d\u0142o: Poranek Si\u00f3dma9<\/p>\n\n\n\n<p>25.03.2025 19.17 <a href=\"https:\/\/www.youtube.com\/watch?v=0SSfC0-deDQ\">Ma cenzur\u0119 w mediach? Kandydaci si\u0119 go boj\u0105?<\/a> \u0179r\u00f3d\u0142o: Tomasz Drwal<\/p>\n\n\n\n<p>Verte &gt;<a href=\"https:\/\/topol.org.pl\/?page_id=6187\">Fundacja Narodowe Si\u0142y Samoobrony \u201eGrot\u201d<\/a><\/p>\n\n\n\n<p><\/p>\n","protected":false},"excerpt":{"rendered":"<p>16.09.2024 16.51 Przedsi\u0119biorcza Polska Dr Artur Bartoszewicz o dyrektywie AMLA: Transakcje bezgot\u00f3wkowe u\u0142atwiaj\u0105 monitoring konsument\u00f3w P\u0142ac\u0119 got\u00f3wk\u0105 jak robi\u0119 zakupy, ale mam konto bankowe. Nie u\u017cywam karty. Kiedy\u015b u\u017cywa\u0142em, ale jak dowiedzia\u0142em si\u0119, \u017ce planuj\u0105 wprowadzi\u0107 walut\u0119 cyfrow\u0105 to wsz\u0119dzie p\u0142ac\u0119 got\u00f3wk\u0105. Kart\u0119 do bankomatu zlikwidowa\u0142em. Nie m\u00f3g\u0142bym podr\u00f3\u017cowa\u0107 do Amsterdamu. Chyba, \u017ce z prowiantem [&hellip;]<\/p>\n","protected":false},"author":1,"featured_media":0,"parent":0,"menu_order":212,"comment_status":"closed","ping_status":"closed","template":"","meta":{"footnotes":""},"class_list":["post-5801","page","type-page","status-publish","hentry"],"_links":{"self":[{"href":"https:\/\/topol.org.pl\/index.php?rest_route=\/wp\/v2\/pages\/5801","targetHints":{"allow":["GET"]}}],"collection":[{"href":"https:\/\/topol.org.pl\/index.php?rest_route=\/wp\/v2\/pages"}],"about":[{"href":"https:\/\/topol.org.pl\/index.php?rest_route=\/wp\/v2\/types\/page"}],"author":[{"embeddable":true,"href":"https:\/\/topol.org.pl\/index.php?rest_route=\/wp\/v2\/users\/1"}],"replies":[{"embeddable":true,"href":"https:\/\/topol.org.pl\/index.php?rest_route=%2Fwp%2Fv2%2Fcomments&post=5801"}],"version-history":[{"count":104,"href":"https:\/\/topol.org.pl\/index.php?rest_route=\/wp\/v2\/pages\/5801\/revisions"}],"predecessor-version":[{"id":12356,"href":"https:\/\/topol.org.pl\/index.php?rest_route=\/wp\/v2\/pages\/5801\/revisions\/12356"}],"wp:attachment":[{"href":"https:\/\/topol.org.pl\/index.php?rest_route=%2Fwp%2Fv2%2Fmedia&parent=5801"}],"curies":[{"name":"wp","href":"https:\/\/api.w.org\/{rel}","templated":true}]}}