{"id":5852,"date":"2024-09-18T17:05:45","date_gmt":"2024-09-18T15:05:45","guid":{"rendered":"https:\/\/topol.org.pl\/?page_id=5852"},"modified":"2026-01-09T10:54:00","modified_gmt":"2026-01-09T09:54:00","slug":"porucznik","status":"publish","type":"page","link":"https:\/\/topol.org.pl\/?page_id=5852","title":{"rendered":"Porucznik"},"content":{"rendered":"\n<p>18.09.2024 17.04 <a href=\"https:\/\/www.youtube.com\/watch?v=idn6qsrd6Hc\">Wojsko Mo\u017ce Wykorzysta\u0107 Nawet NIELETNICH! Armia o Tobie Nie Zapomni. [Dziwne Wezwania z Wojska]<\/a><\/p>\n\n\n\n<p><strong>Wys\u0142ucha\u0142em porucznika, s\u0142abo to widz\u0119. Obron\u0119 ojczyzny. Nie mo\u017cemy dopu\u015bci\u0107, \u017ceby\u015bmy zostali wci\u0105gni\u0119ci do wojny. Od lutego 2022 serwowali propagand\u0119 wojenn\u0105. Przygotowania trwa\u0142y du\u017co wcze\u015bniej i ta pandemia. Mo\u017ce dobrze, \u017ce stracili w\u0142adz\u0119. Bo Polacy poszli by walczy\u0107 w nie naszej wojnie. Faworyzowanie Ukrai\u0144c\u00f3w w Polsce. Do w\u0142adzy dosz\u0142a liberalna demokracja, podpisali umow\u0119 o wsp\u00f3\u0142pracy. Prowadz\u0119 stron\u0119 od roku, dla tych co rz\u0105dz\u0105. Oczywi\u015bcie nie dla zwyk\u0142ych ludzi. Mog\u0119 powiedzie\u0107, \u017ce co\u015b si\u0119 zmieni\u0142o. Politycy zacz\u0119li dostrzega\u0107 o co chodzi. Ale rz\u0105dza w\u0142adzy ich za\u015blepia. Demokracja w tym formacie co teraz nie poradzi sobie z problemami. Demokracja walcz\u0105ca to czysta komuna. Gdyby odrzuci\u0107 ideologi\u0119. Postawi\u0107 na Polsk\u0119. Moje zdanie odno\u015bnie Ustawy o Obronie Ojczyzny. Nikomu nic nie nakazywa\u0107. Ci co chc\u0105 pomaga\u0107 to ich dobra wola. Ustawa musi obowi\u0105zywa\u0107 wszystkich niezale\u017cnie od profesji, przynale\u017cno\u015bci do partii i obecno\u015bci we w\u0142adzach . Ale ci co nie chc\u0105, niech nie przeszkadzaj\u0105. Na wojnie i nieszcz\u0119\u015bciu nie mo\u017cna zarabia\u0107. Wojsko to nie najemnicy i p\u0142atni mordercy. Obrona Ojczyzny to obrona nas samych. Czyli musimy mie\u0107 dost\u0119p do broni. To maj\u0105 by\u0107 formacje dzia\u0142aj\u0105ce lokalnie na swoim terenie. Nie mo\u017cemy atakowa\u0107 s\u0105siednich pa\u0144stw.<\/strong> <strong>Ogl\u0105da\u0142em film z by\u0142ym agentem s\u0142u\u017cb. Poleca\u0142 ksi\u0105\u017ck\u0119 &#8222;<a href=\"https:\/\/lubimyczytac.pl\/ksiazka\/4865313\/sprawa-kryptonim-quot-holub-quot\">Holub<\/a>&#8222;. Na emigracji zaj\u0105\u0142 si\u0119 gotowaniem. Poda\u0142 przepis na zup\u0119 szczawiow\u0105. Ksi\u0105\u017cka podobno jest o sztuce wywiadu i kondrwywiadu. O niewygodnych ludziach i metodach podr\u00f3\u017cy w baga\u017cniku. Podobno wydanie jest z autografem autora.<\/strong><\/p>\n\n\n\n<p><strong>Lubi\u0119 je\u017adzi\u0107 na rowerze, mam \u017c\u00f3\u0142t\u0105 koszulk\u0119 lidera. Na koszulce jest nadruk. Rower, lewe ko\u0142o po mojej lewej stronie, prawe po prawej stronie. Dwie tarcze, lewa i prawa. Na koszulce jest nadruk w j\u0119zyku angielskim, przet\u0142umaczy\u0142em sobie. Jest napisane, \u017ce planeta p\u0142onie. W co ja nie wierz\u0119. Koszulk\u0119 dosta\u0142em w prezencie.<\/strong><\/p>\n\n\n\n<p>02.02.2025 08.23 <a href=\"https:\/\/www.youtube.com\/watch?v=_luA9JeYxoI\">Dlaczego kontrwywiad w Polsce nie dzia\u0142a?<\/a> \u0179r\u00f3d\u0142o: Kulisy Polityki<\/p>\n\n\n\n<p>&#8222;<a href=\"https:\/\/www.google.com\/search?q=kondrwywiad&amp;oq=kondrwywiad&amp;gs_lcrp=EgZjaHJvbWUyBggAEEUYOdIBCTI5MThqMGoxNagCCLACAQ&amp;sourceid=chrome&amp;ie=UTF-8\">Kontrwywiad<\/a> jest podstawow\u0105 s\u0142u\u017cb\u0105&#8221;<\/p>\n\n\n\n<p>17.02.2025 06.19 Jak przygotowa\u0107 si\u0119 do obrony cywilnej ? <a href=\"https:\/\/www.youtube.com\/watch?v=VNo2Rj1gQNo\">Cz.1<\/a>, <a href=\"https:\/\/www.youtube.com\/watch?v=T88d-2eRGmo&amp;t=1148s\">Cz. 2<\/a>,<\/p>\n\n\n\n<p>\u0179r\u00f3d\u0142o: Kulisy Polityki<\/p>\n\n\n\n<p>Verte &gt;<a href=\"https:\/\/topol.org.pl\/?page_id=6187\">Fundacja Narodowe Si\u0142y Samoobrony \u201eGrot\u201d<\/a><\/p>\n\n\n\n<p><\/p>\n","protected":false},"excerpt":{"rendered":"<p>18.09.2024 17.04 Wojsko Mo\u017ce Wykorzysta\u0107 Nawet NIELETNICH! Armia o Tobie Nie Zapomni. [Dziwne Wezwania z Wojska] Wys\u0142ucha\u0142em porucznika, s\u0142abo to widz\u0119. Obron\u0119 ojczyzny. Nie mo\u017cemy dopu\u015bci\u0107, \u017ceby\u015bmy zostali wci\u0105gni\u0119ci do wojny. Od lutego 2022 serwowali propagand\u0119 wojenn\u0105. Przygotowania trwa\u0142y du\u017co wcze\u015bniej i ta pandemia. Mo\u017ce dobrze, \u017ce stracili w\u0142adz\u0119. Bo Polacy poszli by walczy\u0107 w [&hellip;]<\/p>\n","protected":false},"author":1,"featured_media":0,"parent":0,"menu_order":204,"comment_status":"closed","ping_status":"closed","template":"","meta":{"footnotes":""},"class_list":["post-5852","page","type-page","status-publish","hentry"],"_links":{"self":[{"href":"https:\/\/topol.org.pl\/index.php?rest_route=\/wp\/v2\/pages\/5852","targetHints":{"allow":["GET"]}}],"collection":[{"href":"https:\/\/topol.org.pl\/index.php?rest_route=\/wp\/v2\/pages"}],"about":[{"href":"https:\/\/topol.org.pl\/index.php?rest_route=\/wp\/v2\/types\/page"}],"author":[{"embeddable":true,"href":"https:\/\/topol.org.pl\/index.php?rest_route=\/wp\/v2\/users\/1"}],"replies":[{"embeddable":true,"href":"https:\/\/topol.org.pl\/index.php?rest_route=%2Fwp%2Fv2%2Fcomments&post=5852"}],"version-history":[{"count":18,"href":"https:\/\/topol.org.pl\/index.php?rest_route=\/wp\/v2\/pages\/5852\/revisions"}],"predecessor-version":[{"id":9864,"href":"https:\/\/topol.org.pl\/index.php?rest_route=\/wp\/v2\/pages\/5852\/revisions\/9864"}],"wp:attachment":[{"href":"https:\/\/topol.org.pl\/index.php?rest_route=%2Fwp%2Fv2%2Fmedia&parent=5852"}],"curies":[{"name":"wp","href":"https:\/\/api.w.org\/{rel}","templated":true}]}}