{"id":5897,"date":"2024-09-19T19:15:01","date_gmt":"2024-09-19T17:15:01","guid":{"rendered":"https:\/\/topol.org.pl\/?page_id=5897"},"modified":"2026-03-19T20:37:17","modified_gmt":"2026-03-19T19:37:17","slug":"cos-wynalezc","status":"publish","type":"page","link":"https:\/\/topol.org.pl\/?page_id=5897","title":{"rendered":"Co\u015b wynale\u017a\u0107"},"content":{"rendered":"\n<p>19.09.2024 19.12 <strong>Musz\u0119 pomy\u015ble\u0107. Mo\u017ce co\u015b zwi\u0105zanego z p\u0142on\u0105c\u0105 planet\u0105. Jutro napisz\u0119. Wszelkie prawa zastrze\u017cone. To b\u0119dzie m\u00f3j pomys\u0142.<\/strong><\/p>\n\n\n\n<p>1. <strong>Wymy\u015bli\u0142em przydomowy magazyn energii. Mini elektrowni\u0119 szczytowo pompow\u0105 dla dom\u00f3w jednorodzinnych.<\/strong><br>Co potrzebujemy.<\/p>\n\n\n\n<ol class=\"wp-block-list\">\n<li><a href=\"https:\/\/paleteo.pl\/p2079,kontener-ibc-reko.html?gad_source=1&amp;gclid=Cj0KCQjwurS3BhCGARIsADdUH516_JdPiJB-buKy8xK1V-jdqBd8zTCcK-FWRGU8yeHtVK9o25v4V1AaAoM9EALw_wcB&amp;gclsrc=aw.ds\">Zbiornik na wod\u0119 1000 litr\u00f3w. KONTENER IBC 1000l REKO | PALETA METALOWA l ISR1M &#8211; paleteo.pl<\/a> <img loading=\"lazy\" decoding=\"async\" width=\"150\" height=\"153\" class=\"wp-image-5926\" style=\"width: 150px;\" src=\"https:\/\/topol.org.pl\/wp-content\/uploads\/2024\/09\/kontener-ibc-1000l-reko-paleta_5297.webp\" alt=\"\" srcset=\"https:\/\/topol.org.pl\/wp-content\/uploads\/2024\/09\/kontener-ibc-1000l-reko-paleta_5297.webp 839w, https:\/\/topol.org.pl\/wp-content\/uploads\/2024\/09\/kontener-ibc-1000l-reko-paleta_5297-293x300.webp 293w, https:\/\/topol.org.pl\/wp-content\/uploads\/2024\/09\/kontener-ibc-1000l-reko-paleta_5297-768x785.webp 768w\" sizes=\"auto, (max-width: 150px) 100vw, 150px\" \/> <\/li>\n\n\n\n<li><a href=\"https:\/\/www.bricomarche.pl\/rusztowanie-warszawskie-1-6-m?cd=20631582189&amp;ad=&amp;kd=&amp;gad_source=1&amp;gclid=Cj0KCQjwurS3BhCGARIsADdUH52SGvGavN5lnbP2oV0RrJpGK4I4en5LkNzpu_hQpAUErL40eMMxTBQaAj2eEALw_wcB\">Rusztowanie warszawskie, wysoko\u015b\u0107 zale\u017cna od wysoko\u015bci domu, do rynny poziomej.<\/a> <img loading=\"lazy\" decoding=\"async\" width=\"150\" height=\"180\" class=\"wp-image-5927\" style=\"width: 150px;\" src=\"https:\/\/topol.org.pl\/wp-content\/uploads\/2024\/09\/rusztowanie-warszawskie-1-6-m-25461.jpg\" alt=\"\" srcset=\"https:\/\/topol.org.pl\/wp-content\/uploads\/2024\/09\/rusztowanie-warszawskie-1-6-m-25461.jpg 500w, https:\/\/topol.org.pl\/wp-content\/uploads\/2024\/09\/rusztowanie-warszawskie-1-6-m-25461-250x300.jpg 250w\" sizes=\"auto, (max-width: 150px) 100vw, 150px\" \/><\/li>\n\n\n\n<li>Odpowiedni\u0105 pr\u0105dnic\u0119 do momentu obrotowego nap\u0119dzaj\u0105cego.<\/li>\n\n\n\n<li>Automatyczn\u0105 skrzyni\u0119 bieg\u00f3w.<\/li>\n\n\n\n<li>D\u017awig budowlany odpowiedni do wci\u0105gni\u0119cia na g\u00f3r\u0119 pustego zbiornika na wod\u0119.<br>Zbiornik umieszczamy w \u015brodku rusztowania warszawskiego. Wci\u0105gamy d\u017awigiem pusty zbiornik na g\u00f3r\u0119 do spustu rynny poziomej. I zabezpieczamy elektronicznie lub r\u0119cznie na danej wysoko\u015bci zbiornik przed opadaniem. Czekamy na deszcz. Jak zbiornik si\u0119 nape\u0142ni. Odblokowujemy zbiornik, \u017ceby pod w\u0142asnym ci\u0119\u017carem opada\u0142 na d\u00f3\u0142. Zbiornik jest ci\u0119\u017cki wa\u017cy ponad ton\u0119. B\u0119dzie nap\u0119dza\u0142 przy pomocy skrzyni bieg\u00f3w sterowanej elektronicznie wa\u0142, po\u0142\u0105czony z pr\u0105dnic\u0105. Pr\u0105dnic\u0119 pod\u0142\u0105czymy do sieci. To rozwi\u0105zanie mo\u017ce s\u0142u\u017cy\u0107 do uzupe\u0142niania energii elektrycznej do systemu, gdy jej zacznie brakowa\u0107 z wiatrak\u00f3w i paneli. Jak zbiornik jest na dole mo\u017cemy podla\u0107 ogr\u00f3dek. Znowu na g\u00f3r\u0119 i czekamy na deszcz. Wszystko sterowane elektronicznie lub r\u0119cznie jak nie ma elektroniki.<br><strong>20.09.2024 17.08 Wszelkie prawa zastrze\u017cone. W\u0142asno\u015b\u0107 patentu Kr\u00f3lestwo Polskie i Moja Rzeczpospolita Polska W skr\u00f3cie: Topol ! Dariusz Goworek<\/strong> <strong>Patent nr 1\/09\/2024<\/strong><\/li>\n<\/ol>\n\n\n\n<p>2. <strong>Lekki dom jednorodzinny drewniany na terenach zalewanych w dorzeczu Odry.<\/strong><br>Na platformie, p\u0142askiej barce stawiamy lekki dom drewniany. Barka w ka\u017cdym rogu ma otw\u00f3r o \u015brednicy 20 cm, przez kt\u00f3ry przechodzi metalowy pal wbetonowany w pod\u0142o\u017ce. Pale wysokie na 3 metry s\u0105 zabudowane w naro\u017cnikach domu. Dom o wymiarach 8mx8m mo\u017ce by\u0107 z mieszkalnym poddaszem. W czasie powodzi dom unosi si\u0119 na barce. Dom jest zakotwiczony na palach. Stawiamy nawet nad sam\u0105 rzek\u0105 poniewa\u017c mo\u017cne si\u0119 unie\u015b\u0107 na 3 m wzwy\u017c. Po powodzi wystarczy oczy\u015bci\u0107 teren z zanieczyszcze\u0144. Dom sam opadnie na sta\u0142e pod\u0142o\u017ce.                    <strong>21.09.2024 21.20 Wszelkie prawa zastrze\u017cone. W\u0142asno\u015b\u0107 patentu Kr\u00f3lestwo Polskie i Moja Rzeczpospolita Polska W skr\u00f3cie: Topol ! Dariusz Goworek<\/strong> <strong>Patent nr 2\/09\/2024<\/strong><\/p>\n\n\n\n<p>3. <strong>Jak ugasi\u0107 p\u0142on\u0105c\u0105 planet\u0119, czyli energia i ogrzewanie.<\/strong><br>To projekt, kt\u00f3ry mi \u015bwita w g\u0142owie.<br>Mog\u0119 poda\u0107 do niego login i has\u0142o, ale has\u0142o jest zaszyfrowane w mojej g\u0142owie.<\/p>\n\n\n\n<p>Login: dariuszgoworek<\/p>\n\n\n\n<p>Has\u0142o: tabaluga007<\/p>\n\n\n\n<p><strong>Wszelkie prawa zastrze\u017cone. W\u0142asno\u015b\u0107 patentu Kr\u00f3lestwo Polskie i Moja Rzeczpospolita Polska W skr\u00f3cie: Topol ! Dariusz Goworek<\/strong> <strong>Patent nr 3\/09\/2024<\/strong><\/p>\n\n\n\n<p>30.09.2024 16.37 <strong>Patent nr 3\/09\/2024<\/strong>, mo\u017ce by\u0107 prze\u0142omowy.<\/p>\n\n\n\n<p>19.12.2024 20.36 <a href=\"https:\/\/youtu.be\/ZRrUVjH4c7k?t=210\">Otrzyma\u0142em wiadomo\u015b\u0107 o dodawaniu \u015brodk\u00f3w chemicznych do paszy dla kr\u00f3w w celu eliminacji gaz\u00f3w cieplarnianych i zapachowych.<\/a><\/p>\n\n\n\n<p>4. Zbiornik na gazy od zwierz\u0105t hodowlanych i na naw\u00f3z naturalny.<\/p>\n\n\n\n<p>Co potrzebujemy.<\/p>\n\n\n\n<ol class=\"wp-block-list\">\n<li>odkurzacz budowlany<\/li>\n\n\n\n<li>czujnik gazu<\/li>\n\n\n\n<li>w\u0142\u0105cznik awaryjny odkurzacza<\/li>\n<\/ol>\n\n\n\n<p>Odkurzacz mocujemy na grzbiecie krowy. Mocujemy elastyczny przew\u00f3d odkurzacza w odbycie krowy. Na ko\u0144cu umieszczamy czujnik gazu. W przypadku wypr\u00f3\u017cnienia czujnik uruchamia zasysanie. Gazy cieplarniane i zapachowe s\u0105 zasysane do zbiornika odkurzacza. <\/p>\n\n\n\n<p>19.12.2024 20.52 <strong>Wszelkie prawa zastrze\u017cone. W\u0142asno\u015b\u0107 patentu Kr\u00f3lestwo Polskie i Moja Rzeczpospolita Polska W skr\u00f3cie: Topol ! Dariusz Goworek<\/strong> <strong>Patent nr 4\/12\/2024<\/strong><\/p>\n\n\n\n<p>19.03.2026 20.03 <a href=\"https:\/\/topol.org.pl\/?page_id=14454\">Mam pomys\u0142<\/a><strong>: <\/strong>Stawiamy wiatraki na morzu.<\/p>\n\n\n\n<p>Co potrzebujemy.<\/p>\n\n\n\n<ol class=\"wp-block-list\">\n<li>1 000 000 wiatrak\u00f3w na naszym Ba\u0142tyku<\/li>\n\n\n\n<li>15 000 000 robot\u00f3w humanoidalnych<\/li>\n\n\n\n<li>15 000 000 rowerk\u00f3w z dynamem<\/li>\n<\/ol>\n\n\n\n<p><strong>Stawiamy wiatraki na morzu.<\/strong> <strong>Budujemy linie przesy\u0142owe z 1 bilion z\u0142otych. <a href=\"https:\/\/www.google.com\/search?q=humanoidy&amp;oq=humanoidy&amp;gs_lcrp=EgZjaHJvbWUyBggAEEUYOTIGCAEQRRg80gEJMjMxOWowajE1qAIAsAIB&amp;sourceid=chrome&amp;ie=UTF-8\">Robimy fabryk\u0119 robot\u00f3w humanoidalnych<\/a>. Zasiedlmy pustostany robotami. Ka\u017cdy robot ma w domu podr\u0119czn\u0105 si\u0142owni\u0119 z rowerkiem i dynamem do produkcji pr\u0105du. Robot po na\u0142adowaniu ma energi\u0119 na wytwarzanie pr\u0105du. Przy zastosowaniu odpowiednich przek\u0142adni tak jak w zegarku&#8230; Robot zu\u017cywa energi\u0119, ale jest w stanie wytworzy\u0107 nadmiar pr\u0105du. Wi\u0119cej wytwarza ni\u017c zu\u017cywa. Ja my\u015bl\u0119, \u017ce w Chinach mog\u0105 wpa\u015b\u0107 na ten pomys\u0142. Ze wzgl\u0119du na blokad\u0119 cie\u015bniny <a href=\"https:\/\/www.google.com\/search?q=Ormuz&amp;oq=Ormuz&amp;gs_lcrp=EgZjaHJvbWUyBggAEEUYOTIGCAEQRRhBMgYIAhBFGDzSAQkyNDMxajBqMTWoAgCwAgE&amp;sourceid=chrome&amp;ie=UTF-8\">Ormuz<\/a> i brak paliw kopalnych.<\/strong> <strong>Mog\u0119 im wydzier\u017cawi\u0107 ten patent.<\/strong><\/p>\n\n\n\n<p><strong>Wszelkie prawa zastrze\u017cone. W\u0142asno\u015b\u0107 patentu Kr\u00f3lestwo Polskie i Moja Rzeczpospolita Polska W skr\u00f3cie: Topol ! Dariusz Goworek<\/strong>&nbsp;<strong>Patent nr 5\/03\/2026<\/strong><\/p>\n\n\n\n<p>Verte &gt;<a href=\"https:\/\/topol.org.pl\/?page_id=6187\">Fundacja Narodowe Si\u0142y Samoobrony \u201eGrot\u201d<\/a><\/p>\n\n\n\n<p><\/p>\n","protected":false},"excerpt":{"rendered":"<p>19.09.2024 19.12 Musz\u0119 pomy\u015ble\u0107. Mo\u017ce co\u015b zwi\u0105zanego z p\u0142on\u0105c\u0105 planet\u0105. Jutro napisz\u0119. Wszelkie prawa zastrze\u017cone. To b\u0119dzie m\u00f3j pomys\u0142. 1. Wymy\u015bli\u0142em przydomowy magazyn energii. Mini elektrowni\u0119 szczytowo pompow\u0105 dla dom\u00f3w jednorodzinnych.Co potrzebujemy. 2. Lekki dom jednorodzinny drewniany na terenach zalewanych w dorzeczu Odry.Na platformie, p\u0142askiej barce stawiamy lekki dom drewniany. Barka w ka\u017cdym rogu ma [&hellip;]<\/p>\n","protected":false},"author":1,"featured_media":0,"parent":0,"menu_order":208,"comment_status":"closed","ping_status":"closed","template":"","meta":{"footnotes":""},"class_list":["post-5897","page","type-page","status-publish","hentry"],"_links":{"self":[{"href":"https:\/\/topol.org.pl\/index.php?rest_route=\/wp\/v2\/pages\/5897","targetHints":{"allow":["GET"]}}],"collection":[{"href":"https:\/\/topol.org.pl\/index.php?rest_route=\/wp\/v2\/pages"}],"about":[{"href":"https:\/\/topol.org.pl\/index.php?rest_route=\/wp\/v2\/types\/page"}],"author":[{"embeddable":true,"href":"https:\/\/topol.org.pl\/index.php?rest_route=\/wp\/v2\/users\/1"}],"replies":[{"embeddable":true,"href":"https:\/\/topol.org.pl\/index.php?rest_route=%2Fwp%2Fv2%2Fcomments&post=5897"}],"version-history":[{"count":20,"href":"https:\/\/topol.org.pl\/index.php?rest_route=\/wp\/v2\/pages\/5897\/revisions"}],"predecessor-version":[{"id":14487,"href":"https:\/\/topol.org.pl\/index.php?rest_route=\/wp\/v2\/pages\/5897\/revisions\/14487"}],"wp:attachment":[{"href":"https:\/\/topol.org.pl\/index.php?rest_route=%2Fwp%2Fv2%2Fmedia&parent=5897"}],"curies":[{"name":"wp","href":"https:\/\/api.w.org\/{rel}","templated":true}]}}